{"id":85628,"date":"2024-06-03T08:41:34","date_gmt":"2024-06-03T09:43:58","guid":{"rendered":"https:\/\/factory.sale\/?post_type=product&#038;p=85628"},"modified":"2024-06-26T01:40:52","modified_gmt":"2024-06-26T01:40:52","slug":"taski-sprint-200-pur-eco-e1b-2x5l-yleispuhdistusaine","status":"publish","type":"product","link":"https:\/\/factory.sale\/fi\/tuote\/taski-sprint-200-pur-eco-e1b-2x5l-yleispuhdistusaine\/","title":{"rendered":"TASKI Sprint 200 Pur-Eco E1b 2x5L &#8211; Yleispuhdistusaine"},"content":{"rendered":"<p><strong>Tuotekoodi:<\/strong> 7515240<\/p>\n<p>&nbsp;<\/p>\n<p>Nopeasti kuivuva, pinnnat kirkkaaksi j\u00e4tt\u00e4v\u00e4 neutraali yleispuhdistusaine. K\u00e4simenetelmiin. Kasvipohjaiset raaka-aineet. Sis\u00e4lt\u00e4\u00e4 hajustetta ja v\u00e4riainetta.<\/p>\n<p>&nbsp;<\/p>\n<p><strong>Ominaisuudet <\/strong><\/p>\n<ul>\n<li>Ymp\u00e4rist\u00f6merkitty (EU-Kukka).<\/li>\n<li>Nopeavaikutteinen, kuivuu j\u00e4lki\u00e4 j\u00e4tt\u00e4m\u00e4tt\u00e4.<\/li>\n<li>K\u00e4ytt\u00f6liuoksen ja tiivisteen pH-arvo neutraali.<\/li>\n<li>Sis\u00e4lt\u00e4\u00e4 hajustetta ja v\u00e4riainetta.<\/li>\n<\/ul>\n<p>&nbsp;<\/p>\n<p><strong>Edut<\/strong><\/p>\n<p>Soveltuu kaikkien vett\u00e4 siet\u00e4vien pintojen yll\u00e4pitosiivoukseen.<br \/>\nJ\u00e4tt\u00e4\u00e4 pinnat tahrattomiksi ja kirkkaiksi.<br \/>\nJ\u00e4tt\u00e4\u00e4 siivottuihin tiloihin miellytt\u00e4v\u00e4n, pitk\u00e4\u00e4\u00e4n kest\u00e4v\u00e4n raikkaan tuoksun.<\/p>\n<p>&nbsp;<\/p>\n<p><strong>K\u00e4ytt\u00f6ohje <\/strong><\/p>\n<p>Mikrokuitumenetelm\u00e4: Annostele puhdistusliuosta pinnalle ja puhdista pinta mikrokuitupyyhkeell\u00e4 puhtaaksi ja kuivaksi. Puhdistaessasi lasi- ja peilipintoja annostele k\u00e4ytt\u00f6liuosta nukkaamattomalle siivouspyyhkeelle esim. mikrokuitupyyhe tai kertak\u00e4ytt\u00f6inen siivouspyyhe , pyyhi pinta puhtaaksi ja kuivaksi. K\u00e4yt\u00e4 taso- ja lattiapinnoille kuivain- tai moppipyyhint\u00e4.<\/p>\n<p>Perinteinen siivous (sankomenetelm\u00e4): Puhdista pinnat liuoksessa kostutetulla siivouspyyhkeell\u00e4 tai k\u00e4yt\u00e4 taso- ja lattiapinnoille kuivainpyyhint\u00e4 sek\u00e4 jaksottain tai tarvittaessa hankausmoppia\/-pesint\u00e4 tai pesuharjaa.<\/p>\n<p>&nbsp;<\/p>\n<p>&nbsp;<\/p>\n<p><strong>Tuotetiedot:<\/strong><\/p>\n<ul>\n<li>Merkki: TASKI<\/li>\n<li>SKU configuration: 2&#215;5 L<\/li>\n<li>Myyntiyksik\u00f6n pakkaus: Box<\/li>\n<li>Pituus myyntiyksikk\u00f6: 280<\/li>\n<li>Leveys myyntiyksikk\u00f6: 191<\/li>\n<li>Korkeus myyntiyksikk\u00f6: 295<\/li>\n<li>Mitat mittayksikk\u00f6: mm<\/li>\n<li>Nettopaino: 9.85<\/li>\n<li>Bruttopaino: 10.42<\/li>\n<li>Painon mittayksikk\u00f6: kg<\/li>\n<\/ul>\n<p>&nbsp;<\/p>\n<p>&nbsp;<\/p>\n<p><a href=\"https:\/\/factory.sale\/wp-content\/uploads\/2024\/06\/Diversey_safety_data_sheet.pdf\" target=\"_blank\" rel=\"noopener\">Turvakortti<\/a><\/p>\n<p><a href=\"https:\/\/factory.sale\/wp-content\/uploads\/2024\/06\/P84404-MASTER.pdf\" target=\"_blank\" rel=\"noopener\">Tuotelehti<\/a><\/p>\n","protected":false},"excerpt":{"rendered":"<p class=\"lwc-4rt99a8doqk dxp-text-body slds-p-vertical_none slds-p-horizontal_none\">Nopeasti kuivuva, pinnnat kirkkaaksi j\u00e4tt\u00e4v\u00e4 neutraali yleispuhdistusaine. K\u00e4simenetelmiin. Kasvipohjaiset raaka-aineet. Sis\u00e4lt\u00e4\u00e4 hajustetta ja v\u00e4riainetta.<\/p>\n<div class=\"buttons-div\">\n<div class=\"slds-grid slds-grid_vertical-align-center\"><\/div>\n<\/div>\n","protected":false},"featured_media":85624,"comment_status":"open","ping_status":"closed","template":"","meta":{"_acf_changed":false},"factory":[],"free-shipment":[],"product_brand":[],"product_cat":[345,310],"product_tag":[],"class_list":{"0":"post-85628","1":"product","2":"type-product","3":"status-publish","4":"has-post-thumbnail","6":"product_cat-chemistry","7":"product_cat-professional-cleaning-and-care-products-2","9":"first","10":"instock","11":"sale","12":"taxable","13":"shipping-taxable","14":"purchasable","15":"product-type-simple"},"acf":[],"_links":{"self":[{"href":"https:\/\/factory.sale\/fi\/wp-json\/wp\/v2\/product\/85628","targetHints":{"allow":["GET"]}}],"collection":[{"href":"https:\/\/factory.sale\/fi\/wp-json\/wp\/v2\/product"}],"about":[{"href":"https:\/\/factory.sale\/fi\/wp-json\/wp\/v2\/types\/product"}],"replies":[{"embeddable":true,"href":"https:\/\/factory.sale\/fi\/wp-json\/wp\/v2\/comments?post=85628"}],"wp:featuredmedia":[{"embeddable":true,"href":"https:\/\/factory.sale\/fi\/wp-json\/wp\/v2\/media\/85624"}],"wp:attachment":[{"href":"https:\/\/factory.sale\/fi\/wp-json\/wp\/v2\/media?parent=85628"}],"wp:term":[{"taxonomy":"factory","embeddable":true,"href":"https:\/\/factory.sale\/fi\/wp-json\/wp\/v2\/factory?post=85628"},{"taxonomy":"free-shipment","embeddable":true,"href":"https:\/\/factory.sale\/fi\/wp-json\/wp\/v2\/free-shipment?post=85628"},{"taxonomy":"product_brand","embeddable":true,"href":"https:\/\/factory.sale\/fi\/wp-json\/wp\/v2\/product_brand?post=85628"},{"taxonomy":"product_cat","embeddable":true,"href":"https:\/\/factory.sale\/fi\/wp-json\/wp\/v2\/product_cat?post=85628"},{"taxonomy":"product_tag","embeddable":true,"href":"https:\/\/factory.sale\/fi\/wp-json\/wp\/v2\/product_tag?post=85628"}],"curies":[{"name":"wp","href":"https:\/\/api.w.org\/{rel}","templated":true}]}}