{"id":85497,"date":"2024-05-29T16:46:20","date_gmt":"2024-05-29T16:52:23","guid":{"rendered":"https:\/\/factory.sale\/?post_type=product&#038;p=85497"},"modified":"2024-06-29T07:51:13","modified_gmt":"2024-06-29T07:51:13","slug":"katos-milano-4300-harmaa-309x426-cm","status":"publish","type":"product","link":"https:\/\/factory.sale\/fi\/tuote\/katos-milano-4300-harmaa-309x426-cm\/","title":{"rendered":"Katos Milano 4300 HARMAA 309&#215;426 cm"},"content":{"rendered":"<p>Palram-Canopia Milano 4300 on kest\u00e4v\u00e4 ja tyylik\u00e4s katos. Paviljongissa on luja, ruosteenkest\u00e4v\u00e4 ja antrasiitinharmaa jauhemaalattu alumiinirunko sek\u00e4 sinkityst\u00e4 ter\u00e4ksest\u00e4 valmistetut liitokset. K\u00e4yt\u00e4nn\u00f6ss\u00e4 rikkoutumattomat, 100% UV-suojatut 6 mm polykarbonaattipaneelit suojaavat haitallisilta UV-s\u00e4teilt\u00e4, sateelta ja lumelta.<br \/>\nPronssinv\u00e4riset paneelit p\u00e4\u00e4st\u00e4v\u00e4t luonnonvaloa l\u00e4pi tarjoten silti riitt\u00e4v\u00e4sti varjoa.<br \/>\nKatos on suunniteltu kahden henkil\u00f6n helposti koottavaksi. Esiporatut profiilit, esileikatut paneelit ja ruuvit sis\u00e4ltyv\u00e4t pakkaukseen.<br \/>\nIntegroitu 40 mm r\u00e4nnisysteemi mahdollistaa sadeveden ker\u00e4\u00e4misen. Pakettiin kuuluu kiinnitystarvikkeet. Neli\u00f6n muotoista paviljonkia on helppo siirt\u00e4\u00e4 ja ankkuroida se mille tahansa alustalle. Katoksen reunoissa on integroidut kiskot ja koukut verhojen tai hyttysverkkojen kiinnitt\u00e4mist\u00e4 varten.<\/p>\n<p>&nbsp;<\/p>\n<p><strong>TUOTETIEDOT:<\/strong><\/p>\n<p>Koodi: 6001702<\/p>\n<p>Leveys: 309 cm<br \/>\nSyvyys: 426 cm<br \/>\nKoko: 3 x 4,3 m<br \/>\nTuotteen paino: 88,1 kg<br \/>\nV\u00e4ri: Harmaa<br \/>\nMateriaali: Metalli<br \/>\nKorkeus: 214\/225 cm<br \/>\nPinta-ala: 13,2 m\u00b2<br \/>\nLumikuorma: 75 kg\/m\u00b2<br \/>\nTuulenkest\u00e4vyys: 90 km\/h<br \/>\nValonl\u00e4p\u00e4isy: 0%<br \/>\nSis\u00e4lt\u00e4\u00e4: ankkurointi- ja jalustalevyt, verhotangot sek\u00e4 r\u00e4nnit ja putket<\/p>\n<p>&nbsp;<\/p>\n<p><strong>LUMIKUORMA:<\/strong><\/p>\n<p>Katoilta tulee aina poistaa liiallinen lumikuorma. Takuu ei kata katon romahtamista liiallisen lumipainon vuoksi.<\/p>\n","protected":false},"excerpt":{"rendered":"<p>Palram-Canopia Milano 4300 on kest\u00e4v\u00e4 ja tyylik\u00e4s katos. Paviljongissa on luja, ruosteenkest\u00e4v\u00e4 ja antrasiitinharmaa jauhemaalattu alumiinirunko sek\u00e4 sinkityst\u00e4 ter\u00e4ksest\u00e4 valmistetut liitokset. K\u00e4yt\u00e4nn\u00f6ss\u00e4 rikkoutumattomat, 100% UV-suojatut 6 mm polykarbonaattipaneelit suojaavat haitallisilta UV-s\u00e4teilt\u00e4, sateelta ja lumelta.<\/p>\n","protected":false},"featured_media":85485,"comment_status":"open","ping_status":"closed","template":"","meta":{"_acf_changed":false},"factory":[],"free-shipment":[],"product_brand":[],"product_cat":[2446,997],"product_tag":[1489],"class_list":{"0":"post-85497","1":"product","2":"type-product","3":"status-publish","4":"has-post-thumbnail","6":"product_cat-katokset","7":"product_cat-piha-puutarha-fi","8":"product_tag-yard-fi","10":"first","11":"instock","12":"sale","13":"taxable","14":"shipping-taxable","15":"purchasable","16":"product-type-simple"},"acf":[],"_links":{"self":[{"href":"https:\/\/factory.sale\/fi\/wp-json\/wp\/v2\/product\/85497","targetHints":{"allow":["GET"]}}],"collection":[{"href":"https:\/\/factory.sale\/fi\/wp-json\/wp\/v2\/product"}],"about":[{"href":"https:\/\/factory.sale\/fi\/wp-json\/wp\/v2\/types\/product"}],"replies":[{"embeddable":true,"href":"https:\/\/factory.sale\/fi\/wp-json\/wp\/v2\/comments?post=85497"}],"wp:featuredmedia":[{"embeddable":true,"href":"https:\/\/factory.sale\/fi\/wp-json\/wp\/v2\/media\/85485"}],"wp:attachment":[{"href":"https:\/\/factory.sale\/fi\/wp-json\/wp\/v2\/media?parent=85497"}],"wp:term":[{"taxonomy":"factory","embeddable":true,"href":"https:\/\/factory.sale\/fi\/wp-json\/wp\/v2\/factory?post=85497"},{"taxonomy":"free-shipment","embeddable":true,"href":"https:\/\/factory.sale\/fi\/wp-json\/wp\/v2\/free-shipment?post=85497"},{"taxonomy":"product_brand","embeddable":true,"href":"https:\/\/factory.sale\/fi\/wp-json\/wp\/v2\/product_brand?post=85497"},{"taxonomy":"product_cat","embeddable":true,"href":"https:\/\/factory.sale\/fi\/wp-json\/wp\/v2\/product_cat?post=85497"},{"taxonomy":"product_tag","embeddable":true,"href":"https:\/\/factory.sale\/fi\/wp-json\/wp\/v2\/product_tag?post=85497"}],"curies":[{"name":"wp","href":"https:\/\/api.w.org\/{rel}","templated":true}]}}