{"id":85456,"date":"2024-05-28T16:41:56","date_gmt":"2024-05-28T16:45:46","guid":{"rendered":"https:\/\/factory.sale\/?post_type=product&#038;p=85456"},"modified":"2024-06-25T12:02:13","modified_gmt":"2024-06-25T12:02:13","slug":"katos-martinique-4300-harmaa-295x430-cm","status":"publish","type":"product","link":"https:\/\/factory.sale\/fi\/tuote\/katos-martinique-4300-harmaa-295x430-cm\/","title":{"rendered":"Katos Martinique 4300 HARMAA 295&#215;430 cm"},"content":{"rendered":"<p>Palram-Canopia MARTINIQUE 4300 on kest\u00e4v\u00e4 ja tyylik\u00e4s katos. Paviljongissa on luja, ruosteenkest\u00e4v\u00e4 ja antrasiitinharmaa jauhemaalattu alumiinirunko sek\u00e4 sinkityst\u00e4 ter\u00e4ksest\u00e4 valmistetut liitokset. K\u00e4yt\u00e4nn\u00f6ss\u00e4 rikkoutumattomat, 100% UV-suojatut 6 mm polykarbonaattipaneelit suojaavat haitallisilta UV-s\u00e4teilt\u00e4, sateelta ja lumelta.<\/p>\n<p>Pronssinv\u00e4riset paneelit p\u00e4\u00e4st\u00e4v\u00e4t luonnonvaloa l\u00e4pi tarjoten silti riitt\u00e4v\u00e4sti varjoa.<br \/>\nKatos on suunniteltu kahden henkil\u00f6n helposti koottavaksi. Esiporatut profiilit, esileikatut paneelit ja ruuvit sis\u00e4ltyv\u00e4t pakkaukseen.<br \/>\nIntegroitu 40 mm r\u00e4nnisysteemi mahdollistaa sadeveden ker\u00e4\u00e4misen. Pakettiin kuuluu kiinnitystarvikkeet. Neli\u00f6n muotoista paviljonkia on helppo siirt\u00e4\u00e4 ja ankkuroida se mille tahansa alustalle. Katoksen reunoissa on integroidut kiskot ja koukut verhojen tai hyttysverkkojen kiinnitt\u00e4mist\u00e4 varten.<\/p>\n<p>&nbsp;<\/p>\n<p><strong>TUOTETIEDOT:<\/strong><\/p>\n<p>Koodi: 6001704<br \/>\nKorkeus: 274,5 cm<br \/>\nLeveys: 295,5 cm<br \/>\nSyvyys: 430 cm<br \/>\nKoko: 3 x 4,3 m<br \/>\nTuotteen paino: 87,8 kg<br \/>\nV\u00e4ri: Harmaa<br \/>\nV\u00e4rin erittely: Harmaa RAL 7012<br \/>\nMateriaalin erittely: Jauhemaalattu alumiinirunko, katto 6 mm paksua polykarbonaattia<br \/>\nKorkeus r\u00e4nniin: 217 cm<br \/>\nLumikuorman kest\u00e4vyys: 75 kg\/m\u00b2<br \/>\nTuulenkest\u00e4vyys: 25 m\/s<br \/>\nPinta-ala: 12,7 m\u00b2<br \/>\nKattopaneelien v\u00e4ri: Pronssi<\/p>\n<p>&nbsp;<\/p>\n<p><strong>LUMIKUORMA:<\/strong><\/p>\n<p>Katoilta tulee aina poistaa liiallinen lumikuorma. Takuu ei kata katon romahtamista liiallisen lumipainon vuoksi.<\/p>\n<div class=\"video-wrapper \"><iframe loading=\"lazy\" title=\"How to Assemble Martinique Garden Gazebo | Canopia by Palram [FULL GUIDE]\" width=\"500\" height=\"281\" src=\"https:\/\/www.youtube.com\/embed\/oSZK3DLxfPY?feature=oembed\" frameborder=\"0\" allow=\"accelerometer; autoplay; clipboard-write; encrypted-media; gyroscope; picture-in-picture; web-share\" referrerpolicy=\"strict-origin-when-cross-origin\" allowfullscreen><\/iframe><\/div>\n","protected":false},"excerpt":{"rendered":"<p>Palram-Canopia MARTINIQUE 4300 on kest\u00e4v\u00e4 ja tyylik\u00e4s katos. Paviljongissa on luja, ruosteenkest\u00e4v\u00e4 ja antrasiitinharmaa jauhemaalattu alumiinirunko sek\u00e4 sinkityst\u00e4 ter\u00e4ksest\u00e4 valmistetut liitokset. K\u00e4yt\u00e4nn\u00f6ss\u00e4 rikkoutumattomat, 100% UV-suojatut 6 mm polykarbonaattipaneelit suojaavat haitallisilta UV-s\u00e4teilt\u00e4, sateelta ja lumelta.<\/p>\n","protected":false},"featured_media":85433,"comment_status":"open","ping_status":"closed","template":"","meta":{"_acf_changed":false},"factory":[],"free-shipment":[],"product_brand":[],"product_cat":[2446,997],"product_tag":[],"class_list":{"0":"post-85456","1":"product","2":"type-product","3":"status-publish","4":"has-post-thumbnail","6":"product_cat-katokset","7":"product_cat-piha-puutarha-fi","9":"first","10":"instock","11":"sale","12":"taxable","13":"shipping-taxable","14":"purchasable","15":"product-type-simple"},"acf":[],"_links":{"self":[{"href":"https:\/\/factory.sale\/fi\/wp-json\/wp\/v2\/product\/85456","targetHints":{"allow":["GET"]}}],"collection":[{"href":"https:\/\/factory.sale\/fi\/wp-json\/wp\/v2\/product"}],"about":[{"href":"https:\/\/factory.sale\/fi\/wp-json\/wp\/v2\/types\/product"}],"replies":[{"embeddable":true,"href":"https:\/\/factory.sale\/fi\/wp-json\/wp\/v2\/comments?post=85456"}],"wp:featuredmedia":[{"embeddable":true,"href":"https:\/\/factory.sale\/fi\/wp-json\/wp\/v2\/media\/85433"}],"wp:attachment":[{"href":"https:\/\/factory.sale\/fi\/wp-json\/wp\/v2\/media?parent=85456"}],"wp:term":[{"taxonomy":"factory","embeddable":true,"href":"https:\/\/factory.sale\/fi\/wp-json\/wp\/v2\/factory?post=85456"},{"taxonomy":"free-shipment","embeddable":true,"href":"https:\/\/factory.sale\/fi\/wp-json\/wp\/v2\/free-shipment?post=85456"},{"taxonomy":"product_brand","embeddable":true,"href":"https:\/\/factory.sale\/fi\/wp-json\/wp\/v2\/product_brand?post=85456"},{"taxonomy":"product_cat","embeddable":true,"href":"https:\/\/factory.sale\/fi\/wp-json\/wp\/v2\/product_cat?post=85456"},{"taxonomy":"product_tag","embeddable":true,"href":"https:\/\/factory.sale\/fi\/wp-json\/wp\/v2\/product_tag?post=85456"}],"curies":[{"name":"wp","href":"https:\/\/api.w.org\/{rel}","templated":true}]}}