{"id":85443,"date":"2024-05-28T16:25:58","date_gmt":"2024-05-28T16:31:31","guid":{"rendered":"https:\/\/factory.sale\/?post_type=product&#038;p=85443"},"modified":"2024-06-27T22:57:11","modified_gmt":"2024-06-27T22:57:11","slug":"katos-martinique-3600-harmaa-295x360-cm","status":"publish","type":"product","link":"https:\/\/factory.sale\/fi\/tuote\/katos-martinique-3600-harmaa-295x360-cm\/","title":{"rendered":"Katos Martinique 3600 HARMAA 295\u00d7360 cm"},"content":{"rendered":"<p>Palram-Canopia MARTINIQUE 3600 on kest\u00e4v\u00e4 ja tyylik\u00e4s katos. Paviljongissa on luja, ruosteenkest\u00e4v\u00e4 ja antrasiitinharmaa jauhemaalattu alumiinirunko sek\u00e4 sinkityst\u00e4 ter\u00e4ksest\u00e4 valmistetut liitokset. K\u00e4yt\u00e4nn\u00f6ss\u00e4 rikkoutumattomat, 100% UV-suojatut 6 mm polykarbonaattipaneelit suojaavat haitallisilta UV-s\u00e4teilt\u00e4, sateelta ja lumelta.<br \/>\nPronssinv\u00e4riset paneelit p\u00e4\u00e4st\u00e4v\u00e4t luonnonvaloa l\u00e4pi tarjoten silti riitt\u00e4v\u00e4sti varjoa.<br \/>\nKatos on suunniteltu kahden henkil\u00f6n helposti koottavaksi. Esiporatut profiilit, esileikatut paneelit ja ruuvit sis\u00e4ltyv\u00e4t pakkaukseen.<br \/>\nIntegroitu 40 mm r\u00e4nnisysteemi mahdollistaa sadeveden ker\u00e4\u00e4misen. Pakettiin kuuluu kiinnitystarvikkeet. Neli\u00f6n muotoista paviljonkia on helppo siirt\u00e4\u00e4 ja ankkuroida se mille tahansa alustalle. Katoksen reunoissa on integroidut kiskot ja koukut verhojen tai hyttysverkkojen kiinnitt\u00e4mist\u00e4 varten.<\/p>\n<p>&nbsp;<\/p>\n<p>&nbsp;<\/p>\n<p><strong>TUOTETIEDOT:<\/strong><\/p>\n<p>Koodi: 6001705<br \/>\nKorkeus (cm): 274,5 cm<br \/>\nLeveys (cm): 296 cm<br \/>\nSyvyys (cm): 360 cm<br \/>\nKoko (m x m): 3 x 3,6 m<br \/>\nV\u00e4ri: Harmaa<br \/>\nMateriaali: Alumiini, Polykarbonaatti<br \/>\nMateriaalin erittely: Jauhemaalattu alumiinirunko, katto 6 mm paksua, iskunkest\u00e4v\u00e4\u00e4 ja 100% UV-suojattua polykarbonaattipaneelia<br \/>\nKannen v\u00e4ri: Pronssi<br \/>\nIntegroitu r\u00e4nni: Kyll\u00e4, 40 mm r\u00e4nnit veden ker\u00e4\u00e4miseen<br \/>\nAsennus: Kahden henkil\u00f6n helppo asentaa, siirt\u00e4\u00e4 ja ankkuroida mille tahansa alustalle<br \/>\nKaton ilmanvaihto: Kyll\u00e4, mahdollistaa ilmanvirtauksen ja savun poistamisen<br \/>\nTuulenkest\u00e4vyys: 90 km\/h<br \/>\nValonl\u00e4p\u00e4isy: 15%<br \/>\nLumikuorma: 75 kg\/m\u00b2<\/p>\n<p>&nbsp;<\/p>\n<p>Toimituksen sis\u00e4lt\u00f6: Esiporatut profiilit, kattopaneelit, ruuvit, ankkurointi- ja jalustalevyt sek\u00e4 r\u00e4nnit.<\/p>\n<p>&nbsp;<\/p>\n<p><strong>LUMIKUORMA:<\/strong><\/p>\n<p>Katoilta tulee aina poistaa liiallinen lumikuorma. Takuu ei kata katon romahtamista liiallisen lumipainon vuoksi.<\/p>\n","protected":false},"excerpt":{"rendered":"<p>Palram-Canopia MARTINIQUE 3600 on kest\u00e4v\u00e4 ja tyylik\u00e4s katos. Paviljongissa on luja, ruosteenkest\u00e4v\u00e4 ja antrasiitinharmaa jauhemaalattu alumiinirunko sek\u00e4 sinkityst\u00e4 ter\u00e4ksest\u00e4 valmistetut liitokset. K\u00e4yt\u00e4nn\u00f6ss\u00e4 rikkoutumattomat, 100% UV-suojatut 6 mm polykarbonaattipaneelit suojaavat haitallisilta UV-s\u00e4teilt\u00e4, sateelta ja lumelta.<\/p>\n","protected":false},"featured_media":85433,"comment_status":"open","ping_status":"closed","template":"","meta":{"_acf_changed":false},"factory":[],"free-shipment":[],"product_brand":[],"product_cat":[2446,997],"product_tag":[1488,1489],"class_list":{"0":"post-85443","1":"product","2":"type-product","3":"status-publish","4":"has-post-thumbnail","6":"product_cat-katokset","7":"product_cat-piha-puutarha-fi","8":"product_tag-garden-fi","9":"product_tag-yard-fi","11":"first","12":"instock","13":"sale","14":"taxable","15":"shipping-taxable","16":"purchasable","17":"product-type-simple"},"acf":[],"_links":{"self":[{"href":"https:\/\/factory.sale\/fi\/wp-json\/wp\/v2\/product\/85443","targetHints":{"allow":["GET"]}}],"collection":[{"href":"https:\/\/factory.sale\/fi\/wp-json\/wp\/v2\/product"}],"about":[{"href":"https:\/\/factory.sale\/fi\/wp-json\/wp\/v2\/types\/product"}],"replies":[{"embeddable":true,"href":"https:\/\/factory.sale\/fi\/wp-json\/wp\/v2\/comments?post=85443"}],"wp:featuredmedia":[{"embeddable":true,"href":"https:\/\/factory.sale\/fi\/wp-json\/wp\/v2\/media\/85433"}],"wp:attachment":[{"href":"https:\/\/factory.sale\/fi\/wp-json\/wp\/v2\/media?parent=85443"}],"wp:term":[{"taxonomy":"factory","embeddable":true,"href":"https:\/\/factory.sale\/fi\/wp-json\/wp\/v2\/factory?post=85443"},{"taxonomy":"free-shipment","embeddable":true,"href":"https:\/\/factory.sale\/fi\/wp-json\/wp\/v2\/free-shipment?post=85443"},{"taxonomy":"product_brand","embeddable":true,"href":"https:\/\/factory.sale\/fi\/wp-json\/wp\/v2\/product_brand?post=85443"},{"taxonomy":"product_cat","embeddable":true,"href":"https:\/\/factory.sale\/fi\/wp-json\/wp\/v2\/product_cat?post=85443"},{"taxonomy":"product_tag","embeddable":true,"href":"https:\/\/factory.sale\/fi\/wp-json\/wp\/v2\/product_tag?post=85443"}],"curies":[{"name":"wp","href":"https:\/\/api.w.org\/{rel}","templated":true}]}}