{"id":85427,"date":"2024-05-28T16:12:17","date_gmt":"2024-05-28T16:18:02","guid":{"rendered":"https:\/\/factory.sale\/?post_type=product&#038;p=85427"},"modified":"2024-06-28T09:40:18","modified_gmt":"2024-06-28T09:40:18","slug":"terassikatos-olympia-3x305-harmaa-kirkas","status":"publish","type":"product","link":"https:\/\/factory.sale\/fi\/tuote\/terassikatos-olympia-3x305-harmaa-kirkas\/","title":{"rendered":"Terassikatos Olympia 3\u00d73,05 harmaa\/kirkas"},"content":{"rendered":"<p>Rentoudu ja nauti ulkoilmasta Palram-Copy 3\u00d73 metrin Olympia terassikatoksen alla. Katos on suunniteltu kest\u00e4m\u00e4\u00e4n ankaria s\u00e4\u00e4olosuhteita, suuria lumikuormia ja kovaa tuulta. K\u00e4yt\u00e4nn\u00f6ss\u00e4 rikkoutumattomat 16 mm polykarbonaattiset hunajakennokattopaneelit ovat 100 % UV-suojattuja ja est\u00e4v\u00e4t haitallista UV-s\u00e4teily\u00e4. Asennus voidaan suorittaa turvallisesti, nopeasti ja helposti liukuvien kattopaneelien ja esiporattujen profiilien avulla. Ruuvit sis\u00e4ltyv\u00e4t toimitukseen.<\/p>\n<p>Katos on varustettu s\u00e4\u00e4dett\u00e4v\u00e4ll\u00e4 sein\u00e4kiinnityksell\u00e4 ja vapaasti sijoitettavilla vahvoilla 8\u00d78 cm etutolpilla. Vahva rakenne koostuu vahvoista ja korroosionkest\u00e4vist\u00e4 jauhemaalatuista alumiiniprofiileista ja sinkityist\u00e4 ter\u00e4sliitoksista. Toimitukseen sis\u00e4ltyy ankkurointi- ja jalustalevyt, joiden avulla voit kiinnitt\u00e4\u00e4 terassikatoksen valitsemallesi alustalle. Integroitu 50 mm r\u00e4nnisysteemi mahdollistaa sadeveden ohjaamisen ja ker\u00e4\u00e4misen kasteluj\u00e4rjestelm\u00e4\u00e4n. Huoltovapaa katos ei ruostu, lahoa eik\u00e4 rikkoudu.<\/p>\n<p>&nbsp;<\/p>\n<p><strong>TUOTTEEN MITAT:<\/strong><\/p>\n<p>Koodi: 6001673<\/p>\n<p>Harjakorkeus: 305 cm<br \/>\nR\u00e4yst\u00e4skorkeus: 210 cm<br \/>\nLeveys: 307 cm<br \/>\nSyvyys: 295 cm<br \/>\nPinta-ala: 9,1 m\u00b2<\/p>\n<p>&nbsp;<\/p>\n<p><strong>TUOTTEEN OMINAISUUDET:<\/strong><\/p>\n<p>V\u00e4ri: Harmaa<br \/>\nMateriaali: Alumiini<br \/>\nPinta: Jauhemaalattu<br \/>\nKattopinta-ala: 9 m\u00b2<br \/>\nTakuu: 12 vuotta<br \/>\nTuulenkest\u00e4vyys: 120 km\/h<br \/>\nKattopaneelit: Kirkas 61 %<br \/>\nPaino: 58,3 kg<br \/>\nLiukupaneelit<br \/>\nSis\u00e4lt\u00e4\u00e4 sadevesikourut ja putket<\/p>\n<p>&nbsp;<\/p>\n<p>Pakkaus sis\u00e4lt\u00e4\u00e4 ankkurointi- ja jalustalevyt, joiden avulla voit kiinnitt\u00e4\u00e4 terassikatoksen valitsemallesi alustalle.<\/p>\n","protected":false},"excerpt":{"rendered":"<p>Rentoudu ja nauti ulkoilmasta Palram-Copy 3\u00d73 metrin Olympia terassikatoksen alla. Katos on suunniteltu kest\u00e4m\u00e4\u00e4n ankaria s\u00e4\u00e4olosuhteita, suuria lumikuormia ja kovaa tuulta. K\u00e4yt\u00e4nn\u00f6ss\u00e4 rikkoutumattomat 16 mm polykarbonaattiset hunajakennokattopaneelit ovat 100 % UV-suojattuja ja est\u00e4v\u00e4t haitallista UV-s\u00e4teily\u00e4. Asennus voidaan suorittaa turvallisesti, nopeasti ja helposti liukuvien kattopaneelien ja esiporattujen profiilien avulla. Ruuvit sis\u00e4ltyv\u00e4t toimitukseen.<\/p>\n","protected":false},"featured_media":85418,"comment_status":"open","ping_status":"closed","template":"","meta":{"_acf_changed":false},"factory":[],"free-shipment":[],"product_brand":[],"product_cat":[2446,997],"product_tag":[1488,1489],"class_list":{"0":"post-85427","1":"product","2":"type-product","3":"status-publish","4":"has-post-thumbnail","6":"product_cat-katokset","7":"product_cat-piha-puutarha-fi","8":"product_tag-garden-fi","9":"product_tag-yard-fi","11":"first","12":"instock","13":"sale","14":"taxable","15":"shipping-taxable","16":"purchasable","17":"product-type-simple"},"acf":[],"_links":{"self":[{"href":"https:\/\/factory.sale\/fi\/wp-json\/wp\/v2\/product\/85427","targetHints":{"allow":["GET"]}}],"collection":[{"href":"https:\/\/factory.sale\/fi\/wp-json\/wp\/v2\/product"}],"about":[{"href":"https:\/\/factory.sale\/fi\/wp-json\/wp\/v2\/types\/product"}],"replies":[{"embeddable":true,"href":"https:\/\/factory.sale\/fi\/wp-json\/wp\/v2\/comments?post=85427"}],"wp:featuredmedia":[{"embeddable":true,"href":"https:\/\/factory.sale\/fi\/wp-json\/wp\/v2\/media\/85418"}],"wp:attachment":[{"href":"https:\/\/factory.sale\/fi\/wp-json\/wp\/v2\/media?parent=85427"}],"wp:term":[{"taxonomy":"factory","embeddable":true,"href":"https:\/\/factory.sale\/fi\/wp-json\/wp\/v2\/factory?post=85427"},{"taxonomy":"free-shipment","embeddable":true,"href":"https:\/\/factory.sale\/fi\/wp-json\/wp\/v2\/free-shipment?post=85427"},{"taxonomy":"product_brand","embeddable":true,"href":"https:\/\/factory.sale\/fi\/wp-json\/wp\/v2\/product_brand?post=85427"},{"taxonomy":"product_cat","embeddable":true,"href":"https:\/\/factory.sale\/fi\/wp-json\/wp\/v2\/product_cat?post=85427"},{"taxonomy":"product_tag","embeddable":true,"href":"https:\/\/factory.sale\/fi\/wp-json\/wp\/v2\/product_tag?post=85427"}],"curies":[{"name":"wp","href":"https:\/\/api.w.org\/{rel}","templated":true}]}}