{"id":85410,"date":"2024-05-28T15:52:53","date_gmt":"2024-05-28T15:56:18","guid":{"rendered":"https:\/\/factory.sale\/?post_type=product&#038;p=85410"},"modified":"2024-06-29T18:22:55","modified_gmt":"2024-06-29T18:22:55","slug":"katos-3x4m-sevilla","status":"publish","type":"product","link":"https:\/\/factory.sale\/fi\/tuote\/katos-3x4m-sevilla\/","title":{"rendered":"Katos 3x4m Sevilla"},"content":{"rendered":"<p>Katos tarjoaa helpotusta kuumalta auringolta ja kevyemmilt\u00e4 tuulenpuuskilta.<br \/>\nTuotteessa on 6 mm paksuinen polykarbonaattikatto.<br \/>\nPolykarbonaatti, joka tunnetaan my\u00f6s kerrosmuovina, on vahva ja ymp\u00e4rist\u00f6yst\u00e4v\u00e4llinen materiaali, joka kest\u00e4\u00e4 muuttuvia s\u00e4\u00e4olosuhteita.<br \/>\nLis\u00e4ksi materiaalilla on hyv\u00e4 valonl\u00e4p\u00e4isy ja korkea l\u00e4mp\u00f6tilankest\u00e4vyys.<\/p>\n<p>&nbsp;<\/p>\n<p>&nbsp;<\/p>\n<p>Koodi: 6001663<\/p>\n<p>V\u00e4ri: beige<\/p>\n<p>Katoksen sivuverhot on valmistettu 180g\/m\u00b2 polyesterikankaasta.<\/p>\n<p>Katokseen kuuluvat my\u00f6s nailoniset hyttysverkot.<\/p>\n<p>Tuotteen ruskea alumiinirunko on jauhemaalattu.<\/p>\n<p>Sivupylv\u00e4iden mitat ovat 76x76x1 mm, poikkipuun mitat 110&#215;50 mm ja kattotuolien mitat 30&#215;26 mm.<\/p>\n<p>Katoksen kokonaismitat ovat 3x3x2,6 m ja 3x4x2,6 m.<\/p>\n<p>&nbsp;<\/p>\n<p>&nbsp;<\/p>\n<p><strong><em>VAROITUS: Katos on kiinnitett\u00e4v\u00e4 alustaan k\u00e4yt\u00f6n aikana. Tuote ei ole tarkoitettu k\u00e4ytett\u00e4v\u00e4ksi kovalla tuulella, sateella tai lumisateessa.<\/em><\/strong><\/p>\n<p>&nbsp;<\/p>\n<p>&nbsp;<\/p>\n<p>&nbsp;<\/p>\n","protected":false},"excerpt":{"rendered":"<p>Katos tarjoaa helpotusta kuumalta auringolta ja kevyemmilt\u00e4 tuulenpuuskilta.<\/p>\n","protected":false},"featured_media":85396,"comment_status":"open","ping_status":"closed","template":"","meta":{"_acf_changed":false},"factory":[],"free-shipment":[],"product_brand":[],"product_cat":[1911,917],"product_tag":[1034],"class_list":{"0":"post-85410","1":"product","2":"type-product","3":"status-publish","4":"has-post-thumbnail","6":"product_cat-canopies","7":"product_cat-garden-yard","8":"product_tag-yard","10":"first","11":"instock","12":"sale","13":"taxable","14":"shipping-taxable","15":"purchasable","16":"product-type-simple"},"acf":[],"_links":{"self":[{"href":"https:\/\/factory.sale\/fi\/wp-json\/wp\/v2\/product\/85410","targetHints":{"allow":["GET"]}}],"collection":[{"href":"https:\/\/factory.sale\/fi\/wp-json\/wp\/v2\/product"}],"about":[{"href":"https:\/\/factory.sale\/fi\/wp-json\/wp\/v2\/types\/product"}],"replies":[{"embeddable":true,"href":"https:\/\/factory.sale\/fi\/wp-json\/wp\/v2\/comments?post=85410"}],"wp:featuredmedia":[{"embeddable":true,"href":"https:\/\/factory.sale\/fi\/wp-json\/wp\/v2\/media\/85396"}],"wp:attachment":[{"href":"https:\/\/factory.sale\/fi\/wp-json\/wp\/v2\/media?parent=85410"}],"wp:term":[{"taxonomy":"factory","embeddable":true,"href":"https:\/\/factory.sale\/fi\/wp-json\/wp\/v2\/factory?post=85410"},{"taxonomy":"free-shipment","embeddable":true,"href":"https:\/\/factory.sale\/fi\/wp-json\/wp\/v2\/free-shipment?post=85410"},{"taxonomy":"product_brand","embeddable":true,"href":"https:\/\/factory.sale\/fi\/wp-json\/wp\/v2\/product_brand?post=85410"},{"taxonomy":"product_cat","embeddable":true,"href":"https:\/\/factory.sale\/fi\/wp-json\/wp\/v2\/product_cat?post=85410"},{"taxonomy":"product_tag","embeddable":true,"href":"https:\/\/factory.sale\/fi\/wp-json\/wp\/v2\/product_tag?post=85410"}],"curies":[{"name":"wp","href":"https:\/\/api.w.org\/{rel}","templated":true}]}}