{"id":85314,"date":"2024-05-24T20:13:13","date_gmt":"2024-05-24T20:19:45","guid":{"rendered":"https:\/\/factory.sale\/?post_type=product&#038;p=85314"},"modified":"2024-06-26T14:33:23","modified_gmt":"2024-06-26T14:33:23","slug":"ulkopenkki-selkanojalla-siga","status":"publish","type":"product","link":"https:\/\/factory.sale\/fi\/tuote\/ulkopenkki-selkanojalla-siga\/","title":{"rendered":"Ulkopenkki selk\u00e4nojalla SIGA"},"content":{"rendered":"<p>SIGA-sarjan penkki. Asiakkaan pyynn\u00f6st\u00e4 penkit ovat saatavilla ilman selk\u00e4nojaa tai selk\u00e4nojalla.<\/p>\n<p>&nbsp;<\/p>\n<p>Rakenne on valmistettu ter\u00e4ksest\u00e4.<\/p>\n<p>Galvanoitu ja maalattu.<\/p>\n<p>Jauhemaalaus.<\/p>\n<p>Jalat ovat ter\u00e4slevy\u00e4, paksuus 6 mm.<\/p>\n<p>Poikittain jalkojen v\u00e4liss\u00e4 UPN65-profiilista.<\/p>\n<p>Puu &#8211; trooppinen lehtipuu, suojaa puun sieni\u00e4, matoja vastaan.<\/p>\n<p>Kiinnitetty ankkureilla jalkak\u00e4yt\u00e4v\u00e4\u00e4n.<\/p>\n<p>Mitat: 1820 x 510 x 700 h mm<\/p>\n","protected":false},"excerpt":{"rendered":"<p>SIGA-sarjan penkki. Asiakkaan pyynn\u00f6st\u00e4 penkit ovat saatavilla ilman selk\u00e4nojaa tai selk\u00e4nojalla.<\/p>\n","protected":false},"featured_media":85302,"comment_status":"open","ping_status":"closed","template":"","meta":{"_acf_changed":false},"factory":[],"free-shipment":[],"product_brand":[],"product_cat":[1336,1337],"product_tag":[],"class_list":{"0":"post-85314","1":"product","2":"type-product","3":"status-publish","4":"has-post-thumbnail","6":"product_cat-kaupunkihuonekalut","7":"product_cat-penkit","9":"first","10":"instock","11":"sale","12":"taxable","13":"shipping-taxable","14":"purchasable","15":"product-type-simple"},"acf":[],"_links":{"self":[{"href":"https:\/\/factory.sale\/fi\/wp-json\/wp\/v2\/product\/85314","targetHints":{"allow":["GET"]}}],"collection":[{"href":"https:\/\/factory.sale\/fi\/wp-json\/wp\/v2\/product"}],"about":[{"href":"https:\/\/factory.sale\/fi\/wp-json\/wp\/v2\/types\/product"}],"replies":[{"embeddable":true,"href":"https:\/\/factory.sale\/fi\/wp-json\/wp\/v2\/comments?post=85314"}],"wp:featuredmedia":[{"embeddable":true,"href":"https:\/\/factory.sale\/fi\/wp-json\/wp\/v2\/media\/85302"}],"wp:attachment":[{"href":"https:\/\/factory.sale\/fi\/wp-json\/wp\/v2\/media?parent=85314"}],"wp:term":[{"taxonomy":"factory","embeddable":true,"href":"https:\/\/factory.sale\/fi\/wp-json\/wp\/v2\/factory?post=85314"},{"taxonomy":"free-shipment","embeddable":true,"href":"https:\/\/factory.sale\/fi\/wp-json\/wp\/v2\/free-shipment?post=85314"},{"taxonomy":"product_brand","embeddable":true,"href":"https:\/\/factory.sale\/fi\/wp-json\/wp\/v2\/product_brand?post=85314"},{"taxonomy":"product_cat","embeddable":true,"href":"https:\/\/factory.sale\/fi\/wp-json\/wp\/v2\/product_cat?post=85314"},{"taxonomy":"product_tag","embeddable":true,"href":"https:\/\/factory.sale\/fi\/wp-json\/wp\/v2\/product_tag?post=85314"}],"curies":[{"name":"wp","href":"https:\/\/api.w.org\/{rel}","templated":true}]}}