{"id":85296,"date":"2024-05-24T19:48:09","date_gmt":"2024-05-24T19:55:37","guid":{"rendered":"https:\/\/factory.sale\/?post_type=product&#038;p=85296"},"modified":"2024-06-25T20:26:32","modified_gmt":"2024-06-25T20:26:32","slug":"ulkopenkki-modo8-35","status":"publish","type":"product","link":"https:\/\/factory.sale\/fi\/tuote\/ulkopenkki-modo8-35\/","title":{"rendered":"Ulkopenkki MODO8 35"},"content":{"rendered":"<p>Jalat on valmistettu valuraudasta, maalattu synteettisell\u00e4 hartsipohjaisella emalilla, joka saa aikaan taotun metallin vaikutelman.<\/p>\n<p>&nbsp;<\/p>\n<p>Lis\u00e4metallinauhalla.<\/p>\n<p>6 tai 5 trooppista puulevy\u00e4 100 x 35 x 1800 mm.<\/p>\n<p>Laudat \u00f6ljyt\u00e4\u00e4n valitun v\u00e4rin mukaan.<\/p>\n<p>Ruostumattomasta ter\u00e4ksest\u00e4 valmistetut ruuvit.<\/p>\n<p>S\u00e4\u00e4nkest\u00e4v\u00e4.<\/p>\n<p>Penkki on sovitettu kiinnitett\u00e4v\u00e4ksi betonialustalle.<\/p>\n","protected":false},"excerpt":{"rendered":"<p>Jalat on valmistettu valuraudasta, maalattu synteettisell\u00e4 hartsipohjaisella emalilla, joka saa aikaan taotun metallin vaikutelman.<\/p>\n","protected":false},"featured_media":85293,"comment_status":"open","ping_status":"closed","template":"","meta":{"_acf_changed":false},"factory":[],"free-shipment":[],"product_brand":[],"product_cat":[1336,1337],"product_tag":[],"class_list":{"0":"post-85296","1":"product","2":"type-product","3":"status-publish","4":"has-post-thumbnail","6":"product_cat-kaupunkihuonekalut","7":"product_cat-penkit","9":"first","10":"instock","11":"sale","12":"taxable","13":"shipping-taxable","14":"purchasable","15":"product-type-simple"},"acf":[],"_links":{"self":[{"href":"https:\/\/factory.sale\/fi\/wp-json\/wp\/v2\/product\/85296","targetHints":{"allow":["GET"]}}],"collection":[{"href":"https:\/\/factory.sale\/fi\/wp-json\/wp\/v2\/product"}],"about":[{"href":"https:\/\/factory.sale\/fi\/wp-json\/wp\/v2\/types\/product"}],"replies":[{"embeddable":true,"href":"https:\/\/factory.sale\/fi\/wp-json\/wp\/v2\/comments?post=85296"}],"wp:featuredmedia":[{"embeddable":true,"href":"https:\/\/factory.sale\/fi\/wp-json\/wp\/v2\/media\/85293"}],"wp:attachment":[{"href":"https:\/\/factory.sale\/fi\/wp-json\/wp\/v2\/media?parent=85296"}],"wp:term":[{"taxonomy":"factory","embeddable":true,"href":"https:\/\/factory.sale\/fi\/wp-json\/wp\/v2\/factory?post=85296"},{"taxonomy":"free-shipment","embeddable":true,"href":"https:\/\/factory.sale\/fi\/wp-json\/wp\/v2\/free-shipment?post=85296"},{"taxonomy":"product_brand","embeddable":true,"href":"https:\/\/factory.sale\/fi\/wp-json\/wp\/v2\/product_brand?post=85296"},{"taxonomy":"product_cat","embeddable":true,"href":"https:\/\/factory.sale\/fi\/wp-json\/wp\/v2\/product_cat?post=85296"},{"taxonomy":"product_tag","embeddable":true,"href":"https:\/\/factory.sale\/fi\/wp-json\/wp\/v2\/product_tag?post=85296"}],"curies":[{"name":"wp","href":"https:\/\/api.w.org\/{rel}","templated":true}]}}