{"id":85237,"date":"2024-05-20T07:49:32","date_gmt":"2024-05-20T07:57:48","guid":{"rendered":"https:\/\/factory.sale\/?post_type=product&#038;p=85237"},"modified":"2024-06-28T03:23:54","modified_gmt":"2024-06-28T03:23:54","slug":"puutarhavaja-autotalli-17m2-harmaa","status":"publish","type":"product","link":"https:\/\/factory.sale\/fi\/tuote\/puutarhavaja-autotalli-17m2-harmaa\/","title":{"rendered":"Puutarhavaja\/autotalli 17m2 harmaa"},"content":{"rendered":"<p>Tavallisilla ovilla varustettu autotalli\/puutarhavaja on helppo asentaa<br \/>\nSein\u00e4t ja katto ovat galvanoitua ter\u00e4slevy\u00e4 ja kest\u00e4v\u00e4 runko galvanoitua ter\u00e4st\u00e4.<br \/>\nAutotallissa\/puutarhavajassa on kaksi ovea (yksi p\u00e4\u00e4ovi ja yksi sivuovi) ja 4 tuuletusaukkoa.<\/p>\n<p>&nbsp;<\/p>\n<p><strong>Tuotetiedot:<\/strong><\/p>\n<ul>\n<li>Sivuovi, jonka mitat ovat: 780 mm x 1880 mm, on lukittava<\/li>\n<li>Materiaali: galvanoidut+maalatut ter\u00e4slevyt<\/li>\n<li>Galvanoitu ter\u00e4srunko<\/li>\n<li>Mitat (P x L x K): 590 x 289 x 232 cm<\/li>\n<li>P\u00e4\u00e4oven koko: (L x K) 212 x 186 cm<\/li>\n<li>Sivuovi, jonka koko on 78&#215;187 cm, on lukittavissa<\/li>\n<li>Materiaali: sein\u00e4t ja katto 0,25 mm galvanoitua ter\u00e4slevy\u00e4<\/li>\n<li>Runko 0,6 mm galvanoitua ter\u00e4st\u00e4<\/li>\n<li>V\u00e4ri: harmaa<\/li>\n<li>Ruostetakuu: 15 vuotta<\/li>\n<li>Lumikuorma: 15 kg\/m2<\/li>\n<\/ul>\n","protected":false},"excerpt":{"rendered":"<p>Tavallisilla ovilla varustettu autotalli\/puutarhavaja on helppo asentaa.<\/p>\n","protected":false},"featured_media":85228,"comment_status":"open","ping_status":"closed","template":"","meta":{"_acf_changed":false},"factory":[],"free-shipment":[],"product_brand":[],"product_cat":[997,4242],"product_tag":[],"class_list":{"0":"post-85237","1":"product","2":"type-product","3":"status-publish","4":"has-post-thumbnail","6":"product_cat-piha-puutarha-fi","7":"product_cat-puutarharakennukset","9":"first","10":"instock","11":"sale","12":"taxable","13":"shipping-taxable","14":"purchasable","15":"product-type-simple"},"acf":[],"_links":{"self":[{"href":"https:\/\/factory.sale\/fi\/wp-json\/wp\/v2\/product\/85237","targetHints":{"allow":["GET"]}}],"collection":[{"href":"https:\/\/factory.sale\/fi\/wp-json\/wp\/v2\/product"}],"about":[{"href":"https:\/\/factory.sale\/fi\/wp-json\/wp\/v2\/types\/product"}],"replies":[{"embeddable":true,"href":"https:\/\/factory.sale\/fi\/wp-json\/wp\/v2\/comments?post=85237"}],"wp:featuredmedia":[{"embeddable":true,"href":"https:\/\/factory.sale\/fi\/wp-json\/wp\/v2\/media\/85228"}],"wp:attachment":[{"href":"https:\/\/factory.sale\/fi\/wp-json\/wp\/v2\/media?parent=85237"}],"wp:term":[{"taxonomy":"factory","embeddable":true,"href":"https:\/\/factory.sale\/fi\/wp-json\/wp\/v2\/factory?post=85237"},{"taxonomy":"free-shipment","embeddable":true,"href":"https:\/\/factory.sale\/fi\/wp-json\/wp\/v2\/free-shipment?post=85237"},{"taxonomy":"product_brand","embeddable":true,"href":"https:\/\/factory.sale\/fi\/wp-json\/wp\/v2\/product_brand?post=85237"},{"taxonomy":"product_cat","embeddable":true,"href":"https:\/\/factory.sale\/fi\/wp-json\/wp\/v2\/product_cat?post=85237"},{"taxonomy":"product_tag","embeddable":true,"href":"https:\/\/factory.sale\/fi\/wp-json\/wp\/v2\/product_tag?post=85237"}],"curies":[{"name":"wp","href":"https:\/\/api.w.org\/{rel}","templated":true}]}}