{"id":85040,"date":"2024-05-09T08:02:03","date_gmt":"2024-05-09T19:10:14","guid":{"rendered":"https:\/\/factory.sale\/?post_type=product&#038;p=85040"},"modified":"2024-06-26T10:18:23","modified_gmt":"2024-06-26T10:18:23","slug":"e-skootterit-n14","status":"publish","type":"product","link":"https:\/\/factory.sale\/fi\/tuote\/e-skootterit-n14\/","title":{"rendered":"E-skootterit N14"},"content":{"rendered":"<h3>54,6V 2A nopea lataus<\/h3>\n<p>\u00c4lyk\u00e4s 109,2W HyperCharge on t\u00e4ydellinen pelinvaihtaja<\/p>\n<h3>K\u00e4\u00e4nn\u00e4, taita, kiinnit\u00e4<\/h3>\n<p>Innovatiivinen taitettava muotoilu, joka on arvioitu EN17128-standardin mukaisesti minimalistiseksi ulkon\u00e4\u00f6ksi, k\u00e4tev\u00e4ksi s\u00e4ilytykseksi ja suuremmaksi vakaudella.<\/p>\n<h3>RGB-valaistusj\u00e4rjestelm\u00e4<\/h3>\n<p>Molemmilla puolilla eri tyylej\u00e4 olevat RGB-valot takaavat viileimm\u00e4n ajokokemuksesi y\u00f6ll\u00e4.<\/p>\n<h3>Katso kaikki<\/h3>\n<p>Helppo hallita, kokeile ja tied\u00e4t<\/p>\n<h3>Monitoiminen kojelauta<\/h3>\n<p>Reaaliaikainen n\u00e4ytt\u00f6 erilaisista tiedoista: nopeus, nopeustila, teho, lukon tila ja muut ajotiedot yhdell\u00e4 silm\u00e4yksell\u00e4<\/p>\n<h3>Yksi nappi, useita toimintoja<\/h3>\n<p>Intuitiiviset ohjaimet, yksi nappi, useita toimintoja: Nappi ei vain kytke virtaa p\u00e4\u00e4lle ja pois, vaan sit\u00e4 voidaan k\u00e4ytt\u00e4\u00e4 my\u00f6s nopeustilojen vaihtamiseen ja ajovalojen kytkemiseen p\u00e4\u00e4lle ja pois<\/p>\n<h3>Herkk\u00e4 k\u00e4sikaasu<\/h3>\n<p>K\u00e4sikaasun kohtuullinen vastus ja ajantasainen palaute tekev\u00e4t ajonopeuden hallinnasta helpompaa ja kiihtyvyyden sujuvampaa.<\/p>\n<h3>Mukava TPR-kahva<\/h3>\n<p>Ohjaustanko on valmistettu TPR-materiaalista mukavamman otteen saavuttamiseksi, mik\u00e4 voi tehokkaasti parantaa ajokokemusta.<\/p>\n<h3>\u00c4lyk\u00e4s varkaudenesto<\/h3>\n<p>Yhdist\u00e4 King Song -sovellukseen ja lukitse skootteri. Omistajaa muistutetaan heti h\u00e4lytyksell\u00e4, jos skootteri liikkuu.<\/p>\n<p>&nbsp;<\/p>\n<p>&nbsp;<\/p>\n<p><strong>TEKNISET TIEDOT:<\/strong><\/p>\n<p>Malli nro.: KS-N14<br \/>\nTuotenimi: 37 V, 500 W s\u00e4hk\u00f6potkulauta<br \/>\nAuki taitettuna: 117(L)*64(W)*123(H) CM<br \/>\nKokoontaitettuna: 117(L)*64(W)*51(H) CM<br \/>\nPakkauskoko: 127,5(L)*22(W)*57(H) CM<br \/>\nMaksimikuorma: 120 kg<br \/>\nSoveltuva ik\u00e4: 14-50 vuotta<br \/>\nSoveltuva pituus: 150-200 CM<br \/>\nH\u00e4lytystapa: Mekaaninen kello + LED-digitaalin\u00e4ytt\u00f6<br \/>\nKaasu: Paina kaasua<br \/>\nJarru: Kaksitoiminen jarrukahva + eturumpujarru + takalevyjarru (120 mm suuri jarrulevy)<br \/>\nJousitus: Etu- ja takajousitus<br \/>\nRenkaan: koko: 8,5&#8221; * 2&#8221; kennorenkaat tai ilman sis\u00e4renkaita<br \/>\nMaksiminopeus: 30 KM\/H<br \/>\nToimintamatka: 35 KM<br \/>\nKaltevuus: 20\u00b0\/36%<br \/>\nSoveltuva maasto: Sementtitiet, asfalttitiet, tasainen maantie, enint\u00e4\u00e4n 2cm korkeat portaat ja enint\u00e4\u00e4n 5 cm syv\u00e4t ojat<br \/>\nK\u00e4ytt\u00f6l\u00e4mp\u00f6tila:\u00a0-20\u2103 &#8211; 60\u2103<br \/>\nIP-luokitus: IP54<br \/>\nRunkomateriaali: Alumiiniseos<br \/>\nNettopaino: 21,7 KG<br \/>\nBruttopaino: 24,7 KG<br \/>\nNimellisj\u00e4nnite (VDC): 37 V<br \/>\nLatausj\u00e4nnite (VDC): 42 V<br \/>\nNimellislatausvirta: 2A<br \/>\nAkun kapasiteetti: 10,4 Ah \/ 384,8 Wh (10S4P)<br \/>\nAkun suojausspesifikaatio: L\u00e4mp\u00f6tila \/Oikosulku \/Alhainen j\u00e4nnite \/Ylivirta \/Ylilataussuoja<br \/>\nKierroksen elinik\u00e4: 500 lataus-purkaussykli\u00e4 yli 70% nimelliskapasiteetista<br \/>\nVarastointiaika: 12 kuukautta<br \/>\nAkun paino: 2,2 KG<br \/>\nKaavio: FOC-sinusaaltoaaltojen ohjaus<br \/>\nK\u00e4ytt\u00f6j\u00e4nnite: 30-43 VDC<br \/>\nVirtaraja: 25 A<br \/>\nMoottorityyppi: Harjaton Hall DC-moottori<br \/>\nNimellisteho: 500 W<br \/>\nHuipputeho: 900 W<br \/>\nNimellisteho: 84W<br \/>\nTuloj\u00e4nnite: AC 100 V-240 V<br \/>\nL\u00e4ht\u00f6j\u00e4nnite: 42 V<br \/>\nL\u00e4ht\u00f6virta (ADC): 2A<br \/>\nLatausaika: Noin 5-6h<br \/>\nEmolevy: kingsongin itse kehitt\u00e4m\u00e4 ohjausj\u00e4rjestelm\u00e4<br \/>\nBluetooth-j\u00e4rjestelm\u00e4: Sis\u00e4\u00e4nrakennettu 5.0 Bluetooth-moduuli, voidaan yhdist\u00e4\u00e4 Kingsong-sovellukseen ajoneuvon parametrien asettamiseksi<br \/>\n\u00c4\u00e4nimerkki: Koko skootteriin sis\u00e4\u00e4nrakennettu \u00e4\u00e4nimerkki j\u00e4rjestelm\u00e4n toiminnan ilmaisemiseksi ja vikah\u00e4lytykseksi.<br \/>\nL\u00e4mp\u00f6tilanvalvontaj\u00e4rjestelm\u00e4 Emolevyn ja moottorin l\u00e4mp\u00f6tilan reaaliaikainen seuranta.<br \/>\nVarkaudenestotoiminto: EI<\/p>\n<p>Nappi K\u00e4ynnistys: Pitk\u00e4 painallus 2s.<br \/>\nSammutus: Pitk\u00e4 painallus 3s.<br \/>\nLED-valon kytkent\u00e4 p\u00e4\u00e4lle: Lyhyt painallus, n\u00e4ytt\u00f6valo syttyy.<br \/>\nLED-valon sammutus: Lyhyt painallus, n\u00e4ytt\u00f6valo sammuu.<br \/>\nNopeuden, j\u00e4nnitteen, virran n\u00e4ytt\u00f6: N\u00e4yt\u00f6n k\u00e4ynnist\u00e4misen j\u00e4lkeen kolminkertainen painallus, vaihda signaali &#8220;V&#8221;, &#8220;A&#8221;, &#8220;KM\/H&#8221;.<br \/>\nNopeustaso: kahdenkertainen painallus, vaihda nopeustasot 1-4 (P4 on jalankulkijatila).<\/p>\n<p>&nbsp;<\/p>\n","protected":false},"excerpt":{"rendered":"<h3>S\u00e4hk\u00f6potkulauta N14-sarja<\/h3>\n<p>Aja voimalla, mene<\/p>\n","protected":false},"featured_media":85026,"comment_status":"open","ping_status":"closed","template":"","meta":{"_acf_changed":false},"factory":[],"free-shipment":[],"product_brand":[],"product_cat":[1312,1311],"product_tag":[],"class_list":{"0":"post-85040","1":"product","2":"type-product","3":"status-publish","4":"has-post-thumbnail","6":"product_cat-e-skootterit","7":"product_cat-viihde-elektroniikka","9":"first","10":"instock","11":"sale","12":"taxable","13":"shipping-taxable","14":"purchasable","15":"product-type-simple"},"acf":[],"_links":{"self":[{"href":"https:\/\/factory.sale\/fi\/wp-json\/wp\/v2\/product\/85040","targetHints":{"allow":["GET"]}}],"collection":[{"href":"https:\/\/factory.sale\/fi\/wp-json\/wp\/v2\/product"}],"about":[{"href":"https:\/\/factory.sale\/fi\/wp-json\/wp\/v2\/types\/product"}],"replies":[{"embeddable":true,"href":"https:\/\/factory.sale\/fi\/wp-json\/wp\/v2\/comments?post=85040"}],"wp:featuredmedia":[{"embeddable":true,"href":"https:\/\/factory.sale\/fi\/wp-json\/wp\/v2\/media\/85026"}],"wp:attachment":[{"href":"https:\/\/factory.sale\/fi\/wp-json\/wp\/v2\/media?parent=85040"}],"wp:term":[{"taxonomy":"factory","embeddable":true,"href":"https:\/\/factory.sale\/fi\/wp-json\/wp\/v2\/factory?post=85040"},{"taxonomy":"free-shipment","embeddable":true,"href":"https:\/\/factory.sale\/fi\/wp-json\/wp\/v2\/free-shipment?post=85040"},{"taxonomy":"product_brand","embeddable":true,"href":"https:\/\/factory.sale\/fi\/wp-json\/wp\/v2\/product_brand?post=85040"},{"taxonomy":"product_cat","embeddable":true,"href":"https:\/\/factory.sale\/fi\/wp-json\/wp\/v2\/product_cat?post=85040"},{"taxonomy":"product_tag","embeddable":true,"href":"https:\/\/factory.sale\/fi\/wp-json\/wp\/v2\/product_tag?post=85040"}],"curies":[{"name":"wp","href":"https:\/\/api.w.org\/{rel}","templated":true}]}}