{"id":84969,"date":"2024-05-03T18:01:31","date_gmt":"2024-05-03T19:05:14","guid":{"rendered":"https:\/\/factory.sale\/?post_type=product&#038;p=84969"},"modified":"2025-01-12T23:15:53","modified_gmt":"2025-01-12T20:15:53","slug":"leirintamokki-3m","status":"publish","type":"product","link":"https:\/\/factory.sale\/fi\/tuote\/leirintamokki-3m\/","title":{"rendered":"Leirint\u00e4m\u00f6kki 3m"},"content":{"rendered":"<p>L\u00f6yd\u00e4 t\u00e4ydellinen mukavuuden ja kest\u00e4vyyden yhdistelm\u00e4 huolellisesti suunnitellusta leirint\u00e4m\u00f6kki 3 m -mallistamme. Tarkoituksena parantaa ulkoilmakokemuksiasi, se varmistaa t\u00e4ydellisen tasapainon, jolloin jokainen seikkailu on sek\u00e4 viihtyis\u00e4 ett\u00e4 kest\u00e4v\u00e4n kest\u00e4v\u00e4.<\/p>\n<p>Leirint\u00e4m\u00f6kki, jotka usein valitaan houkuttelevan suunnittelun ja ylim\u00e4\u00e4r\u00e4isen majoitustilan vuoksi, valmistetaan m\u00e4ntypuusta tai l\u00e4mp\u00f6k\u00e4sitellyst\u00e4 puusta, sein\u00e4paksuudella 46 mm.<\/p>\n<p>&nbsp;<\/p>\n<p><strong>Tuotetiedot:<\/strong><\/p>\n<p>Koko: 2 henke\u00e4<br \/>\nHuoneita: 2<br \/>\nSis\u00e4tila-ala: 5,5 m\u00b2<br \/>\nUlkomitat: 2,3 m x 3,0 m<br \/>\nKorkeus: 2,6 m<br \/>\nPuutavara: M\u00e4nty tai l\u00e4mp\u00f6k\u00e4sitelty puu<br \/>\nSein\u00e4n paksuus: 46 mm<br \/>\nLattian paksuus: 28 mm<br \/>\nKatto: Suomalaiset bitumikatelaatat<br \/>\nOvi: 700 x 1800 mm<br \/>\nIkkuna: 700 x 900 mm<\/p>\n<p>&nbsp;<\/p>\n<p><strong>Standard setti:<\/strong><\/p>\n<p>Puiset bussin sein\u00e4t<br \/>\nRuostumattomasta ter\u00e4ksest\u00e4 valmistetut kiristysnauhat<br \/>\nKatto, joka on p\u00e4\u00e4llystetty bitumikatelaatoilla<br \/>\nLattia 28 mm m\u00e4ntylautaa<br \/>\nKaksinkertaisesti lasitettu avattava ikkunapodi bussin takasein\u00e4ss\u00e4<br \/>\nPuiset etuovet kaksinkertaisella lasitetulla ikkunalla, puukahvalla ja lukolla<\/p>\n<p>&nbsp;<\/p>\n<p><strong>Toimitus:<\/strong><\/p>\n<p>Lavakoko (LxPxK): 1 lava (1,2 x 3,1 x 1,2) 1800 kg<br \/>\nKoottu bussin koko (LxPxK): 1 lava (2,4 x 3,1 x 2,6) 1800 kg<\/p>\n<p><strong><img loading=\"lazy\" decoding=\"async\" class=\"alignnone wp-image-84957\" src=\"https:\/\/factory.sale\/wp-content\/uploads\/2024\/05\/Bildschirmfoto-2024-05-03-um-21.00.15-300x205.png\" alt=\"\" width=\"420\" height=\"287\" srcset=\"https:\/\/factory.sale\/wp-content\/uploads\/2024\/05\/Bildschirmfoto-2024-05-03-um-21.00.15-300x205.png 300w, https:\/\/factory.sale\/wp-content\/uploads\/2024\/05\/Bildschirmfoto-2024-05-03-um-21.00.15-1024x699.png 1024w, https:\/\/factory.sale\/wp-content\/uploads\/2024\/05\/Bildschirmfoto-2024-05-03-um-21.00.15-150x102.png 150w, https:\/\/factory.sale\/wp-content\/uploads\/2024\/05\/Bildschirmfoto-2024-05-03-um-21.00.15-600x409.png 600w, https:\/\/factory.sale\/wp-content\/uploads\/2024\/05\/Bildschirmfoto-2024-05-03-um-21.00.15.png 1398w\" sizes=\"auto, (max-width: 420px) 100vw, 420px\" \/><\/strong><\/p>\n<p>&nbsp;<\/p>\n<p><strong>Bitumipaanujen v\u00e4ri:<\/strong><\/p>\n<p>Musta, vihre\u00e4, punainen<\/p>\n<p><img loading=\"lazy\" decoding=\"async\" class=\"alignnone wp-image-84757\" src=\"https:\/\/factory.sale\/wp-content\/uploads\/2024\/04\/colours-300x93.png\" sizes=\"auto, (max-width: 481px) 100vw, 481px\" srcset=\"https:\/\/factory.sale\/wp-content\/uploads\/2024\/04\/colours-300x93.png 300w, https:\/\/factory.sale\/wp-content\/uploads\/2024\/04\/colours-150x46.png 150w, https:\/\/factory.sale\/wp-content\/uploads\/2024\/04\/colours-600x185.png 600w, https:\/\/factory.sale\/wp-content\/uploads\/2024\/04\/colours.png 648w\" alt=\"\" width=\"481\" height=\"149\" \/><\/p>\n<p>&nbsp;<\/p>\n<p><strong>Ikkunat:<\/strong><\/p>\n<p>Puolipanoraama ikkuna + 1265 \u20ac<br \/>\nT\u00e4ysipanoraama ikkuna + 1518 \u20ac<br \/>\nKaksinkertaisesti lasitettu ikkuna, ammattimaisesti maalattu maalauskammiossa antrasiitin v\u00e4riseksi, takasein\u00e4ss\u00e4 + 63,25 \u20ac<\/p>\n<p>&nbsp;<\/p>\n<p><strong>Puutyyppi:<\/strong><\/p>\n<p>M\u00e4ntypuu +0 \u20ac<br \/>\nL\u00e4mp\u00f6k\u00e4sitelty puu + 494,5 \u20ac<\/p>\n<p>&nbsp;<\/p>\n<p>&nbsp;<\/p>\n<p><strong>Toimitusehdot:<\/strong><\/p>\n<p>Kokoamattomana + 0 \u20ac<br \/>\nKoottuna + 434,7 \u20ac<\/p>\n<p>&nbsp;<\/p>\n<p>&nbsp;<\/p>\n<p><strong>S\u00e4hk\u00f6t:<\/strong><\/p>\n<p>Yksitt\u00e4inen pistorasia + 69 \u20ac<br \/>\nKaksoispistorasia + 74,75 \u20ac<br \/>\nYksitt\u00e4inen kytkin + 69 \u20ac<br \/>\nKaksoiskytkin + 86,25 \u20ac<br \/>\nJohto yhdelle lampulle + 28,75 \u20ac<br \/>\nSulaketaulu + 138 \u20ac<\/p>\n<p>&nbsp;<\/p>\n<p>&nbsp;<\/p>\n<p><strong>Valittu ulkomaalin v\u00e4ri + 189,75 \u20ac<\/strong><\/p>\n<p><strong>Saatavilla my\u00f6s paljon kalusteita camping lodgeille, kysy lis\u00e4\u00e4 tietoja!<\/strong><\/p>\n<p>&nbsp;<\/p>\n<p>&nbsp;<\/p>\n<p>&nbsp;<\/p>\n<p>&nbsp;<\/p>\n<div class=\"video-wrapper \"><iframe loading=\"lazy\" title=\"The folding bench from Woodprofesionals\" width=\"500\" height=\"281\" src=\"https:\/\/www.youtube.com\/embed\/rihF8b40BVs?feature=oembed\" frameborder=\"0\" allow=\"accelerometer; autoplay; clipboard-write; encrypted-media; gyroscope; picture-in-picture; web-share\" referrerpolicy=\"strict-origin-when-cross-origin\" allowfullscreen><\/iframe><\/div>\n","protected":false},"excerpt":{"rendered":"<p>L\u00f6yd\u00e4 t\u00e4ydellinen mukavuuden ja kest\u00e4vyyden yhdistelm\u00e4 huolellisesti suunnitellusta leirint\u00e4m\u00f6kki 3 m -mallistamme. Tarkoituksena parantaa ulkoilmakokemuksiasi, se varmistaa t\u00e4ydellisen tasapainon, jolloin jokainen seikkailu on sek\u00e4 viihtyis\u00e4 ett\u00e4 kest\u00e4v\u00e4n kest\u00e4v\u00e4.<\/p>\n","protected":false},"featured_media":97582,"comment_status":"open","ping_status":"closed","template":"","meta":{"_acf_changed":false},"factory":[],"free-shipment":[],"product_brand":[],"product_cat":[1112,2889],"product_tag":[2265],"class_list":{"0":"post-84969","1":"product","2":"type-product","3":"status-publish","4":"has-post-thumbnail","6":"product_cat-elementtitalot","7":"product_cat-leirintamokit","8":"product_tag-element-houses-fi","10":"first","11":"instock","12":"sale","13":"taxable","14":"shipping-taxable","15":"purchasable","16":"product-type-simple"},"acf":[],"_links":{"self":[{"href":"https:\/\/factory.sale\/fi\/wp-json\/wp\/v2\/product\/84969","targetHints":{"allow":["GET"]}}],"collection":[{"href":"https:\/\/factory.sale\/fi\/wp-json\/wp\/v2\/product"}],"about":[{"href":"https:\/\/factory.sale\/fi\/wp-json\/wp\/v2\/types\/product"}],"replies":[{"embeddable":true,"href":"https:\/\/factory.sale\/fi\/wp-json\/wp\/v2\/comments?post=84969"}],"wp:featuredmedia":[{"embeddable":true,"href":"https:\/\/factory.sale\/fi\/wp-json\/wp\/v2\/media\/97582"}],"wp:attachment":[{"href":"https:\/\/factory.sale\/fi\/wp-json\/wp\/v2\/media?parent=84969"}],"wp:term":[{"taxonomy":"factory","embeddable":true,"href":"https:\/\/factory.sale\/fi\/wp-json\/wp\/v2\/factory?post=84969"},{"taxonomy":"free-shipment","embeddable":true,"href":"https:\/\/factory.sale\/fi\/wp-json\/wp\/v2\/free-shipment?post=84969"},{"taxonomy":"product_brand","embeddable":true,"href":"https:\/\/factory.sale\/fi\/wp-json\/wp\/v2\/product_brand?post=84969"},{"taxonomy":"product_cat","embeddable":true,"href":"https:\/\/factory.sale\/fi\/wp-json\/wp\/v2\/product_cat?post=84969"},{"taxonomy":"product_tag","embeddable":true,"href":"https:\/\/factory.sale\/fi\/wp-json\/wp\/v2\/product_tag?post=84969"}],"curies":[{"name":"wp","href":"https:\/\/api.w.org\/{rel}","templated":true}]}}