{"id":84953,"date":"2024-05-03T07:29:52","date_gmt":"2024-05-03T17:41:03","guid":{"rendered":"https:\/\/factory.sale\/?post_type=product&#038;p=84953"},"modified":"2025-01-12T16:11:34","modified_gmt":"2025-01-12T13:11:34","slug":"leirintamoki-24-m-x-30-m","status":"publish","type":"product","link":"https:\/\/factory.sale\/fi\/tuote\/leirintamoki-24-m-x-30-m\/","title":{"rendered":"Leirint\u00e4m\u00f6kki 2,4 m x 3,0 m"},"content":{"rendered":"<p>Leirint\u00e4m\u00f6kki, jota kutsutaan my\u00f6s Glamping Podiksi, on erinomainen valinta ulkoilmassa asumiseen. Se tarjoaa kodikkaan, mukavan ja tilavan majoituksen jopa 4-6 henkil\u00f6lle. Sen poikkeuksellinen muoto sulautuu maisemaan tehden n\u00e4kym\u00e4st\u00e4 luonnollisen ja houkuttelevan.<\/p>\n<p>Leirint\u00e4m\u00f6kki antaa ihmisille mahdollisuuden nauttia ulkoilmasta, ja siksi leirint\u00e4alueen omistajat ja musiikkifestivaalien j\u00e4rjest\u00e4j\u00e4t valitsevat ne usein, tarjotakseen asiakkailleen hienostuneemman ja mukavamman telttailutyypin.<\/p>\n<p>Leirint\u00e4m\u00f6kit soveltuvat erinomaisesti my\u00f6s kauniiksi puutarhaksi tai vierasmajaksi, kes\u00e4asunnoksi, kotitoimistoksi, ty\u00f6pajaksi, kalam\u00f6kiksi, rantam\u00f6kiksi, vapaa-ajanviettopaikaksi tai lasten leikkim\u00f6kiksi.<\/p>\n<p>Laadukkaista materiaaleista valmistetut leirint\u00e4m\u00f6kit edustavat todella ainutlaatuista leirint\u00e4majoitusta, joka tarjoaa uskomattoman vapaa-ajan el\u00e4myksen.<\/p>\n<p><strong>Tekniset tiedot:<\/strong><\/p>\n<p>Koko: 2 henkil\u00f6\u00e4<br \/>\nHuone: 1<br \/>\nSis\u00e4pinta-ala: 5,1\u00a0 m\u00b2<br \/>\nUlkopuoliset mitat: 2,4 m x 3,0 m<br \/>\nKorkeus: 2,6 m<br \/>\nPuu: M\u00e4nty tai l\u00e4mp\u00f6k\u00e4sitelty puu<br \/>\nSein\u00e4m\u00e4n paksuus: 46 mm<br \/>\nLattian paksuus: 28 mm<br \/>\nKatteen viimeistely: Suomalaiset bitumikattolaatat<br \/>\nIkkunan koko: 700 x 900 mm<br \/>\nOven koko: 1030 x 1900 mm<\/p>\n<p>Sein\u00e4t on katettu bitumikattolaatoilla<br \/>\nLattia 28 mm m\u00e4ntypaneeleista<br \/>\n1 kaksinkertaisesti lasitettu avattava ikkuna takasein\u00e4ss\u00e4<br \/>\nRanskalais-tyylinen kaksinkertaisesti lasitettu ovi, jossa vakio kahva ja lukko<\/p>\n<p><strong>TOIMITUS:<\/strong><\/p>\n<p>Lavan koko (LxKxS): 1p (1,2 x 3,1 x 1,2)<br \/>\nKoottu bussin koko (LxKxS): 1 p (2,4 x 3,1 x 2,6)<br \/>\nPaino: 1400 kg<\/p>\n<p><a href=\"https:\/\/factory.sale\/wp-content\/uploads\/2024\/04\/Camping-Pod-2.4-x-4.0-m.pdf\" target=\"_blank\" rel=\"noopener\">Kokoamisohje<\/a><\/p>\n<p><strong>EXTRA<\/strong><\/p>\n<p>Bitumipaanujen v\u00e4ri:\u00a0musta, vihre\u00e4, punainen<\/p>\n<p><strong>Ikkunat<\/strong><\/p>\n<p>Puoli panoraamaikkuna + 1265 \u20ac<\/p>\n<p>T\u00e4ysi panoraamaikkuna + 1518 \u20ac<\/p>\n<p>Kaksinkertainen ikkuna, ammattimaisesti maalattu maalauskammiossa antrasiitinv\u00e4riseksi, takasein\u00e4ss\u00e4 + 63.25 \u20ac<\/p>\n<p><strong>Puu<\/strong><\/p>\n<p>M\u00e4nty +0 \u20ac<\/p>\n<p>L\u00e4mp\u00f6puu + 494,5 \u20ac<\/p>\n<p><strong>Toimitusehdot<\/strong><\/p>\n<p>Purettuna + 0 \u20ac<\/p>\n<p>Koottuna + 434,7 \u20ac<\/p>\n<p><strong>S\u00e4hk\u00f6t<\/strong><\/p>\n<p>Yksi pistorasia + 69 \u20ac<\/p>\n<p>Tupla pistorasia + 74,75 \u20ac<\/p>\n<p>Yksi kytkin + 69 \u20ac<\/p>\n<p>Tuplakytkin + 86,25 \u20ac<\/p>\n<p>Kaapeli yhdelle lampulle + 28,75 \u20ac<\/p>\n<p>Sulakepaneeli + 138 \u20ac<\/p>\n<p>Valittu ulkomaalin v\u00e4ri + 189,75 \u20ac<\/p>\n<p><strong>Saatavana my\u00f6s paljon leirint\u00e4m\u00f6kkien huonekaluja, kysy lis\u00e4\u00e4!<\/strong><\/p>\n<div class=\"video-wrapper \"><iframe loading=\"lazy\" title=\"The folding bench from Woodprofesionals\" width=\"500\" height=\"281\" src=\"https:\/\/www.youtube.com\/embed\/rihF8b40BVs?feature=oembed\" frameborder=\"0\" allow=\"accelerometer; autoplay; clipboard-write; encrypted-media; gyroscope; picture-in-picture; web-share\" referrerpolicy=\"strict-origin-when-cross-origin\" allowfullscreen><\/iframe><\/div>\n","protected":false},"excerpt":{"rendered":"<p>Leirint\u00e4m\u00f6kki, jota kutsutaan my\u00f6s Glamping Podiksi, on erinomainen valinta ulkoilmassa asumiseen. Se tarjoaa kodikkaan, mukavan ja tilavan majoituksen jopa 4-6 henkil\u00f6lle. Sen poikkeuksellinen muoto sulautuu maisemaan tehden n\u00e4kym\u00e4st\u00e4 luonnollisen ja houkuttelevan.<\/p>\n","protected":false},"featured_media":84934,"comment_status":"open","ping_status":"closed","template":"","meta":{"_acf_changed":false},"factory":[],"free-shipment":[],"product_brand":[],"product_cat":[1112,2889],"product_tag":[],"class_list":{"0":"post-84953","1":"product","2":"type-product","3":"status-publish","4":"has-post-thumbnail","6":"product_cat-elementtitalot","7":"product_cat-leirintamokit","9":"first","10":"instock","11":"sale","12":"taxable","13":"shipping-taxable","14":"purchasable","15":"product-type-simple"},"acf":[],"_links":{"self":[{"href":"https:\/\/factory.sale\/fi\/wp-json\/wp\/v2\/product\/84953","targetHints":{"allow":["GET"]}}],"collection":[{"href":"https:\/\/factory.sale\/fi\/wp-json\/wp\/v2\/product"}],"about":[{"href":"https:\/\/factory.sale\/fi\/wp-json\/wp\/v2\/types\/product"}],"replies":[{"embeddable":true,"href":"https:\/\/factory.sale\/fi\/wp-json\/wp\/v2\/comments?post=84953"}],"wp:featuredmedia":[{"embeddable":true,"href":"https:\/\/factory.sale\/fi\/wp-json\/wp\/v2\/media\/84934"}],"wp:attachment":[{"href":"https:\/\/factory.sale\/fi\/wp-json\/wp\/v2\/media?parent=84953"}],"wp:term":[{"taxonomy":"factory","embeddable":true,"href":"https:\/\/factory.sale\/fi\/wp-json\/wp\/v2\/factory?post=84953"},{"taxonomy":"free-shipment","embeddable":true,"href":"https:\/\/factory.sale\/fi\/wp-json\/wp\/v2\/free-shipment?post=84953"},{"taxonomy":"product_brand","embeddable":true,"href":"https:\/\/factory.sale\/fi\/wp-json\/wp\/v2\/product_brand?post=84953"},{"taxonomy":"product_cat","embeddable":true,"href":"https:\/\/factory.sale\/fi\/wp-json\/wp\/v2\/product_cat?post=84953"},{"taxonomy":"product_tag","embeddable":true,"href":"https:\/\/factory.sale\/fi\/wp-json\/wp\/v2\/product_tag?post=84953"}],"curies":[{"name":"wp","href":"https:\/\/api.w.org\/{rel}","templated":true}]}}