{"id":84863,"date":"2024-04-30T09:52:03","date_gmt":"2024-04-30T10:04:32","guid":{"rendered":"https:\/\/factory.sale\/?post_type=product&#038;p=84863"},"modified":"2024-06-25T14:39:59","modified_gmt":"2024-06-25T14:39:59","slug":"puukiuas-juup-original","status":"publish","type":"product","link":"https:\/\/factory.sale\/fi\/tuote\/puukiuas-juup-original\/","title":{"rendered":"Puukiuas Juup Original"},"content":{"rendered":"<p><strong>MONIPUOLISET L\u00d6YLYT<\/strong><\/p>\n<p>Kiukaan kiuaskivet ovat suoraan tulipes\u00e4n yl\u00e4puolella kivipadassa, jolloin kivet l\u00e4mpenev\u00e4t nopeasti ja jokainen pisara l\u00f6ylyvedest\u00e4 h\u00f6yrystyy saunaan. Vesi, joka ei h\u00f6yrysty joutuessaan kosketukseen kuumien kivien kanssa, valuu alas padan pohjalle ja h\u00f6yrystyy v\u00e4hitellen. T\u00e4st\u00e4 seuraa kosteat, pehme\u00e4t ja pitk\u00e4kestoiset l\u00f6ylyt. S\u00e4\u00e4t\u00e4en kiukaan l\u00e4mp\u00f6tilaa sek\u00e4 veden m\u00e4\u00e4r\u00e4\u00e4, saadaan aikaiseksi jokaiselle mieluisat l\u00f6ylyt.<\/p>\n<p>&nbsp;<\/p>\n<p><strong>KOTIMAISTA K\u00c4SITY\u00d6T\u00c4<\/strong><\/p>\n<p>Jokainen Juup-artesaanikiuas on uniikki. Tinkim\u00e4tt\u00f6m\u00e4n laadun ja kest\u00e4vyyden varmistamiseksi vuosikymmeniksi, yksi ja sama henkil\u00f6 valmistaa kiukaan alusta loppuun. Jokaisesta kiukaasta l\u00f6ytyy merkkilaatta, josta ilmenee kiukaan malli, sarjanumero sek\u00e4 rakentajan nimi. Kiukaalle on my\u00f6nnetty suomalaisen ty\u00f6n liiton Avainlippu. Avainlippu on rekister\u00f6ity yhteis\u00f6merkki ja takaa, ett\u00e4 tuote on valmistettu Suomessa ja ty\u00f6llist\u00e4\u00e4 Suomessa.<\/p>\n<p>Kiukaan runko ja tulipes\u00e4 on rakennettu 3 mm hiiliter\u00e4ksest\u00e4, ja tulipes\u00e4ss\u00e4 on ainoastaan yksi hitsisauma. T\u00e4m\u00e4n ansiosta kiuas kest\u00e4\u00e4 sukupolvesta toiseen. Alkuper\u00e4isi\u00e4, G\u00f6sta Juupin 1960 -luvulla rakentamia kiukaita on edelleen k\u00e4yt\u00f6ss\u00e4. Vankan ja kest\u00e4v\u00e4n rakenteensa vuoksi my\u00f6nn\u00e4mme kiukaalle 10 vuoden takuun kotik\u00e4yt\u00f6ss\u00e4.<\/p>\n<p>&nbsp;<\/p>\n<p><strong>NOPEA JA TALOUDELLINEN<\/strong><\/p>\n<p>Juup Original -kiuas haastaa perinteisten kiukaiden toimintamallin. Kiuas on suunniteltu ensisijaisesti l\u00e4mmitt\u00e4m\u00e4\u00e4n saunahuonetta ja toissijaisesti kivipes\u00e4\u00e4. Kiuas imee saunahuoneen kylm\u00e4n raitisilman vaipan ja palopes\u00e4n v\u00e4liin kiukaan alaosasta. T\u00e4m\u00e4 ilma l\u00e4mpenee kiukaan sis\u00e4ll\u00e4 ja puhaltuu kuumana ulos kiukaan yl\u00e4osasta. T\u00e4m\u00e4n ansiosta saunan l\u00e4mp\u00f6tila nousee jopa 10 \u00b0C minuutissa, riippuen saunahuoneen koosta ja -materiaaleista.<\/p>\n<p>Kahden luukkunsa ansiosta kiuas on eritt\u00e4in helppo sytytt\u00e4\u00e4 ja tarvitsee vain yhden pes\u00e4llisen l\u00e4mmet\u00e4kseen, sek\u00e4 vain muutaman klapin yll\u00e4pit\u00e4\u00e4kseen l\u00e4mp\u00f6tilaa. Puu palaa puhtaasti suuren palotilansa ansiosta, ja mitattu hiilimonoksidip\u00e4\u00e4st\u00f6 on ainoastaan 0,11 %, mik\u00e4 on markkinoiden pienimpi\u00e4 arvoja.<\/p>\n<p>&nbsp;<\/p>\n<p><strong>TAKUU<\/strong><\/p>\n<p>Kiukaan runko ja tulipes\u00e4 on rakennettu 3mm hiiliter\u00e4ksest\u00e4 ja tulipes\u00e4ss\u00e4 on ainoastaan yksi hitsisauma. T\u00e4m\u00e4n ansiosta kiuas kest\u00e4\u00e4 sukupolvesta toiseen. Alkuper\u00e4isi\u00e4, G\u00f6sta Juupin 1960 -luvulla rakentamia, kiukaita on edelleen k\u00e4yt\u00f6ss\u00e4.<\/p>\n<p>Vankan ja kest\u00e4v\u00e4n rakenteensa vuoksi my\u00f6nn\u00e4mme kiukaalle 10 vuoden takuun kotik\u00e4yt\u00f6ss\u00e4.<\/p>\n<p>&nbsp;<\/p>\n<p>&nbsp;<\/p>\n<p><strong>TUOTETIEDOT:<\/strong><\/p>\n<ul>\n<li>Tuotemerkki: Juup<\/li>\n<li>Tuotenumero: JUUP-original-kiuas-pelti<\/li>\n<li>Korkeus: 1400 mm<\/li>\n<li>Syvyys: 609 mm<\/li>\n<li>Leveys: 515 mm<\/li>\n<li>Halkaisija: 515 mm<\/li>\n<li>Materiaali: Ter\u00e4s<\/li>\n<li>V\u00e4ri: Ter\u00e4s<\/li>\n<li>GTIN-koodi: 6429830099109<\/li>\n<li>Valmistusmaa: Suomi<\/li>\n<li>Hormiliit\u00e4nn\u00e4n halkaisija (mm): 115<\/li>\n<li>Tuotteen paino (kg): 117<\/li>\n<li>V\u00e4rin tarkenne: Pelti. Peltinen ulkovaippa patinoituu l\u00e4hes mattamustaksi ajan my\u00f6t\u00e4.<\/li>\n<li>Materiaalin tarkenne: Pelti (hiiliter\u00e4s)<\/li>\n<li>Vesis\u00e4ili\u00f6llinen: Ei<\/li>\n<li>Toimitussis\u00e4lt\u00f6: Kiukaan kanssa toimitetaan asennus-, k\u00e4ytt\u00f6- ja saunomisohjeet. Kiuaskivet eiv\u00e4t sis\u00e4lly toimitukseen<\/li>\n<li>S\u00e4\u00e4t\u00f6jalat: 0-5 cm<\/li>\n<li>Suositeltu kiuaskivien koko (cm): 10-15<\/li>\n<li>Polttopuun maksimipituus (cm): 40<\/li>\n<li>Luukku: Vakiona umpiluukku, valittavissa my\u00f6s lasiluukku<\/li>\n<li>Nimellisteho (kW): 41<\/li>\n<li>Tulikannen paksuus (mm): 3<\/li>\n<li>Tulipes\u00e4n koko (mm): 400x400x1000<\/li>\n<li>Savuhormilta vaadittava l\u00e4mp\u00f6tilaluokka: T600<\/li>\n<li>Hormiliitos kiukaan p\u00e4\u00e4ll\u00e4: Aukon sijainti lattiasta aukon alasosaan (mm): 1660<\/li>\n<li>Hormiliitos kiukaan takana: Aukon sijainti lattiasta keskelle reik\u00e4\u00e4 (mm): 1315<\/li>\n<li>Palamattomiin materiaaleihin suositellaan 50 mm suojaet\u00e4isyytt\u00e4 ilmankiertoa varten<\/li>\n<li>Kivim\u00e4\u00e4r\u00e4, max. (kg): 50<\/li>\n<li>Saunan tilavuus, min. (m\u00b3): 14<\/li>\n<li>Saunan tilavuus, max. (m\u00b3): 30<\/li>\n<li>Suojaet\u00e4isyys kattoon (mm): 900<\/li>\n<li>Suojaet\u00e4isyys sivulle (mm): 300<\/li>\n<li>Suojaet\u00e4isyys eteen (mm): 500<\/li>\n<li>Suojaet\u00e4isyys taakse (mm): 300<\/li>\n<li>Hormiliit\u00e4nn\u00e4n sijainti: P\u00e4\u00e4ll\u00e4, Takana<\/li>\n<li>Pakkauksen leveys (mm): 600,00<\/li>\n<li>Pakkauksen korkeus (mm): 1 750,00<\/li>\n<li>Pakkauksen syvyys (mm): 800,00<\/li>\n<li>Rahtipaino (kg): 130,00<\/li>\n<\/ul>\n<p>&nbsp;<\/p>\n<p>&nbsp;<\/p>\n<p><strong>VALINNAINEN:<\/strong><\/p>\n<p><strong>Hormiliitin:<\/strong> sivu- tai pystyasennus<br \/>\n<strong>Kahvat:<\/strong> m\u00e4nty tai p\u00e4hkin\u00e4puu<\/p>\n<p>&nbsp;<\/p>\n<p>&nbsp;<\/p>\n<p><a href=\"https:\/\/factory.sale\/wp-content\/uploads\/2024\/04\/1-2021-Juup-Original-kayttoohjeet-FIN-SV-Web-1.pdf\" target=\"_blank\" rel=\"noopener\">K\u00c4YTT\u00d6OHJEET<\/a><\/p>\n<p><a href=\"https:\/\/factory.sale\/wp-content\/uploads\/2024\/04\/2-202206-Juup-Original-asennusohje.pdf\" target=\"_blank\" rel=\"noopener\">ASENNUSOHJEET<\/a><\/p>\n<p><a href=\"https:\/\/factory.sale\/wp-content\/uploads\/2024\/04\/3-202107-Juup-Original-Saunojan-ohje-digi.pdf\" target=\"_blank\" rel=\"noopener\">SAUNOJAN OHJE<\/a><\/p>\n","protected":false},"excerpt":{"rendered":"<p>Juup Original on suomalainen saunainnovaatio, joka on saunaentusiastien suunnittelema, kehitt\u00e4m\u00e4 sek\u00e4 rakentama. Jo kolmessa sukupolvessa.<br \/>\nPeltivaippainen Juup Original on helppok\u00e4ytt\u00f6inen puukiuas, joka soveltuu 14 m\u00b3 ja sit\u00e4 suuremmille saunoille. CE-merkitty kiuas l\u00e4mpenee vain noin 15 minuutissa, k\u00e4ytt\u00e4en v\u00e4hemm\u00e4n puuta kuin perinteiset puul\u00e4mmitteiset kiukaat. Tehokas Juup Original -kiuas tuottaa v\u00e4hemm\u00e4n p\u00e4\u00e4st\u00f6j\u00e4, ja sen hy\u00f6tysuhde on yli 72 %.<\/p>\n<p><img loading=\"lazy\" decoding=\"async\" class=\"alignnone size-medium wp-image-27958\" src=\"https:\/\/factory.sale\/wp-content\/uploads\/2023\/05\/made-in-finland-300x240.png\" alt=\"\" width=\"300\" height=\"240\" srcset=\"https:\/\/factory.sale\/wp-content\/uploads\/2023\/05\/made-in-finland-300x240.png 300w, https:\/\/factory.sale\/wp-content\/uploads\/2023\/05\/made-in-finland-150x120.png 150w, https:\/\/factory.sale\/wp-content\/uploads\/2023\/05\/made-in-finland-600x480.png 600w, https:\/\/factory.sale\/wp-content\/uploads\/2023\/05\/made-in-finland.png 750w\" sizes=\"auto, (max-width: 300px) 100vw, 300px\" \/><\/p>\n","protected":false},"featured_media":84846,"comment_status":"open","ping_status":"closed","template":"","meta":{"_acf_changed":false},"factory":[],"free-shipment":[],"product_brand":[],"product_cat":[2895,484],"product_tag":[2106],"class_list":{"0":"post-84863","1":"product","2":"type-product","3":"status-publish","4":"has-post-thumbnail","6":"product_cat-juup-fi","7":"product_cat-saunan-kiukaat","8":"product_tag-sauna-fi","10":"first","11":"instock","12":"sale","13":"taxable","14":"shipping-taxable","15":"purchasable","16":"product-type-simple"},"acf":[],"_links":{"self":[{"href":"https:\/\/factory.sale\/fi\/wp-json\/wp\/v2\/product\/84863","targetHints":{"allow":["GET"]}}],"collection":[{"href":"https:\/\/factory.sale\/fi\/wp-json\/wp\/v2\/product"}],"about":[{"href":"https:\/\/factory.sale\/fi\/wp-json\/wp\/v2\/types\/product"}],"replies":[{"embeddable":true,"href":"https:\/\/factory.sale\/fi\/wp-json\/wp\/v2\/comments?post=84863"}],"wp:featuredmedia":[{"embeddable":true,"href":"https:\/\/factory.sale\/fi\/wp-json\/wp\/v2\/media\/84846"}],"wp:attachment":[{"href":"https:\/\/factory.sale\/fi\/wp-json\/wp\/v2\/media?parent=84863"}],"wp:term":[{"taxonomy":"factory","embeddable":true,"href":"https:\/\/factory.sale\/fi\/wp-json\/wp\/v2\/factory?post=84863"},{"taxonomy":"free-shipment","embeddable":true,"href":"https:\/\/factory.sale\/fi\/wp-json\/wp\/v2\/free-shipment?post=84863"},{"taxonomy":"product_brand","embeddable":true,"href":"https:\/\/factory.sale\/fi\/wp-json\/wp\/v2\/product_brand?post=84863"},{"taxonomy":"product_cat","embeddable":true,"href":"https:\/\/factory.sale\/fi\/wp-json\/wp\/v2\/product_cat?post=84863"},{"taxonomy":"product_tag","embeddable":true,"href":"https:\/\/factory.sale\/fi\/wp-json\/wp\/v2\/product_tag?post=84863"}],"curies":[{"name":"wp","href":"https:\/\/api.w.org\/{rel}","templated":true}]}}