{"id":84810,"date":"2024-04-30T07:54:09","date_gmt":"2024-04-30T08:09:11","guid":{"rendered":"https:\/\/factory.sale\/?post_type=product&#038;p=84810"},"modified":"2024-06-26T00:37:12","modified_gmt":"2024-06-26T00:37:12","slug":"puukiuas-juup-iivari","status":"publish","type":"product","link":"https:\/\/factory.sale\/fi\/tuote\/puukiuas-juup-iivari\/","title":{"rendered":"Puukiuas Juup Iivari"},"content":{"rendered":"<p><strong>KOMPAKTI KIUAS, PIDEMPIIN L\u00d6YLYIHIN<\/strong><\/p>\n<p>Juup Iivari on Juup Originalista seuraava sukupolvi, joka syntyi asiakkaidemme aidosta tarpeesta. Juup Iivari on rakenteeltaan hyvin samanlainen kuin edelt\u00e4j\u00e4ns\u00e4, mutta se soveltuu paremmin my\u00f6s pienempiin saunahuoneisiin (9\u201318m\u00b3). Iivari tarjoaa edelt\u00e4j\u00e4ns\u00e4 lailla monipuoliset l\u00f6ylyt.<\/p>\n<p>Juup Iivarin kivipes\u00e4\u00e4n mahtuu noin 45\u201355 kg kivi\u00e4, riippuen kivien koosta ja materiaalista.<\/p>\n<p>Vankan ja kest\u00e4v\u00e4n rakenteensa vuoksi kiukaalle my\u00f6nnet\u00e4\u00e4n 10 vuoden takuu kotik\u00e4yt\u00f6ss\u00e4.<\/p>\n<p>Iivari -kiukaissa on vakiona iso lasiluukku. Juup Iivari on tilattavissa joka taka- tai pystyhormilla. Kuvissa n\u00e4kyv\u00e4t p\u00e4hkin\u00e4puu-kahvat ovat tilattavissa lis\u00e4hinnasta.<\/p>\n<p>Juup Iivari on Juup Originalista seuraava sukupolvi, joka syntyi asiakkaidemme aidosta tarpeesta. Juuup Iivari tarjoaa edelt\u00e4j\u00e4ns\u00e4 lailla monipuoliset l\u00f6ylyt, mutta se soveltuu paremmin pienempiin saunahuoneisiin. Kiuas on vankkarakenteinen ja n\u00e4in palvelee saunojaansa vuosikymmeni\u00e4.<\/p>\n<p>Suomalainen saunainnovaatio, joka on saunaentusiastien suunnittelema, kehitt\u00e4m\u00e4 sek\u00e4 rakentama. Jo kolmessa sukupolvessa.<\/p>\n<p>Helppok\u00e4ytt\u00f6inen ja CE-merkitty kiuas l\u00e4mpenee nopeasti, k\u00e4ytt\u00e4en v\u00e4hemm\u00e4n puuta kuin perinteiset puul\u00e4mmitteiset kiukaat.<\/p>\n<p>Tehokas kiuas tuottaa v\u00e4hemm\u00e4n p\u00e4\u00e4st\u00f6j\u00e4 ja tutkimusten* mukaan Juup Iivari -kiukaan hiilimonoksidip\u00e4\u00e4st\u00f6t ovat vain 0,15 %**, joka on markkinoiden pienimpi\u00e4 arvoja.<\/p>\n<p>Juup Iivari -kiukaan hy\u00f6tysuhde on yli 68 % ja soveltuu 9 m\u00b3 ja sit\u00e4 suuremmille saunoille.<\/p>\n<p>&nbsp;<\/p>\n<p><strong>TAKUU<\/strong><\/p>\n<p>Kiukaan runko ja tulipes\u00e4 on rakennettu 3mm hiiliter\u00e4ksest\u00e4 ja tulipes\u00e4ss\u00e4 on ainoastaan yksi hitsisauma. T\u00e4m\u00e4n ansiosta kiuas kest\u00e4\u00e4 sukupolvesta toiseen. Alkuper\u00e4isi\u00e4, G\u00f6sta Juupin 1960 -luvulla rakentamia, kiukaita on edelleen k\u00e4yt\u00f6ss\u00e4.<\/p>\n<p>Vankan ja kest\u00e4v\u00e4n rakenteensa vuoksi my\u00f6nn\u00e4mme kiukaalle 10 vuoden takuun kotik\u00e4yt\u00f6ss\u00e4.<\/p>\n<p>&nbsp;<\/p>\n<p>&nbsp;<\/p>\n<p><strong>TUOTETIEDOT:<\/strong><\/p>\n<ul>\n<li>Tuotemerkki: Juup<\/li>\n<li>Tuotenumero: JUUP-iivari-kiuas<\/li>\n<li>Korkeus: 910 mm<\/li>\n<li>Syvyys: 593 mm<\/li>\n<li>Leveys: 515 mm<\/li>\n<li>Halkaisija: 515 mm<\/li>\n<li>Materiaali: Ter\u00e4s<\/li>\n<li>V\u00e4ri: Musta<\/li>\n<li>GTIN-koodi: 6429830099147<\/li>\n<li>Valmistusmaa: Suomi<\/li>\n<li>Hormiliit\u00e4nn\u00e4n halkaisija (mm): 115<\/li>\n<li>Tuotteen paino (kg): 95<\/li>\n<li>V\u00e4rin tarkenne: Mattamusta<\/li>\n<li>Materiaalin tarkenne: Pelti (hiiliter\u00e4s)<\/li>\n<li>Vesis\u00e4ili\u00f6llinen: Ei<\/li>\n<li>Toimitussis\u00e4lt\u00f6: Kiukaan kanssa toimitetaan asennus-, k\u00e4ytt\u00f6- ja saunomisohjeet. Kiuaskivet eiv\u00e4t sis\u00e4lly toimitukseen<\/li>\n<li>Suositeltu kiuaskivien koko: 10-15 cm<\/li>\n<li>Palamattomiin materiaaleihin suosittelemme 50 mm suojaet\u00e4isyytt\u00e4 ilmankiertoa varten<\/li>\n<li>Luukku: Lasiluukku, k\u00e4tisyys ei vaihdettavissa<\/li>\n<li>S\u00e4\u00e4t\u00f6jalkojen s\u00e4\u00e4t\u00f6vara: 0-5 cm<\/li>\n<li>Tulikannen paksuus: 5 mm<\/li>\n<li>Polttopuun maksimipituus: 40 cm<\/li>\n<li>Sopivan polttopuun halkaisija: 5-12 cm<\/li>\n<li>Nimellisteho: 27 kW<\/li>\n<li>Tulipes\u00e4n koko: 400x400x600 mm (K x L x S)<\/li>\n<li>Savuhormilta vaadittava l\u00e4mp\u00f6tilaluokka: T600<\/li>\n<li>Hormiliitos kiukaan p\u00e4\u00e4ll\u00e4, aukon sijainti kiukaan takareunasta keskelle reik\u00e4\u00e4: 204 mm<\/li>\n<li>Hormiliitos kiukaan p\u00e4\u00e4ll\u00e4, aukon sijainti lattiasta aukon alasosaan: 1000 mm<\/li>\n<li>Hormiliitos kiukaan takana, aukon sijainti lattiasta keskelle reik\u00e4\u00e4: 795 mm<\/li>\n<li>Kivim\u00e4\u00e4r\u00e4, max. (kg): 50<\/li>\n<li>Saunan tilavuus, min. (m\u00b3): 9<\/li>\n<li>Saunan tilavuus, max. (m\u00b3): 18<\/li>\n<li>Suojaet\u00e4isyys kattoon (mm): 1 100<\/li>\n<li>Suojaet\u00e4isyys sivulle (mm): 200<\/li>\n<li>Suojaet\u00e4isyys eteen (mm): 300<\/li>\n<li>Suojaet\u00e4isyys taakse (mm): 200<\/li>\n<li>Hormiliit\u00e4nn\u00e4n sijainti: P\u00e4\u00e4ll\u00e4, Takana<\/li>\n<li>Pakkauksen leveys (mm): 600,00<\/li>\n<li>Pakkauksen korkeus (mm): 1 100,00<\/li>\n<li>Pakkauksen syvyys (mm): 800,00<\/li>\n<li>Rahtipaino (kg): 110,00<\/li>\n<\/ul>\n<p>&nbsp;<\/p>\n<p>&nbsp;<\/p>\n<p><strong>VALINNAINEN:<\/strong><\/p>\n<p><strong>Hormiliitin:<\/strong> sivu- tai pystyasennus<\/p>\n<p><strong>Kahvat:<\/strong> m\u00e4nty tai p\u00e4hkin\u00e4puu<\/p>\n<p>&nbsp;<\/p>\n<p>&nbsp;<\/p>\n<p><a href=\"https:\/\/factory.sale\/wp-content\/uploads\/2024\/04\/1-202204-Juup-Iivari-kayttoohjeet-FIN-SV-Digital.pdf\" target=\"_blank\" rel=\"noopener\">K\u00c4YTT\u00d6OHJEET<\/a><\/p>\n<p><a href=\"https:\/\/factory.sale\/wp-content\/uploads\/2024\/04\/2-202201-Juup-Iivari-asennusohje.pdf\" target=\"_blank\" rel=\"noopener\">ASENNUSOHJEET<\/a><\/p>\n<p><a href=\"https:\/\/factory.sale\/wp-content\/uploads\/2024\/04\/1-202204-Juup-Iivari-kayttoohjeet-FIN-SV-Digital.pdf\" target=\"_blank\" rel=\"noopener\">SAUNOJAN K\u00c4SIKIRJA<\/a><\/p>\n<p>&nbsp;<\/p>\n","protected":false},"excerpt":{"rendered":"<p>Juup Iivari on Juup Originalista seuraava sukupolvi, joka syntyi asiakkaidemme aidosta tarpeesta. Juuup Iivari tarjoaa edelt\u00e4j\u00e4ns\u00e4 lailla monipuoliset l\u00f6ylyt, mutta se soveltuu paremmin pienempiin saunahuoneisiin. Kiuas on vankkarakenteinen ja n\u00e4in palvelee saunojaansa vuosikymmeni\u00e4.<br \/>\n<img loading=\"lazy\" decoding=\"async\" class=\"alignnone size-medium wp-image-27958\" src=\"https:\/\/factory.sale\/wp-content\/uploads\/2023\/05\/made-in-finland-300x240.png\" alt=\"\" width=\"300\" height=\"240\" srcset=\"https:\/\/factory.sale\/wp-content\/uploads\/2023\/05\/made-in-finland-300x240.png 300w, https:\/\/factory.sale\/wp-content\/uploads\/2023\/05\/made-in-finland-150x120.png 150w, https:\/\/factory.sale\/wp-content\/uploads\/2023\/05\/made-in-finland-600x480.png 600w, https:\/\/factory.sale\/wp-content\/uploads\/2023\/05\/made-in-finland.png 750w\" sizes=\"auto, (max-width: 300px) 100vw, 300px\" \/><\/p>\n","protected":false},"featured_media":84801,"comment_status":"open","ping_status":"closed","template":"","meta":{"_acf_changed":false},"factory":[],"free-shipment":[],"product_brand":[],"product_cat":[2895,484],"product_tag":[2668,2011],"class_list":{"0":"post-84810","1":"product","2":"type-product","3":"status-publish","4":"has-post-thumbnail","6":"product_cat-juup-fi","7":"product_cat-saunan-kiukaat","8":"product_tag-bathroom-and-sauna-fi","9":"product_tag-stove-fi","11":"first","12":"instock","13":"sale","14":"taxable","15":"shipping-taxable","16":"purchasable","17":"product-type-simple"},"acf":[],"_links":{"self":[{"href":"https:\/\/factory.sale\/fi\/wp-json\/wp\/v2\/product\/84810","targetHints":{"allow":["GET"]}}],"collection":[{"href":"https:\/\/factory.sale\/fi\/wp-json\/wp\/v2\/product"}],"about":[{"href":"https:\/\/factory.sale\/fi\/wp-json\/wp\/v2\/types\/product"}],"replies":[{"embeddable":true,"href":"https:\/\/factory.sale\/fi\/wp-json\/wp\/v2\/comments?post=84810"}],"wp:featuredmedia":[{"embeddable":true,"href":"https:\/\/factory.sale\/fi\/wp-json\/wp\/v2\/media\/84801"}],"wp:attachment":[{"href":"https:\/\/factory.sale\/fi\/wp-json\/wp\/v2\/media?parent=84810"}],"wp:term":[{"taxonomy":"factory","embeddable":true,"href":"https:\/\/factory.sale\/fi\/wp-json\/wp\/v2\/factory?post=84810"},{"taxonomy":"free-shipment","embeddable":true,"href":"https:\/\/factory.sale\/fi\/wp-json\/wp\/v2\/free-shipment?post=84810"},{"taxonomy":"product_brand","embeddable":true,"href":"https:\/\/factory.sale\/fi\/wp-json\/wp\/v2\/product_brand?post=84810"},{"taxonomy":"product_cat","embeddable":true,"href":"https:\/\/factory.sale\/fi\/wp-json\/wp\/v2\/product_cat?post=84810"},{"taxonomy":"product_tag","embeddable":true,"href":"https:\/\/factory.sale\/fi\/wp-json\/wp\/v2\/product_tag?post=84810"}],"curies":[{"name":"wp","href":"https:\/\/api.w.org\/{rel}","templated":true}]}}