{"id":84724,"date":"2024-04-28T22:40:43","date_gmt":"2024-04-28T22:44:47","guid":{"rendered":"https:\/\/factory.sale\/?post_type=product&#038;p=84724"},"modified":"2024-07-03T05:10:45","modified_gmt":"2024-07-03T05:10:45","slug":"lisaovi-acd-retro-malleihin","status":"publish","type":"product","link":"https:\/\/factory.sale\/fi\/tuote\/lisaovi-acd-retro-malleihin\/","title":{"rendered":"Lis\u00e4ovi ACD Retro-malleihin"},"content":{"rendered":"<p><strong>Tuotekoodi:<\/strong> ACO25M<\/p>\n<p>&nbsp;<\/p>\n<p>Lis\u00e4ovi asennettavissa parioveksi tai yksitt\u00e4isoveksi toiseen p\u00e4\u00e4tyyn ACD Retro 13,6 ja 14,1 m\u00b2 malleihin.<\/p>\n","protected":false},"excerpt":{"rendered":"<p>Lis\u00e4ovi asennettavissa parioveksi tai yksitt\u00e4isoveksi toiseen p\u00e4\u00e4tyyn ACD Retro 13,6 ja 14,1 m\u00b2 malleihin.<\/p>\n","protected":false},"featured_media":84721,"comment_status":"open","ping_status":"closed","template":"","meta":{"_acf_changed":false},"factory":[],"free-shipment":[],"product_brand":[],"product_cat":[997,452],"product_tag":[506,2226],"class_list":{"0":"post-84724","1":"product","2":"type-product","3":"status-publish","4":"has-post-thumbnail","6":"product_cat-piha-puutarha-fi","7":"product_cat-kasvihuoneet","8":"product_tag-greenhouse-fi","9":"product_tag-greenhouses-fi","11":"first","12":"instock","13":"sale","14":"taxable","15":"shipping-taxable","16":"purchasable","17":"product-type-simple"},"acf":[],"_links":{"self":[{"href":"https:\/\/factory.sale\/fi\/wp-json\/wp\/v2\/product\/84724","targetHints":{"allow":["GET"]}}],"collection":[{"href":"https:\/\/factory.sale\/fi\/wp-json\/wp\/v2\/product"}],"about":[{"href":"https:\/\/factory.sale\/fi\/wp-json\/wp\/v2\/types\/product"}],"replies":[{"embeddable":true,"href":"https:\/\/factory.sale\/fi\/wp-json\/wp\/v2\/comments?post=84724"}],"wp:featuredmedia":[{"embeddable":true,"href":"https:\/\/factory.sale\/fi\/wp-json\/wp\/v2\/media\/84721"}],"wp:attachment":[{"href":"https:\/\/factory.sale\/fi\/wp-json\/wp\/v2\/media?parent=84724"}],"wp:term":[{"taxonomy":"factory","embeddable":true,"href":"https:\/\/factory.sale\/fi\/wp-json\/wp\/v2\/factory?post=84724"},{"taxonomy":"free-shipment","embeddable":true,"href":"https:\/\/factory.sale\/fi\/wp-json\/wp\/v2\/free-shipment?post=84724"},{"taxonomy":"product_brand","embeddable":true,"href":"https:\/\/factory.sale\/fi\/wp-json\/wp\/v2\/product_brand?post=84724"},{"taxonomy":"product_cat","embeddable":true,"href":"https:\/\/factory.sale\/fi\/wp-json\/wp\/v2\/product_cat?post=84724"},{"taxonomy":"product_tag","embeddable":true,"href":"https:\/\/factory.sale\/fi\/wp-json\/wp\/v2\/product_tag?post=84724"}],"curies":[{"name":"wp","href":"https:\/\/api.w.org\/{rel}","templated":true}]}}