{"id":84715,"date":"2024-04-28T22:31:55","date_gmt":"2024-04-28T22:34:57","guid":{"rendered":"https:\/\/factory.sale\/?post_type=product&#038;p=84715"},"modified":"2024-06-25T18:18:08","modified_gmt":"2024-06-25T18:18:08","slug":"kattoluukku-acd-retro-malleihin","status":"publish","type":"product","link":"https:\/\/factory.sale\/fi\/tuote\/kattoluukku-acd-retro-malleihin\/","title":{"rendered":"Kattoluukku ACD Retro-malleihin"},"content":{"rendered":"<p><strong>Tuotekoodi:<\/strong> ACL072<\/p>\n<p>&nbsp;<\/p>\n<p>Lis\u00e4luukku ACD Retro 13,6 ja 14,1 m\u00b2 malleihin.<\/p>\n<p>Sis\u00e4lt\u00e4\u00e4 karkaistut 4 mm turvalasit luukkuun, sek\u00e4 luukun alapuolelle kattoon pitk\u00e4n lasin tilalle.<\/p>\n<p>Sopii ACD Retro 13,6 ja 14,1 m\u00b2 malleihin.<\/p>\n","protected":false},"excerpt":{"rendered":"<p>Lis\u00e4luukku ACD Retro 13,6 ja 14,1 m\u00b2 malleihin.<\/p>\n","protected":false},"featured_media":84712,"comment_status":"open","ping_status":"closed","template":"","meta":{"_acf_changed":false},"factory":[],"free-shipment":[],"product_brand":[],"product_cat":[997,452],"product_tag":[506,2226,1489],"class_list":{"0":"post-84715","1":"product","2":"type-product","3":"status-publish","4":"has-post-thumbnail","6":"product_cat-piha-puutarha-fi","7":"product_cat-kasvihuoneet","8":"product_tag-greenhouse-fi","9":"product_tag-greenhouses-fi","10":"product_tag-yard-fi","12":"first","13":"instock","14":"sale","15":"taxable","16":"shipping-taxable","17":"purchasable","18":"product-type-simple"},"acf":[],"_links":{"self":[{"href":"https:\/\/factory.sale\/fi\/wp-json\/wp\/v2\/product\/84715","targetHints":{"allow":["GET"]}}],"collection":[{"href":"https:\/\/factory.sale\/fi\/wp-json\/wp\/v2\/product"}],"about":[{"href":"https:\/\/factory.sale\/fi\/wp-json\/wp\/v2\/types\/product"}],"replies":[{"embeddable":true,"href":"https:\/\/factory.sale\/fi\/wp-json\/wp\/v2\/comments?post=84715"}],"wp:featuredmedia":[{"embeddable":true,"href":"https:\/\/factory.sale\/fi\/wp-json\/wp\/v2\/media\/84712"}],"wp:attachment":[{"href":"https:\/\/factory.sale\/fi\/wp-json\/wp\/v2\/media?parent=84715"}],"wp:term":[{"taxonomy":"factory","embeddable":true,"href":"https:\/\/factory.sale\/fi\/wp-json\/wp\/v2\/factory?post=84715"},{"taxonomy":"free-shipment","embeddable":true,"href":"https:\/\/factory.sale\/fi\/wp-json\/wp\/v2\/free-shipment?post=84715"},{"taxonomy":"product_brand","embeddable":true,"href":"https:\/\/factory.sale\/fi\/wp-json\/wp\/v2\/product_brand?post=84715"},{"taxonomy":"product_cat","embeddable":true,"href":"https:\/\/factory.sale\/fi\/wp-json\/wp\/v2\/product_cat?post=84715"},{"taxonomy":"product_tag","embeddable":true,"href":"https:\/\/factory.sale\/fi\/wp-json\/wp\/v2\/product_tag?post=84715"}],"curies":[{"name":"wp","href":"https:\/\/api.w.org\/{rel}","templated":true}]}}