{"id":84692,"date":"2024-04-28T21:55:30","date_gmt":"2024-04-28T22:04:16","guid":{"rendered":"https:\/\/factory.sale\/?post_type=product&#038;p=84692"},"modified":"2024-06-27T04:12:23","modified_gmt":"2024-06-27T04:12:23","slug":"varjostusverkko-vihrea-183x259-cm","status":"publish","type":"product","link":"https:\/\/factory.sale\/fi\/tuote\/varjostusverkko-vihrea-183x259-cm\/","title":{"rendered":"Varjostusverkko vihre\u00e4 183&#215;259 cm"},"content":{"rendered":"<p><strong>Tuotekoodi<\/strong>: KVV4085<\/p>\n<p>&nbsp;<\/p>\n<p>Vihre\u00e4 Juliana-varjostuskangas kiinnikkeill\u00e4.<\/p>\n<p>Sis\u00e4lt\u00e4\u00e4 kiinnitystarvikkeet verkon kiinnitt\u00e4miseen kasvihuoneen profiileihin.<\/p>\n","protected":false},"excerpt":{"rendered":"<p>Vihre\u00e4 Juliana-varjostuskangas kiinnikkeill\u00e4.<\/p>\n","protected":false},"featured_media":84680,"comment_status":"open","ping_status":"closed","template":"","meta":{"_acf_changed":false},"factory":[],"free-shipment":[],"product_brand":[],"product_cat":[452,997],"product_tag":[1488,506,2226,1489],"class_list":{"0":"post-84692","1":"product","2":"type-product","3":"status-publish","4":"has-post-thumbnail","6":"product_cat-kasvihuoneet","7":"product_cat-piha-puutarha-fi","8":"product_tag-garden-fi","9":"product_tag-greenhouse-fi","10":"product_tag-greenhouses-fi","11":"product_tag-yard-fi","13":"first","14":"instock","15":"sale","16":"taxable","17":"shipping-taxable","18":"purchasable","19":"product-type-simple"},"acf":[],"_links":{"self":[{"href":"https:\/\/factory.sale\/fi\/wp-json\/wp\/v2\/product\/84692","targetHints":{"allow":["GET"]}}],"collection":[{"href":"https:\/\/factory.sale\/fi\/wp-json\/wp\/v2\/product"}],"about":[{"href":"https:\/\/factory.sale\/fi\/wp-json\/wp\/v2\/types\/product"}],"replies":[{"embeddable":true,"href":"https:\/\/factory.sale\/fi\/wp-json\/wp\/v2\/comments?post=84692"}],"wp:featuredmedia":[{"embeddable":true,"href":"https:\/\/factory.sale\/fi\/wp-json\/wp\/v2\/media\/84680"}],"wp:attachment":[{"href":"https:\/\/factory.sale\/fi\/wp-json\/wp\/v2\/media?parent=84692"}],"wp:term":[{"taxonomy":"factory","embeddable":true,"href":"https:\/\/factory.sale\/fi\/wp-json\/wp\/v2\/factory?post=84692"},{"taxonomy":"free-shipment","embeddable":true,"href":"https:\/\/factory.sale\/fi\/wp-json\/wp\/v2\/free-shipment?post=84692"},{"taxonomy":"product_brand","embeddable":true,"href":"https:\/\/factory.sale\/fi\/wp-json\/wp\/v2\/product_brand?post=84692"},{"taxonomy":"product_cat","embeddable":true,"href":"https:\/\/factory.sale\/fi\/wp-json\/wp\/v2\/product_cat?post=84692"},{"taxonomy":"product_tag","embeddable":true,"href":"https:\/\/factory.sale\/fi\/wp-json\/wp\/v2\/product_tag?post=84692"}],"curies":[{"name":"wp","href":"https:\/\/api.w.org\/{rel}","templated":true}]}}