{"id":84644,"date":"2024-04-28T20:55:44","date_gmt":"2024-04-28T21:07:06","guid":{"rendered":"https:\/\/factory.sale\/?post_type=product&#038;p=84644"},"modified":"2024-06-25T23:15:35","modified_gmt":"2024-06-25T23:15:35","slug":"univent-kennolevytuuletusluukun-avaaja","status":"publish","type":"product","link":"https:\/\/factory.sale\/fi\/tuote\/univent-kennolevytuuletusluukun-avaaja\/","title":{"rendered":"Univent kennolevytuuletusluukun avaaja"},"content":{"rendered":"<p><strong>Tuotekoodi:<\/strong> AA4031<\/p>\n<p>&nbsp;<\/p>\n<p>Univent-automaattiavaaja soveltuu erityisesti kennolevymalleihin tai sivuluukkuun.<\/p>\n<p>Automaattinen kasvihuoneen luukun avaaja on k\u00e4yt\u00e4nn\u00f6ss\u00e4 kasvihuoneen v\u00e4ltt\u00e4m\u00e4tt\u00f6min varuste. Pienikin auringonpaiste nopeasti varastoi ja kohottaa sis\u00e4l\u00e4mp\u00f6tilaa kasvihuoneessa. Kun kattoluukuissa on k\u00e4yt\u00f6ss\u00e4 automaattiavaaja, ei tarvitse itse huolehtia tuuletuksesta. Aina ei voi olla itse paikalla avaamassa ovia ja luukkuja, jolloin automaatit hoitavat kasvihuonetta ja kasveja sinun puolestasi.<br \/>\nUnivent-automaattiavaaja soveltuu kennolevymalleihin tai sivuluukkuun. Laitteen ohjaussylinterin sis\u00e4lt\u00e4m\u00e4 aines laajenee l\u00e4mmetess\u00e4\u00e4n ja ty\u00f6nt\u00e4\u00e4 luukun auki 17-25 \u00b0 l\u00e4mp\u00f6tilassa . Univent-avaajassa on vahva jousimekanismi joka vet\u00e4\u00e4 luukun kiinni ilman viilentyess\u00e4. Ruostumaton runko. L\u00e4mp\u00f6tilan s\u00e4\u00e4t\u00f6 sylinteri\u00e4 kiert\u00e4m\u00e4ll\u00e4: 0,5 \u00b0 \/kierros.<\/p>\n<p>Suurin ikkuna-avautuma n. 45 cm.<\/p>\n<p>Suurin avautuma saavutetaan n. +30\u00b0C:ssa.<\/p>\n<p>Avaa max 14kg ikkunaluukun (nostovoima 7kg).<\/p>\n<p>Valmistettu Tanskassa.<\/p>\n<p>Takuu 2 vuotta.<\/p>\n<p>Musta.<\/p>\n<p>&nbsp;<\/p>\n<div class=\"video-wrapper \"><iframe loading=\"lazy\" title=\"Univent, automaattinen kasvihuoneen katto- ja sein\u00e4luukun avaaja\" width=\"500\" height=\"281\" src=\"https:\/\/www.youtube.com\/embed\/y3dCUYIZfo8?feature=oembed\" frameborder=\"0\" allow=\"accelerometer; autoplay; clipboard-write; encrypted-media; gyroscope; picture-in-picture; web-share\" referrerpolicy=\"strict-origin-when-cross-origin\" allowfullscreen><\/iframe><\/div>\n","protected":false},"excerpt":{"rendered":"<p>Automaattinen kasvihuoneen luukun avaaja on k\u00e4yt\u00e4nn\u00f6ss\u00e4 kasvihuoneen v\u00e4ltt\u00e4m\u00e4tt\u00f6min varuste. Pienikin auringonpaiste nopeasti varastoi ja kohottaa sis\u00e4l\u00e4mp\u00f6tilaa kasvihuoneessa. Kun kattoluukuissa on k\u00e4yt\u00f6ss\u00e4 automaattiavaaja, ei tarvitse itse huolehtia tuuletuksesta. Aina ei voi olla itse paikalla avaamassa ovia ja luukkuja, jolloin automaatit hoitavat kasvihuonetta ja kasveja sinun puolestasi.<\/p>\n","protected":false},"featured_media":84632,"comment_status":"open","ping_status":"closed","template":"","meta":{"_acf_changed":false},"factory":[],"free-shipment":[],"product_brand":[],"product_cat":[452,997],"product_tag":[1488,506,2226],"class_list":{"0":"post-84644","1":"product","2":"type-product","3":"status-publish","4":"has-post-thumbnail","6":"product_cat-kasvihuoneet","7":"product_cat-piha-puutarha-fi","8":"product_tag-garden-fi","9":"product_tag-greenhouse-fi","10":"product_tag-greenhouses-fi","12":"first","13":"instock","14":"sale","15":"taxable","16":"shipping-taxable","17":"purchasable","18":"product-type-simple"},"acf":[],"_links":{"self":[{"href":"https:\/\/factory.sale\/fi\/wp-json\/wp\/v2\/product\/84644","targetHints":{"allow":["GET"]}}],"collection":[{"href":"https:\/\/factory.sale\/fi\/wp-json\/wp\/v2\/product"}],"about":[{"href":"https:\/\/factory.sale\/fi\/wp-json\/wp\/v2\/types\/product"}],"replies":[{"embeddable":true,"href":"https:\/\/factory.sale\/fi\/wp-json\/wp\/v2\/comments?post=84644"}],"wp:featuredmedia":[{"embeddable":true,"href":"https:\/\/factory.sale\/fi\/wp-json\/wp\/v2\/media\/84632"}],"wp:attachment":[{"href":"https:\/\/factory.sale\/fi\/wp-json\/wp\/v2\/media?parent=84644"}],"wp:term":[{"taxonomy":"factory","embeddable":true,"href":"https:\/\/factory.sale\/fi\/wp-json\/wp\/v2\/factory?post=84644"},{"taxonomy":"free-shipment","embeddable":true,"href":"https:\/\/factory.sale\/fi\/wp-json\/wp\/v2\/free-shipment?post=84644"},{"taxonomy":"product_brand","embeddable":true,"href":"https:\/\/factory.sale\/fi\/wp-json\/wp\/v2\/product_brand?post=84644"},{"taxonomy":"product_cat","embeddable":true,"href":"https:\/\/factory.sale\/fi\/wp-json\/wp\/v2\/product_cat?post=84644"},{"taxonomy":"product_tag","embeddable":true,"href":"https:\/\/factory.sale\/fi\/wp-json\/wp\/v2\/product_tag?post=84644"}],"curies":[{"name":"wp","href":"https:\/\/api.w.org\/{rel}","templated":true}]}}