{"id":84626,"date":"2024-04-28T20:00:45","date_gmt":"2024-04-28T20:15:14","guid":{"rendered":"https:\/\/factory.sale\/?post_type=product&#038;p=84626"},"modified":"2024-07-11T12:10:12","modified_gmt":"2024-07-11T09:10:12","slug":"ventomax-lasikattoluukun-automaattiavaaja","status":"publish","type":"product","link":"https:\/\/factory.sale\/fi\/tuote\/ventomax-lasikattoluukun-automaattiavaaja\/","title":{"rendered":"Ventomax, lasikattoluukun automaattiavaaja"},"content":{"rendered":"<p><strong>Tuotekoodi:<\/strong> AA4011<\/p>\n<p>&nbsp;<\/p>\n<p>Laitteen ohjaussylinterin aines laajenee l\u00e4mmetess\u00e4\u00e4n. S\u00e4\u00e4dett\u00e4viss\u00e4 aukeamaan halutusta l\u00e4mp\u00f6tilasta, luukku sulkeutuu omalla painollaan automaattisesti ilman viilentyess\u00e4.<\/p>\n<p>Laitteen ohjaussylinterin sis\u00e4lt\u00e4m\u00e4 aines laajenee l\u00e4mmetess\u00e4\u00e4n ja ty\u00f6nt\u00e4\u00e4 luukun auki 17-25 \u00b0 l\u00e4mp\u00f6tilassa. Luukku sulkeutuu omalla painollaan automaattisesti ilman viilentyess\u00e4. Maalattu runko (musta). L\u00e4mp\u00f6tilan s\u00e4\u00e4t\u00f6 sylinteri\u00e4 kiert\u00e4m\u00e4ll\u00e4: 0,5 \u00b0 \/kierros.<\/p>\n<p>Suurin ikkuna-avautuma n. 45 cm.<\/p>\n<p>Suurin avautuma saavutetaan n. +30\u00b0C:ssa.<\/p>\n<p>Avaa max 14kg ikkunaluukun (nostovoima 7kg).<\/p>\n<p>Valmistettu Tanskassa.<\/p>\n<p>Takuu 2 vuotta.<\/p>\n<p>&nbsp;<\/p>\n<div class=\"video-wrapper \"><iframe loading=\"lazy\" title=\"Ventilation Greenhouse - Thermovent\u00ae Ventomax\u00ae Sesam Spiro\u00ae - Orbesen Teknik Denmark - since 1981\" width=\"500\" height=\"281\" src=\"https:\/\/www.youtube.com\/embed\/8WHmjoG84Yk?feature=oembed\" frameborder=\"0\" allow=\"accelerometer; autoplay; clipboard-write; encrypted-media; gyroscope; picture-in-picture; web-share\" referrerpolicy=\"strict-origin-when-cross-origin\" allowfullscreen><\/iframe><\/div>\n","protected":false},"excerpt":{"rendered":"<p>Laitteen ohjaussylinterin aines laajenee l\u00e4mmetess\u00e4\u00e4n. S\u00e4\u00e4dett\u00e4viss\u00e4 aukeamaan halutusta l\u00e4mp\u00f6tilasta, luukku sulkeutuu omalla painollaan automaattisesti ilman viilentyess\u00e4.<\/p>\n","protected":false},"featured_media":84613,"comment_status":"open","ping_status":"closed","template":"","meta":{"_acf_changed":false},"factory":[],"free-shipment":[],"product_brand":[],"product_cat":[997,452],"product_tag":[1488,506,2226,1489],"class_list":{"0":"post-84626","1":"product","2":"type-product","3":"status-publish","4":"has-post-thumbnail","6":"product_cat-piha-puutarha-fi","7":"product_cat-kasvihuoneet","8":"product_tag-garden-fi","9":"product_tag-greenhouse-fi","10":"product_tag-greenhouses-fi","11":"product_tag-yard-fi","13":"first","14":"instock","15":"sale","16":"taxable","17":"shipping-taxable","18":"purchasable","19":"product-type-simple"},"acf":[],"_links":{"self":[{"href":"https:\/\/factory.sale\/fi\/wp-json\/wp\/v2\/product\/84626","targetHints":{"allow":["GET"]}}],"collection":[{"href":"https:\/\/factory.sale\/fi\/wp-json\/wp\/v2\/product"}],"about":[{"href":"https:\/\/factory.sale\/fi\/wp-json\/wp\/v2\/types\/product"}],"replies":[{"embeddable":true,"href":"https:\/\/factory.sale\/fi\/wp-json\/wp\/v2\/comments?post=84626"}],"wp:featuredmedia":[{"embeddable":true,"href":"https:\/\/factory.sale\/fi\/wp-json\/wp\/v2\/media\/84613"}],"wp:attachment":[{"href":"https:\/\/factory.sale\/fi\/wp-json\/wp\/v2\/media?parent=84626"}],"wp:term":[{"taxonomy":"factory","embeddable":true,"href":"https:\/\/factory.sale\/fi\/wp-json\/wp\/v2\/factory?post=84626"},{"taxonomy":"free-shipment","embeddable":true,"href":"https:\/\/factory.sale\/fi\/wp-json\/wp\/v2\/free-shipment?post=84626"},{"taxonomy":"product_brand","embeddable":true,"href":"https:\/\/factory.sale\/fi\/wp-json\/wp\/v2\/product_brand?post=84626"},{"taxonomy":"product_cat","embeddable":true,"href":"https:\/\/factory.sale\/fi\/wp-json\/wp\/v2\/product_cat?post=84626"},{"taxonomy":"product_tag","embeddable":true,"href":"https:\/\/factory.sale\/fi\/wp-json\/wp\/v2\/product_tag?post=84626"}],"curies":[{"name":"wp","href":"https:\/\/api.w.org\/{rel}","templated":true}]}}