{"id":84607,"date":"2024-04-28T19:26:32","date_gmt":"2024-04-28T19:41:37","guid":{"rendered":"https:\/\/factory.sale\/?post_type=product&#038;p=84607"},"modified":"2024-06-25T16:34:27","modified_gmt":"2024-06-25T16:34:27","slug":"kasvihuone-acd-retro-136-m%c2%b2-turvalasilla-musta-runko","status":"publish","type":"product","link":"https:\/\/factory.sale\/fi\/tuote\/kasvihuone-acd-retro-136-m%c2%b2-turvalasilla-musta-runko\/","title":{"rendered":"Kasvihuone ACD Retro 13,6 m\u00b2 turvalasilla, musta runko"},"content":{"rendered":"<p><strong>Tuotekoodi:<\/strong> AC136R<\/p>\n<p>&nbsp;<\/p>\n<p>ACD kasvihuone vahvalla mustalla alumiinirungolla ja karkaistuilla turvalaseilla. Katto kuvioitua j\u00e4\u00e4lasia, joka hajottaa suoraa auringonvaloa tehokkaasti.<\/p>\n<p>Huom! Kasvihuoneessa on yksi liukuovi, lis\u00e4ovi hankitaan lis\u00e4varusteena.<\/p>\n<p>Kasvihuone joka sopii my\u00f6s oleskeluun. Huoneen korkea r\u00e4yst\u00e4skorkeus antaa mahdollisuuden moneen eri k\u00e4ytt\u00f6tarkoitukseen. Retro-kamppanjamalliin sis\u00e4ltyy mustaksi pulverimaalattu alumiinirunko, integroitu sokkeli maa-ankkureilla, tuuletusluukut ja sy\u00f6ksytorvet sadeveden ker\u00e4\u00e4miseen. Jos valitsit lis\u00e4oven voi sen vapaasti sijoittaa joko parioveksi tai toiseen p\u00e4\u00e4tyyn l\u00e4pikulkua varten.<br \/>\nACD-kasvihuoneissa on 12 vuoden runkotakuu. Toimitamme kaikki kasvihuoneet edullisesti aina kotiovelle saakka!<br \/>\nHUOM! Harjakoriste on lis\u00e4varuste ja asennetaan pystytyksen yhteydess\u00e4.<\/p>\n<p>&nbsp;<\/p>\n<p><strong>TUOTETIEDOT:<\/strong><\/p>\n<p>KOKO: 13,6 m\u00b2<\/p>\n<p>HARJAKORKEUS: 259 cm<\/p>\n<p>R\u00c4YST\u00c4SKORKEUS: 179 cm<\/p>\n<p>LEVEYS: 306 cm<\/p>\n<p>PITUUS: 445 cm<\/p>\n<p>OVI: Lukollinen liukuovi 70 cm<\/p>\n<p>KATTOLUUKKUJEN M\u00c4\u00c4R\u00c4: 2<\/p>\n<p>RUNGON V\u00c4RI: Musta<\/p>\n<p>KATEMATERIAALI: 4 mm:n kirkas turvalasi, katossa j\u00e4\u00e4lasi (turvalasia)<\/p>\n<p>SAATAVUUS: Varastotuote<\/p>\n<p>TAKUU: Runko: 12 vuotta<\/p>\n<p>&nbsp;<\/p>\n<p>&nbsp;<\/p>\n<p><strong>OHJEET<\/strong><\/p>\n<p><a href=\"https:\/\/factory.sale\/wp-content\/uploads\/2024\/04\/1-acd_retro136_ja_prestige159_kasausohje.pdf\" target=\"_blank\" rel=\"noopener\">ACD Retro 13,6 m\u00b2 asennusohjeet (pdf)<\/a><br \/>\n<a href=\"https:\/\/factory.sale\/wp-content\/uploads\/2024\/04\/2-kasvihuoneperustus-2.pdf\" target=\"_blank\" rel=\"noopener\">Perustusvaihtoehtoja (pdf)<\/a><br \/>\n<a href=\"https:\/\/factory.sale\/wp-content\/uploads\/2024\/04\/3-perustusohje-1.pdf\" target=\"_blank\" rel=\"noopener\">Perustusohje (pdf)<\/a><\/p>\n<p><a href=\"https:\/\/factory.sale\/wp-content\/uploads\/2024\/04\/3-perustusohje-1.pdf\" target=\"_blank\" rel=\"noopener\">Pystytyspalvelu (pdf)<\/a><\/p>\n<p>&nbsp;<\/p>\n<p>&nbsp;<\/p>\n<p><strong>VALIKON LIS\u00c4VARUSTEET<\/strong><\/p>\n<p><strong>Lis\u00e4ovi<\/strong><\/p>\n<p>Lis\u00e4ovi, voidaan asentaa kahdeksi erilliseksi oveksi.<\/p>\n<p>&nbsp;<\/p>\n<p><strong>Lasikasvihuoneen<\/strong><\/p>\n<p><strong>Asennuspaketti<\/strong><\/p>\n<p>Sis\u00e4lt\u00e4\u00e4 lasin imukuppinostimet, k\u00e4sineet, suojalasit, hylsysarjan + t\u00e4htip\u00e4\u00e4t ja sakset.<\/p>\n<p>ACD on johtava belgialainen harrastajakasvihuoneiden valmistaja. ACD-kasvihuone erottuu edukseen tukevan runkonsa, korkeamman korkeutensa ja karkaistujen lasien ansiosta. Kasvihuoneen perustus, sokkeli, sis\u00e4ltyy kasvihuoneisiin vakiona. Kasvihuoneet ovat rakenteeltaan ja yksityiskohdiltaan huoliteltuja ja antavat huoletonta iloa vuosiksi eteenp\u00e4in.<\/p>\n<p>&nbsp;<\/p>\n<p><strong>TURVALLINEN JA KEST\u00c4V\u00c4 KASVIHUONE<\/strong><\/p>\n<p>ACD:n kasvi- ja viherhuoneiden sein\u00e4t ovat 4 mm:n karkaistua turvalasia. Se kest\u00e4\u00e4 iskuja, taivutusta ja l\u00e4mm\u00f6nvaihteluja monikertaisesti tavalliseen lasiin verrattuna ja vaatii hajotakseen voimakkaan ter\u00e4v\u00e4n piikkim\u00e4isen iskun. Turvalasi on siis monta kertaa vahvempaa kuin tavallinen kasvihuonelasi, ja vahingon sattuessa se hajoaa pieneksi lasimurskaksi joka ei aiheuta viiltohaavoja. Alumiiniset runkoprofiilit ovat tukevaa tekoa ja kantavissa paikoissa ne on lis\u00e4ksi koteloitu. Kest\u00e4v\u00e4t pultit ja mutterit ovat ruostumatonta ter\u00e4st\u00e4, lasien p\u00e4\u00e4lle tulevat kumilistat suojaavat sateelta ja tuulelta. Integroitu sokkeli tekee rungosta todella vankan ja ankkuroi huoneen hyvin maahan. Siksi ACD on turvallinen vaihtoehto, varsinkin jos suunnittelet pihaasi oleskelutilaa!<\/p>\n<p>&nbsp;<\/p>\n<p>&nbsp;<\/p>\n","protected":false},"excerpt":{"rendered":"<p>ACD on johtava belgialainen harrastajakasvihuoneiden valmistaja. ACD-kasvihuone erottuu edukseen tukevan runkonsa, korkeamman korkeutensa ja karkaistujen lasien ansiosta. Kasvihuoneen perustus, sokkeli, sis\u00e4ltyy kasvihuoneisiin vakiona. Kasvihuoneet ovat rakenteeltaan ja yksityiskohdiltaan huoliteltuja ja antavat huoletonta iloa vuosiksi eteenp\u00e4in.<\/p>\n","protected":false},"featured_media":84592,"comment_status":"open","ping_status":"closed","template":"","meta":{"_acf_changed":false},"factory":[],"free-shipment":[],"product_brand":[],"product_cat":[452,997],"product_tag":[1488,2226,1489],"class_list":{"0":"post-84607","1":"product","2":"type-product","3":"status-publish","4":"has-post-thumbnail","6":"product_cat-kasvihuoneet","7":"product_cat-piha-puutarha-fi","8":"product_tag-garden-fi","9":"product_tag-greenhouses-fi","10":"product_tag-yard-fi","12":"first","13":"instock","14":"sale","15":"taxable","16":"shipping-taxable","17":"purchasable","18":"product-type-simple"},"acf":[],"_links":{"self":[{"href":"https:\/\/factory.sale\/fi\/wp-json\/wp\/v2\/product\/84607","targetHints":{"allow":["GET"]}}],"collection":[{"href":"https:\/\/factory.sale\/fi\/wp-json\/wp\/v2\/product"}],"about":[{"href":"https:\/\/factory.sale\/fi\/wp-json\/wp\/v2\/types\/product"}],"replies":[{"embeddable":true,"href":"https:\/\/factory.sale\/fi\/wp-json\/wp\/v2\/comments?post=84607"}],"wp:featuredmedia":[{"embeddable":true,"href":"https:\/\/factory.sale\/fi\/wp-json\/wp\/v2\/media\/84592"}],"wp:attachment":[{"href":"https:\/\/factory.sale\/fi\/wp-json\/wp\/v2\/media?parent=84607"}],"wp:term":[{"taxonomy":"factory","embeddable":true,"href":"https:\/\/factory.sale\/fi\/wp-json\/wp\/v2\/factory?post=84607"},{"taxonomy":"free-shipment","embeddable":true,"href":"https:\/\/factory.sale\/fi\/wp-json\/wp\/v2\/free-shipment?post=84607"},{"taxonomy":"product_brand","embeddable":true,"href":"https:\/\/factory.sale\/fi\/wp-json\/wp\/v2\/product_brand?post=84607"},{"taxonomy":"product_cat","embeddable":true,"href":"https:\/\/factory.sale\/fi\/wp-json\/wp\/v2\/product_cat?post=84607"},{"taxonomy":"product_tag","embeddable":true,"href":"https:\/\/factory.sale\/fi\/wp-json\/wp\/v2\/product_tag?post=84607"}],"curies":[{"name":"wp","href":"https:\/\/api.w.org\/{rel}","templated":true}]}}