{"id":84577,"date":"2024-04-28T18:09:41","date_gmt":"2024-04-28T18:23:25","guid":{"rendered":"https:\/\/factory.sale\/?post_type=product&#038;p=84577"},"modified":"2024-06-25T15:23:41","modified_gmt":"2024-06-25T15:23:41","slug":"kasvihuone-acd-prestige-retro-7-m%c2%b2-turvalasilla","status":"publish","type":"product","link":"https:\/\/factory.sale\/fi\/tuote\/kasvihuone-acd-prestige-retro-7-m%c2%b2-turvalasilla\/","title":{"rendered":"Kasvihuone ACD Prestige Retro 7 m\u00b2 turvalasilla"},"content":{"rendered":"<p><strong>Tuotekoodi:<\/strong> AC70R<\/p>\n<p>&nbsp;<\/p>\n<p>ACD kasvihuone vahvalla alumiinirungolla ja karkaistuilla turvalaseilla. Katto kuvioitua j\u00e4\u00e4lasia, joka hajottaa suoraa auringonvaloa tehokkaasti.<\/p>\n<p>Huom! Kasvihuoneessa on yksi kattoluukku. Harjakoriste ja verkko-ovi ovat lis\u00e4varusteita.<\/p>\n<p>Kasvihuone joka sopii my\u00f6s oleskeluun. Huoneen korkea r\u00e4yst\u00e4skorkeus antaa mahdollisuuden moneen eri k\u00e4ytt\u00f6tarkoitukseen. Retro-malliin sis\u00e4ltyy mustaksi pulverimaalattu alumiinirunko, integroitu sokkeli maa-ankkureilla, tuuletusluukku ja sy\u00f6ksytorvet sadeveden ker\u00e4\u00e4miseen.<br \/>\nACD-kasvihuoneissa on 12 vuoden runkotakuu. Toimitamme kaikki kasvihuoneet edullisesti aina kotiovelle saakka!<\/p>\n<p>&nbsp;<\/p>\n<p><strong>TURVALLINEN JA KEST\u00c4V\u00c4 KASVIHUONE<\/strong><\/p>\n<p>ACD:n kasvi- ja viherhuoneiden sein\u00e4t ovat 4 mm:n karkaistua turvalasia. Se kest\u00e4\u00e4 iskuja, taivutusta ja l\u00e4mm\u00f6nvaihteluja monikertaisesti tavalliseen lasiin verrattuna ja vaatii hajotakseen voimakkaan ter\u00e4v\u00e4n piikkim\u00e4isen iskun. Turvalasi on siis monta kertaa vahvempaa kuin tavallinen kasvihuonelasi, ja vahingon sattuessa se hajoaa pieneksi lasimurskaksi joka ei aiheuta viiltohaavoja. Alumiiniset runkoprofiilit ovat tukevaa tekoa ja kantavissa paikoissa ne on lis\u00e4ksi koteloitu. Kest\u00e4v\u00e4t pultit ja mutterit ovat ruostumatonta ter\u00e4st\u00e4, lasien p\u00e4\u00e4lle tulevat kumilistat suojaavat sateelta ja tuulelta. Integroitu sokkeli tekee rungosta todella vankan ja ankkuroi huoneen hyvin maahan. Siksi ACD on turvallinen vaihtoehto, varsinkin jos suunnittelet pihaasi oleskelutilaa!<\/p>\n<p>&nbsp;<\/p>\n<p><strong>TUOTETIEDOT:<\/strong><\/p>\n<p>KOKO: 7 m\u00b2<\/p>\n<p>HARJAKORKEUS: 237 cm<\/p>\n<p>R\u00c4YST\u00c4SKORKEUS: 179 cm<\/p>\n<p>LEVEYS: 232 cm<\/p>\n<p>PITUUS: 298 cm<\/p>\n<p>OVI: Liukuovi 70 cm<\/p>\n<p>KATTOLUUKKUJEN M\u00c4\u00c4R\u00c4: 1<\/p>\n<p>RUNGON V\u00c4RI: Musta<\/p>\n<p>KATEMATERIAALI: 4 mm:n kirkas turvalasi, katossa j\u00e4\u00e4lasi (turvalasia)<\/p>\n<p>SAATAVUUS: Varastotuote<\/p>\n<p>TAKUU: Runko: 12 vuotta<\/p>\n<p>&nbsp;<\/p>\n<p><strong>OHJEET<\/strong><\/p>\n<p><a href=\"https:\/\/factory.sale\/wp-content\/uploads\/2024\/04\/1-acd-retro-7m2-kasausohje.pdf\" target=\"_blank\" rel=\"noopener\">ACD Retro 7,0 m\u00b2 asennusohjeet (pdf)<\/a><br \/>\n<a href=\"https:\/\/factory.sale\/wp-content\/uploads\/2024\/04\/2-kasvihuoneperustus-1.pdf\" target=\"_blank\" rel=\"noopener\">Perustusvaihtoehtoja (pdf)<\/a><br \/>\n<a href=\"https:\/\/factory.sale\/wp-content\/uploads\/2024\/04\/3-perustusohje-1.pdf\" target=\"_blank\" rel=\"noopener\">Perustusohje (pdf)<\/a><\/p>\n","protected":false},"excerpt":{"rendered":"<p>ACD:n kasvi- ja viherhuoneiden sein\u00e4t ovat 4 mm:n karkaistua turvalasia. Se kest\u00e4\u00e4 iskuja, taivutusta ja l\u00e4mm\u00f6nvaihteluja monikertaisesti tavalliseen lasiin verrattuna ja vaatii hajotakseen voimakkaan ter\u00e4v\u00e4n piikkim\u00e4isen iskun. Turvalasi on siis monta kertaa vahvempaa kuin tavallinen kasvihuonelasi, ja vahingon sattuessa se hajoaa pieneksi lasimurskaksi joka ei aiheuta viiltohaavoja. Alumiiniset runkoprofiilit ovat tukevaa tekoa ja kantavissa paikoissa ne on lis\u00e4ksi koteloitu. Kest\u00e4v\u00e4t pultit ja mutterit ovat ruostumatonta ter\u00e4st\u00e4, lasien p\u00e4\u00e4lle tulevat kumilistat suojaavat sateelta ja tuulelta. Integroitu sokkeli tekee rungosta todella vankan ja ankkuroi huoneen hyvin maahan. Siksi ACD on turvallinen vaihtoehto, varsinkin jos suunnittelet pihaasi oleskelutilaa!<\/p>\n","protected":false},"featured_media":84567,"comment_status":"open","ping_status":"closed","template":"","meta":{"_acf_changed":false},"factory":[],"free-shipment":[],"product_brand":[],"product_cat":[997,452],"product_tag":[2226,1489],"class_list":{"0":"post-84577","1":"product","2":"type-product","3":"status-publish","4":"has-post-thumbnail","6":"product_cat-piha-puutarha-fi","7":"product_cat-kasvihuoneet","8":"product_tag-greenhouses-fi","9":"product_tag-yard-fi","11":"first","12":"instock","13":"sale","14":"taxable","15":"shipping-taxable","16":"purchasable","17":"product-type-simple"},"acf":[],"_links":{"self":[{"href":"https:\/\/factory.sale\/fi\/wp-json\/wp\/v2\/product\/84577","targetHints":{"allow":["GET"]}}],"collection":[{"href":"https:\/\/factory.sale\/fi\/wp-json\/wp\/v2\/product"}],"about":[{"href":"https:\/\/factory.sale\/fi\/wp-json\/wp\/v2\/types\/product"}],"replies":[{"embeddable":true,"href":"https:\/\/factory.sale\/fi\/wp-json\/wp\/v2\/comments?post=84577"}],"wp:featuredmedia":[{"embeddable":true,"href":"https:\/\/factory.sale\/fi\/wp-json\/wp\/v2\/media\/84567"}],"wp:attachment":[{"href":"https:\/\/factory.sale\/fi\/wp-json\/wp\/v2\/media?parent=84577"}],"wp:term":[{"taxonomy":"factory","embeddable":true,"href":"https:\/\/factory.sale\/fi\/wp-json\/wp\/v2\/factory?post=84577"},{"taxonomy":"free-shipment","embeddable":true,"href":"https:\/\/factory.sale\/fi\/wp-json\/wp\/v2\/free-shipment?post=84577"},{"taxonomy":"product_brand","embeddable":true,"href":"https:\/\/factory.sale\/fi\/wp-json\/wp\/v2\/product_brand?post=84577"},{"taxonomy":"product_cat","embeddable":true,"href":"https:\/\/factory.sale\/fi\/wp-json\/wp\/v2\/product_cat?post=84577"},{"taxonomy":"product_tag","embeddable":true,"href":"https:\/\/factory.sale\/fi\/wp-json\/wp\/v2\/product_tag?post=84577"}],"curies":[{"name":"wp","href":"https:\/\/api.w.org\/{rel}","templated":true}]}}