{"id":84548,"date":"2024-04-28T17:07:15","date_gmt":"2024-04-28T17:24:24","guid":{"rendered":"https:\/\/factory.sale\/?post_type=product&#038;p=84548"},"modified":"2024-06-27T18:30:43","modified_gmt":"2024-06-27T18:30:43","slug":"kasvihuone-halls-altan-13-m%c2%b2-kennolevylla-vihrea-runko","status":"publish","type":"product","link":"https:\/\/factory.sale\/fi\/tuote\/kasvihuone-halls-altan-13-m%c2%b2-kennolevylla-vihrea-runko\/","title":{"rendered":"Kasvihuone Halls Altan 1,3 m\u00b2 kennolevyll\u00e4, vihre\u00e4 runko"},"content":{"rendered":"<p><strong>Tuotekoodi: <\/strong>HA13VK<\/p>\n<p>&nbsp;<\/p>\n<p>Halls Altan on pienten pihojen kasvihuone.<\/p>\n<p>Altan on sein\u00e4\u00e4 vasten asennettava alumiinirunkoinen kasvihuone \/ viljelykaappi pieneen tilaan. Silti siin\u00e4 on samat edellytykset kasvattamiselle kuin perinteisess\u00e4 kasvihuoneessa. Altanin voi sijoittaa terassille, pihavajan seinustalle tai parvekkeelle. Vinkkin\u00e4 sanottakoon, ett\u00e4 jos kasvihuone asennetaan esim. tiilisein\u00e4\u00e4n kiinni, tiilet luovuttavat p\u00e4iv\u00e4n aikana ker\u00e4\u00e4m\u00e4\u00e4ns\u00e4 l\u00e4mp\u00f6\u00e4 kasvihuoneeseen kun ilta viilenee. Altanissa on 60 cm leve\u00e4 kevyesti liikkuva liukuovi ja yksi kattoluukku tuuletusta varten. Sis\u00e4lt\u00e4\u00e4 selke\u00e4t suomenkieliset asennusohjeet.<\/p>\n<p>Halls-kasvihuoneissa on 12 vuoden runkotakuu. Toimitamme kaikki kasvihuoneet edullisesti aina kotiovelle saakka!<\/p>\n<p>&nbsp;<\/p>\n<p><strong>TUOTETIEDOT:<\/strong><\/p>\n<p>KOKO: 1,3 m\u00b2<\/p>\n<p>KORKEUS (TAKANA): 185 cm<\/p>\n<p>KORKEUS (EDESS\u00c4): 152 cm<\/p>\n<p>LEVEYS: 193 cm<\/p>\n<p>SYVYYS: 68 cm<\/p>\n<p>OVI: Liukuovi 60 cm<\/p>\n<p>KATTOLUUKKUJEN M\u00c4\u00c4R\u00c4: 1<\/p>\n<p>RUNGON V\u00c4RI: Vihre\u00e4<\/p>\n<p>KATEMATERIAALI: 4 mm:n UV-suojattu kennolevy<\/p>\n<p>SAATAVUUS: Varastotuote<\/p>\n<p>TAKUU: Runko: 12 vuotta<\/p>\n<p>&nbsp;<\/p>\n<p><strong>OHJEET<\/strong><\/p>\n<p><a href=\"https:\/\/factory.sale\/wp-content\/uploads\/2024\/04\/1-altan_kokoamisohje.pdf\" target=\"_blank\" rel=\"noopener\">Halls Altan -kokoamisohje (pdf)<\/a><br \/>\n<a href=\"http:\/\/www.kivikangas.fi\/infot\/kasvihuoneet\/pdf\/kasvihuoneperustus.pdf\" target=\"_blank\" rel=\"noopener\">Perustusvaihtoehtoja<\/a><a href=\"https:\/\/factory.sale\/wp-content\/uploads\/2024\/04\/2-kasvihuoneperustus.pdf\" target=\"_blank\" rel=\"noopener\"> (pdf)<\/a><br \/>\n<a href=\"https:\/\/factory.sale\/wp-content\/uploads\/2024\/04\/3-perustusohje.pdf\" target=\"_blank\" rel=\"noopener\">Perustusohje (pdf)<\/a><\/p>\n<p><a href=\"http:\/\/www.kivikangas.fi\/infot\/kasvihuoneet\/pdf\/pystytyspalvelu.pdf\" target=\"_blank\" rel=\"noopener\">Pystytyspalvelu<\/a><a href=\"https:\/\/factory.sale\/wp-content\/uploads\/2024\/04\/4-pystytyspalvelu.pdf\" target=\"_blank\" rel=\"noopener\"> (pdf)<\/a><\/p>\n<p>&nbsp;<\/p>\n<p>&nbsp;<\/p>\n<p><strong>VALIKON LIS\u00c4VARUSTEET<\/strong><\/p>\n<p><strong>Ter\u00e4ssokkeli<\/strong><\/p>\n<p>Valmissokkeli on helpoin ja nopein tapa tehd\u00e4 perustus kasvihuoneelle. Sen korkeus on 12 cm.<br \/>\nPakkaus sis\u00e4lt\u00e4\u00e4 maa-ankkurit ja kaikki tarvittavat osat huoneen kiinnityst\u00e4 varten.<\/p>\n<p><strong>Automaattiavaaja <\/strong><\/p>\n<p>Automaattinen luukunavajaa. Laitteen ohjaussylinterin sis\u00e4lt\u00e4m\u00e4 vaha laajenee l\u00e4mmetess\u00e4\u00e4n ja<br \/>\nty\u00f6nt\u00e4\u00e4 luukun auki 17-25 \u00b0 l\u00e4mp\u00f6tilassa. Luukku sulkeutuu omalla painollaan automaattisesti ilman viilentyess\u00e4.<\/p>\n<p>&nbsp;<\/p>\n<div class=\"video-wrapper \"><iframe loading=\"lazy\" title=\"Halls Altan - Montage af vindue\" width=\"500\" height=\"281\" src=\"https:\/\/www.youtube.com\/embed\/vxmoYQpY-pU?feature=oembed\" frameborder=\"0\" allow=\"accelerometer; autoplay; clipboard-write; encrypted-media; gyroscope; picture-in-picture; web-share\" referrerpolicy=\"strict-origin-when-cross-origin\" allowfullscreen><\/iframe><\/div>\n<div class=\"video-wrapper \"><iframe loading=\"lazy\" title=\"Halls Altan -  Montage af d\u00f8r\" width=\"500\" height=\"281\" src=\"https:\/\/www.youtube.com\/embed\/6zhOfc1PdS4?feature=oembed\" frameborder=\"0\" allow=\"accelerometer; autoplay; clipboard-write; encrypted-media; gyroscope; picture-in-picture; web-share\" referrerpolicy=\"strict-origin-when-cross-origin\" allowfullscreen><\/iframe><\/div>\n","protected":false},"excerpt":{"rendered":"<p>Altan on sein\u00e4\u00e4 vasten asennettava alumiinirunkoinen kasvihuone \/ viljelykaappi pieneen tilaan. Silti siin\u00e4 on samat edellytykset kasvattamiselle kuin perinteisess\u00e4 kasvihuoneessa. Altanin voi sijoittaa terassille, pihavajan seinustalle tai parvekkeelle. Vinkkin\u00e4 sanottakoon, ett\u00e4 jos kasvihuone asennetaan esim. tiilisein\u00e4\u00e4n kiinni, tiilet luovuttavat p\u00e4iv\u00e4n aikana ker\u00e4\u00e4m\u00e4\u00e4ns\u00e4 l\u00e4mp\u00f6\u00e4 kasvihuoneeseen kun ilta viilenee. Altanissa on 60 cm leve\u00e4 kevyesti liikkuva liukuovi ja yksi kattoluukku tuuletusta varten.<\/p>\n","protected":false},"featured_media":84538,"comment_status":"open","ping_status":"closed","template":"","meta":{"_acf_changed":false},"factory":[],"free-shipment":[],"product_brand":[],"product_cat":[452,997],"product_tag":[506,2226,1489],"class_list":{"0":"post-84548","1":"product","2":"type-product","3":"status-publish","4":"has-post-thumbnail","6":"product_cat-kasvihuoneet","7":"product_cat-piha-puutarha-fi","8":"product_tag-greenhouse-fi","9":"product_tag-greenhouses-fi","10":"product_tag-yard-fi","12":"first","13":"instock","14":"sale","15":"taxable","16":"shipping-taxable","17":"purchasable","18":"product-type-simple"},"acf":[],"_links":{"self":[{"href":"https:\/\/factory.sale\/fi\/wp-json\/wp\/v2\/product\/84548","targetHints":{"allow":["GET"]}}],"collection":[{"href":"https:\/\/factory.sale\/fi\/wp-json\/wp\/v2\/product"}],"about":[{"href":"https:\/\/factory.sale\/fi\/wp-json\/wp\/v2\/types\/product"}],"replies":[{"embeddable":true,"href":"https:\/\/factory.sale\/fi\/wp-json\/wp\/v2\/comments?post=84548"}],"wp:featuredmedia":[{"embeddable":true,"href":"https:\/\/factory.sale\/fi\/wp-json\/wp\/v2\/media\/84538"}],"wp:attachment":[{"href":"https:\/\/factory.sale\/fi\/wp-json\/wp\/v2\/media?parent=84548"}],"wp:term":[{"taxonomy":"factory","embeddable":true,"href":"https:\/\/factory.sale\/fi\/wp-json\/wp\/v2\/factory?post=84548"},{"taxonomy":"free-shipment","embeddable":true,"href":"https:\/\/factory.sale\/fi\/wp-json\/wp\/v2\/free-shipment?post=84548"},{"taxonomy":"product_brand","embeddable":true,"href":"https:\/\/factory.sale\/fi\/wp-json\/wp\/v2\/product_brand?post=84548"},{"taxonomy":"product_cat","embeddable":true,"href":"https:\/\/factory.sale\/fi\/wp-json\/wp\/v2\/product_cat?post=84548"},{"taxonomy":"product_tag","embeddable":true,"href":"https:\/\/factory.sale\/fi\/wp-json\/wp\/v2\/product_tag?post=84548"}],"curies":[{"name":"wp","href":"https:\/\/api.w.org\/{rel}","templated":true}]}}