{"id":84498,"date":"2024-04-28T10:34:21","date_gmt":"2024-04-28T10:41:14","guid":{"rendered":"https:\/\/factory.sale\/?post_type=product&#038;p=84498"},"modified":"2024-06-25T14:20:30","modified_gmt":"2024-06-25T14:20:30","slug":"halls-magnum-musta-terassokkeli-83-m2","status":"publish","type":"product","link":"https:\/\/factory.sale\/fi\/tuote\/halls-magnum-musta-terassokkeli-83-m2\/","title":{"rendered":"Halls Magnum musta ter\u00e4ssokkeli 8,3 m2"},"content":{"rendered":"<p><strong>Tuotekoodi:<\/strong> HMS83M<\/p>\n<p>&nbsp;<\/p>\n<p>Valmissokkeli Halls Magnum -kasvihuoneisiin. Valitse koko kasvihuoneen mukaan.<\/p>\n<p>Helpoin ja nopein tapa tehd\u00e4 perustus kasvihuoneelle on hankkia valmis metallisokkeli. Perustukset toimitetaan kokonaisuutena, joka sis\u00e4lt\u00e4\u00e4 kaikki tarvittavat osat huoneen kiinnityst\u00e4 varten ja maa-ankkurit. Metalliperustus on juuri oikean mittainen huoneellesi. Perustuksen korkeus on 12 cm, mik\u00e4 osaltaan lis\u00e4\u00e4 kasvihuoneesi tilavuutta.<\/p>\n<p>Huomaa, ett\u00e4 l\u00e4hetys ei sis\u00e4ll\u00e4 muoviputkia tai muita valumuotteja eik\u00e4 sementti\u00e4. Metalliperustusta k\u00e4ytett\u00e4ess\u00e4 suositellaan lis\u00e4ksi k\u00e4ytett\u00e4v\u00e4ksi tarkoitusta varten saatavaa suodatinkangasta, joka erottaa maa-ainekset toisistaan ja n\u00e4in est\u00e4\u00e4 niiden sekoittumisen.<\/p>\n<p>&nbsp;<\/p>\n<p>&nbsp;<\/p>\n<p>Magnum 9,9 m\u00b2 malliin +23,4 \u20ac<\/p>\n<p>Magnum 11,5 m\u00b2 malliin +46,8 \u20ac<\/p>\n","protected":false},"excerpt":{"rendered":"<p>Helpoin ja nopein tapa tehd\u00e4 perustus kasvihuoneelle on hankkia valmis metallisokkeli. Perustukset toimitetaan kokonaisuutena, joka sis\u00e4lt\u00e4\u00e4 kaikki tarvittavat osat huoneen kiinnityst\u00e4 varten ja maa-ankkurit. Metalliperustus on juuri oikean mittainen huoneellesi. Perustuksen korkeus on 12 cm, mik\u00e4 osaltaan lis\u00e4\u00e4 kasvihuoneesi tilavuutta.<\/p>\n","protected":false},"featured_media":84404,"comment_status":"open","ping_status":"closed","template":"","meta":{"_acf_changed":false},"factory":[],"free-shipment":[],"product_brand":[],"product_cat":[452,997],"product_tag":[543,2226,1489],"class_list":{"0":"post-84498","1":"product","2":"type-product","3":"status-publish","4":"has-post-thumbnail","6":"product_cat-kasvihuoneet","7":"product_cat-piha-puutarha-fi","8":"product_tag-base-fi","9":"product_tag-greenhouses-fi","10":"product_tag-yard-fi","12":"first","13":"instock","14":"sale","15":"taxable","16":"shipping-taxable","17":"purchasable","18":"product-type-simple"},"acf":[],"_links":{"self":[{"href":"https:\/\/factory.sale\/fi\/wp-json\/wp\/v2\/product\/84498","targetHints":{"allow":["GET"]}}],"collection":[{"href":"https:\/\/factory.sale\/fi\/wp-json\/wp\/v2\/product"}],"about":[{"href":"https:\/\/factory.sale\/fi\/wp-json\/wp\/v2\/types\/product"}],"replies":[{"embeddable":true,"href":"https:\/\/factory.sale\/fi\/wp-json\/wp\/v2\/comments?post=84498"}],"wp:featuredmedia":[{"embeddable":true,"href":"https:\/\/factory.sale\/fi\/wp-json\/wp\/v2\/media\/84404"}],"wp:attachment":[{"href":"https:\/\/factory.sale\/fi\/wp-json\/wp\/v2\/media?parent=84498"}],"wp:term":[{"taxonomy":"factory","embeddable":true,"href":"https:\/\/factory.sale\/fi\/wp-json\/wp\/v2\/factory?post=84498"},{"taxonomy":"free-shipment","embeddable":true,"href":"https:\/\/factory.sale\/fi\/wp-json\/wp\/v2\/free-shipment?post=84498"},{"taxonomy":"product_brand","embeddable":true,"href":"https:\/\/factory.sale\/fi\/wp-json\/wp\/v2\/product_brand?post=84498"},{"taxonomy":"product_cat","embeddable":true,"href":"https:\/\/factory.sale\/fi\/wp-json\/wp\/v2\/product_cat?post=84498"},{"taxonomy":"product_tag","embeddable":true,"href":"https:\/\/factory.sale\/fi\/wp-json\/wp\/v2\/product_tag?post=84498"}],"curies":[{"name":"wp","href":"https:\/\/api.w.org\/{rel}","templated":true}]}}