{"id":84492,"date":"2024-04-28T10:10:28","date_gmt":"2024-04-28T10:25:06","guid":{"rendered":"https:\/\/factory.sale\/?post_type=product&#038;p=84492"},"modified":"2024-06-25T15:54:49","modified_gmt":"2024-06-25T15:54:49","slug":"kasvihuone-halls-magnum-83-m%c2%b2-turvalasilla-vihrea-vari","status":"publish","type":"product","link":"https:\/\/factory.sale\/fi\/tuote\/kasvihuone-halls-magnum-83-m%c2%b2-turvalasilla-vihrea-vari\/","title":{"rendered":"Kasvihuone halls magnum 8,3 m\u00b2 turvalasilla, vihre\u00e4 v\u00e4ri"},"content":{"rendered":"<p><strong>Tuotekoodi:<\/strong> HM83V<\/p>\n<p>&nbsp;<\/p>\n<p>Tilava ja edullinen kasvihuone pariovilla ja nelj\u00e4ll\u00e4 tuuletusluukulla.<\/p>\n<p>Magnum-mallit soveltuvat erinomaisesti kasvihuoneviljelyyn. Leve\u00e4 kasvihuone on tilavampi, ja huonekorkeuden ansiosta pituutta kasvavat kasvit, kuten kurkut ja tomaatit, saavat tarvitsemansa tilan. Kevyesti liikkuvista pariliukuovista kuljet helposti vaikka kottik\u00e4rryjenkin kanssa suoraan huoneeseen, sill\u00e4 oviaukon leveys on 120 cm. Nelj\u00e4 kattoluukkua hoitavat tuuletuksen, ja avaamalla ovea tehostat ilmanvaihtoa. Vaikka kasvihuoneen hinta on edullinen, laadussa ei todellakaan ole tingitty. Alumiinirunko on kest\u00e4v\u00e4 ja rungossa on vinotuilla vahvistettu kattorakennelma. Huoneissa on my\u00f6s r\u00e4yst\u00e4skourut. Sis\u00e4lt\u00e4\u00e4 selke\u00e4t suomenkieliset asennusohjeet.<\/p>\n<p>Halls-kasvihuoneissa on 12 vuoden runkotakuu. Toimitamme kaikki kasvihuoneet edullisesti aina kotiovelle saakka!<\/p>\n<p>&nbsp;<\/p>\n<p><strong>TUOTETIEDOT:<\/strong><\/p>\n<p>KOKO: 8,3 m\u00b2<\/p>\n<p>HARJAKORKEUS: 258 cm<\/p>\n<p>R\u00c4YST\u00c4SKORKEUS: 148 cm<\/p>\n<p>LEVEYS: 257 cm<\/p>\n<p>PITUUS: 322 cm<\/p>\n<p>OVI: Pariliukuovi 120 cm<\/p>\n<p>KATTOLUUKKUJEN M\u00c4\u00c4R\u00c4: 4<\/p>\n<p>RUNGON V\u00c4RI: Tummanvihre\u00e4<\/p>\n<p>KATEMATERIAALI: 3 mm:n karkaistu turvalasi<\/p>\n<p>SAATAVUUS: Varastotuote<\/p>\n<p>TAKUU: Runko: 12 vuotta<\/p>\n<p>&nbsp;<\/p>\n<p>&nbsp;<\/p>\n<p>&nbsp;<\/p>\n<p><strong>OHJEET<\/strong><\/p>\n<p><a href=\"https:\/\/factory.sale\/wp-content\/uploads\/2024\/04\/1-halls_magnum_kasausohje.pdf\" target=\"_blank\" rel=\"noopener\">Halls Magnum -kokoamisohje (pdf)<\/a><br \/>\n<a href=\"https:\/\/factory.sale\/wp-content\/uploads\/2024\/04\/2-lisaohje_halls_magnum_ja_universal.pdf\" target=\"_blank\" rel=\"noopener\">Universal -asennukseen (pdf)<\/a><br \/>\n<a href=\"https:\/\/factory.sale\/wp-content\/uploads\/2024\/04\/3-kasvihuoneperustus-1.pdf\" target=\"_blank\" rel=\"noopener\">Perustusvaihtoehtoja (pdf)<\/a><br \/>\n<a href=\"https:\/\/factory.sale\/wp-content\/uploads\/2024\/04\/4-perustusohje-1.pdf\" target=\"_blank\" rel=\"noopener\">Perustusohje (pdf)<\/a><\/p>\n<p>&nbsp;<\/p>\n<p>&nbsp;<\/p>\n<p><strong>VALIKON LIS\u00c4VARUSTEET<\/strong><\/p>\n<p><strong>Ter\u00e4ssokkeli<\/strong><\/p>\n<p>Valmissokkeli on helpoin ja nopein tapa tehd\u00e4 perustus kasvihuoneelle. Sen korkeus on 12 cm. Pakkaus sis\u00e4lt\u00e4\u00e4 maa-ankkurit ja kaikki tarvittavat osat huoneen kiinnityst\u00e4 varten.<\/p>\n<p><strong>Lasi Mix -aloituspakkaus<\/strong><\/p>\n<p>Aloituspakkaus lasikasvihuoneisiin. Sis\u00e4lt\u00e4\u00e4 automaattiavaajan,<br \/>\nripustushaat, hylsyavaimen, erikoiskantapultit ja min\/max mittarin.<\/p>\n<p>&nbsp;<\/p>\n<p>&nbsp;<\/p>\n<p>&nbsp;<\/p>\n<p>&nbsp;<\/p>\n<div class=\"video-wrapper \"><iframe loading=\"lazy\" title=\"Halls Universal &amp; Magnum - Samling af sider\" width=\"500\" height=\"281\" src=\"https:\/\/www.youtube.com\/embed\/QDYNxOb21x8?feature=oembed\" frameborder=\"0\" allow=\"accelerometer; autoplay; clipboard-write; encrypted-media; gyroscope; picture-in-picture; web-share\" referrerpolicy=\"strict-origin-when-cross-origin\" allowfullscreen><\/iframe><\/div>\n<p>&nbsp;<\/p>\n<p>[\/vc_column_text][\/vc_column][\/vc_row][vc_row][vc_column]<div class=\"video-wrapper \"><iframe loading=\"lazy\" title=\"Halls Universal &amp; Magnum - Samling af vindue\" width=\"500\" height=\"281\" src=\"https:\/\/www.youtube.com\/embed\/IHZqlm0RVmk?feature=oembed\" frameborder=\"0\" allow=\"accelerometer; autoplay; clipboard-write; encrypted-media; gyroscope; picture-in-picture; web-share\" referrerpolicy=\"strict-origin-when-cross-origin\" allowfullscreen><\/iframe><\/div>[\/vc_column][\/vc_row][vc_row][vc_column]<div class=\"video-wrapper \"><iframe loading=\"lazy\" title=\"Halls Universal &amp; Magnum - Samling af vindue\" width=\"500\" height=\"281\" src=\"https:\/\/www.youtube.com\/embed\/IHZqlm0RVmk?feature=oembed\" frameborder=\"0\" allow=\"accelerometer; autoplay; clipboard-write; encrypted-media; gyroscope; picture-in-picture; web-share\" referrerpolicy=\"strict-origin-when-cross-origin\" allowfullscreen><\/iframe><\/div>[\/vc_column][\/vc_row][vc_row][vc_column]<div class=\"video-wrapper \"><iframe loading=\"lazy\" title=\"Halls Universal &amp; Magnum -  Montage af vindue\" width=\"500\" height=\"281\" src=\"https:\/\/www.youtube.com\/embed\/aqIrx0OfWJw?feature=oembed\" frameborder=\"0\" allow=\"accelerometer; autoplay; clipboard-write; encrypted-media; gyroscope; picture-in-picture; web-share\" referrerpolicy=\"strict-origin-when-cross-origin\" allowfullscreen><\/iframe><\/div>[\/vc_column][\/vc_row][vc_row][vc_column]<div class=\"video-wrapper \"><iframe loading=\"lazy\" title=\"Halls Universal &amp; Magnum - Samling af d\u00f8r\" width=\"500\" height=\"281\" src=\"https:\/\/www.youtube.com\/embed\/mqTXgY8qduY?feature=oembed\" frameborder=\"0\" allow=\"accelerometer; autoplay; clipboard-write; encrypted-media; gyroscope; picture-in-picture; web-share\" referrerpolicy=\"strict-origin-when-cross-origin\" allowfullscreen><\/iframe><\/div>[\/vc_column][\/vc_row][vc_row][vc_column]<div class=\"video-wrapper \"><iframe loading=\"lazy\" title=\"Halls Universal &amp; Magnum - Montage af d\u00f8r\" width=\"500\" height=\"281\" src=\"https:\/\/www.youtube.com\/embed\/d6WJFJ2j8Yg?feature=oembed\" frameborder=\"0\" allow=\"accelerometer; autoplay; clipboard-write; encrypted-media; gyroscope; picture-in-picture; web-share\" referrerpolicy=\"strict-origin-when-cross-origin\" allowfullscreen><\/iframe><\/div>[\/vc_column][\/vc_row]<\/p>\n","protected":false},"excerpt":{"rendered":"<p>Magnum-mallit soveltuvat erinomaisesti kasvihuoneviljelyyn. Leve\u00e4 kasvihuone on tilavampi, ja huonekorkeuden ansiosta pituutta kasvavat kasvit, kuten kurkut ja tomaatit, saavat tarvitsemansa tilan. Kevyesti liikkuvista pariliukuovista kuljet helposti vaikka kottik\u00e4rryjenkin kanssa suoraan huoneeseen, sill\u00e4 oviaukon leveys on 120 cm. Nelj\u00e4 kattoluukkua hoitavat tuuletuksen, ja avaamalla ovea tehostat ilmanvaihtoa. Vaikka kasvihuoneen hinta on edullinen, laadussa ei todellakaan ole tingitty. Alumiinirunko on kest\u00e4v\u00e4 ja rungossa on vinotuilla vahvistettu kattorakennelma. Huoneissa on my\u00f6s r\u00e4yst\u00e4skourut. Sis\u00e4lt\u00e4\u00e4 selke\u00e4t suomenkieliset asennusohjeet.<\/p>\n","protected":false},"featured_media":84459,"comment_status":"open","ping_status":"closed","template":"","meta":{"_acf_changed":false},"factory":[],"free-shipment":[],"product_brand":[],"product_cat":[452,997],"product_tag":[1488,2226],"class_list":{"0":"post-84492","1":"product","2":"type-product","3":"status-publish","4":"has-post-thumbnail","6":"product_cat-kasvihuoneet","7":"product_cat-piha-puutarha-fi","8":"product_tag-garden-fi","9":"product_tag-greenhouses-fi","11":"first","12":"instock","13":"sale","14":"taxable","15":"shipping-taxable","16":"purchasable","17":"product-type-simple"},"acf":[],"_links":{"self":[{"href":"https:\/\/factory.sale\/fi\/wp-json\/wp\/v2\/product\/84492","targetHints":{"allow":["GET"]}}],"collection":[{"href":"https:\/\/factory.sale\/fi\/wp-json\/wp\/v2\/product"}],"about":[{"href":"https:\/\/factory.sale\/fi\/wp-json\/wp\/v2\/types\/product"}],"replies":[{"embeddable":true,"href":"https:\/\/factory.sale\/fi\/wp-json\/wp\/v2\/comments?post=84492"}],"wp:featuredmedia":[{"embeddable":true,"href":"https:\/\/factory.sale\/fi\/wp-json\/wp\/v2\/media\/84459"}],"wp:attachment":[{"href":"https:\/\/factory.sale\/fi\/wp-json\/wp\/v2\/media?parent=84492"}],"wp:term":[{"taxonomy":"factory","embeddable":true,"href":"https:\/\/factory.sale\/fi\/wp-json\/wp\/v2\/factory?post=84492"},{"taxonomy":"free-shipment","embeddable":true,"href":"https:\/\/factory.sale\/fi\/wp-json\/wp\/v2\/free-shipment?post=84492"},{"taxonomy":"product_brand","embeddable":true,"href":"https:\/\/factory.sale\/fi\/wp-json\/wp\/v2\/product_brand?post=84492"},{"taxonomy":"product_cat","embeddable":true,"href":"https:\/\/factory.sale\/fi\/wp-json\/wp\/v2\/product_cat?post=84492"},{"taxonomy":"product_tag","embeddable":true,"href":"https:\/\/factory.sale\/fi\/wp-json\/wp\/v2\/product_tag?post=84492"}],"curies":[{"name":"wp","href":"https:\/\/api.w.org\/{rel}","templated":true}]}}