{"id":84440,"date":"2024-04-25T14:26:24","date_gmt":"2024-04-25T20:39:38","guid":{"rendered":"https:\/\/factory.sale\/?post_type=product&#038;p=84440"},"modified":"2024-06-26T23:45:21","modified_gmt":"2024-06-26T23:45:21","slug":"kasvihuone-halls-universal-99-m%c2%b2-vihrealla-rungolla-ja-lasilla","status":"publish","type":"product","link":"https:\/\/factory.sale\/fi\/tuote\/kasvihuone-halls-universal-99-m%c2%b2-vihrealla-rungolla-ja-lasilla\/","title":{"rendered":"Kasvihuone halls universal 9,9 m\u00b2 vihre\u00e4ll\u00e4 rungolla ja lasilla"},"content":{"rendered":"<p><strong>Tuotekoodi:<\/strong> HU99V<\/p>\n<p>&nbsp;<\/p>\n<p>Hintaluokassaan laadukas, lasilla katettu kasvihuone.<\/p>\n<p>Universal-malli on vaihtoehto sinulle, joka tarvitset hieman isomman kasvihuoneen edulliseen hintaan. Halls Universal-mallissa on vihre\u00e4ksi maalattu alumiinirunko ja katteena lasi. Vakiovarusteluun sis\u00e4ltyv\u00e4t liukuovi, kaksi kattoluukkua ja r\u00e4yst\u00e4skourut. Vaikka kasvihuoneen hinta on edullinen, laadussa ei todellakaan ole tingitty. Alumiinirunko on kest\u00e4v\u00e4 ja rungossa on vinotuilla vahvistettu kattorakennelma. Sis\u00e4lt\u00e4\u00e4 selke\u00e4t suomenkieliset asennusohjeet.<\/p>\n<p>Halls-kasvihuoneissa on 12 vuoden runkotakuu. Toimitamme kaikki kasvihuoneet edullisesti aina kotiovelle saakka!<\/p>\n<p>&nbsp;<\/p>\n<p><strong>TUOTETIEDOT<\/strong>:<\/p>\n<p>KOKO: 9,9 m\u00b2<\/p>\n<p>HARJAKORKEUS: 230 cm<\/p>\n<p>R\u00c4YST\u00c4SKORKEUS: 123 cm<\/p>\n<p>LEVEYS: 257 cm<\/p>\n<p>PITUUS: 384 cm<\/p>\n<p>OVI:\u00a0Liukuovi<\/p>\n<p>KATTOLUUKKUJEN M\u00c4\u00c4R\u00c4: 2<\/p>\n<p>RUNGON V\u00c4RI: Vihre\u00e4<\/p>\n<p>KATEMATERIAALI: 3 mm:n lasi<\/p>\n<p>SAATAVUUS: Varastotuote<\/p>\n<p>TAKUU: Runko: 12 vuotta<\/p>\n<p>&nbsp;<\/p>\n<p>&nbsp;<\/p>\n<p><strong>OHJEET<\/strong><\/p>\n<p><a href=\"https:\/\/factory.sale\/wp-content\/uploads\/2024\/04\/halls_universal.pdf\" target=\"_blank\" rel=\"noopener\">Halls Universal -kokoamisohje (pdf)<\/a><\/p>\n<p><a href=\"https:\/\/factory.sale\/wp-content\/uploads\/2024\/04\/lisaohje_halls_magnum_ja_universal.pdf\" target=\"_blank\" rel=\"noopener\">Yleisohje Halls &#8211; Magnum &#8211; Universal -asennukseen (pdf)<\/a><\/p>\n<p><a href=\"https:\/\/factory.sale\/wp-content\/uploads\/2024\/04\/kasvihuoneperustus.pdf\" target=\"_blank\" rel=\"noopener\">Perustusvaihtoehtoja (pdf)<\/a><\/p>\n<p><a href=\"https:\/\/factory.sale\/wp-content\/uploads\/2024\/04\/perustusohje.pdf\" target=\"_blank\" rel=\"noopener\">Perustusohje (pdf)<\/a><\/p>\n<p>&nbsp;<\/p>\n<p>&nbsp;<\/p>\n<p>&nbsp;<\/p>\n<p>&nbsp;<\/p>\n<p><strong>VALIKON LIS\u00c4VARUSTEET<\/strong><\/p>\n<p><strong>Ter\u00e4ssokkeli<\/strong><\/p>\n<p>Valmissokkeli on helpoin ja nopein tapa tehd\u00e4 perustus kasvihuoneelle. Sen korkeus on 12 cm. Pakkaus sis\u00e4lt\u00e4\u00e4 maa-ankkurit ja kaikki tarvittavat osat huoneen kiinnityst\u00e4 varten.<\/p>\n<p><strong>Lasi Mix -aloituspakkaus<\/strong><\/p>\n<p>Aloituspakkaus lasikasvihuoneisiin. Sis\u00e4lt\u00e4\u00e4 automaattiavaajan,<br \/>\nripustushaat, hylsyavaimen, erikoiskantapultit ja min\/max mittarin.<\/p>\n<p>&nbsp;<\/p>\n<div class=\"video-wrapper \"><iframe loading=\"lazy\" title=\"Halls Universal &amp; Magnum - Samling af sider\" width=\"500\" height=\"281\" src=\"https:\/\/www.youtube.com\/embed\/QDYNxOb21x8?feature=oembed\" frameborder=\"0\" allow=\"accelerometer; autoplay; clipboard-write; encrypted-media; gyroscope; picture-in-picture; web-share\" referrerpolicy=\"strict-origin-when-cross-origin\" allowfullscreen><\/iframe><\/div>\n<p>&nbsp;<\/p>\n<div class=\"video-wrapper \"><iframe loading=\"lazy\" title=\"Halls Universal &amp; Magnum - Samling af vindue\" width=\"500\" height=\"281\" src=\"https:\/\/www.youtube.com\/embed\/IHZqlm0RVmk?feature=oembed\" frameborder=\"0\" allow=\"accelerometer; autoplay; clipboard-write; encrypted-media; gyroscope; picture-in-picture; web-share\" referrerpolicy=\"strict-origin-when-cross-origin\" allowfullscreen><\/iframe><\/div>\n<p>&nbsp;<\/p>\n<p>&nbsp;<\/p>\n","protected":false},"excerpt":{"rendered":"<p>Universal-malli on vaihtoehto sinulle, joka tarvitset hieman isomman kasvihuoneen edulliseen hintaan. Halls Universal-mallissa on vihre\u00e4ksi maalattu alumiinirunko ja katteena lasi. Vakiovarusteluun sis\u00e4ltyv\u00e4t liukuovi, kaksi kattoluukkua ja r\u00e4yst\u00e4skourut. Vaikka kasvihuoneen hinta on edullinen, laadussa ei todellakaan ole tingitty. Alumiinirunko on kest\u00e4v\u00e4 ja rungossa on vinotuilla vahvistettu kattorakennelma. Sis\u00e4lt\u00e4\u00e4 selke\u00e4t suomenkieliset asennusohjeet.<\/p>\n<p>&nbsp;<\/p>\n","protected":false},"featured_media":84414,"comment_status":"open","ping_status":"closed","template":"","meta":{"_acf_changed":false},"factory":[],"free-shipment":[],"product_brand":[],"product_cat":[997,452],"product_tag":[506,2226],"class_list":{"0":"post-84440","1":"product","2":"type-product","3":"status-publish","4":"has-post-thumbnail","6":"product_cat-piha-puutarha-fi","7":"product_cat-kasvihuoneet","8":"product_tag-greenhouse-fi","9":"product_tag-greenhouses-fi","11":"first","12":"instock","13":"sale","14":"taxable","15":"shipping-taxable","16":"purchasable","17":"product-type-simple"},"acf":[],"_links":{"self":[{"href":"https:\/\/factory.sale\/fi\/wp-json\/wp\/v2\/product\/84440","targetHints":{"allow":["GET"]}}],"collection":[{"href":"https:\/\/factory.sale\/fi\/wp-json\/wp\/v2\/product"}],"about":[{"href":"https:\/\/factory.sale\/fi\/wp-json\/wp\/v2\/types\/product"}],"replies":[{"embeddable":true,"href":"https:\/\/factory.sale\/fi\/wp-json\/wp\/v2\/comments?post=84440"}],"wp:featuredmedia":[{"embeddable":true,"href":"https:\/\/factory.sale\/fi\/wp-json\/wp\/v2\/media\/84414"}],"wp:attachment":[{"href":"https:\/\/factory.sale\/fi\/wp-json\/wp\/v2\/media?parent=84440"}],"wp:term":[{"taxonomy":"factory","embeddable":true,"href":"https:\/\/factory.sale\/fi\/wp-json\/wp\/v2\/factory?post=84440"},{"taxonomy":"free-shipment","embeddable":true,"href":"https:\/\/factory.sale\/fi\/wp-json\/wp\/v2\/free-shipment?post=84440"},{"taxonomy":"product_brand","embeddable":true,"href":"https:\/\/factory.sale\/fi\/wp-json\/wp\/v2\/product_brand?post=84440"},{"taxonomy":"product_cat","embeddable":true,"href":"https:\/\/factory.sale\/fi\/wp-json\/wp\/v2\/product_cat?post=84440"},{"taxonomy":"product_tag","embeddable":true,"href":"https:\/\/factory.sale\/fi\/wp-json\/wp\/v2\/product_tag?post=84440"}],"curies":[{"name":"wp","href":"https:\/\/api.w.org\/{rel}","templated":true}]}}