{"id":84362,"date":"2024-04-22T10:07:14","date_gmt":"2024-04-22T10:17:45","guid":{"rendered":"https:\/\/factory.sale\/?post_type=product&#038;p=84362"},"modified":"2024-06-25T17:29:07","modified_gmt":"2024-06-25T17:29:07","slug":"kasvihuone-halls-popular-50-m%c2%b2-kennolevylla-alumiini","status":"publish","type":"product","link":"https:\/\/factory.sale\/fi\/tuote\/kasvihuone-halls-popular-50-m%c2%b2-kennolevylla-alumiini\/","title":{"rendered":"Kasvihuone halls popular 5,0 m\u00b2 kennolevyll\u00e4, alumiini"},"content":{"rendered":"<p><strong>Tuotekoodi:<\/strong> HP50K<\/p>\n<p>&nbsp;<\/p>\n<p>Halls Popular on n\u00e4pp\u00e4r\u00e4n kokoinen kasvihuone, oikein hyv\u00e4 aloittelevalle hy\u00f6tytarhurille joka haluaa nauttia tomaatit ja kurkut omasta kasvihuoneestaan. Kokonsa puolesta huone soveltuu erinomaisesti pienemp\u00e4\u00e4kin pihaan. Vaikka kasvihuoneen hinta on edullinen, laadussa ei todellakaan ole tingitty. Popular-malleissa on kest\u00e4v\u00e4 alumiinirunko, yksi kevyesti liikkuva liukuovi ja tuuletus onnistuu tuuletusluukun avulla. Huoneissa on my\u00f6s r\u00e4yst\u00e4skourut. Sis\u00e4lt\u00e4\u00e4 selke\u00e4t suomenkieliset asennusohjeet.<\/p>\n<p>Halls-kasvihuoneissa on 12 vuoden runkotakuu.<\/p>\n<p>&nbsp;<\/p>\n<p><strong>KASVIHUONEEN TIEDOT:<\/strong><\/p>\n<p>KOKO : 5,0 m\u00b2<\/p>\n<p>HARJAKORKEUS: 195 cm<\/p>\n<p>R\u00c4YST\u00c4SKORKEUS: 124 cm<\/p>\n<p>LEVEYS: 193 cm<\/p>\n<p>PITUUS: 257 cm<\/p>\n<p>OVI: Liukuovi 62,5 cm<\/p>\n<p>KATTOLUUKKUJEN M\u00c4\u00c4R\u00c4: 1<\/p>\n<p>RUNGON V\u00c4RI: Alumiini<\/p>\n<p>KATEMATERIAALI: 4 mm:n UV-suojattu kennolevy<\/p>\n<p>SAATAVUUS: Varastotuote<\/p>\n<p>TAKUU: Runko: 12 vuotta<\/p>\n<p>&nbsp;<\/p>\n<p><strong>OHJEET<\/strong><\/p>\n<p><a href=\"https:\/\/factory.sale\/wp-content\/uploads\/2024\/04\/1-halls_popular_kasausohje.pdf\" target=\"_blank\" rel=\"noopener\">Halls Popular -kokoamisohje (pdf)<\/a><br \/>\n<a href=\"https:\/\/factory.sale\/wp-content\/uploads\/2024\/04\/2-halls-popular-kennolevykaton-asennus.pdf\" target=\"_blank\" rel=\"noopener\">Halls Popular -kennolevykaton asennusohjeet (pdf)<\/a><br \/>\n<a href=\"https:\/\/factory.sale\/wp-content\/uploads\/2024\/04\/3-kasvihuoneperustus.pdf\" target=\"_blank\" rel=\"noopener\">Perustusvaihtoehtoja(pdf)<\/a><br \/>\n<a href=\"https:\/\/factory.sale\/wp-content\/uploads\/2024\/04\/4-perustusohje.pdf\" target=\"_blank\" rel=\"noopener\">Perustusohje (pdf)<\/a><\/p>\n<p>&nbsp;<\/p>\n<p>&nbsp;<\/p>\n<p><strong>VALIKON LIS\u00c4VARUSTEET<\/strong><\/p>\n<p><strong>Ter\u00e4ssokkeli<\/strong><\/p>\n<p>Valmissokkeli on helpoin ja nopein tapa tehd\u00e4 perustus kasvihuoneelle. Sen korkeus on 12 cm. Pakkaus sis\u00e4lt\u00e4\u00e4 maa-ankkurit ja kaikki tarvittavat osat huoneen kiinnityst\u00e4 varten.<\/p>\n<p>&nbsp;<\/p>\n<p><strong>Lasi Mix -aloituspakkaus<\/strong><\/p>\n<p>Aloituspakkaus lasikasvihuoneisiin. Sis\u00e4lt\u00e4\u00e4 automaattiavaajan,<br \/>\nripustushaat, hylsyavaimen, erikoiskantapultit ja min\/max mittarin.<\/p>\n<p>&nbsp;<\/p>\n<p>&nbsp;<\/p>\n<div class=\"video-wrapper \"><iframe loading=\"lazy\" title=\"Installing A Halls Popular 86 Greenhouse\" width=\"500\" height=\"281\" src=\"https:\/\/www.youtube.com\/embed\/AQNFsfOpKYs?feature=oembed\" frameborder=\"0\" allow=\"accelerometer; autoplay; clipboard-write; encrypted-media; gyroscope; picture-in-picture; web-share\" referrerpolicy=\"strict-origin-when-cross-origin\" allowfullscreen><\/iframe><\/div>\n","protected":false},"excerpt":{"rendered":"<p>Halls Popular on n\u00e4pp\u00e4r\u00e4n kokoinen kasvihuone, oikein hyv\u00e4 aloittelevalle hy\u00f6tytarhurille joka haluaa nauttia tomaatit ja kurkut omasta kasvihuoneestaan. Kokonsa puolesta huone soveltuu erinomaisesti pienemp\u00e4\u00e4kin pihaan. Vaikka kasvihuoneen hinta on edullinen, laadussa ei todellakaan ole tingitty. Popular-malleissa on kest\u00e4v\u00e4 alumiinirunko, yksi kevyesti liikkuva liukuovi ja tuuletus onnistuu tuuletusluukun avulla. Huoneissa on my\u00f6s r\u00e4yst\u00e4skourut. Sis\u00e4lt\u00e4\u00e4 selke\u00e4t suomenkieliset asennusohjeet.<\/p>\n","protected":false},"featured_media":84353,"comment_status":"open","ping_status":"closed","template":"","meta":{"_acf_changed":false},"factory":[],"free-shipment":[],"product_brand":[],"product_cat":[917,217],"product_tag":[218,1947],"class_list":{"0":"post-84362","1":"product","2":"type-product","3":"status-publish","4":"has-post-thumbnail","6":"product_cat-garden-yard","7":"product_cat-greenhouses","8":"product_tag-greenhouse","9":"product_tag-greenhouses","11":"first","12":"instock","13":"sale","14":"taxable","15":"shipping-taxable","16":"purchasable","17":"product-type-simple"},"acf":[],"_links":{"self":[{"href":"https:\/\/factory.sale\/fi\/wp-json\/wp\/v2\/product\/84362","targetHints":{"allow":["GET"]}}],"collection":[{"href":"https:\/\/factory.sale\/fi\/wp-json\/wp\/v2\/product"}],"about":[{"href":"https:\/\/factory.sale\/fi\/wp-json\/wp\/v2\/types\/product"}],"replies":[{"embeddable":true,"href":"https:\/\/factory.sale\/fi\/wp-json\/wp\/v2\/comments?post=84362"}],"wp:featuredmedia":[{"embeddable":true,"href":"https:\/\/factory.sale\/fi\/wp-json\/wp\/v2\/media\/84353"}],"wp:attachment":[{"href":"https:\/\/factory.sale\/fi\/wp-json\/wp\/v2\/media?parent=84362"}],"wp:term":[{"taxonomy":"factory","embeddable":true,"href":"https:\/\/factory.sale\/fi\/wp-json\/wp\/v2\/factory?post=84362"},{"taxonomy":"free-shipment","embeddable":true,"href":"https:\/\/factory.sale\/fi\/wp-json\/wp\/v2\/free-shipment?post=84362"},{"taxonomy":"product_brand","embeddable":true,"href":"https:\/\/factory.sale\/fi\/wp-json\/wp\/v2\/product_brand?post=84362"},{"taxonomy":"product_cat","embeddable":true,"href":"https:\/\/factory.sale\/fi\/wp-json\/wp\/v2\/product_cat?post=84362"},{"taxonomy":"product_tag","embeddable":true,"href":"https:\/\/factory.sale\/fi\/wp-json\/wp\/v2\/product_tag?post=84362"}],"curies":[{"name":"wp","href":"https:\/\/api.w.org\/{rel}","templated":true}]}}