{"id":84334,"date":"2024-04-22T08:55:34","date_gmt":"2024-04-22T09:12:24","guid":{"rendered":"https:\/\/factory.sale\/?post_type=product&#038;p=84334"},"modified":"2024-06-25T19:57:49","modified_gmt":"2024-06-25T19:57:49","slug":"kasvihuone-halls-popular-38-m%c2%b2-lasilla-vihrea","status":"publish","type":"product","link":"https:\/\/factory.sale\/fi\/tuote\/kasvihuone-halls-popular-38-m%c2%b2-lasilla-vihrea\/","title":{"rendered":"Kasvihuone Halls Popular 3,8 m\u00b2 lasilla, vihre\u00e4"},"content":{"rendered":"<p><strong>Tuotekoodi:<\/strong> HP38V<\/p>\n<p>&nbsp;<\/p>\n<p>Edullinen ja kest\u00e4v\u00e4 kasvihuone tummanvihre\u00e4ll\u00e4 alumiinirungolla.<\/p>\n<p>Huomio! Kuvissa on erikokoisia kasvihuoneita.<\/p>\n<p>Halls Popular on k\u00e4tev\u00e4n kokoinen kasvihuone, joka on erinomainen valinta aloitteleville puutarhureille, jotka haluavat nauttia tomaateista ja kurkuista omasta kasvihuoneestaan. Koon ansiosta kasvihuone sopii erinomaisesti my\u00f6s pienempiin pihoihin. Huolimatta edullisesta hinnasta, laadusta ei ole tingitty. Popular-malleissa on kest\u00e4v\u00e4 alumiinirunko, yksi helposti liukuva ovi, ja tuuletus on mahdollista tuuletusluukun kautta. Kasvihuoneissa on my\u00f6s r\u00e4yst\u00e4skourut. Pakettiin sis\u00e4ltyv\u00e4t selke\u00e4t asennusohjeet suomeksi.<\/p>\n<p>Halls-kasvihuoneet tulevat 12 vuoden runkotakuulla. Toimitamme kaikki kasvihuoneet edullisesti suoraan kotiovellesi!<\/p>\n<p>Toteuta unelmasi omasta kasvihuoneesta &#8211; Halls kasvihuone on laadukas vaihtoehto hintaluokassaan.<br \/>\nHalls on englantilainen yritys, joka perustettiin vuonna 1936 ja oli maailman ensimm\u00e4inen kasvihuoneiden massatuottaja. Hallsin kasvihuoneet ovat tiiviisti yhteydess\u00e4 englantilaiseen puutarhaperinteeseen ja tarjoavat kohtuuhintaisia kasvihuoneita niin harrastelijoille kuin kokeneillekin puutarhureille. Hallsin laajasta valikoimasta l\u00f6ytyy toimivia ratkaisuja kasvihuoneesta haaveileville. Hallsin kasvihuone toimii my\u00f6s mukavana ajanviettopaikkana, aina varhaisesta kev\u00e4\u00e4st\u00e4 my\u00f6h\u00e4iseen syksyyn.<\/p>\n<p>&nbsp;<\/p>\n<p><strong>Tuotetiedot:<\/strong><\/p>\n<p>KOKO: 3,8 m\u00b2<br \/>\nHARJAN KORKEUS: 195 cm<br \/>\nR\u00c4YST\u00c4\u00c4N KORKEUS: 124 cm<br \/>\nLEVEYS: 193 cm<br \/>\nPITUUS: 195 cm<br \/>\nOVI: Liukuovi 62,5 cm<br \/>\nKATTOLUUKKUJEN M\u00c4\u00c4R\u00c4: 1<br \/>\nRUNKOV\u00c4RI: Tummanvihre\u00e4<br \/>\nPEITEMATERIAALI: 3 mm kirkas lasi<br \/>\nSAATAVUUS: Varastotuote<br \/>\nTAKUU: Runko: 12 vuotta<\/p>\n<p>&nbsp;<\/p>\n<p><strong>OHJEET<\/strong><\/p>\n<p><a href=\"https:\/\/factory.sale\/wp-content\/uploads\/2024\/04\/1-halls_popular_kasausohje.pdf\" target=\"_blank\" rel=\"noopener\">Halls Popular -kokoamisohje (pdf)<\/a><br \/>\n<a href=\"https:\/\/factory.sale\/wp-content\/uploads\/2024\/04\/2-halls-popular-kennolevykaton-asennus.pdf\" target=\"_blank\" rel=\"noopener\">Halls Popular -kennolevykaton asennusohjeet (pdf)<\/a><br \/>\n<a href=\"https:\/\/factory.sale\/wp-content\/uploads\/2024\/04\/3-kasvihuoneperustus.pdf\" target=\"_blank\" rel=\"noopener\">Perustusvaihtoehtoja(pdf)<\/a><br \/>\n<a href=\"https:\/\/factory.sale\/wp-content\/uploads\/2024\/04\/4-perustusohje.pdf\" target=\"_blank\" rel=\"noopener\">Perustusohje (pdf)<\/a><\/p>\n<p>&nbsp;<\/p>\n<p><strong>Ter\u00e4ssokkeli<\/strong><\/p>\n<p>Valmissokkeli on helpoin ja nopein tapa tehd\u00e4 perustus kasvihuoneelle. Sen korkeus on 12 cm. Pakkaus sis\u00e4lt\u00e4\u00e4 maa-ankkurit ja kaikki tarvittavat osat huoneen kiinnityst\u00e4 varten.<\/p>\n<p>&nbsp;<\/p>\n<p><strong>Kennolevykatto<\/strong><\/p>\n<p>6 mm:n paksuinen UV-suojattu kennolevykatto ja U-listat levyjen alareunaan. Varjostaa ja hajauttaa suoran auringonvalon luoden paremmat kasvuolosuhteet.<\/p>\n<p>&nbsp;<\/p>\n<p><strong>Lasi Mix -aloituspakkaus<\/strong><\/p>\n<p>Aloituspakkaus lasikasvihuoneisiin. Sis\u00e4lt\u00e4\u00e4 automaattiavaajan, ripustushaat, hylsyavaimen, erikoiskantapultit ja min\/max mittarin.<\/p>\n<p>&nbsp;<\/p>\n<div class=\"video-wrapper \"><iframe loading=\"lazy\" title=\"Installing A Halls Popular 86 Greenhouse\" width=\"500\" height=\"281\" src=\"https:\/\/www.youtube.com\/embed\/AQNFsfOpKYs?feature=oembed\" frameborder=\"0\" allow=\"accelerometer; autoplay; clipboard-write; encrypted-media; gyroscope; picture-in-picture; web-share\" referrerpolicy=\"strict-origin-when-cross-origin\" allowfullscreen><\/iframe><\/div>\n","protected":false},"excerpt":{"rendered":"<p>Halls Popular on k\u00e4tev\u00e4n kokoinen kasvihuone, joka on erinomainen valinta aloitteleville puutarhureille, jotka haluavat nauttia tomaateista ja kurkuista omasta kasvihuoneestaan. Koon ansiosta kasvihuone sopii erinomaisesti my\u00f6s pienempiin pihoihin. Huolimatta edullisesta hinnasta, laadusta ei ole tingitty. Popular-malleissa on kest\u00e4v\u00e4 alumiinirunko, yksi helposti liukuva ovi, ja tuuletus on mahdollista tuuletusluukun kautta. Kasvihuoneissa on my\u00f6s r\u00e4yst\u00e4skourut. Pakettiin sis\u00e4ltyv\u00e4t selke\u00e4t asennusohjeet suomeksi.<\/p>\n","protected":false},"featured_media":84327,"comment_status":"open","ping_status":"closed","template":"","meta":{"_acf_changed":false},"factory":[],"free-shipment":[],"product_brand":[],"product_cat":[997,452],"product_tag":[1488,2226,1489],"class_list":{"0":"post-84334","1":"product","2":"type-product","3":"status-publish","4":"has-post-thumbnail","6":"product_cat-piha-puutarha-fi","7":"product_cat-kasvihuoneet","8":"product_tag-garden-fi","9":"product_tag-greenhouses-fi","10":"product_tag-yard-fi","12":"first","13":"instock","14":"sale","15":"taxable","16":"shipping-taxable","17":"purchasable","18":"product-type-simple"},"acf":[],"_links":{"self":[{"href":"https:\/\/factory.sale\/fi\/wp-json\/wp\/v2\/product\/84334","targetHints":{"allow":["GET"]}}],"collection":[{"href":"https:\/\/factory.sale\/fi\/wp-json\/wp\/v2\/product"}],"about":[{"href":"https:\/\/factory.sale\/fi\/wp-json\/wp\/v2\/types\/product"}],"replies":[{"embeddable":true,"href":"https:\/\/factory.sale\/fi\/wp-json\/wp\/v2\/comments?post=84334"}],"wp:featuredmedia":[{"embeddable":true,"href":"https:\/\/factory.sale\/fi\/wp-json\/wp\/v2\/media\/84327"}],"wp:attachment":[{"href":"https:\/\/factory.sale\/fi\/wp-json\/wp\/v2\/media?parent=84334"}],"wp:term":[{"taxonomy":"factory","embeddable":true,"href":"https:\/\/factory.sale\/fi\/wp-json\/wp\/v2\/factory?post=84334"},{"taxonomy":"free-shipment","embeddable":true,"href":"https:\/\/factory.sale\/fi\/wp-json\/wp\/v2\/free-shipment?post=84334"},{"taxonomy":"product_brand","embeddable":true,"href":"https:\/\/factory.sale\/fi\/wp-json\/wp\/v2\/product_brand?post=84334"},{"taxonomy":"product_cat","embeddable":true,"href":"https:\/\/factory.sale\/fi\/wp-json\/wp\/v2\/product_cat?post=84334"},{"taxonomy":"product_tag","embeddable":true,"href":"https:\/\/factory.sale\/fi\/wp-json\/wp\/v2\/product_tag?post=84334"}],"curies":[{"name":"wp","href":"https:\/\/api.w.org\/{rel}","templated":true}]}}