{"id":84315,"date":"2024-04-21T09:20:56","date_gmt":"2024-04-21T09:35:05","guid":{"rendered":"https:\/\/factory.sale\/?post_type=product&#038;p=84315"},"modified":"2024-06-26T19:49:59","modified_gmt":"2024-06-26T19:49:59","slug":"halls-popular-terasjalusta","status":"publish","type":"product","link":"https:\/\/factory.sale\/fi\/tuote\/halls-popular-terasjalusta\/","title":{"rendered":"Halls Popular ter\u00e4sjalusta"},"content":{"rendered":"<p><strong>Tuotekoodi:<\/strong> HPS38 (Popular 3,8 m2 varten)<\/p>\n<p><strong>Tuotekoodi:<\/strong> HPS50 (Popular 5,0 m2 varten) <strong>134,93 \u20ac<\/strong><\/p>\n<p>&nbsp;<\/p>\n<p>Valmisjalusta Halls Popular -kasvihuoneille. Valitse koko kasvihuoneesi mukaan.<br \/>\nHelpoin ja nopein tapa perustaa kasvihuoneelle on hankkia valmis metallijalusta. Jalustat toimitetaan kokonaisuutena, joka sis\u00e4lt\u00e4\u00e4 kaikki tarvittavat osat rakenteen kiinnitt\u00e4miseksi ja maakiilat. Metallijalusta on t\u00e4sm\u00e4lleen oikean mittainen huoneellesi. Jalustan korkeus on 12 cm, mik\u00e4 puolestaan lis\u00e4\u00e4 kasvihuoneesi tilavuutta.<\/p>\n<p>Huomioi, ett\u00e4 toimitus ei sis\u00e4ll\u00e4 muoviputkia tai muita valumuotteja eik\u00e4 sementti\u00e4. Metallijalustaa k\u00e4ytett\u00e4ess\u00e4 suositellaan lis\u00e4ksi k\u00e4ytett\u00e4v\u00e4ksi tarkoitusta varten hankittavaa suodatinkangasta, joka erottaa maamateriaalit toisistaan ja n\u00e4in est\u00e4\u00e4 niiden sekoittumisen.<\/p>\n","protected":false},"excerpt":{"rendered":"<p>Valmisjalusta Halls Popular -kasvihuoneille. Valitse koko kasvihuoneesi mukaan.<br \/>\nHelpoin ja nopein tapa perustaa kasvihuoneelle on hankkia valmis metallijalusta. Jalustat toimitetaan kokonaisuutena, joka sis\u00e4lt\u00e4\u00e4 kaikki tarvittavat osat rakenteen kiinnitt\u00e4miseksi ja maakiilat. Metallijalusta on t\u00e4sm\u00e4lleen oikean mittainen huoneellesi. Jalustan korkeus on 12 cm, mik\u00e4 puolestaan lis\u00e4\u00e4 kasvihuoneesi tilavuutta.<\/p>\n","protected":false},"featured_media":84309,"comment_status":"open","ping_status":"closed","template":"","meta":{"_acf_changed":false},"factory":[],"free-shipment":[],"product_brand":[],"product_cat":[997,452],"product_tag":[506,2226],"class_list":{"0":"post-84315","1":"product","2":"type-product","3":"status-publish","4":"has-post-thumbnail","6":"product_cat-piha-puutarha-fi","7":"product_cat-kasvihuoneet","8":"product_tag-greenhouse-fi","9":"product_tag-greenhouses-fi","11":"first","12":"instock","13":"sale","14":"taxable","15":"shipping-taxable","16":"purchasable","17":"product-type-simple"},"acf":[],"_links":{"self":[{"href":"https:\/\/factory.sale\/fi\/wp-json\/wp\/v2\/product\/84315","targetHints":{"allow":["GET"]}}],"collection":[{"href":"https:\/\/factory.sale\/fi\/wp-json\/wp\/v2\/product"}],"about":[{"href":"https:\/\/factory.sale\/fi\/wp-json\/wp\/v2\/types\/product"}],"replies":[{"embeddable":true,"href":"https:\/\/factory.sale\/fi\/wp-json\/wp\/v2\/comments?post=84315"}],"wp:featuredmedia":[{"embeddable":true,"href":"https:\/\/factory.sale\/fi\/wp-json\/wp\/v2\/media\/84309"}],"wp:attachment":[{"href":"https:\/\/factory.sale\/fi\/wp-json\/wp\/v2\/media?parent=84315"}],"wp:term":[{"taxonomy":"factory","embeddable":true,"href":"https:\/\/factory.sale\/fi\/wp-json\/wp\/v2\/factory?post=84315"},{"taxonomy":"free-shipment","embeddable":true,"href":"https:\/\/factory.sale\/fi\/wp-json\/wp\/v2\/free-shipment?post=84315"},{"taxonomy":"product_brand","embeddable":true,"href":"https:\/\/factory.sale\/fi\/wp-json\/wp\/v2\/product_brand?post=84315"},{"taxonomy":"product_cat","embeddable":true,"href":"https:\/\/factory.sale\/fi\/wp-json\/wp\/v2\/product_cat?post=84315"},{"taxonomy":"product_tag","embeddable":true,"href":"https:\/\/factory.sale\/fi\/wp-json\/wp\/v2\/product_tag?post=84315"}],"curies":[{"name":"wp","href":"https:\/\/api.w.org\/{rel}","templated":true}]}}