{"id":84299,"date":"2024-04-20T22:40:36","date_gmt":"2024-04-20T22:57:03","guid":{"rendered":"https:\/\/factory.sale\/?post_type=product&#038;p=84299"},"modified":"2024-07-03T22:25:31","modified_gmt":"2024-07-03T22:25:31","slug":"kasvihuone-halls-popular-38-m%c2%b2-kennolevylla-alumiini","status":"publish","type":"product","link":"https:\/\/factory.sale\/fi\/tuote\/kasvihuone-halls-popular-38-m%c2%b2-kennolevylla-alumiini\/","title":{"rendered":"Kasvihuone Halls Popular 3,8 m\u00b2 kennolevyll\u00e4, alumiini"},"content":{"rendered":"<p><strong>Tuotekoodi:<\/strong> HP38K<\/p>\n<p>Halls Popular on n\u00e4pp\u00e4r\u00e4n kokoinen kasvihuone, oikein hyv\u00e4 aloittelevalle hy\u00f6tytarhurille joka haluaa nauttia tomaatit ja kurkut omasta kasvihuoneestaan. Kokonsa puolesta huone soveltuu erinomaisesti pienemp\u00e4\u00e4kin pihaan. Vaikka kasvihuoneen hinta on edullinen, laadussa ei todellakaan ole tingitty. Popular-malleissa on kest\u00e4v\u00e4 alumiinirunko, yksi kevyesti liikkuva liukuovi ja tuuletus onnistuu tuuletusluukun avulla. Huoneissa on my\u00f6s r\u00e4yst\u00e4skourut. Sis\u00e4lt\u00e4\u00e4 selke\u00e4t suomenkieliset asennusohjeet.<\/p>\n<p>Halls-kasvihuoneissa on 12 vuoden runkotakuu.<\/p>\n<p>&nbsp;<\/p>\n<p><strong>KASVIHUONEEN TIEDOT:<\/strong><\/p>\n<p>KOKO : 3,8 m\u00b2<\/p>\n<p>HARJAKORKEUS: 195 cm<\/p>\n<p>R\u00c4YST\u00c4SKORKEUS: 124 cm<\/p>\n<p>LEVEYS: 193 cm<\/p>\n<p>PITUUS: 195 cm<\/p>\n<p>OVI: Liukuovi 62,5 cm<\/p>\n<p>KATTOLUUKKUJEN M\u00c4\u00c4R\u00c4: 1<\/p>\n<p>RUNGON V\u00c4RI: Alumiini<\/p>\n<p>KATEMATERIAALI: 3 mm:n kirkas lasi<\/p>\n<p>SAATAVUUS: Varastotuote<\/p>\n<p>TAKUU: Runko: 12 vuotta<\/p>\n<p>&nbsp;<\/p>\n<p><strong>OHJEET<\/strong><\/p>\n<p><a href=\"https:\/\/factory.sale\/wp-content\/uploads\/2024\/04\/1-halls_popular_kasausohje.pdf\" target=\"_blank\" rel=\"noopener\">Halls Popular -kokoamisohje (pdf)<\/a><br \/>\n<a href=\"https:\/\/factory.sale\/wp-content\/uploads\/2024\/04\/2-halls-popular-kennolevykaton-asennus.pdf\" target=\"_blank\" rel=\"noopener\">Halls Popular -kennolevykaton asennusohjeet (pdf)<\/a><br \/>\n<a href=\"https:\/\/factory.sale\/wp-content\/uploads\/2024\/04\/3-kasvihuoneperustus.pdf\" target=\"_blank\" rel=\"noopener\">Perustusvaihtoehtoja(pdf)<\/a><br \/>\n<a href=\"https:\/\/factory.sale\/wp-content\/uploads\/2024\/04\/4-perustusohje.pdf\" target=\"_blank\" rel=\"noopener\">Perustusohje (pdf)<\/a><\/p>\n<p>&nbsp;<\/p>\n<p>&nbsp;<\/p>\n<p><strong>VALIKON LIS\u00c4VARUSTEET<\/strong><\/p>\n<p><strong>Ter\u00e4ssokkeli<\/strong><\/p>\n<p>Valmissokkeli on helpoin ja nopein tapa tehd\u00e4 perustus kasvihuoneelle. Sen korkeus on 12 cm. Pakkaus sis\u00e4lt\u00e4\u00e4 maa-ankkurit ja kaikki tarvittavat osat huoneen kiinnityst\u00e4 varten.<\/p>\n<p><strong>Kennolevykatto<\/strong><\/p>\n<p>6 mm:n vahvuinen UV-suojattu kennolevykatto ja U-listat levyjen alareunaan. Varjostaa ja hajauttaa suoran auringonvalon luoden paremmat kasvuolosuhteet.<\/p>\n<p><strong>Lasi Mix -aloituspakkaus<\/strong><\/p>\n<p>Aloituspakkaus lasikasvihuoneisiin. Sis\u00e4lt\u00e4\u00e4 automaattiavaajan,<br \/>\nripustushaat, hylsyavaimen, erikoiskantapultit ja min\/max mittarin.<\/p>\n<p>&nbsp;<\/p>\n<p>&nbsp;<\/p>\n<div class=\"video-wrapper \"><iframe loading=\"lazy\" title=\"Installing A Halls Popular 86 Greenhouse\" width=\"500\" height=\"281\" src=\"https:\/\/www.youtube.com\/embed\/AQNFsfOpKYs?feature=oembed\" frameborder=\"0\" allow=\"accelerometer; autoplay; clipboard-write; encrypted-media; gyroscope; picture-in-picture; web-share\" referrerpolicy=\"strict-origin-when-cross-origin\" allowfullscreen><\/iframe><\/div>\n","protected":false},"excerpt":{"rendered":"<p>Edullinen ja pitk\u00e4ik\u00e4inen kasvihuone alumiinirungolla.<\/p>\n","protected":false},"featured_media":84287,"comment_status":"open","ping_status":"closed","template":"","meta":{"_acf_changed":false},"factory":[],"free-shipment":[],"product_brand":[],"product_cat":[452,997],"product_tag":[],"class_list":{"0":"post-84299","1":"product","2":"type-product","3":"status-publish","4":"has-post-thumbnail","6":"product_cat-kasvihuoneet","7":"product_cat-piha-puutarha-fi","9":"first","10":"instock","11":"sale","12":"taxable","13":"shipping-taxable","14":"purchasable","15":"product-type-simple"},"acf":[],"_links":{"self":[{"href":"https:\/\/factory.sale\/fi\/wp-json\/wp\/v2\/product\/84299","targetHints":{"allow":["GET"]}}],"collection":[{"href":"https:\/\/factory.sale\/fi\/wp-json\/wp\/v2\/product"}],"about":[{"href":"https:\/\/factory.sale\/fi\/wp-json\/wp\/v2\/types\/product"}],"replies":[{"embeddable":true,"href":"https:\/\/factory.sale\/fi\/wp-json\/wp\/v2\/comments?post=84299"}],"wp:featuredmedia":[{"embeddable":true,"href":"https:\/\/factory.sale\/fi\/wp-json\/wp\/v2\/media\/84287"}],"wp:attachment":[{"href":"https:\/\/factory.sale\/fi\/wp-json\/wp\/v2\/media?parent=84299"}],"wp:term":[{"taxonomy":"factory","embeddable":true,"href":"https:\/\/factory.sale\/fi\/wp-json\/wp\/v2\/factory?post=84299"},{"taxonomy":"free-shipment","embeddable":true,"href":"https:\/\/factory.sale\/fi\/wp-json\/wp\/v2\/free-shipment?post=84299"},{"taxonomy":"product_brand","embeddable":true,"href":"https:\/\/factory.sale\/fi\/wp-json\/wp\/v2\/product_brand?post=84299"},{"taxonomy":"product_cat","embeddable":true,"href":"https:\/\/factory.sale\/fi\/wp-json\/wp\/v2\/product_cat?post=84299"},{"taxonomy":"product_tag","embeddable":true,"href":"https:\/\/factory.sale\/fi\/wp-json\/wp\/v2\/product_tag?post=84299"}],"curies":[{"name":"wp","href":"https:\/\/api.w.org\/{rel}","templated":true}]}}