{"id":84226,"date":"2024-04-19T21:23:16","date_gmt":"2024-04-20T10:25:27","guid":{"rendered":"https:\/\/factory.sale\/?post_type=product&#038;p=84226"},"modified":"2024-06-25T18:25:54","modified_gmt":"2024-06-25T18:25:54","slug":"sauna-ja-poreallas-5-m-24-m","status":"publish","type":"product","link":"https:\/\/factory.sale\/fi\/tuote\/sauna-ja-poreallas-5-m-24-m\/","title":{"rendered":"Sauna ja poreallas 5 m \/ 2,4 m"},"content":{"rendered":"<p><strong>Tekniset tiedot:<\/strong><\/p>\n<p>Mahtuu: 6-8 henkil\u00f6\u00e4<br \/>\nPuutavara: Kuusipuu<br \/>\nKokonaiskorkeus: 2,5 m<br \/>\nSein\u00e4n paksuus: 44 mm<br \/>\nLattialautojen paksuus: 44 mm<br \/>\nKattomateriaali: Suomalaiset bitumikattolaatat<\/p>\n<p><strong>Ikkunan koko:<\/strong><br \/>\nOven koko: lasinen saunanovi (kehyksell\u00e4) 70 cm x 190 cm<\/p>\n<p>&nbsp;<\/p>\n<p><strong>Vakiovarusteltu sauna:<\/strong><\/p>\n<p>Katto peitetty bitumikattolaatoilla<br \/>\nKarastetusta lasista valmistettu etuovi puukahvalla<br \/>\nPy\u00f6ristetty kolmionmuotoinen ikkuna, diagonaalissa 100 cm x 80 cm<br \/>\nL\u00e4mm\u00f6nkest\u00e4v\u00e4t levyt kiuasta varten<br \/>\nYksi leve\u00e4 saunanpenkki (mahtuu 4 henkil\u00f6\u00e4) tai L-muotoinen saunanpenkki (mahtuu 5-6 henkil\u00f6\u00e4). Penkit valmistettu haavasta.<\/p>\n<p>&nbsp;<\/p>\n<p><strong>Vakiovarusteltu poreallas:<\/strong><\/p>\n<p>Puutavara: kuusi<br \/>\nHalkaisija 180 cm \/ 200 cm<br \/>\nLasikuitusis\u00e4ke<br \/>\nIntegroitu 30 KW l\u00e4mmitin 2 m savupiipulla ja katolla<br \/>\nVeden ulostulo sivusta<br \/>\nMela<\/p>\n<p>&nbsp;<\/p>\n<p><strong>S\u00e4hk\u00f6asennus:<\/strong><\/p>\n<p>2 kpl LED-lamppuja (saunahuoneessa Harvia-lamppu), kaksinkertainen kytkin ja kaksinkertainen pistorasia porealtaan alueella sein\u00e4ll\u00e4.<\/p>\n<p>&nbsp;<\/p>\n<p><strong>Toimitus:<\/strong><\/p>\n<p>Rahti: (5,2 m x 2,5 m x 2,4 m) 2500 kg<br \/>\nTuotantoaika: 2-3 viikkoa<\/p>\n<p>&nbsp;<\/p>\n<h2>Lis\u00e4varusteet<\/h2>\n<p><strong>Lasikuituv\u00e4rivaihtoehdot:<\/strong><\/p>\n<p><strong><img loading=\"lazy\" decoding=\"async\" class=\"alignnone  wp-image-84229\" src=\"https:\/\/factory.sale\/wp-content\/uploads\/2024\/04\/Klaasplast-FIN-300x114.jpeg\" alt=\"\" width=\"516\" height=\"196\" srcset=\"https:\/\/factory.sale\/wp-content\/uploads\/2024\/04\/Klaasplast-FIN-300x114.jpeg 300w, https:\/\/factory.sale\/wp-content\/uploads\/2024\/04\/Klaasplast-FIN-150x57.jpeg 150w, https:\/\/factory.sale\/wp-content\/uploads\/2024\/04\/Klaasplast-FIN-600x227.jpeg 600w, https:\/\/factory.sale\/wp-content\/uploads\/2024\/04\/Klaasplast-FIN.jpeg 718w\" sizes=\"auto, (max-width: 516px) 100vw, 516px\" \/><\/strong><\/p>\n<p>&nbsp;<\/p>\n<p><strong>Katon v\u00e4ri:<\/strong><\/p>\n<p><strong><img loading=\"lazy\" decoding=\"async\" class=\"alignnone  wp-image-84232\" src=\"https:\/\/factory.sale\/wp-content\/uploads\/2024\/04\/Katus-FIN-300x95.jpeg\" alt=\"\" width=\"540\" height=\"171\" srcset=\"https:\/\/factory.sale\/wp-content\/uploads\/2024\/04\/Katus-FIN-300x95.jpeg 300w, https:\/\/factory.sale\/wp-content\/uploads\/2024\/04\/Katus-FIN-150x48.jpeg 150w, https:\/\/factory.sale\/wp-content\/uploads\/2024\/04\/Katus-FIN-600x190.jpeg 600w, https:\/\/factory.sale\/wp-content\/uploads\/2024\/04\/Katus-FIN.jpeg 720w\" sizes=\"auto, (max-width: 540px) 100vw, 540px\" \/><\/strong><\/p>\n<p>&nbsp;<\/p>\n<p><strong>Ulkomaalaus:<\/strong><\/p>\n<p>Luonnollinen 0 \u20ac<\/p>\n<p>Maalattu 198 \u20ac<\/p>\n<p>&nbsp;<\/p>\n<p><strong>L\u00e4mmityslaite:<\/strong><\/p>\n<p>Ilman l\u00e4mmityslaitetta, s\u00e4hk\u00f6l\u00e4mmitin tai puul\u00e4mmitin<\/p>\n<p>Pyyd\u00e4 tarjous!<\/p>\n<p>LED-nauha saunan lauteiden alla (vain koottuna) 264 \u20ac<\/p>\n<p>&nbsp;<\/p>\n<p>&nbsp;<\/p>\n<p><strong>Saunan lis\u00e4varusteet:<\/strong><\/p>\n<p>Puinen \u00e4mp\u00e4ri 39,6 \u20ac<\/p>\n<p>Puinen kauha 13,2 \u20ac<\/p>\n<p>L\u00e4mp\u00f6mittari-hygrometri 39,6 \u20ac<\/p>\n<p>L\u00e4mmittimen (kiukaan) turva-aita 52,8 \u20ac<\/p>\n<p>Selk\u00e4noja 52,8 \u20ac<\/p>\n<p>Vaateripustin 9,6 \u20ac<\/p>\n<p>P\u00e4\u00e4noja 26,4 \u20ac<\/p>\n<p>&nbsp;<\/p>\n<p><strong>L\u00e4mmittimen metallivaihtoehdot:<\/strong><\/p>\n<p>Ter\u00e4s 304 0 \u20ac<\/p>\n<p>Ter\u00e4s 316 211,2 \u20ac<\/p>\n<p>&nbsp;<\/p>\n<p>&nbsp;<\/p>\n<p><strong>L\u00e4mmittimen lis\u00e4varusteet:<\/strong><\/p>\n<p>Savupiipun suoja 79,2 \u20ac<\/p>\n<p>Lis\u00e4 1 m savupiippu 26,4 \u20ac<\/p>\n<p>Puinen kansi 13,2 \u20ac<\/p>\n<p>&nbsp;<\/p>\n<p>&nbsp;<\/p>\n<p><strong>Lis\u00e4ksi:<\/strong><\/p>\n<p>Termokansi (musta, harmaa tai ruskea) 264 \u20ac<\/p>\n<p>LED-valaistus 132 \u20ac<\/p>\n<p>Ilma SPA -j\u00e4rjestelm\u00e4 12 suutinta 462 \u20ac<\/p>\n<p>Vesi SPA -j\u00e4rjestelm\u00e4 6 suutinta 462 \u20ac<\/p>\n<p>&nbsp;<\/p>\n","protected":false},"excerpt":{"rendered":"<p>Muunna ulkotilasi rentoutumiskeitaaksi tyylikk\u00e4\u00e4ll\u00e4 ulkosaunallamme!<\/p>\n","protected":false},"featured_media":84202,"comment_status":"open","ping_status":"closed","template":"","meta":{"_acf_changed":false},"factory":[],"free-shipment":[],"product_brand":[],"product_cat":[798],"product_tag":[990,989,809],"class_list":{"0":"post-84226","1":"product","2":"type-product","3":"status-publish","4":"has-post-thumbnail","6":"product_cat-sauna-2","7":"product_tag-hot-tub","8":"product_tag-outdoor-sauna","9":"product_tag-sauna","11":"first","12":"instock","13":"sale","14":"taxable","15":"shipping-taxable","16":"purchasable","17":"product-type-simple"},"acf":[],"_links":{"self":[{"href":"https:\/\/factory.sale\/fi\/wp-json\/wp\/v2\/product\/84226","targetHints":{"allow":["GET"]}}],"collection":[{"href":"https:\/\/factory.sale\/fi\/wp-json\/wp\/v2\/product"}],"about":[{"href":"https:\/\/factory.sale\/fi\/wp-json\/wp\/v2\/types\/product"}],"replies":[{"embeddable":true,"href":"https:\/\/factory.sale\/fi\/wp-json\/wp\/v2\/comments?post=84226"}],"wp:featuredmedia":[{"embeddable":true,"href":"https:\/\/factory.sale\/fi\/wp-json\/wp\/v2\/media\/84202"}],"wp:attachment":[{"href":"https:\/\/factory.sale\/fi\/wp-json\/wp\/v2\/media?parent=84226"}],"wp:term":[{"taxonomy":"factory","embeddable":true,"href":"https:\/\/factory.sale\/fi\/wp-json\/wp\/v2\/factory?post=84226"},{"taxonomy":"free-shipment","embeddable":true,"href":"https:\/\/factory.sale\/fi\/wp-json\/wp\/v2\/free-shipment?post=84226"},{"taxonomy":"product_brand","embeddable":true,"href":"https:\/\/factory.sale\/fi\/wp-json\/wp\/v2\/product_brand?post=84226"},{"taxonomy":"product_cat","embeddable":true,"href":"https:\/\/factory.sale\/fi\/wp-json\/wp\/v2\/product_cat?post=84226"},{"taxonomy":"product_tag","embeddable":true,"href":"https:\/\/factory.sale\/fi\/wp-json\/wp\/v2\/product_tag?post=84226"}],"curies":[{"name":"wp","href":"https:\/\/api.w.org\/{rel}","templated":true}]}}