{"id":84183,"date":"2024-04-19T20:12:58","date_gmt":"2024-04-19T20:49:41","guid":{"rendered":"https:\/\/factory.sale\/?post_type=product&#038;p=84183"},"modified":"2024-06-26T00:14:37","modified_gmt":"2024-06-26T00:14:37","slug":"kuuma-allas-integroidulla-lammittimella-peravaunussa","status":"publish","type":"product","link":"https:\/\/factory.sale\/fi\/tuote\/kuuma-allas-integroidulla-lammittimella-peravaunussa\/","title":{"rendered":"Kylpytynnyri integroidulla kamiinalla per\u00e4vaunulla"},"content":{"rendered":"<p><strong>Erittely:<\/strong><\/p>\n<p>Muoto: Py\u00f6re\u00e4<br \/>\nSis\u00e4halkaisija: 1,8 m;<br \/>\nUlkohalkaisija: 2,0 m;<br \/>\nTynnyrin korkeus: 0,93 m;<br \/>\nPenkin korkeus: 28 cm;<br \/>\nVerhoilulaudan paksuus: 20 mm;<br \/>\nTilavuus: 1500 l;<br \/>\nPaino: 230 kg;<br \/>\nTilavuus: 5-6 henkil\u00f6\u00e4.<br \/>\nPer\u00e4vaunu &#8211; alustan koko 3 m x 2 m. Per\u00e4vaunun kokonaispituus 4,5 m;<\/p>\n<p><strong>Vakiosetti:<\/strong><\/p>\n<p>Kylpytynnyri integroidulla kamiinalla \u00d8 1,8 m \/ \u00d8 2 m<\/p>\n<p>Materiaali &#8211; kuusi (vakio); Vaihtoehdot: Termopuu, WPC (puumuovi-komposiitti \u2013 koostuu 30 % puusta, 60 % muovista ja 10% muista komponenteista);<br \/>\nLasikuituinen tynnyri;<br \/>\nIntegroitu kamiina (30 kW, ter\u00e4s 304), 2 m piippu kipin\u00e4suojalla (ei piippisuojaa);<br \/>\nUlkopuoliset puuportaat;<br \/>\nVeden ulostulo sivulta;<br \/>\nMela (jos kylpytynnyri on varustettu SPA-j\u00e4rjestelm\u00e4ll\u00e4, mela ei sis\u00e4lly vakiosettiin, mutta sit\u00e4 voidaan tilata lis\u00e4varusteena).<br \/>\nLasikuituinen kylpytynnyri 1,8 m \/ 2 m integroidulla l\u00e4mmittimell\u00e4 on verhoiltu korkealaatuisella puumateriaalilla, mik\u00e4 tekee siit\u00e4 tyylikk\u00e4\u00e4n, klassisen ja ylellisen. Ennen kylpytynnyrin k\u00e4ytt\u00f6\u00f6nottoa lue yleist\u00e4 tietoselostetta sen k\u00e4yt\u00f6st\u00e4.<\/p>\n<p>&nbsp;<\/p>\n<p>&nbsp;<\/p>\n<h2>Lis\u00e4varusteet<\/h2>\n<p><strong>Tynnyrin materiaali:<\/strong><\/p>\n<p>Lasikuitu &#8211; 0 \u20ac<\/p>\n<p>Akryyli &#8211; 528 \u20ac<\/p>\n<p>&nbsp;<\/p>\n<p><strong>Akryylin v\u00e4ri-vaihtoehdot:<\/strong><\/p>\n<p>Marmorinharmaa &#8211; 0 \u20ac<\/p>\n<p>Marmorinruskea &#8211; 0 \u20ac<\/p>\n<p>&nbsp;<\/p>\n<p><strong>Puuvaihtoehdot:<\/strong><\/p>\n<p>Kuusi &#8211; 0 \u20ac<\/p>\n<p>Termopuu &#8211; 264 \u20ac<\/p>\n<p>WPC &#8211; 330 \u20ac<\/p>\n<p>&nbsp;<\/p>\n<p><strong>V\u00e4ripaletti:<\/strong><\/p>\n<p><img loading=\"lazy\" decoding=\"async\" class=\"alignnone wp-image-84180\" src=\"https:\/\/factory.sale\/wp-content\/uploads\/2024\/04\/colours-300x217.jpeg\" alt=\"\" width=\"628\" height=\"454\" srcset=\"https:\/\/factory.sale\/wp-content\/uploads\/2024\/04\/colours-300x217.jpeg 300w, https:\/\/factory.sale\/wp-content\/uploads\/2024\/04\/colours-150x108.jpeg 150w, https:\/\/factory.sale\/wp-content\/uploads\/2024\/04\/colours-600x433.jpeg 600w, https:\/\/factory.sale\/wp-content\/uploads\/2024\/04\/colours.jpeg 706w\" sizes=\"auto, (max-width: 628px) 100vw, 628px\" \/><\/p>\n<p>&nbsp;<\/p>\n<p>&nbsp;<\/p>\n<p><strong>L\u00e4mmityslaitteet:<\/strong><\/p>\n<p>30 KW, ter\u00e4s 304 &#8211; 0 \u20ac<\/p>\n<p>30 KW, ter\u00e4s 316 &#8211; 132 \u20ac<\/p>\n<p>Ruostumattomasta ter\u00e4ksest\u00e4 putkiosat ulkoisen kamiinan varten (2 kpl) &#8211; 54 \u20ac<\/p>\n<p>Savupiipun hattu kipin\u00e4suojalla tavallisen savupiipun sijaan &#8211; 18 \u20ac<\/p>\n<p>&nbsp;<\/p>\n<p><strong>Lis\u00e4l\u00e4mmitysvaihtoehdot:<\/strong><\/p>\n<p>L\u00e4mmitys \u2013 s\u00e4hk\u00f6inen 3 KW\/220v\u00a0 &#8211; 660 \u20ac<\/p>\n<p>L\u00e4mmitys \u2013 s\u00e4hk\u00f6inen 6 KW\/380v\u00a0 &#8211; 660 \u20ac<\/p>\n<p>&nbsp;<\/p>\n<p><strong>Portaat per\u00e4vaunuun:<\/strong><\/p>\n<p>Kuusi- tai m\u00e4ntypuusta valmistetut portaat &#8211; 66 \u20ac<\/p>\n<p>Termopuusta valmistetut portaat &#8211; 120 \u20ac<\/p>\n<p>WPC termopuusta valmistetut portaat &#8211; 120 \u20ac<\/p>\n<p>&nbsp;<\/p>\n<p><strong>Kansi:<\/strong><\/p>\n<p>Pressukansi &#8211; 132 \u20ac<\/p>\n<p>Termokansi &#8211; 176 \u20ac<\/p>\n<p>&nbsp;<\/p>\n<p><strong>PVC-peitteen v\u00e4ri (0\u20ac):<\/strong><\/p>\n<p>Musta<\/p>\n<p>Ruskea<\/p>\n<p>Harmaa<\/p>\n<p>&nbsp;<\/p>\n<p><strong>SPA-j\u00e4rjestelm\u00e4t:<\/strong><\/p>\n<p>Veden SPA-j\u00e4rjestelm\u00e4 6 suutinta &#8211; 330 \u20ac<\/p>\n<p>Ilman SPA-j\u00e4rjestelm\u00e4 12 suutinta &#8211; 330 \u20ac<\/p>\n<p>Lis\u00e4suuttimet &#8211; 12 \u20ac<\/p>\n<p>Vuotorele &#8211; 84 \u20ac<\/p>\n<p>&nbsp;<\/p>\n<p><strong>LED-valaistus:<\/strong><\/p>\n<p>1 LED &#8211; 66 \u20ac<\/p>\n<p>2 LED &#8211; 132 \u20ac<\/p>\n<p>3 LED &#8211; 198 \u20ac<\/p>\n<p>6 MINI LEDi\u00e4 &#8211; 102 \u20ac<\/p>\n<p>Lis\u00e4ksi mini LED &#8211; 12 \u20ac<\/p>\n<p>Hiekkasuodatin ja lis\u00e4varusteet:<\/p>\n<p>Hiekkasuodatin &#8211; 462 \u20ac<\/p>\n<p>Suodattimen liit\u00e4nn\u00e4t &#8211; 86,7 \u20ac<\/p>\n<p>Dekoratiivinen laatikko hiekkasuodattimelle &#8211; 108 \u20ac<\/p>\n<p>Puuinen laatikko hiekkasuodattimelle &#8211; 66 \u20ac<\/p>\n<p>&nbsp;<\/p>\n<p><strong>Lis\u00e4varusteet:<\/strong><\/p>\n<p>Ruostumattomasta ter\u00e4ksest\u00e4 valmistetut nauhat\u00a0 2 kpl &#8211; 54 \u20ac<\/p>\n<p>Vaahtoeristys &#8211; 96 \u20ac<\/p>\n<p>Mela &#8211; 30 \u20ac<\/p>\n<p>Savupiipun kuumasuoja &#8211; 42 \u20ac<\/p>\n<p>1 m savupiipun jatke &#8211; 24 \u20ac<\/p>\n<p>Savupiipun hattu kipin\u00e4suojalla tavallisen savupiipun sijaan &#8211; 18 \u20ac<\/p>\n<p>L\u00e4mp\u00f6mittari &#8211; 36 \u20ac<\/p>\n<p>Kelluva, valaistu LED-baari &#8211; 120 \u20ac<\/p>\n<p>2 kpl Bluetooth-audiokaiuttimia (pop-up LED-valolla) &#8211; 306 \u20ac<\/p>\n<p>Hylly &#8211; 30 \u20ac<\/p>\n<p>5-paikkainen hylly &#8211; 42 \u20ac<\/p>\n<p>6-paikkainen hylly &#8211; 48 \u20ac<\/p>\n<p>Ultrapunainen pesuaine &#8211; 30 \u20ac<\/p>\n<p>P\u00e4\u00e4noja &#8211; 18 \u20ac<\/p>\n<p>&nbsp;<\/p>\n<p>&nbsp;<\/p>\n<p>&nbsp;<\/p>\n<p><a href=\"https:\/\/factory.sale\/wp-content\/uploads\/2024\/04\/Manual-for-hot-tub-using.pdf\" target=\"_blank\" rel=\"noopener\">Ohjeet tynnyrisaunan k\u00e4ytt\u00f6\u00f6n<\/a><\/p>\n","protected":false},"excerpt":{"rendered":"<p>Lasikuituinen kylpytynnyri 1,8 m \/ 2 m integroidulla kamiinalla on verhoiltu korkealaatuisella puutavaralla, mik\u00e4 tekee siit\u00e4 tyylikk\u00e4\u00e4n, klassisen ja ylellisen.<\/p>\n","protected":false},"featured_media":84165,"comment_status":"open","ping_status":"closed","template":"","meta":{"_acf_changed":false},"factory":[],"free-shipment":[],"product_brand":[],"product_cat":[2210],"product_tag":[],"class_list":{"0":"post-84183","1":"product","2":"type-product","3":"status-publish","4":"has-post-thumbnail","6":"product_cat-kylpytynnyrit","8":"first","9":"instock","10":"sale","11":"taxable","12":"shipping-taxable","13":"purchasable","14":"product-type-simple"},"acf":[],"_links":{"self":[{"href":"https:\/\/factory.sale\/fi\/wp-json\/wp\/v2\/product\/84183","targetHints":{"allow":["GET"]}}],"collection":[{"href":"https:\/\/factory.sale\/fi\/wp-json\/wp\/v2\/product"}],"about":[{"href":"https:\/\/factory.sale\/fi\/wp-json\/wp\/v2\/types\/product"}],"replies":[{"embeddable":true,"href":"https:\/\/factory.sale\/fi\/wp-json\/wp\/v2\/comments?post=84183"}],"wp:featuredmedia":[{"embeddable":true,"href":"https:\/\/factory.sale\/fi\/wp-json\/wp\/v2\/media\/84165"}],"wp:attachment":[{"href":"https:\/\/factory.sale\/fi\/wp-json\/wp\/v2\/media?parent=84183"}],"wp:term":[{"taxonomy":"factory","embeddable":true,"href":"https:\/\/factory.sale\/fi\/wp-json\/wp\/v2\/factory?post=84183"},{"taxonomy":"free-shipment","embeddable":true,"href":"https:\/\/factory.sale\/fi\/wp-json\/wp\/v2\/free-shipment?post=84183"},{"taxonomy":"product_brand","embeddable":true,"href":"https:\/\/factory.sale\/fi\/wp-json\/wp\/v2\/product_brand?post=84183"},{"taxonomy":"product_cat","embeddable":true,"href":"https:\/\/factory.sale\/fi\/wp-json\/wp\/v2\/product_cat?post=84183"},{"taxonomy":"product_tag","embeddable":true,"href":"https:\/\/factory.sale\/fi\/wp-json\/wp\/v2\/product_tag?post=84183"}],"curies":[{"name":"wp","href":"https:\/\/api.w.org\/{rel}","templated":true}]}}