{"id":84024,"date":"2025-10-12T12:48:23","date_gmt":"2024-04-16T13:03:02","guid":{"rendered":"https:\/\/factory.sale\/?post_type=product&#038;p=84024"},"modified":"2026-02-11T02:29:53","modified_gmt":"2026-02-10T23:29:53","slug":"ofuro-kylpyntynnyri-integroidulla-lammittimella-ja-akryylisisuksella","status":"publish","type":"product","link":"https:\/\/factory.sale\/fi\/tuote\/ofuro-kylpyntynnyri-integroidulla-lammittimella-ja-akryylisisuksella\/","title":{"rendered":"1,2&#215;1,9m Ofuro kylpyntynnyri integroidulla kamiinalla ja akryylisisuksella"},"content":{"rendered":"<p><strong>OFURO-AKRYYLIPALJUN INTEGROIDULLA L\u00c4MMITTIMELL\u00c4<\/strong><\/p>\n<p>Nauti kompaktista ja ylellisest\u00e4 rentoutumisesta Ofuro-akryylipaljussa, joka on t\u00e4ydellisesti suunniteltu kahdelle hengelle. T\u00e4m\u00e4 malli sopii erinomaisesti niille, jotka haluavat s\u00e4\u00e4st\u00e4\u00e4 tilaa pihalla \u2013 kokonsa ja integroidun l\u00e4mmittimen ansiosta erillisi\u00e4 ulkoisia laitteita ei tarvita.<\/p>\n<p><strong>Tehokas veden l\u00e4mmitys: <\/strong>Koska t\u00e4ss\u00e4 mallissa on v\u00e4hemm\u00e4n vett\u00e4 kuin perinteisiss\u00e4 paljuissa, vesi l\u00e4mpenee eritt\u00e4in nopeasti (noin 1\u20131,5 tunnissa), joten p\u00e4\u00e4set nauttimaan l\u00e4mpim\u00e4st\u00e4 paljusta ilman pitk\u00e4\u00e4 odotusta.<br \/>\n<strong>Ensiluokkainen akryylisisus: <\/strong>Akryylinen sis\u00e4pinta on kaksi kertaa paksumpi kuin lasikuitu, mik\u00e4 takaa erinomaisen kest\u00e4vyyden sek\u00e4 hyv\u00e4n vastustuskyvyn kemikaaleja ja pieni\u00e4 naarmuja vastaan. N\u00e4in paljusi s\u00e4ilytt\u00e4\u00e4 ulkon\u00e4k\u00f6ns\u00e4 ja toimivuutensa pitk\u00e4\u00e4n.<br \/>\n<strong>Sisuksen v\u00e4rivaihtoehdot:<\/strong> Valitse kolmesta metallinhohtoisesta akryylisisuksen v\u00e4rist\u00e4 ja tuo pihaasi ripaus luksusta ja eleganssia. Palju ei ole ainoastaan k\u00e4yt\u00e4nn\u00f6llinen, vaan my\u00f6s tyylik\u00e4s katseenvangitsija ulkotilassasi.<br \/>\nOfuro-akryylipalju integroidulla l\u00e4mmittimell\u00e4 on erinomainen valinta pariskunnille, joissa mukavuus ja laatu yhdistyv\u00e4t tyylikk\u00e4\u00e4seen muotoiluun.<\/p>\n<p>&nbsp;<\/p>\n<p>&nbsp;<\/p>\n<p><strong>Erittelyt:<\/strong><\/p>\n<div class=\"TyagGW_tableContainer\">\n<div class=\"group TyagGW_tableWrapper flex w-fit flex-col-reverse\" tabindex=\"-1\">\n<table class=\"w-fit min-w-(--thread-content-width)\" style=\"height: 324px;\" width=\"447\" data-start=\"551\" data-end=\"991\">\n<thead data-start=\"551\" data-end=\"599\">\n<tr data-start=\"551\" data-end=\"599\">\n<th data-start=\"551\" data-end=\"576\" data-col-size=\"sm\"><\/th>\n<th data-start=\"576\" data-end=\"599\" data-col-size=\"sm\"><\/th>\n<\/tr>\n<\/thead>\n<tbody data-start=\"649\" data-end=\"991\">\n<tr data-start=\"649\" data-end=\"697\">\n<td data-start=\"649\" data-end=\"674\" data-col-size=\"sm\">Muoto<\/td>\n<td data-col-size=\"sm\" data-start=\"674\" data-end=\"697\">Soikea<\/td>\n<\/tr>\n<tr data-start=\"698\" data-end=\"746\">\n<td data-start=\"698\" data-end=\"723\" data-col-size=\"sm\">Sis\u00e4inen halkaisija<\/td>\n<td data-col-size=\"sm\" data-start=\"723\" data-end=\"746\">100 cm \u00d7 170 cm<\/td>\n<\/tr>\n<tr data-start=\"747\" data-end=\"795\">\n<td data-start=\"747\" data-end=\"772\" data-col-size=\"sm\">Ulkoinen halkaisija<\/td>\n<td data-col-size=\"sm\" data-start=\"772\" data-end=\"795\">120 cm \u00d7 190 cm<\/td>\n<\/tr>\n<tr data-start=\"796\" data-end=\"844\">\n<td data-start=\"796\" data-end=\"821\" data-col-size=\"sm\">Sein\u00e4n korkeus<\/td>\n<td data-start=\"821\" data-end=\"844\" data-col-size=\"sm\">1 m<\/td>\n<\/tr>\n<tr data-start=\"845\" data-end=\"893\">\n<td data-start=\"845\" data-end=\"870\" data-col-size=\"sm\">Tilavuus (vesi)<\/td>\n<td data-start=\"870\" data-end=\"893\" data-col-size=\"sm\">750\u2013800 l<\/td>\n<\/tr>\n<tr data-start=\"894\" data-end=\"942\">\n<td data-start=\"894\" data-end=\"919\" data-col-size=\"sm\">Paino<\/td>\n<td data-start=\"919\" data-end=\"942\" data-col-size=\"sm\">200 kg<\/td>\n<\/tr>\n<tr data-start=\"943\" data-end=\"991\">\n<td data-start=\"943\" data-end=\"968\" data-col-size=\"sm\">Henkil\u00f6kapasiteetti<\/td>\n<td data-col-size=\"sm\" data-start=\"968\" data-end=\"991\">2 henkil\u00f6\u00e4<\/td>\n<\/tr>\n<\/tbody>\n<\/table>\n<\/div>\n<\/div>\n<p>&nbsp;<\/p>\n<p><strong>Vakiosetit:<\/strong><\/p>\n<ul>\n<li>Puumateriaali: Siperian kuusi<\/li>\n<li>Akryylisisus: vaihtoehdot: valkoinen ja harmaa<\/li>\n<li>Integroitu 20 kW puul\u00e4mmitteinen kamiina 2 metrin savupiipulla ja katolla (ruostumattomasta ter\u00e4ksest\u00e4);<\/li>\n<li>Veden ulostulo sivusta;<\/li>\n<li>Puiset portaat;<\/li>\n<li>Puinen hylly;<\/li>\n<li>S\u00e4hk\u00f6inen l\u00e4mp\u00f6-digimittari;<\/li>\n<li>Vesi\u00e4 sekoittava mela<\/li>\n<\/ul>\n<p>&nbsp;<\/p>\n<p>&nbsp;<\/p>\n<p>&nbsp;<\/p>\n<h2>Lis\u00e4varusteet<\/h2>\n<p>&nbsp;<\/p>\n<p><strong>Lasikuidun v\u00e4rivaihtoehdot:<\/strong><\/p>\n<p>Valkoinen, metallinharmaa, metallinkultainen (0 \u20ac)<\/p>\n<p><img loading=\"lazy\" decoding=\"async\" class=\"alignnone wp-image-139141\" src=\"https:\/\/factory.sale\/wp-content\/uploads\/2025\/10\/Ufuro-insert-colour-factory-sale-300x59.png\" alt=\"\" width=\"508\" height=\"100\" srcset=\"https:\/\/factory.sale\/wp-content\/uploads\/2025\/10\/Ufuro-insert-colour-factory-sale-300x59.png 300w, https:\/\/factory.sale\/wp-content\/uploads\/2025\/10\/Ufuro-insert-colour-factory-sale-150x29.png 150w, https:\/\/factory.sale\/wp-content\/uploads\/2025\/10\/Ufuro-insert-colour-factory-sale-768x151.png 768w, https:\/\/factory.sale\/wp-content\/uploads\/2025\/10\/Ufuro-insert-colour-factory-sale-600x118.png 600w, https:\/\/factory.sale\/wp-content\/uploads\/2025\/10\/Ufuro-insert-colour-factory-sale.png 898w\" sizes=\"auto, (max-width: 508px) 100vw, 508px\" \/><\/p>\n<p>&nbsp;<\/p>\n<p>&nbsp;<\/p>\n<p><strong>L\u00e4mmitin:<\/strong><\/p>\n<p><img loading=\"lazy\" decoding=\"async\" class=\"alignnone wp-image-139622\" src=\"https:\/\/factory.sale\/wp-content\/uploads\/2024\/06\/Ufuro-lammitin-factory-sale-300x61.png\" alt=\"\" width=\"640\" height=\"130\" srcset=\"https:\/\/factory.sale\/wp-content\/uploads\/2024\/06\/Ufuro-lammitin-factory-sale-300x61.png 300w, https:\/\/factory.sale\/wp-content\/uploads\/2024\/06\/Ufuro-lammitin-factory-sale-1024x208.png 1024w, https:\/\/factory.sale\/wp-content\/uploads\/2024\/06\/Ufuro-lammitin-factory-sale-150x30.png 150w, https:\/\/factory.sale\/wp-content\/uploads\/2024\/06\/Ufuro-lammitin-factory-sale-768x156.png 768w, https:\/\/factory.sale\/wp-content\/uploads\/2024\/06\/Ufuro-lammitin-factory-sale-1536x312.png 1536w, https:\/\/factory.sale\/wp-content\/uploads\/2024\/06\/Ufuro-lammitin-factory-sale-600x122.png 600w, https:\/\/factory.sale\/wp-content\/uploads\/2024\/06\/Ufuro-lammitin-factory-sale.png 1822w\" sizes=\"auto, (max-width: 640px) 100vw, 640px\" \/><\/p>\n<p>&nbsp;<\/p>\n<p><strong>Verhous:<\/strong><\/p>\n<p><img loading=\"lazy\" decoding=\"async\" class=\"alignnone wp-image-139587\" src=\"https:\/\/factory.sale\/wp-content\/uploads\/2024\/06\/Ufuro-verhous-factory-sale-300x50.png\" alt=\"\" width=\"690\" height=\"115\" srcset=\"https:\/\/factory.sale\/wp-content\/uploads\/2024\/06\/Ufuro-verhous-factory-sale-300x50.png 300w, https:\/\/factory.sale\/wp-content\/uploads\/2024\/06\/Ufuro-verhous-factory-sale-1024x171.png 1024w, https:\/\/factory.sale\/wp-content\/uploads\/2024\/06\/Ufuro-verhous-factory-sale-150x25.png 150w, https:\/\/factory.sale\/wp-content\/uploads\/2024\/06\/Ufuro-verhous-factory-sale-768x128.png 768w, https:\/\/factory.sale\/wp-content\/uploads\/2024\/06\/Ufuro-verhous-factory-sale-1536x257.png 1536w, https:\/\/factory.sale\/wp-content\/uploads\/2024\/06\/Ufuro-verhous-factory-sale-600x100.png 600w, https:\/\/factory.sale\/wp-content\/uploads\/2024\/06\/Ufuro-verhous-factory-sale.png 1818w\" sizes=\"auto, (max-width: 690px) 100vw, 690px\" \/><\/p>\n<p>&nbsp;<\/p>\n<p><strong>SPA j\u00e4rjestelm\u00e4:<\/strong><\/p>\n<p><img loading=\"lazy\" decoding=\"async\" class=\"alignnone wp-image-139591\" src=\"https:\/\/factory.sale\/wp-content\/uploads\/2024\/06\/Ufuro-jarjestelma-factory-sale-300x58.png\" alt=\"\" width=\"683\" height=\"132\" srcset=\"https:\/\/factory.sale\/wp-content\/uploads\/2024\/06\/Ufuro-jarjestelma-factory-sale-300x58.png 300w, https:\/\/factory.sale\/wp-content\/uploads\/2024\/06\/Ufuro-jarjestelma-factory-sale-1024x199.png 1024w, https:\/\/factory.sale\/wp-content\/uploads\/2024\/06\/Ufuro-jarjestelma-factory-sale-150x29.png 150w, https:\/\/factory.sale\/wp-content\/uploads\/2024\/06\/Ufuro-jarjestelma-factory-sale-768x149.png 768w, https:\/\/factory.sale\/wp-content\/uploads\/2024\/06\/Ufuro-jarjestelma-factory-sale-1536x299.png 1536w, https:\/\/factory.sale\/wp-content\/uploads\/2024\/06\/Ufuro-jarjestelma-factory-sale-600x117.png 600w, https:\/\/factory.sale\/wp-content\/uploads\/2024\/06\/Ufuro-jarjestelma-factory-sale.png 1850w\" sizes=\"auto, (max-width: 683px) 100vw, 683px\" \/><\/p>\n<p>&nbsp;<\/p>\n<p><strong>LED valaistus:<\/strong><\/p>\n<p><img loading=\"lazy\" decoding=\"async\" class=\"alignnone wp-image-139596\" src=\"https:\/\/factory.sale\/wp-content\/uploads\/2024\/06\/Ufuro-led-valaistus-factory-sale-300x52.png\" alt=\"\" width=\"681\" height=\"118\" srcset=\"https:\/\/factory.sale\/wp-content\/uploads\/2024\/06\/Ufuro-led-valaistus-factory-sale-300x52.png 300w, https:\/\/factory.sale\/wp-content\/uploads\/2024\/06\/Ufuro-led-valaistus-factory-sale-1024x179.png 1024w, https:\/\/factory.sale\/wp-content\/uploads\/2024\/06\/Ufuro-led-valaistus-factory-sale-150x26.png 150w, https:\/\/factory.sale\/wp-content\/uploads\/2024\/06\/Ufuro-led-valaistus-factory-sale-768x134.png 768w, https:\/\/factory.sale\/wp-content\/uploads\/2024\/06\/Ufuro-led-valaistus-factory-sale-1536x268.png 1536w, https:\/\/factory.sale\/wp-content\/uploads\/2024\/06\/Ufuro-led-valaistus-factory-sale-600x105.png 600w, https:\/\/factory.sale\/wp-content\/uploads\/2024\/06\/Ufuro-led-valaistus-factory-sale.png 1854w\" sizes=\"auto, (max-width: 681px) 100vw, 681px\" \/><\/p>\n<p>&nbsp;<\/p>\n<p><strong>Kannet:<\/strong><\/p>\n<p><img loading=\"lazy\" decoding=\"async\" class=\"alignnone wp-image-139600\" src=\"https:\/\/factory.sale\/wp-content\/uploads\/2024\/06\/Ufuro-kannet-factory-sale-300x59.png\" alt=\"\" width=\"681\" height=\"134\" srcset=\"https:\/\/factory.sale\/wp-content\/uploads\/2024\/06\/Ufuro-kannet-factory-sale-300x59.png 300w, https:\/\/factory.sale\/wp-content\/uploads\/2024\/06\/Ufuro-kannet-factory-sale-1024x201.png 1024w, https:\/\/factory.sale\/wp-content\/uploads\/2024\/06\/Ufuro-kannet-factory-sale-150x30.png 150w, https:\/\/factory.sale\/wp-content\/uploads\/2024\/06\/Ufuro-kannet-factory-sale-768x151.png 768w, https:\/\/factory.sale\/wp-content\/uploads\/2024\/06\/Ufuro-kannet-factory-sale-1536x302.png 1536w, https:\/\/factory.sale\/wp-content\/uploads\/2024\/06\/Ufuro-kannet-factory-sale-600x118.png 600w, https:\/\/factory.sale\/wp-content\/uploads\/2024\/06\/Ufuro-kannet-factory-sale.png 1596w\" sizes=\"auto, (max-width: 681px) 100vw, 681px\" \/><\/p>\n<p>&nbsp;<\/p>\n<p><strong>Suodattimet:<\/strong><\/p>\n<p><img loading=\"lazy\" decoding=\"async\" class=\"alignnone wp-image-139604\" src=\"https:\/\/factory.sale\/wp-content\/uploads\/2024\/06\/Ufuro-suodattimet-factory-sale-300x72.png\" alt=\"\" width=\"658\" height=\"158\" srcset=\"https:\/\/factory.sale\/wp-content\/uploads\/2024\/06\/Ufuro-suodattimet-factory-sale-300x72.png 300w, https:\/\/factory.sale\/wp-content\/uploads\/2024\/06\/Ufuro-suodattimet-factory-sale-1024x245.png 1024w, https:\/\/factory.sale\/wp-content\/uploads\/2024\/06\/Ufuro-suodattimet-factory-sale-150x36.png 150w, https:\/\/factory.sale\/wp-content\/uploads\/2024\/06\/Ufuro-suodattimet-factory-sale-768x183.png 768w, https:\/\/factory.sale\/wp-content\/uploads\/2024\/06\/Ufuro-suodattimet-factory-sale-1536x367.png 1536w, https:\/\/factory.sale\/wp-content\/uploads\/2024\/06\/Ufuro-suodattimet-factory-sale-600x143.png 600w, https:\/\/factory.sale\/wp-content\/uploads\/2024\/06\/Ufuro-suodattimet-factory-sale.png 1876w\" sizes=\"auto, (max-width: 658px) 100vw, 658px\" \/><\/p>\n<p>&nbsp;<\/p>\n<p><strong>Lis\u00e4t:<\/strong><\/p>\n<p><img loading=\"lazy\" decoding=\"async\" class=\"alignnone wp-image-139608\" src=\"https:\/\/factory.sale\/wp-content\/uploads\/2024\/06\/Ufuro-lisat-1-factory-sale-300x78.png\" alt=\"\" width=\"669\" height=\"174\" srcset=\"https:\/\/factory.sale\/wp-content\/uploads\/2024\/06\/Ufuro-lisat-1-factory-sale-300x78.png 300w, https:\/\/factory.sale\/wp-content\/uploads\/2024\/06\/Ufuro-lisat-1-factory-sale-1024x265.png 1024w, https:\/\/factory.sale\/wp-content\/uploads\/2024\/06\/Ufuro-lisat-1-factory-sale-150x39.png 150w, https:\/\/factory.sale\/wp-content\/uploads\/2024\/06\/Ufuro-lisat-1-factory-sale-768x199.png 768w, https:\/\/factory.sale\/wp-content\/uploads\/2024\/06\/Ufuro-lisat-1-factory-sale-1536x398.png 1536w, https:\/\/factory.sale\/wp-content\/uploads\/2024\/06\/Ufuro-lisat-1-factory-sale-600x155.png 600w, https:\/\/factory.sale\/wp-content\/uploads\/2024\/06\/Ufuro-lisat-1-factory-sale.png 1760w\" sizes=\"auto, (max-width: 669px) 100vw, 669px\" \/><\/p>\n<p><img loading=\"lazy\" decoding=\"async\" class=\"alignnone wp-image-139611\" src=\"https:\/\/factory.sale\/wp-content\/uploads\/2024\/06\/Ufuro-lisat-2-factory-sale-300x68.png\" alt=\"\" width=\"670\" height=\"152\" srcset=\"https:\/\/factory.sale\/wp-content\/uploads\/2024\/06\/Ufuro-lisat-2-factory-sale-300x68.png 300w, https:\/\/factory.sale\/wp-content\/uploads\/2024\/06\/Ufuro-lisat-2-factory-sale-1024x232.png 1024w, https:\/\/factory.sale\/wp-content\/uploads\/2024\/06\/Ufuro-lisat-2-factory-sale-150x34.png 150w, https:\/\/factory.sale\/wp-content\/uploads\/2024\/06\/Ufuro-lisat-2-factory-sale-768x174.png 768w, https:\/\/factory.sale\/wp-content\/uploads\/2024\/06\/Ufuro-lisat-2-factory-sale-1536x348.png 1536w, https:\/\/factory.sale\/wp-content\/uploads\/2024\/06\/Ufuro-lisat-2-factory-sale-600x136.png 600w, https:\/\/factory.sale\/wp-content\/uploads\/2024\/06\/Ufuro-lisat-2-factory-sale.png 1634w\" sizes=\"auto, (max-width: 670px) 100vw, 670px\" \/><\/p>\n<p>&nbsp;<\/p>\n<p><strong>Piirustukset:<\/strong><\/p>\n<p><img loading=\"lazy\" decoding=\"async\" class=\"alignnone wp-image-139616\" src=\"https:\/\/factory.sale\/wp-content\/uploads\/2024\/06\/Ufuro-piirustukset-factory-sale-300x118.png\" alt=\"\" width=\"427\" height=\"168\" srcset=\"https:\/\/factory.sale\/wp-content\/uploads\/2024\/06\/Ufuro-piirustukset-factory-sale-300x118.png 300w, https:\/\/factory.sale\/wp-content\/uploads\/2024\/06\/Ufuro-piirustukset-factory-sale-150x59.png 150w, https:\/\/factory.sale\/wp-content\/uploads\/2024\/06\/Ufuro-piirustukset-factory-sale-768x302.png 768w, https:\/\/factory.sale\/wp-content\/uploads\/2024\/06\/Ufuro-piirustukset-factory-sale-600x236.png 600w, https:\/\/factory.sale\/wp-content\/uploads\/2024\/06\/Ufuro-piirustukset-factory-sale.png 838w\" sizes=\"auto, (max-width: 427px) 100vw, 427px\" \/><\/p>\n<p>&nbsp;<\/p>\n<p>Ruostumattomasta ter\u00e4ksest\u00e4 valmistetut kiristysnauhat (2 kpl) &#8211; 96 \u20ac<\/p>\n","protected":false},"excerpt":{"rendered":"<p>Nauti ylellisest\u00e4 ja rauhallisesta hetkest\u00e4 omassa pihassasi. Ofuro-palju kahdelle, akryylisisuksella, integroidulla l\u00e4mmittimell\u00e4, nopealla vedenl\u00e4mmityksell\u00e4 ja elegantilla muotoilulla tuo aidon spa-el\u00e4myksen kotiisi.<\/p>\n","protected":false},"featured_media":135118,"comment_status":"open","ping_status":"closed","template":"","meta":{"_acf_changed":false},"factory":[],"free-shipment":[],"product_brand":[],"product_cat":[2210,2588],"product_tag":[2846],"class_list":{"0":"post-84024","1":"product","2":"type-product","3":"status-publish","4":"has-post-thumbnail","6":"product_cat-kylpytynnyrit","7":"product_cat-lasikuituiset-kylpytynnyrit","8":"product_tag-hot-tub-fi","10":"first","11":"instock","12":"sale","13":"taxable","14":"shipping-taxable","15":"purchasable","16":"product-type-simple"},"acf":[],"_links":{"self":[{"href":"https:\/\/factory.sale\/fi\/wp-json\/wp\/v2\/product\/84024","targetHints":{"allow":["GET"]}}],"collection":[{"href":"https:\/\/factory.sale\/fi\/wp-json\/wp\/v2\/product"}],"about":[{"href":"https:\/\/factory.sale\/fi\/wp-json\/wp\/v2\/types\/product"}],"replies":[{"embeddable":true,"href":"https:\/\/factory.sale\/fi\/wp-json\/wp\/v2\/comments?post=84024"}],"wp:featuredmedia":[{"embeddable":true,"href":"https:\/\/factory.sale\/fi\/wp-json\/wp\/v2\/media\/135118"}],"wp:attachment":[{"href":"https:\/\/factory.sale\/fi\/wp-json\/wp\/v2\/media?parent=84024"}],"wp:term":[{"taxonomy":"factory","embeddable":true,"href":"https:\/\/factory.sale\/fi\/wp-json\/wp\/v2\/factory?post=84024"},{"taxonomy":"free-shipment","embeddable":true,"href":"https:\/\/factory.sale\/fi\/wp-json\/wp\/v2\/free-shipment?post=84024"},{"taxonomy":"product_brand","embeddable":true,"href":"https:\/\/factory.sale\/fi\/wp-json\/wp\/v2\/product_brand?post=84024"},{"taxonomy":"product_cat","embeddable":true,"href":"https:\/\/factory.sale\/fi\/wp-json\/wp\/v2\/product_cat?post=84024"},{"taxonomy":"product_tag","embeddable":true,"href":"https:\/\/factory.sale\/fi\/wp-json\/wp\/v2\/product_tag?post=84024"}],"curies":[{"name":"wp","href":"https:\/\/api.w.org\/{rel}","templated":true}]}}