{"id":83984,"date":"2024-04-14T19:43:17","date_gmt":"2024-04-14T20:01:18","guid":{"rendered":"https:\/\/factory.sale\/?post_type=product&#038;p=83984"},"modified":"2024-06-25T19:56:18","modified_gmt":"2024-06-25T19:56:18","slug":"seinatuki-75","status":"publish","type":"product","link":"https:\/\/factory.sale\/fi\/tuote\/seinatuki-75\/","title":{"rendered":"Sein\u00e4tuki-75"},"content":{"rendered":"<p>Sein\u00e4tuki nojaa hyv\u00e4n pidon omaavilla muovitassuilla kohteeseen ja pit\u00e4\u00e4 tikkaat irti sein\u00e4st\u00e4. Sein\u00e4tuki-75 soveltuu k\u00e4ytett\u00e4v\u00e4ksi vain Suomi-Tikkaan valmistamien tikkaiden kanssa.<\/p>\n<p>&nbsp;<\/p>\n<p>Sein\u00e4tuki ei sis\u00e4ll\u00e4 tikkaita, vaan on niihin erikseen saatava lis\u00e4varuste.<\/p>\n<p>&nbsp;<\/p>\n<p><strong>Soveltuu k\u00e4ytett\u00e4v\u00e4ksi seuraavien tikkaiden kanssa:<\/strong><\/p>\n<p><strong>1-osaiset nojatikkaat<\/strong><br \/>\nMalli KT-140<br \/>\nMalli KT-150<br \/>\nMalli KT-160<\/p>\n<p><strong>2-osaiset nojatikkaat<\/strong><br \/>\nMalli KTS-261<br \/>\nMalli KTS-272<br \/>\nMalli KTS-284<\/p>\n<p><strong>3-osaiset nojatikkaat<\/strong><br \/>\nMalli KTS-360<br \/>\nMalli KTS-375<br \/>\nMalli KTS-390<\/p>\n<p><strong>2-osaiset yhdistelm\u00e4tikkaat<\/strong><br \/>\nMalli KTY-261<br \/>\nMalli KTY-272<\/p>\n<p><strong>3-osaiset yhdistelm\u00e4tikkaat<\/strong><br \/>\nMalli KTY-350<br \/>\nMalli KTY-360<br \/>\nMalli KTY-375<br \/>\nMalli KTY-390<\/p>\n<ul>\n<li>Leveys 810 mm (tassuista mitattuna)<\/li>\n<li>Tikkaiden et\u00e4isyys sein\u00e4st\u00e4 210 mm<\/li>\n<\/ul>\n<p>&nbsp;<\/p>\n<p><a href=\"https:\/\/factory.sale\/wp-content\/uploads\/2024\/04\/yleisohjeet-kaikkille-tikkaille.pdf\" target=\"_blank\" rel=\"noopener\">Tikkaiden turvallinen k\u00e4ytt\u00f6 -ohjeet suomeksi<\/a><\/p>\n","protected":false},"excerpt":{"rendered":"<p>Sein\u00e4tuki nojaa hyv\u00e4n pidon omaavilla muovitassuilla kohteeseen ja pit\u00e4\u00e4 tikkaat irti sein\u00e4st\u00e4. Sein\u00e4tuki-75 soveltuu k\u00e4ytett\u00e4v\u00e4ksi vain Suomi-Tikkaan valmistamien tikkaiden kanssa.<\/p>\n<p><img loading=\"lazy\" decoding=\"async\" class=\"alignnone size-medium wp-image-27958\" src=\"https:\/\/factory.sale\/wp-content\/uploads\/2023\/05\/made-in-finland-300x240.png\" alt=\"\" width=\"300\" height=\"240\" srcset=\"https:\/\/factory.sale\/wp-content\/uploads\/2023\/05\/made-in-finland-300x240.png 300w, https:\/\/factory.sale\/wp-content\/uploads\/2023\/05\/made-in-finland-150x120.png 150w, https:\/\/factory.sale\/wp-content\/uploads\/2023\/05\/made-in-finland-600x480.png 600w, https:\/\/factory.sale\/wp-content\/uploads\/2023\/05\/made-in-finland.png 750w\" sizes=\"auto, (max-width: 300px) 100vw, 300px\" \/><\/p>\n","protected":false},"featured_media":83967,"comment_status":"open","ping_status":"closed","template":"","meta":{"_acf_changed":false},"factory":[],"free-shipment":[],"product_brand":[],"product_cat":[2856,1322],"product_tag":[],"class_list":{"0":"post-83984","1":"product","2":"type-product","3":"status-publish","4":"has-post-thumbnail","6":"product_cat-tikkaat-ja-telineet","7":"product_cat-tyokalut-ja-valineet","9":"first","10":"instock","11":"sale","12":"taxable","13":"shipping-taxable","14":"purchasable","15":"product-type-simple"},"acf":[],"_links":{"self":[{"href":"https:\/\/factory.sale\/fi\/wp-json\/wp\/v2\/product\/83984","targetHints":{"allow":["GET"]}}],"collection":[{"href":"https:\/\/factory.sale\/fi\/wp-json\/wp\/v2\/product"}],"about":[{"href":"https:\/\/factory.sale\/fi\/wp-json\/wp\/v2\/types\/product"}],"replies":[{"embeddable":true,"href":"https:\/\/factory.sale\/fi\/wp-json\/wp\/v2\/comments?post=83984"}],"wp:featuredmedia":[{"embeddable":true,"href":"https:\/\/factory.sale\/fi\/wp-json\/wp\/v2\/media\/83967"}],"wp:attachment":[{"href":"https:\/\/factory.sale\/fi\/wp-json\/wp\/v2\/media?parent=83984"}],"wp:term":[{"taxonomy":"factory","embeddable":true,"href":"https:\/\/factory.sale\/fi\/wp-json\/wp\/v2\/factory?post=83984"},{"taxonomy":"free-shipment","embeddable":true,"href":"https:\/\/factory.sale\/fi\/wp-json\/wp\/v2\/free-shipment?post=83984"},{"taxonomy":"product_brand","embeddable":true,"href":"https:\/\/factory.sale\/fi\/wp-json\/wp\/v2\/product_brand?post=83984"},{"taxonomy":"product_cat","embeddable":true,"href":"https:\/\/factory.sale\/fi\/wp-json\/wp\/v2\/product_cat?post=83984"},{"taxonomy":"product_tag","embeddable":true,"href":"https:\/\/factory.sale\/fi\/wp-json\/wp\/v2\/product_tag?post=83984"}],"curies":[{"name":"wp","href":"https:\/\/api.w.org\/{rel}","templated":true}]}}