{"id":83978,"date":"2024-04-14T19:24:34","date_gmt":"2024-04-14T19:34:14","guid":{"rendered":"https:\/\/factory.sale\/?post_type=product&#038;p=83978"},"modified":"2024-06-26T00:05:42","modified_gmt":"2024-06-26T00:05:42","slug":"seinatuki-60","status":"publish","type":"product","link":"https:\/\/factory.sale\/fi\/tuote\/seinatuki-60\/","title":{"rendered":"Sein\u00e4tuki-60"},"content":{"rendered":"<p>Sein\u00e4tuki nojaa hyv\u00e4n pidon omaavilla muovitassuilla kohteeseen ja pit\u00e4\u00e4 tikkaat irti sein\u00e4st\u00e4. Sein\u00e4tuki-60 soveltuu k\u00e4ytett\u00e4v\u00e4ksi vain Suomi-Tikkaan valmistamien tikkaiden kanssa.<\/p>\n<p>Sein\u00e4tuki ei sis\u00e4ll\u00e4 tikkaita, vaan on niihin erikseen saatava lis\u00e4varuste.<\/p>\n<p><strong>Soveltuu k\u00e4ytett\u00e4v\u00e4ksi seuraavien tikkaiden kanssa:<\/strong><\/p>\n<p><strong>1-osaiset nojatikkaat<\/strong><br \/>\nMalli KT-125<br \/>\nMalli KT-130<\/p>\n<p><strong>2-osaiset nojatikkaat<\/strong><br \/>\nMalli KTS-241<br \/>\nMalli KTS-250<\/p>\n<p><strong>2-osaiset yhdistelm\u00e4tikkaat<\/strong><br \/>\nMalli KTY-241<br \/>\nMalli KTY-250<\/p>\n<ul>\n<li>Leveys 810 mm (tassuista mitattuna)<\/li>\n<li>Tikkaiden et\u00e4isyys sein\u00e4st\u00e4 210 mm<\/li>\n<\/ul>\n<p>&nbsp;<\/p>\n<p><a href=\"https:\/\/factory.sale\/wp-content\/uploads\/2024\/04\/yleisohjeet-kaikkille-tikkaille.pdf\" target=\"_blank\" rel=\"noopener\">Tikkaiden turvallinen k\u00e4ytt\u00f6 -ohjeet suomeksi<\/a><\/p>\n","protected":false},"excerpt":{"rendered":"<p>Sein\u00e4tuki nojaa hyv\u00e4n pidon omaavilla muovitassuilla kohteeseen ja pit\u00e4\u00e4 tikkaat irti sein\u00e4st\u00e4. Sein\u00e4tuki-60 soveltuu k\u00e4ytett\u00e4v\u00e4ksi vain Suomi-Tikkaan valmistamien tikkaiden kanssa.<\/p>\n<p><img loading=\"lazy\" decoding=\"async\" class=\"alignnone size-medium wp-image-27958\" src=\"https:\/\/factory.sale\/wp-content\/uploads\/2023\/05\/made-in-finland-300x240.png\" alt=\"\" width=\"300\" height=\"240\" srcset=\"https:\/\/factory.sale\/wp-content\/uploads\/2023\/05\/made-in-finland-300x240.png 300w, https:\/\/factory.sale\/wp-content\/uploads\/2023\/05\/made-in-finland-150x120.png 150w, https:\/\/factory.sale\/wp-content\/uploads\/2023\/05\/made-in-finland-600x480.png 600w, https:\/\/factory.sale\/wp-content\/uploads\/2023\/05\/made-in-finland.png 750w\" sizes=\"auto, (max-width: 300px) 100vw, 300px\" \/><\/p>\n","protected":false},"featured_media":83967,"comment_status":"open","ping_status":"closed","template":"","meta":{"_acf_changed":false},"factory":[],"free-shipment":[],"product_brand":[],"product_cat":[2856,1322],"product_tag":[609],"class_list":{"0":"post-83978","1":"product","2":"type-product","3":"status-publish","4":"has-post-thumbnail","6":"product_cat-tikkaat-ja-telineet","7":"product_cat-tyokalut-ja-valineet","8":"product_tag-tools-fi","10":"first","11":"instock","12":"sale","13":"taxable","14":"shipping-taxable","15":"purchasable","16":"product-type-simple"},"acf":[],"_links":{"self":[{"href":"https:\/\/factory.sale\/fi\/wp-json\/wp\/v2\/product\/83978","targetHints":{"allow":["GET"]}}],"collection":[{"href":"https:\/\/factory.sale\/fi\/wp-json\/wp\/v2\/product"}],"about":[{"href":"https:\/\/factory.sale\/fi\/wp-json\/wp\/v2\/types\/product"}],"replies":[{"embeddable":true,"href":"https:\/\/factory.sale\/fi\/wp-json\/wp\/v2\/comments?post=83978"}],"wp:featuredmedia":[{"embeddable":true,"href":"https:\/\/factory.sale\/fi\/wp-json\/wp\/v2\/media\/83967"}],"wp:attachment":[{"href":"https:\/\/factory.sale\/fi\/wp-json\/wp\/v2\/media?parent=83978"}],"wp:term":[{"taxonomy":"factory","embeddable":true,"href":"https:\/\/factory.sale\/fi\/wp-json\/wp\/v2\/factory?post=83978"},{"taxonomy":"free-shipment","embeddable":true,"href":"https:\/\/factory.sale\/fi\/wp-json\/wp\/v2\/free-shipment?post=83978"},{"taxonomy":"product_brand","embeddable":true,"href":"https:\/\/factory.sale\/fi\/wp-json\/wp\/v2\/product_brand?post=83978"},{"taxonomy":"product_cat","embeddable":true,"href":"https:\/\/factory.sale\/fi\/wp-json\/wp\/v2\/product_cat?post=83978"},{"taxonomy":"product_tag","embeddable":true,"href":"https:\/\/factory.sale\/fi\/wp-json\/wp\/v2\/product_tag?post=83978"}],"curies":[{"name":"wp","href":"https:\/\/api.w.org\/{rel}","templated":true}]}}