{"id":83952,"date":"2024-04-14T18:28:47","date_gmt":"2024-04-14T18:46:45","guid":{"rendered":"https:\/\/factory.sale\/?post_type=product&#038;p=83952"},"modified":"2024-06-26T11:30:58","modified_gmt":"2024-06-26T11:30:58","slug":"kattotuki-60","status":"publish","type":"product","link":"https:\/\/factory.sale\/fi\/tuote\/kattotuki-60\/","title":{"rendered":"Kattotuki-60"},"content":{"rendered":"<p>Kattotuki on monien sadevesij\u00e4rjestelmi\u00e4 asentavien ammattilaisten k\u00e4yt\u00f6ss\u00e4. Kattotuen avulla nojatikkailla voi r\u00e4yst\u00e4skouruja vahingoittamatta puhdistaa kourut ja esimerkiksi huoltaa tippapellit.<\/p>\n<p>Kattotuki ei sis\u00e4ll\u00e4 tikkaita, vaan on niihin erikseen saatava lis\u00e4varuste.<\/p>\n<p><strong>Soveltuu k\u00e4ytett\u00e4v\u00e4ksi seuraavien tikkaiden kanssa:<\/strong><\/p>\n<p><a href=\"https:\/\/factory.sale\/fi\/tuote-osasto\/yleinen-rakentaminen\/tyokalut-ja-valineet\/tikkaat-ja-telineet\/\" target=\"_blank\" rel=\"noopener\"><strong>1-osaiset nojatikkaat<\/strong><\/a><br \/>\nMalli KT-125<br \/>\nMalli KT-130<\/p>\n<p><a href=\"https:\/\/factory.sale\/fi\/tuote\/2-osaiset-nojatikkaat\/\" target=\"_blank\" rel=\"noopener\"><strong>2-osaiset nojatikkaat<\/strong><\/a><br \/>\nMalli KTS-241<br \/>\nMalli KTS-250<\/p>\n<p><a href=\"https:\/\/factory.sale\/fi\/tuote\/2-osaiset-yhdistelmatikkaat\/\" target=\"_blank\" rel=\"noopener\"><strong>2-osaiset yhdistelm\u00e4tikkaat<\/strong><\/a><br \/>\nMalli KTY-241<br \/>\nMalli KTY-250<\/p>\n<ul>\n<li>Leveys 111 cm (tassuista mitattuna)<\/li>\n<li>Kaksi korkeutta (tikkaiden et\u00e4isyys katosta) 32 cm \/ 44 cm<\/li>\n<\/ul>\n","protected":false},"excerpt":{"rendered":"<p>Kattotuki nojaa hyv\u00e4n pidon omaavilla muovitassuilla kattoon ja pit\u00e4\u00e4 tikkaat irti r\u00e4yst\u00e4skourusta , jolloin kouru ei p\u00e4\u00e4se vahingoittumaan tikkaiden painosta. Kattotuki-60 soveltuu k\u00e4ytett\u00e4v\u00e4ksi vain Suomi-Tikkaan valmistamien tikkaiden kanssa.<\/p>\n<p><img loading=\"lazy\" decoding=\"async\" class=\"alignnone size-medium wp-image-27958\" src=\"https:\/\/factory.sale\/wp-content\/uploads\/2023\/05\/made-in-finland-300x240.png\" alt=\"\" width=\"300\" height=\"240\" srcset=\"https:\/\/factory.sale\/wp-content\/uploads\/2023\/05\/made-in-finland-300x240.png 300w, https:\/\/factory.sale\/wp-content\/uploads\/2023\/05\/made-in-finland-150x120.png 150w, https:\/\/factory.sale\/wp-content\/uploads\/2023\/05\/made-in-finland-600x480.png 600w, https:\/\/factory.sale\/wp-content\/uploads\/2023\/05\/made-in-finland.png 750w\" sizes=\"auto, (max-width: 300px) 100vw, 300px\" \/><\/p>\n","protected":false},"featured_media":83956,"comment_status":"open","ping_status":"closed","template":"","meta":{"_acf_changed":false},"factory":[],"free-shipment":[],"product_brand":[],"product_cat":[2854,1040],"product_tag":[237],"class_list":{"0":"post-83952","1":"product","2":"type-product","3":"status-publish","4":"has-post-thumbnail","6":"product_cat-ladders-and-scaffolding","7":"product_cat-tools-and-equipment","8":"product_tag-tools","10":"first","11":"instock","12":"sale","13":"taxable","14":"shipping-taxable","15":"purchasable","16":"product-type-simple"},"acf":[],"_links":{"self":[{"href":"https:\/\/factory.sale\/fi\/wp-json\/wp\/v2\/product\/83952","targetHints":{"allow":["GET"]}}],"collection":[{"href":"https:\/\/factory.sale\/fi\/wp-json\/wp\/v2\/product"}],"about":[{"href":"https:\/\/factory.sale\/fi\/wp-json\/wp\/v2\/types\/product"}],"replies":[{"embeddable":true,"href":"https:\/\/factory.sale\/fi\/wp-json\/wp\/v2\/comments?post=83952"}],"wp:featuredmedia":[{"embeddable":true,"href":"https:\/\/factory.sale\/fi\/wp-json\/wp\/v2\/media\/83956"}],"wp:attachment":[{"href":"https:\/\/factory.sale\/fi\/wp-json\/wp\/v2\/media?parent=83952"}],"wp:term":[{"taxonomy":"factory","embeddable":true,"href":"https:\/\/factory.sale\/fi\/wp-json\/wp\/v2\/factory?post=83952"},{"taxonomy":"free-shipment","embeddable":true,"href":"https:\/\/factory.sale\/fi\/wp-json\/wp\/v2\/free-shipment?post=83952"},{"taxonomy":"product_brand","embeddable":true,"href":"https:\/\/factory.sale\/fi\/wp-json\/wp\/v2\/product_brand?post=83952"},{"taxonomy":"product_cat","embeddable":true,"href":"https:\/\/factory.sale\/fi\/wp-json\/wp\/v2\/product_cat?post=83952"},{"taxonomy":"product_tag","embeddable":true,"href":"https:\/\/factory.sale\/fi\/wp-json\/wp\/v2\/product_tag?post=83952"}],"curies":[{"name":"wp","href":"https:\/\/api.w.org\/{rel}","templated":true}]}}