{"id":83942,"date":"2024-04-14T18:10:52","date_gmt":"2024-04-14T18:20:42","guid":{"rendered":"https:\/\/factory.sale\/?post_type=product&#038;p=83942"},"modified":"2025-01-03T01:17:54","modified_gmt":"2025-01-02T22:17:54","slug":"noheva-tyopukit-alumiinitasolla","status":"publish","type":"product","link":"https:\/\/factory.sale\/fi\/tuote\/noheva-tyopukit-alumiinitasolla\/","title":{"rendered":"NOHEVA-ty\u00f6pukit alumiinitasolla"},"content":{"rendered":"<p>Ty\u00f6pukkien suuri alumiinitaso on tehty yhdest\u00e4 osasta, joka tekee tasosta tukevan sek\u00e4 turvallisen. T\u00e4m\u00e4n pukin nousukulma on 20\u00b0, joka on mallistomme muita pukkeja loivempi.<\/p>\n<p>Ty\u00f6skentelytason rei\u00b4itetty pinta antaa eritt\u00e4in hyv\u00e4n pidon. Muodoltaan ovaalit rei\u00e4t on suunniteltu siten, ett\u00e4 tasolle mahdollisesti ty\u00f6skentelyvaiheessa p\u00e4\u00e4ssyt vesi p\u00e4\u00e4see valumaan pois ja ehk\u00e4isee n\u00e4in pintaan j\u00e4\u00e4tyv\u00e4n vesikerroksen syntymisen.<\/p>\n<p>T\u00e4ytt\u00e4\u00e4 Vna 205\/2009 -vaatimukset<br \/>\nTy\u00f6taso alumiinia<br \/>\n80 mm syv\u00e4t rihlatut askelmat<br \/>\nLiukuesteet TPE-muovia, jolla on erinomaiset pito-ominaisuudet<br \/>\nTurvallinen nivellukitus<\/p>\n<p>&nbsp;<\/p>\n<div class=\"responsive-table\">\n<table>\n<tbody>\n<tr>\n<td><strong>KOODI<\/strong><\/td>\n<td><strong>ASKELMIA <\/strong><\/td>\n<td><strong>TASOKORKEUS <\/strong><\/td>\n<td><strong>ALALEVEYS<\/strong><\/td>\n<td><strong>AVAUTUMA ALHAALLA<\/strong><\/td>\n<td><strong>PAINO <\/strong><\/td>\n<td><strong>TASON KOKO<br \/>\nleveys\/syvyys<\/strong><\/td>\n<td><strong>T\u00c4YTT\u00c4\u00c4<br \/>\nTIKAS-OHJEEN (1)<\/strong><\/td>\n<\/tr>\n<tr>\n<td>NOHEVA-3<\/td>\n<td>3 kpl<\/td>\n<td>65,5 cm<\/td>\n<td>91 cm<\/td>\n<td>84 cm<\/td>\n<td>9 kg<\/td>\n<td>63,5 cm x 39,5 cm<\/td>\n<td>260.76 \u20ac<\/td>\n<\/tr>\n<tr>\n<td>NOHEVA-4<\/td>\n<td>4 kpl<\/td>\n<td>95 cm<\/td>\n<td>101 cm<\/td>\n<td>106 cm<\/td>\n<td>11,5 kg<\/td>\n<td>63,5 cm x 39,5 cm<\/td>\n<td>316.69 \u20ac<\/td>\n<\/tr>\n<\/tbody>\n<\/table>\n<\/div>\n<p>&nbsp;<\/p>\n<p><a href=\"https:\/\/factory.sale\/wp-content\/uploads\/2024\/04\/yleisohjeet-kaikkille-tikkaille.pdf\" target=\"_blank\" rel=\"noopener\">Tikkaiden turvallinen k\u00e4ytt\u00f6 -ohjeet suomeksi<\/a><\/p>\n","protected":false},"excerpt":{"rendered":"<p>2-puolisissa Noheva-ty\u00f6pukeissa on reilunkokoinen, alumiininen ty\u00f6taso, jonka pinta antaa todella hyv\u00e4n pidon my\u00f6s ulkot\u00f6iss\u00e4.<\/p>\n<p><img loading=\"lazy\" decoding=\"async\" class=\"alignnone size-medium wp-image-27958\" src=\"https:\/\/factory.sale\/wp-content\/uploads\/2023\/05\/made-in-finland-300x240.png\" alt=\"\" width=\"300\" height=\"240\" srcset=\"https:\/\/factory.sale\/wp-content\/uploads\/2023\/05\/made-in-finland-300x240.png 300w, https:\/\/factory.sale\/wp-content\/uploads\/2023\/05\/made-in-finland-150x120.png 150w, https:\/\/factory.sale\/wp-content\/uploads\/2023\/05\/made-in-finland-600x480.png 600w, https:\/\/factory.sale\/wp-content\/uploads\/2023\/05\/made-in-finland.png 750w\" sizes=\"auto, (max-width: 300px) 100vw, 300px\" \/><\/p>\n","protected":false},"featured_media":83935,"comment_status":"open","ping_status":"closed","template":"","meta":{"_acf_changed":false},"factory":[],"free-shipment":[],"product_brand":[],"product_cat":[2856,1322],"product_tag":[609],"class_list":{"0":"post-83942","1":"product","2":"type-product","3":"status-publish","4":"has-post-thumbnail","6":"product_cat-tikkaat-ja-telineet","7":"product_cat-tyokalut-ja-valineet","8":"product_tag-tools-fi","10":"first","11":"instock","12":"sale","13":"taxable","14":"shipping-taxable","15":"purchasable","16":"product-type-simple"},"acf":[],"_links":{"self":[{"href":"https:\/\/factory.sale\/fi\/wp-json\/wp\/v2\/product\/83942","targetHints":{"allow":["GET"]}}],"collection":[{"href":"https:\/\/factory.sale\/fi\/wp-json\/wp\/v2\/product"}],"about":[{"href":"https:\/\/factory.sale\/fi\/wp-json\/wp\/v2\/types\/product"}],"replies":[{"embeddable":true,"href":"https:\/\/factory.sale\/fi\/wp-json\/wp\/v2\/comments?post=83942"}],"wp:featuredmedia":[{"embeddable":true,"href":"https:\/\/factory.sale\/fi\/wp-json\/wp\/v2\/media\/83935"}],"wp:attachment":[{"href":"https:\/\/factory.sale\/fi\/wp-json\/wp\/v2\/media?parent=83942"}],"wp:term":[{"taxonomy":"factory","embeddable":true,"href":"https:\/\/factory.sale\/fi\/wp-json\/wp\/v2\/factory?post=83942"},{"taxonomy":"free-shipment","embeddable":true,"href":"https:\/\/factory.sale\/fi\/wp-json\/wp\/v2\/free-shipment?post=83942"},{"taxonomy":"product_brand","embeddable":true,"href":"https:\/\/factory.sale\/fi\/wp-json\/wp\/v2\/product_brand?post=83942"},{"taxonomy":"product_cat","embeddable":true,"href":"https:\/\/factory.sale\/fi\/wp-json\/wp\/v2\/product_cat?post=83942"},{"taxonomy":"product_tag","embeddable":true,"href":"https:\/\/factory.sale\/fi\/wp-json\/wp\/v2\/product_tag?post=83942"}],"curies":[{"name":"wp","href":"https:\/\/api.w.org\/{rel}","templated":true}]}}