{"id":83929,"date":"2024-04-13T11:33:58","date_gmt":"2024-04-14T17:56:57","guid":{"rendered":"https:\/\/factory.sale\/?post_type=product&#038;p=83929"},"modified":"2025-01-03T00:59:14","modified_gmt":"2025-01-02T21:59:14","slug":"2-puoliset-rakennuspukit","status":"publish","type":"product","link":"https:\/\/factory.sale\/fi\/tuote\/2-puoliset-rakennuspukit\/","title":{"rendered":"2-puoliset rakennuspukit"},"content":{"rendered":"<p>Tukeva ja pieneen tilaan kasaan menev\u00e4 yleispukki rakennusty\u00f6maak\u00e4ytt\u00f6\u00f6n. T\u00e4m\u00e4 useamman vuosikymmenen valikoimiimme kuulunut kestosuosikki on tehty kest\u00e4m\u00e4\u00e4n kovaakin k\u00e4ytt\u00f6\u00e4. Niit\u00e4 on k\u00e4ytetty tavanomaisten maalaus-, rappaus- ja asennust\u00f6iden lis\u00e4ksi muun muassa ty\u00f6p\u00f6yt\u00e4n\u00e4 ja sahauspukkina.<\/p>\n<p>Hyv\u00e4 ja turvallisuutta lis\u00e4\u00e4v\u00e4 vaihtoehto rakennuspukeille ovat tasoleveydelt\u00e4\u00e4n jopa 760 mm leve\u00e4t Retee-tasotikkaat \u2013 silloin, kun pukkiin halutaan putoamissuojakaari ja enemm\u00e4n korkeutta.<\/p>\n<p>T\u00e4ytt\u00e4\u00e4 Vna 205\/2009 -vaatimukset<br \/>\nTy\u00f6taso vahvaa ja s\u00e4\u00e4nkest\u00e4v\u00e4\u00e4 viiravaneria<br \/>\n80 mm syv\u00e4t rihlatut askelmat<br \/>\nPukkien liukuesteet ovat TPE-muovia, jolla on erinomaiset pito-ominaisuudet<br \/>\nTurvallinen nivellukitus<\/p>\n<p>&nbsp;<\/p>\n<div class=\"responsive-table\">\n<table>\n<tbody>\n<tr>\n<td><strong>KOODI<\/strong><\/td>\n<td><strong>ASKELMIA <\/strong><\/td>\n<td><strong>TASOKORKEUS <\/strong><\/td>\n<td><strong>ALALEVEYS<\/strong><\/td>\n<td><strong>AVAUTUMA ALHAALLA<\/strong><\/td>\n<td><strong>PAINO <\/strong><\/td>\n<td><strong>TASON KOKO<br \/>\nleveys\/syvyys<\/strong><\/td>\n<td><strong>HINTA<\/strong><\/td>\n<\/tr>\n<tr>\n<td>KRP-50\/70<\/td>\n<td>2 kpl<\/td>\n<td>50 cm<\/td>\n<td>84 cm<\/td>\n<td>53 cm<\/td>\n<td>8 kg<\/td>\n<td>70 cm x 30 cm<\/td>\n<td>214,69 \u20ac<\/td>\n<\/tr>\n<tr>\n<td>KRP-70\/70<\/td>\n<td>3 kpl<\/td>\n<td>70 cm<\/td>\n<td>93 cm<\/td>\n<td>65 cm<\/td>\n<td>9,5 kg<\/td>\n<td>70 cm x 30 cm<\/td>\n<td>241,84 \u20ac<\/td>\n<\/tr>\n<tr>\n<td>KRP-90\/70<\/td>\n<td>4 kpl<\/td>\n<td>90 cm<\/td>\n<td>101 cm<\/td>\n<td>75 cm<\/td>\n<td>11 kg<\/td>\n<td>70 cm x 30 cm<\/td>\n<td>296,95 \u20ac<\/td>\n<\/tr>\n<\/tbody>\n<\/table>\n<\/div>\n<p>&nbsp;<\/p>\n<p>&nbsp;<\/p>\n<p>&nbsp;<\/p>\n<p><a href=\"https:\/\/factory.sale\/wp-content\/uploads\/2024\/04\/yleisohjeet-kaikkille-tikkaille.pdf\" target=\"_blank\" rel=\"noopener\">Tikkaiden turvallinen k\u00e4ytt\u00f6 -ohjeet suomeksi<\/a><\/p>\n","protected":false},"excerpt":{"rendered":"<p>Rakennusty\u00f6mailla hyv\u00e4ksyttyjen, 2-puolisten rakennuspukkien ty\u00f6skentelytaso on valmistettu yhdest\u00e4 osasta, joka tekee pukista suuremmankin miehen k\u00e4ytt\u00e4m\u00e4n\u00e4 todella tukevan ja notkumattoman. T\u00e4m\u00e4 pukkimalli on ammattilaisen valinta.<\/p>\n<p><img loading=\"lazy\" decoding=\"async\" class=\"alignnone size-medium wp-image-27958\" src=\"https:\/\/factory.sale\/wp-content\/uploads\/2023\/05\/made-in-finland-300x240.png\" alt=\"\" width=\"300\" height=\"240\" srcset=\"https:\/\/factory.sale\/wp-content\/uploads\/2023\/05\/made-in-finland-300x240.png 300w, https:\/\/factory.sale\/wp-content\/uploads\/2023\/05\/made-in-finland-150x120.png 150w, https:\/\/factory.sale\/wp-content\/uploads\/2023\/05\/made-in-finland-600x480.png 600w, https:\/\/factory.sale\/wp-content\/uploads\/2023\/05\/made-in-finland.png 750w\" sizes=\"auto, (max-width: 300px) 100vw, 300px\" \/><\/p>\n","protected":false},"featured_media":83909,"comment_status":"open","ping_status":"closed","template":"","meta":{"_acf_changed":false},"factory":[],"free-shipment":[],"product_brand":[],"product_cat":[2856,1322],"product_tag":[],"class_list":{"0":"post-83929","1":"product","2":"type-product","3":"status-publish","4":"has-post-thumbnail","6":"product_cat-tikkaat-ja-telineet","7":"product_cat-tyokalut-ja-valineet","9":"first","10":"instock","11":"sale","12":"taxable","13":"shipping-taxable","14":"purchasable","15":"product-type-simple"},"acf":[],"_links":{"self":[{"href":"https:\/\/factory.sale\/fi\/wp-json\/wp\/v2\/product\/83929","targetHints":{"allow":["GET"]}}],"collection":[{"href":"https:\/\/factory.sale\/fi\/wp-json\/wp\/v2\/product"}],"about":[{"href":"https:\/\/factory.sale\/fi\/wp-json\/wp\/v2\/types\/product"}],"replies":[{"embeddable":true,"href":"https:\/\/factory.sale\/fi\/wp-json\/wp\/v2\/comments?post=83929"}],"wp:featuredmedia":[{"embeddable":true,"href":"https:\/\/factory.sale\/fi\/wp-json\/wp\/v2\/media\/83909"}],"wp:attachment":[{"href":"https:\/\/factory.sale\/fi\/wp-json\/wp\/v2\/media?parent=83929"}],"wp:term":[{"taxonomy":"factory","embeddable":true,"href":"https:\/\/factory.sale\/fi\/wp-json\/wp\/v2\/factory?post=83929"},{"taxonomy":"free-shipment","embeddable":true,"href":"https:\/\/factory.sale\/fi\/wp-json\/wp\/v2\/free-shipment?post=83929"},{"taxonomy":"product_brand","embeddable":true,"href":"https:\/\/factory.sale\/fi\/wp-json\/wp\/v2\/product_brand?post=83929"},{"taxonomy":"product_cat","embeddable":true,"href":"https:\/\/factory.sale\/fi\/wp-json\/wp\/v2\/product_cat?post=83929"},{"taxonomy":"product_tag","embeddable":true,"href":"https:\/\/factory.sale\/fi\/wp-json\/wp\/v2\/product_tag?post=83929"}],"curies":[{"name":"wp","href":"https:\/\/api.w.org\/{rel}","templated":true}]}}