{"id":83889,"date":"2024-04-13T09:32:51","date_gmt":"2024-04-13T09:58:30","guid":{"rendered":"https:\/\/factory.sale\/?post_type=product&#038;p=83889"},"modified":"2025-01-02T14:37:50","modified_gmt":"2025-01-02T11:37:50","slug":"2-osaiset-yhdistelmatikkaat","status":"publish","type":"product","link":"https:\/\/factory.sale\/fi\/tuote\/2-osaiset-yhdistelmatikkaat\/","title":{"rendered":"2-osaiset yhdistelm\u00e4tikkaat"},"content":{"rendered":"<p>Yhdistelm\u00e4tikkaita voidaan k\u00e4ytt\u00e4\u00e4 nojatikkaina sek\u00e4 vapaasti seisovina tikkaina. Yhdistelm\u00e4tikkaisiin kuuluu vakiovarusteena alatukipalkki, joka est\u00e4\u00e4 tikkaiden kaatumisen.<br \/>\nYhdistelm\u00e4tikkaiden kiertoj\u00e4ykkyys on taattu k\u00e4ytt\u00e4m\u00e4ll\u00e4 sivupaarteina koteloprofiilia. Puolien syv\u00e4\u00e4n rihlatut astinpinnat ovat vaakasuorassa tikkaiden ollessa k\u00e4ytt\u00f6asennossa. T\u00e4ll\u00f6in tikasta on miellytt\u00e4v\u00e4 k\u00e4ytt\u00e4\u00e4 ja nojatikkaiden turvallinen nojakulma l\u00f6ytyy vaivattomasti<\/p>\n<p>T\u00e4ytt\u00e4\u00e4 EN-131 -standardin<br \/>\nPuolien syvyys 30 mm<br \/>\nPuolat taumelniitattu sivupaarteisiin<br \/>\nAlatukipalkki vakiovarusteena<br \/>\nTikkaiden liukuesteet ovat TPE-muovia, jolla on erinomaiset pito-ominaisuudet<\/p>\n<p>&nbsp;<\/p>\n<div class=\"responsive-table\">\n<table>\n<tbody>\n<tr>\n<td><strong>KOODI<\/strong><\/td>\n<td><strong>KULJETUSPITUUS<br \/>\n(sis. palkin mitan, noin 7 cm)<br \/>\n<\/strong><\/td>\n<td><strong>ASKELPUOLIA <\/strong><\/td>\n<td><strong>LEVEYS <\/strong><\/td>\n<td><strong>ALATUKIPALKIN LEVEYS<\/strong><\/td>\n<td><strong>PAINO <\/strong><\/td>\n<td><strong>KOKONAISPITUUS<br \/>\nNOJATIKKAINA<br \/>\n<\/strong><\/td>\n<td><strong>YLIN SEISONTAKORKEUS A-TIKKAILLA<\/strong><\/td>\n<td><strong>HINTA<\/strong><\/td>\n<\/tr>\n<tr>\n<td>KTY-241<\/td>\n<td>248 cm<\/td>\n<td>2 X 8 kpl<\/td>\n<td>42 cm<\/td>\n<td>90 cm<\/td>\n<td>9,5 kg<\/td>\n<td>416 cm<\/td>\n<td>157 cm<\/td>\n<td>263.23 \u20ac<\/td>\n<\/tr>\n<tr>\n<td>KTY-250<\/td>\n<td>304 cm<\/td>\n<td>2 X 10 kpl<\/td>\n<td>42 cm<\/td>\n<td>95 cm<\/td>\n<td>12 kg<\/td>\n<td>500 cm<\/td>\n<td>214 cm<\/td>\n<td>304.25 \u20ac<\/td>\n<\/tr>\n<tr>\n<td>KTY-261<\/td>\n<td>360 cm<\/td>\n<td>2 X 12 kpl<\/td>\n<td>45,5 cm<\/td>\n<td>110 cm<\/td>\n<td>15,5 kg<\/td>\n<td>613 cm<\/td>\n<td>268 cm<\/td>\n<td>378.39 \u20ac<\/td>\n<\/tr>\n<\/tbody>\n<\/table>\n<\/div>\n<p>&nbsp;<\/p>\n<p>&nbsp;<\/p>\n<p><a href=\"https:\/\/factory.sale\/wp-content\/uploads\/2024\/04\/yleisohjeet-kaikkille-tikkaille.pdf\" target=\"_blank\" rel=\"noopener\">Tikkaiden turvallinen k\u00e4ytt\u00f6 -ohjeet suomeksi<\/a><\/p>\n<p><a href=\"https:\/\/factory.sale\/wp-content\/uploads\/2024\/04\/Kayttoohje_yhdistelmatikkaat.pdf\" target=\"_blank\" rel=\"noopener\">K\u00e4ytt\u00f6ohje<\/a><\/p>\n","protected":false},"excerpt":{"rendered":"<p>Yhdistelm\u00e4tikkaat ovat monik\u00e4ytt\u00f6iset yleistikkaat, joita voidaan k\u00e4ytt\u00e4\u00e4 sek\u00e4 A-tikkaina, ett\u00e4 nojatikkaina. N\u00e4m\u00e4 ammattik\u00e4ytt\u00f6\u00e4 kest\u00e4v\u00e4t tikkaat ovat ehdoton valinta esimerkiksi omakotitalojen jokapaikan-tikkaina.<\/p>\n<p><img loading=\"lazy\" decoding=\"async\" class=\"alignnone size-medium wp-image-27958\" src=\"https:\/\/factory.sale\/wp-content\/uploads\/2023\/05\/made-in-finland-300x240.png\" alt=\"\" width=\"300\" height=\"240\" srcset=\"https:\/\/factory.sale\/wp-content\/uploads\/2023\/05\/made-in-finland-300x240.png 300w, https:\/\/factory.sale\/wp-content\/uploads\/2023\/05\/made-in-finland-150x120.png 150w, https:\/\/factory.sale\/wp-content\/uploads\/2023\/05\/made-in-finland-600x480.png 600w, https:\/\/factory.sale\/wp-content\/uploads\/2023\/05\/made-in-finland.png 750w\" sizes=\"auto, (max-width: 300px) 100vw, 300px\" \/><\/p>\n","protected":false},"featured_media":83880,"comment_status":"open","ping_status":"closed","template":"","meta":{"_acf_changed":false},"factory":[],"free-shipment":[],"product_brand":[],"product_cat":[2856,1322],"product_tag":[609],"class_list":{"0":"post-83889","1":"product","2":"type-product","3":"status-publish","4":"has-post-thumbnail","6":"product_cat-tikkaat-ja-telineet","7":"product_cat-tyokalut-ja-valineet","8":"product_tag-tools-fi","10":"first","11":"instock","12":"sale","13":"taxable","14":"shipping-taxable","15":"purchasable","16":"product-type-simple"},"acf":[],"_links":{"self":[{"href":"https:\/\/factory.sale\/fi\/wp-json\/wp\/v2\/product\/83889","targetHints":{"allow":["GET"]}}],"collection":[{"href":"https:\/\/factory.sale\/fi\/wp-json\/wp\/v2\/product"}],"about":[{"href":"https:\/\/factory.sale\/fi\/wp-json\/wp\/v2\/types\/product"}],"replies":[{"embeddable":true,"href":"https:\/\/factory.sale\/fi\/wp-json\/wp\/v2\/comments?post=83889"}],"wp:featuredmedia":[{"embeddable":true,"href":"https:\/\/factory.sale\/fi\/wp-json\/wp\/v2\/media\/83880"}],"wp:attachment":[{"href":"https:\/\/factory.sale\/fi\/wp-json\/wp\/v2\/media?parent=83889"}],"wp:term":[{"taxonomy":"factory","embeddable":true,"href":"https:\/\/factory.sale\/fi\/wp-json\/wp\/v2\/factory?post=83889"},{"taxonomy":"free-shipment","embeddable":true,"href":"https:\/\/factory.sale\/fi\/wp-json\/wp\/v2\/free-shipment?post=83889"},{"taxonomy":"product_brand","embeddable":true,"href":"https:\/\/factory.sale\/fi\/wp-json\/wp\/v2\/product_brand?post=83889"},{"taxonomy":"product_cat","embeddable":true,"href":"https:\/\/factory.sale\/fi\/wp-json\/wp\/v2\/product_cat?post=83889"},{"taxonomy":"product_tag","embeddable":true,"href":"https:\/\/factory.sale\/fi\/wp-json\/wp\/v2\/product_tag?post=83889"}],"curies":[{"name":"wp","href":"https:\/\/api.w.org\/{rel}","templated":true}]}}