{"id":83854,"date":"2024-04-11T20:33:09","date_gmt":"2024-04-12T06:45:11","guid":{"rendered":"https:\/\/factory.sale\/?post_type=product&#038;p=83854"},"modified":"2025-01-03T00:47:53","modified_gmt":"2025-01-02T21:47:53","slug":"2-osaiset-nojatikkaat","status":"publish","type":"product","link":"https:\/\/factory.sale\/fi\/tuote\/2-osaiset-nojatikkaat\/","title":{"rendered":"2-osaiset nojatikkaat"},"content":{"rendered":"<p>Avainlipputuote &#8211; Valmistettu Suomessa<\/p>\n<p>Jatkettavien nojatikkaiden kiertoj\u00e4ykkyys on taattu k\u00e4ytt\u00e4m\u00e4ll\u00e4 sivupaarteina koteloprofiilia. Puolien syv\u00e4\u00e4n rihlatut astinpinnat ovat vaakasuorassa tikkaiden ollessa k\u00e4ytt\u00f6asennossa. T\u00e4ll\u00f6in tikkaita on miellytt\u00e4v\u00e4 k\u00e4ytt\u00e4\u00e4 ja turvallinen nojakulma l\u00f6ytyy vaivattomasti.<\/p>\n<p>Puolien syvyys 30 mm<br \/>\nPuolat taumelniitattu sivupaarteisiin<br \/>\nTikkaiden liukuesteet ovat TPE-muovia, jolla on erinomaiset pito-ominaisuudet<br \/>\nTikkaat t\u00e4ytt\u00e4v\u00e4t EN-131 standardin, kun ne on varustettu alatukipalkilla<\/p>\n<p>&nbsp;<\/p>\n<table width=\"675\">\n<tbody>\n<tr>\n<td><strong>KOODI<\/strong><\/td>\n<td><strong>KULJETUSPITUUS <\/strong><\/td>\n<td><strong>ASKELPUOLIA<\/strong><\/td>\n<td><strong>LEVEYS<br \/>\n<\/strong><\/td>\n<td><strong>PAINO <\/strong><\/td>\n<td><strong>KOKONAISPITUUS<\/strong><\/td>\n<td><strong>SOPIVA<\/strong><br \/>\n<strong>ALATUKIPALKKI<\/strong><br \/>\n<strong>(lis\u00e4varuste)<\/strong><\/td>\n<td><strong>HINTA<\/strong><\/td>\n<\/tr>\n<tr>\n<td>KTS-241<\/td>\n<td>241 cm<\/td>\n<td>2 x 8 kpl<\/td>\n<td>42 cm<\/td>\n<td>8,5 kg<\/td>\n<td>409 cm<\/td>\n<td>90 cm<\/td>\n<td>194,95\u20ac<\/td>\n<\/tr>\n<tr>\n<td>KTS-250<\/td>\n<td>297cm<\/td>\n<td>2 x 10 kpl<\/td>\n<td>42 cm<\/td>\n<td>11 kg<\/td>\n<td>520 cm<\/td>\n<td>95 cm<\/td>\n<td>232,79 \u20ac<\/td>\n<\/tr>\n<tr>\n<td>KTS-261<\/td>\n<td>353 cm<\/td>\n<td>2 x 12 kpl<\/td>\n<td>45,5 cm<\/td>\n<td>14,5 kg<\/td>\n<td>630 cm<\/td>\n<td>110 cm<\/td>\n<td>304,35 \u20ac<\/td>\n<\/tr>\n<tr>\n<td>KTS-272<\/td>\n<td>411 cm<\/td>\n<td>2 x 14 kpl<\/td>\n<td>45,5 cm<\/td>\n<td>15,7 kg<\/td>\n<td>726 cm<\/td>\n<td>120 cm<\/td>\n<td>330,68 \u20ac<\/td>\n<\/tr>\n<tr>\n<td>KTS-284<\/td>\n<td>467 cm<\/td>\n<td>2 x 16 kpl<\/td>\n<td>45,5 cm<\/td>\n<td>20 kg<\/td>\n<td>838 cm<\/td>\n<td>130 cm<\/td>\n<td>435,97 \u20ac<\/td>\n<\/tr>\n<\/tbody>\n<\/table>\n<p>&nbsp;<\/p>\n<p><a href=\"https:\/\/factory.sale\/wp-content\/uploads\/2024\/04\/yleisohjeet-kaikkille-tikkaille.pdf\" target=\"_blank\" rel=\"noopener\">Tikkaiden turvallinen k\u00e4ytt\u00f6 -ohjeet suomeksi<\/a><\/p>\n<p><a href=\"https:\/\/factory.sale\/wp-content\/uploads\/2024\/04\/kaeyttoeohje_kts.pdf\" target=\"_blank\" rel=\"noopener\">K\u00e4ytt\u00f6ohje pdf<\/a><\/p>\n","protected":false},"excerpt":{"rendered":"<p>2-osaisten nojatikkaiden kiertoj\u00e4ykkyys on turvattu k\u00e4ytt\u00e4m\u00e4ll\u00e4 tikkaiden rungossa koteloprofiilia. N\u00e4m\u00e4 jatkettavat ammattitikkaat eiv\u00e4t v\u00e4\u00e4nny kovassakaan k\u00e4yt\u00f6ss\u00e4.<\/p>\n<p><img loading=\"lazy\" decoding=\"async\" class=\"alignnone size-medium wp-image-27958\" src=\"https:\/\/factory.sale\/wp-content\/uploads\/2023\/05\/made-in-finland-300x240.png\" alt=\"\" width=\"300\" height=\"240\" srcset=\"https:\/\/factory.sale\/wp-content\/uploads\/2023\/05\/made-in-finland-300x240.png 300w, https:\/\/factory.sale\/wp-content\/uploads\/2023\/05\/made-in-finland-150x120.png 150w, https:\/\/factory.sale\/wp-content\/uploads\/2023\/05\/made-in-finland-600x480.png 600w, https:\/\/factory.sale\/wp-content\/uploads\/2023\/05\/made-in-finland.png 750w\" sizes=\"auto, (max-width: 300px) 100vw, 300px\" \/><\/p>\n","protected":false},"featured_media":83843,"comment_status":"open","ping_status":"closed","template":"","meta":{"_acf_changed":false},"factory":[],"free-shipment":[],"product_brand":[],"product_cat":[2856,1322],"product_tag":[],"class_list":{"0":"post-83854","1":"product","2":"type-product","3":"status-publish","4":"has-post-thumbnail","6":"product_cat-tikkaat-ja-telineet","7":"product_cat-tyokalut-ja-valineet","9":"first","10":"instock","11":"sale","12":"taxable","13":"shipping-taxable","14":"purchasable","15":"product-type-simple"},"acf":[],"_links":{"self":[{"href":"https:\/\/factory.sale\/fi\/wp-json\/wp\/v2\/product\/83854","targetHints":{"allow":["GET"]}}],"collection":[{"href":"https:\/\/factory.sale\/fi\/wp-json\/wp\/v2\/product"}],"about":[{"href":"https:\/\/factory.sale\/fi\/wp-json\/wp\/v2\/types\/product"}],"replies":[{"embeddable":true,"href":"https:\/\/factory.sale\/fi\/wp-json\/wp\/v2\/comments?post=83854"}],"wp:featuredmedia":[{"embeddable":true,"href":"https:\/\/factory.sale\/fi\/wp-json\/wp\/v2\/media\/83843"}],"wp:attachment":[{"href":"https:\/\/factory.sale\/fi\/wp-json\/wp\/v2\/media?parent=83854"}],"wp:term":[{"taxonomy":"factory","embeddable":true,"href":"https:\/\/factory.sale\/fi\/wp-json\/wp\/v2\/factory?post=83854"},{"taxonomy":"free-shipment","embeddable":true,"href":"https:\/\/factory.sale\/fi\/wp-json\/wp\/v2\/free-shipment?post=83854"},{"taxonomy":"product_brand","embeddable":true,"href":"https:\/\/factory.sale\/fi\/wp-json\/wp\/v2\/product_brand?post=83854"},{"taxonomy":"product_cat","embeddable":true,"href":"https:\/\/factory.sale\/fi\/wp-json\/wp\/v2\/product_cat?post=83854"},{"taxonomy":"product_tag","embeddable":true,"href":"https:\/\/factory.sale\/fi\/wp-json\/wp\/v2\/product_tag?post=83854"}],"curies":[{"name":"wp","href":"https:\/\/api.w.org\/{rel}","templated":true}]}}