{"id":83836,"date":"2024-04-11T10:59:45","date_gmt":"2024-04-11T11:25:45","guid":{"rendered":"https:\/\/factory.sale\/?post_type=product&#038;p=83836"},"modified":"2025-01-02T14:22:16","modified_gmt":"2025-01-02T11:22:16","slug":"leveat-retee-tasotikkaat","status":"publish","type":"product","link":"https:\/\/factory.sale\/fi\/tuote\/leveat-retee-tasotikkaat\/","title":{"rendered":"Leve\u00e4t retee-tasotikkaat"},"content":{"rendered":"<p>Retee-tikkaiden ty\u00f6skentelytaso antaa reilusti liikkumavaraa sivusuunnassa ja onkin leve\u00e4mpi kuin valmistamamme rakennuspukit. Leveydest\u00e4\u00e4n huolimatta tikkaat ovat kevyet sek\u00e4 eritt\u00e4in tukevat. Ty\u00f6skentelytason rei\u00b4itetty pinta antaa eritt\u00e4in hyv\u00e4n pidon. Muodoltaan ovaalit rei\u00e4t on suunniteltu siten, ett\u00e4 tasolle mahdollisesti ty\u00f6skentelyvaiheessa p\u00e4\u00e4ssyt vesi p\u00e4\u00e4see valumaan pois ja ehk\u00e4isee n\u00e4in pintaan j\u00e4\u00e4tyv\u00e4n vesikerroksen syntymisen.<\/p>\n<p>Tikkaiden yl\u00e4osassa on tarvikekotelo, johon voi ty\u00f6skentelyn ajaksi laskea pienempi\u00e4 tarvikkeita, kuten puukon, kyn\u00e4n sek\u00e4 ruuvimeisselin.<\/p>\n<p>Tikkaat ovat turvallisia k\u00e4ytt\u00e4\u00e4, kun niit\u00e4 k\u00e4ytet\u00e4\u00e4n oikein. Tutustuthan ennen tikkaiden k\u00e4ytt\u00f6\u00f6nottoa tikkaiden turvallinen k\u00e4ytt\u00f6 -ohjeisiin.<\/p>\n<p>Ty\u00f6taso rei\u00b4itetty, rei\u2019\u00e4t syv\u00e4vedetty 760 x 400 mm<br \/>\nPolvituen korkeus 640 mm<br \/>\nT\u00e4ytt\u00e4\u00e4 VNa-205\/2009 -vaatimukset (yli 1 metrin tasokorkeuksissa valittava P-malli)<br \/>\nT\u00e4ytt\u00e4\u00e4 rakennusyritysten tikasohjeen (yli 1 metrin tasokorkeuksissa valittava P-malli)<br \/>\nT\u00e4ytt\u00e4\u00e4 EN-131 -standardin<br \/>\n80 mm syv\u00e4t, rihlatut askelmat<br \/>\nTikkaiden liukuesteet ovat TPE-muovia, jolla on erinomaiset pito-ominaisuudet<\/p>\n<p>&nbsp;<\/p>\n<table>\n<tbody>\n<tr>\n<td><strong>KOODI<\/strong><\/td>\n<td><strong>ASKELMIA<\/strong><\/td>\n<td><strong>TASOKORKEUS<\/strong><\/td>\n<td><strong>ALALEVEYS<\/strong><\/td>\n<td><strong>AVAUTUMA ALHAALLA<\/strong><\/td>\n<td><strong>PAINO <\/strong><\/td>\n<td><strong>KULJETUSPITUUS<\/strong><\/td>\n<td><strong>T\u00c4YTT\u00c4\u00c4 VNA 205\/20099<\/strong><\/td>\n<td><strong>HINTA<\/strong><\/td>\n<\/tr>\n<tr>\n<td>RETEE-4<\/td>\n<td>4 kpl<\/td>\n<td>94 cm<\/td>\n<td>93,50 cm<\/td>\n<td>99 cm<\/td>\n<td>12,5 kg<\/td>\n<td>171,5 cm<\/td>\n<td>ok<\/td>\n<td>308.47\u20ac<\/td>\n<\/tr>\n<tr>\n<td>RETEE-5<\/td>\n<td>5 kpl<\/td>\n<td>120 cm<\/td>\n<td>96,50 cm<\/td>\n<td>116 cm<\/td>\n<td>14 kg<\/td>\n<td>199 cm<\/td>\n<td>\u2013<\/td>\n<td>341.37 \u20ac<\/td>\n<\/tr>\n<tr>\n<td>RETEE-5 P<\/td>\n<td>5 kpl<\/td>\n<td>126 cm<\/td>\n<td>120 cm<\/td>\n<td>118 cm<\/td>\n<td>17 kg<\/td>\n<td>203 cm<\/td>\n<td>ok<\/td>\n<td>449.95 \u20ac<\/td>\n<\/tr>\n<tr>\n<td>RETEE-6<\/td>\n<td>6 kpl<\/td>\n<td>144 cm<\/td>\n<td>99,50 cm<\/td>\n<td>135 cm<\/td>\n<td>17 kg<\/td>\n<td>226 cm<\/td>\n<td>\u2013<\/td>\n<td>372.63 \u20ac<\/td>\n<\/tr>\n<tr>\n<td>RETEE-6 P<\/td>\n<td>6 kpl<\/td>\n<td>150 cm<\/td>\n<td>130 cm<\/td>\n<td>137 cm<\/td>\n<td>20 kg<\/td>\n<td>230 cm<\/td>\n<td>ok<\/td>\n<td>487.79\u20ac<\/td>\n<\/tr>\n<\/tbody>\n<\/table>\n<p>&nbsp;<\/p>\n<p>&nbsp;<\/p>\n<p><a href=\"https:\/\/factory.sale\/wp-content\/uploads\/2024\/04\/yleisohjeet-kaikkille-tikkaille.pdf\" target=\"_blank\" rel=\"noopener\">Tikkaiden turvallinen k\u00e4ytt\u00f6 -ohjeet suomeksi<\/a><\/p>\n","protected":false},"excerpt":{"rendered":"<p>Eritt\u00e4in leve\u00e4ll\u00e4 76 cm ty\u00f6skentelytasolla varustetut Retee-tasotikkaat yhdist\u00e4v\u00e4t ty\u00f6pukkien ja tikkaiden parhaat ominaisuudet.<\/p>\n<p><img loading=\"lazy\" decoding=\"async\" class=\"alignnone size-medium wp-image-27958\" src=\"https:\/\/factory.sale\/wp-content\/uploads\/2023\/05\/made-in-finland-300x240.png\" alt=\"\" width=\"300\" height=\"240\" srcset=\"https:\/\/factory.sale\/wp-content\/uploads\/2023\/05\/made-in-finland-300x240.png 300w, https:\/\/factory.sale\/wp-content\/uploads\/2023\/05\/made-in-finland-150x120.png 150w, https:\/\/factory.sale\/wp-content\/uploads\/2023\/05\/made-in-finland-600x480.png 600w, https:\/\/factory.sale\/wp-content\/uploads\/2023\/05\/made-in-finland.png 750w\" sizes=\"auto, (max-width: 300px) 100vw, 300px\" \/><\/p>\n","protected":false},"featured_media":83827,"comment_status":"open","ping_status":"closed","template":"","meta":{"_acf_changed":false},"factory":[],"free-shipment":[],"product_brand":[],"product_cat":[2856,1322],"product_tag":[609],"class_list":{"0":"post-83836","1":"product","2":"type-product","3":"status-publish","4":"has-post-thumbnail","6":"product_cat-tikkaat-ja-telineet","7":"product_cat-tyokalut-ja-valineet","8":"product_tag-tools-fi","10":"first","11":"instock","12":"sale","13":"taxable","14":"shipping-taxable","15":"purchasable","16":"product-type-simple"},"acf":[],"_links":{"self":[{"href":"https:\/\/factory.sale\/fi\/wp-json\/wp\/v2\/product\/83836","targetHints":{"allow":["GET"]}}],"collection":[{"href":"https:\/\/factory.sale\/fi\/wp-json\/wp\/v2\/product"}],"about":[{"href":"https:\/\/factory.sale\/fi\/wp-json\/wp\/v2\/types\/product"}],"replies":[{"embeddable":true,"href":"https:\/\/factory.sale\/fi\/wp-json\/wp\/v2\/comments?post=83836"}],"wp:featuredmedia":[{"embeddable":true,"href":"https:\/\/factory.sale\/fi\/wp-json\/wp\/v2\/media\/83827"}],"wp:attachment":[{"href":"https:\/\/factory.sale\/fi\/wp-json\/wp\/v2\/media?parent=83836"}],"wp:term":[{"taxonomy":"factory","embeddable":true,"href":"https:\/\/factory.sale\/fi\/wp-json\/wp\/v2\/factory?post=83836"},{"taxonomy":"free-shipment","embeddable":true,"href":"https:\/\/factory.sale\/fi\/wp-json\/wp\/v2\/free-shipment?post=83836"},{"taxonomy":"product_brand","embeddable":true,"href":"https:\/\/factory.sale\/fi\/wp-json\/wp\/v2\/product_brand?post=83836"},{"taxonomy":"product_cat","embeddable":true,"href":"https:\/\/factory.sale\/fi\/wp-json\/wp\/v2\/product_cat?post=83836"},{"taxonomy":"product_tag","embeddable":true,"href":"https:\/\/factory.sale\/fi\/wp-json\/wp\/v2\/product_tag?post=83836"}],"curies":[{"name":"wp","href":"https:\/\/api.w.org\/{rel}","templated":true}]}}