{"id":83821,"date":"2024-04-11T10:01:22","date_gmt":"2024-04-11T10:29:39","guid":{"rendered":"https:\/\/factory.sale\/?post_type=product&#038;p=83821"},"modified":"2025-01-02T13:56:46","modified_gmt":"2025-01-02T10:56:46","slug":"tt-tasotikkaat","status":"publish","type":"product","link":"https:\/\/factory.sale\/fi\/tuote\/tt-tasotikkaat\/","title":{"rendered":"TT-tasotikkaat"},"content":{"rendered":"<div class=\"responsive-table\">\n<p>TT-tasotikkaat ovat valmistamistamme tasotikkaista kevyimm\u00e4t ja suunniteltu vaativaan ammattik\u00e4ytt\u00f6\u00f6n. Keveytens\u00e4 ja suuren ty\u00f6skentelytasonsa puolesta ne soveltuvat mit\u00e4 mainioimmin ty\u00f6skentelykavereiksi niin rakennusty\u00f6maalle kuin teollisuuteenkin. Ty\u00f6skentelytason rei\u00b4itetty pinta antaa eritt\u00e4in hyv\u00e4n pidon. Muodoltaan ovaalit rei\u00e4t on suunniteltu siten, ett\u00e4 tasolle mahdollisesti ty\u00f6skentelyvaiheessa p\u00e4\u00e4ssyt vesi p\u00e4\u00e4see valumaan pois ja ehk\u00e4isee n\u00e4in pintaan j\u00e4\u00e4tyv\u00e4n vesikerroksen syntymisen.<\/p>\n<p>Tikkaiden yl\u00e4osassa on tarvikekotelo, johon voi ty\u00f6skentelyn ajaksi laskea pienempi\u00e4 tarvikkeita, kuten puukon, kyn\u00e4n sek\u00e4 ruuvimeisselin.<br \/>\nT\u00e4ytt\u00e4\u00e4 EN-131 -standardin<br \/>\nT\u00e4ytt\u00e4\u00e4 VNa-205\/2009 -vaatimukset (yli 1 metrin tasokorkeuksissa valittava P-malli)<br \/>\nT\u00e4ytt\u00e4\u00e4 rakennusyritysten tikasohjeen alle 151 cm tasokorkeuksissa (yli 1 metrin tasokorkeuksissa valittava P-malli)<br \/>\n80 mm syv\u00e4t, rihlatut askelmat<br \/>\nAskelmat taumelniitattu sivupaarteisiin<br \/>\nTy\u00f6taso rei\u00b4itetty, rei\u00e4t syv\u00e4vedetty 310 x 400 mm<br \/>\nPolvituen korkeus 640 mm<br \/>\nTikkaiden liukuesteet ovat TPE-muovia, jolla on erinomaiset pito-ominaisuudet<\/p>\n<p>&nbsp;<\/p>\n<table>\n<tbody>\n<tr>\n<td><strong>KOODI<\/strong><\/td>\n<td><strong>ASKELPUOLIA <\/strong><\/td>\n<td><strong>TASOKORKEUS <\/strong><\/td>\n<td><strong>ALALEVEYS<\/strong><\/td>\n<td><strong>AVAUTUMA ALHAALLA<\/strong><\/td>\n<td><strong>PAINO <\/strong><\/td>\n<td><strong>KULJETUS-<br \/>\nPITUUS <\/strong><\/td>\n<td><strong>T\u00c4YTT\u00c4\u00c4<br \/>\nVna 205\/2009<\/strong><\/td>\n<td><strong>HINTA<\/strong><\/td>\n<\/tr>\n<tr>\n<td>TT-103<\/td>\n<td>3 kpl<\/td>\n<td>68 cm<\/td>\n<td>46 cm<\/td>\n<td>82 cm<\/td>\n<td>7 kg<\/td>\n<td>143 cm<\/td>\n<td>ok<\/td>\n<td>144,78 \u20ac<\/td>\n<\/tr>\n<tr>\n<td>TT-104<\/td>\n<td>4 kpl<\/td>\n<td>94 cm<\/td>\n<td>49 cm<\/td>\n<td>99 cm<\/td>\n<td>8 kg<\/td>\n<td>172 cm<\/td>\n<td>ok<\/td>\n<td>170,28 \u20ac<\/td>\n<\/tr>\n<tr>\n<td>TT-105<\/td>\n<td>5 kpl<\/td>\n<td>120 cm<\/td>\n<td>52 cm<\/td>\n<td>116 cm<\/td>\n<td>9 kg<\/td>\n<td>199 cm<\/td>\n<td>\u2013<\/td>\n<td>204,82 \u20ac<\/td>\n<\/tr>\n<tr>\n<td>TT-105 P<\/td>\n<td>5 kpl<\/td>\n<td>126 cm<\/td>\n<td>80 cm<\/td>\n<td>118 cm<\/td>\n<td>11 kg<\/td>\n<td>203 cm<\/td>\n<td>ok<\/td>\n<td>288,72 \u20ac<\/td>\n<\/tr>\n<tr>\n<td>TT-106<\/td>\n<td>6 kpl<\/td>\n<td>144 cm<\/td>\n<td>55 cm<\/td>\n<td>133 cm<\/td>\n<td>10,50 kg<\/td>\n<td>226 cm<\/td>\n<td>\u2013<\/td>\n<td>242,66 \u20ac<\/td>\n<\/tr>\n<tr>\n<td>TT-106 P<\/td>\n<td>6 kpl<\/td>\n<td>150 cm<\/td>\n<td>95 cm<\/td>\n<td>135 cm<\/td>\n<td>12,5 kg<\/td>\n<td>230 cm<\/td>\n<td>ok<\/td>\n<td>339,72 \u20ac<\/td>\n<\/tr>\n<tr>\n<td>TT-107<\/td>\n<td>7 kpl<\/td>\n<td>172 cm<\/td>\n<td>58 cm<\/td>\n<td>150 cm<\/td>\n<td>11,5 kg<\/td>\n<td>255 cm<\/td>\n<td>\u2013<\/td>\n<td>264,87 \u20ac<\/td>\n<\/tr>\n<tr>\n<td>TT-107 P<\/td>\n<td>7 kpl<\/td>\n<td>178 cm<\/td>\n<td>110 cm<\/td>\n<td>152 cm<\/td>\n<td>14,5 kg<\/td>\n<td>259 cm<\/td>\n<td>ok<\/td>\n<td>368,51 \u20ac<\/td>\n<\/tr>\n<tr>\n<td>TT-108<\/td>\n<td>8 kpl<\/td>\n<td>194 cm<\/td>\n<td>61 cm<\/td>\n<td>167 cm<\/td>\n<td>12,5 kg<\/td>\n<td>277 cm<\/td>\n<td>\u2013<\/td>\n<td>294,48 \u20ac<\/td>\n<\/tr>\n<tr>\n<td>TT-108 P<\/td>\n<td>8 kpl<\/td>\n<td>200 cm<\/td>\n<td>120 cm<\/td>\n<td>169 cm<\/td>\n<td>15,5 kg<\/td>\n<td>281 cm<\/td>\n<td>ok<\/td>\n<td>403,06 \u20ac<\/td>\n<\/tr>\n<tr>\n<td>TT-110*<\/td>\n<td>10 kpl<\/td>\n<td>250 cm<\/td>\n<td>67 cm<\/td>\n<td>201 cm<\/td>\n<td>14 kg<\/td>\n<td>339 cm<\/td>\n<td>\u2013<\/td>\n<td>357,82 \u20ac<\/td>\n<\/tr>\n<tr>\n<td><\/td>\n<td><\/td>\n<td><\/td>\n<td><\/td>\n<td><\/td>\n<td><\/td>\n<td><\/td>\n<td><\/td>\n<td><\/td>\n<\/tr>\n<tr>\n<td>TT-112*<\/td>\n<td>12 kpl<\/td>\n<td>303 cm<\/td>\n<td>73 cm<\/td>\n<td>235 cm<\/td>\n<td>16 kg<\/td>\n<td>395 cm<\/td>\n<td>\u2013<\/td>\n<td>425,28 \u20ac<\/td>\n<\/tr>\n<tr>\n<td>TT-112P*<\/td>\n<td>12 kpl<\/td>\n<td>309 cm<\/td>\n<td>130 cm<\/td>\n<td>237 cm<\/td>\n<td>19 kg<\/td>\n<td>399 cm<\/td>\n<td>\u2013<\/td>\n<td>540,44 \u20ac<\/td>\n<\/tr>\n<\/tbody>\n<\/table>\n<\/div>\n<p>&nbsp;<\/p>\n<p><a href=\"https:\/\/factory.sale\/wp-content\/uploads\/2024\/04\/yleisohjeet-kaikkille-tikkaille.pdf\" target=\"_blank\" rel=\"noopener\">Tikkaiden turvallinen k\u00e4ytt\u00f6 -ohjeet suomeksi<\/a><\/p>\n","protected":false},"excerpt":{"rendered":"<p>TT-tasotikkaat ovat myydyin tasotikasmalli rakennusty\u00f6maille, kun tason korkeus on alle 150 cm. N\u00e4m\u00e4 kovaan ammattik\u00e4ytt\u00f6\u00f6n tarkoitetut tikkaat ovat kevyet siirrell\u00e4 ja seisovat tukevasti paikoillaan niill\u00e4 ty\u00f6skennelt\u00e4ess\u00e4.<\/p>\n<p><img loading=\"lazy\" decoding=\"async\" class=\"alignnone size-medium wp-image-27958\" src=\"https:\/\/factory.sale\/wp-content\/uploads\/2023\/05\/made-in-finland-300x240.png\" alt=\"\" width=\"300\" height=\"240\" srcset=\"https:\/\/factory.sale\/wp-content\/uploads\/2023\/05\/made-in-finland-300x240.png 300w, https:\/\/factory.sale\/wp-content\/uploads\/2023\/05\/made-in-finland-150x120.png 150w, https:\/\/factory.sale\/wp-content\/uploads\/2023\/05\/made-in-finland-600x480.png 600w, https:\/\/factory.sale\/wp-content\/uploads\/2023\/05\/made-in-finland.png 750w\" sizes=\"auto, (max-width: 300px) 100vw, 300px\" \/><\/p>\n","protected":false},"featured_media":83809,"comment_status":"open","ping_status":"closed","template":"","meta":{"_acf_changed":false},"factory":[],"free-shipment":[],"product_brand":[],"product_cat":[2856,1322],"product_tag":[609],"class_list":{"0":"post-83821","1":"product","2":"type-product","3":"status-publish","4":"has-post-thumbnail","6":"product_cat-tikkaat-ja-telineet","7":"product_cat-tyokalut-ja-valineet","8":"product_tag-tools-fi","10":"first","11":"instock","12":"sale","13":"taxable","14":"shipping-taxable","15":"purchasable","16":"product-type-simple"},"acf":[],"_links":{"self":[{"href":"https:\/\/factory.sale\/fi\/wp-json\/wp\/v2\/product\/83821","targetHints":{"allow":["GET"]}}],"collection":[{"href":"https:\/\/factory.sale\/fi\/wp-json\/wp\/v2\/product"}],"about":[{"href":"https:\/\/factory.sale\/fi\/wp-json\/wp\/v2\/types\/product"}],"replies":[{"embeddable":true,"href":"https:\/\/factory.sale\/fi\/wp-json\/wp\/v2\/comments?post=83821"}],"wp:featuredmedia":[{"embeddable":true,"href":"https:\/\/factory.sale\/fi\/wp-json\/wp\/v2\/media\/83809"}],"wp:attachment":[{"href":"https:\/\/factory.sale\/fi\/wp-json\/wp\/v2\/media?parent=83821"}],"wp:term":[{"taxonomy":"factory","embeddable":true,"href":"https:\/\/factory.sale\/fi\/wp-json\/wp\/v2\/factory?post=83821"},{"taxonomy":"free-shipment","embeddable":true,"href":"https:\/\/factory.sale\/fi\/wp-json\/wp\/v2\/free-shipment?post=83821"},{"taxonomy":"product_brand","embeddable":true,"href":"https:\/\/factory.sale\/fi\/wp-json\/wp\/v2\/product_brand?post=83821"},{"taxonomy":"product_cat","embeddable":true,"href":"https:\/\/factory.sale\/fi\/wp-json\/wp\/v2\/product_cat?post=83821"},{"taxonomy":"product_tag","embeddable":true,"href":"https:\/\/factory.sale\/fi\/wp-json\/wp\/v2\/product_tag?post=83821"}],"curies":[{"name":"wp","href":"https:\/\/api.w.org\/{rel}","templated":true}]}}