{"id":83799,"date":"2024-04-10T19:24:34","date_gmt":"2024-04-10T20:40:09","guid":{"rendered":"https:\/\/factory.sale\/?post_type=product&#038;p=83799"},"modified":"2025-01-02T14:13:26","modified_gmt":"2025-01-02T11:13:26","slug":"4t-tasotikkaat","status":"publish","type":"product","link":"https:\/\/factory.sale\/fi\/tuote\/4t-tasotikkaat\/","title":{"rendered":"4T-Tasotikkaat"},"content":{"rendered":"<p>Pikkuvelje\u00e4\u00e4n, TT-tasotikkaita, astetta suuremmat 4T-tasotikkaat on varustettu eritt\u00e4in suurella ty\u00f6skentelytasolla sek\u00e4 korkealla lantiotuella, joka tekee ty\u00f6skentelyst\u00e4 vakaata, miellytt\u00e4v\u00e4\u00e4 ja turvallista. Tuotteessa vakiovarusteena olevat k\u00e4sijohteet helpottavat tikkaille nousua ja laskeutumista. Alatukipalkeilla varustettuina korkeammatkin 4T-tikkaat t\u00e4ytt\u00e4v\u00e4t rakennusty\u00f6maiden tikasohjeen.<\/p>\n<p>Ty\u00f6skentelytason rei\u00b4itetty pinta antaa eritt\u00e4in hyv\u00e4n pidon. Muodoltaan ovaalit rei\u00e4t on suunniteltu siten, ett\u00e4 tasolle mahdollisesti ty\u00f6skentelyvaiheessa p\u00e4\u00e4ssyt vesi p\u00e4\u00e4see valumaan pois ja ehk\u00e4isee n\u00e4in pintaan j\u00e4\u00e4tyv\u00e4n vesikerroksen syntymisen.<\/p>\n<p>Tikkaiden yl\u00e4osassa on tarvikekotelo, johon voi ty\u00f6skentelyn ajaksi laskea pienempi\u00e4 tarvikkeita, kuten puukon, kyn\u00e4n sek\u00e4 ruuvimeisselin.<\/p>\n<p>&nbsp;<\/p>\n<p>T\u00e4ytt\u00e4\u00e4 EN-131 -standardin<br \/>\nT\u00e4ytt\u00e4\u00e4 VNa-205\/2009 -vaatimukset (yli 1 metrin tasokorkeuksissa valittava P-malli)<br \/>\nT\u00e4ytt\u00e4\u00e4 rakennusyritysten tikasohjeen (yli 1 metrin tasokorkeuksissa valittava P-malli)<br \/>\n80 mm syv\u00e4t, rihlatut askelmat<br \/>\nAskelmat taumelniitattu sivupaarteisiin<br \/>\nTy\u00f6taso rei\u00b4itetty, rei\u2019\u00e4t syv\u00e4vedetty 420 x 400 mm<br \/>\nLantiotuen korkeus 890 mm<br \/>\nK\u00e4sijohteet vakiovarusteena<br \/>\nTikkaiden liukuesteet ovat TPE-muovia, jolla on erinomaiset pito-ominaisuudet<\/p>\n<p>&nbsp;<\/p>\n<div class=\"responsive-table\">\n<table>\n<tbody>\n<tr>\n<td><strong>KOODI<br \/>\n<\/strong><\/td>\n<td><strong>ASKELMIA<\/strong><\/td>\n<td><strong>TASOKORKEUS <\/strong><\/td>\n<td><strong>ALALEVEYS <\/strong><\/td>\n<td><strong>AVAUTUMA ALHAALLA<\/strong><\/td>\n<td><strong>PAINO <\/strong><\/td>\n<td><strong>KULJETUSPITUUS<\/strong><\/td>\n<td><strong>T\u00c4YTT\u00c4\u00c4 VNA 205\/2009<\/strong><\/td>\n<td><strong>HINTA<\/strong><\/td>\n<\/tr>\n<tr>\n<td>4T-104<\/td>\n<td>4 kpl<\/td>\n<td>94 cm<\/td>\n<td>59 cm<\/td>\n<td>99 cm<\/td>\n<td>10,5 kg<\/td>\n<td>197 cm<\/td>\n<td>ok<\/td>\n<td>263.23 \u20ac<\/td>\n<\/tr>\n<tr>\n<td>4T-105<\/td>\n<td>5 kpl<\/td>\n<td>120 cm<\/td>\n<td>62 cm<\/td>\n<td>116 cm<\/td>\n<td>12 kg<\/td>\n<td>225 cm<\/td>\n<td>\u2013<\/td>\n<td>291.19 \u20ac<\/td>\n<\/tr>\n<tr>\n<td>4T-105 P<\/td>\n<td>5 kpl<\/td>\n<td>126 cm<\/td>\n<td>90 cm<\/td>\n<td>116 cm<\/td>\n<td>14 kg<\/td>\n<td>231 cm<\/td>\n<td>ok<\/td>\n<td>383.31\u20ac<\/td>\n<\/tr>\n<tr>\n<td>4T-106<\/td>\n<td>6 kpl<\/td>\n<td>144 cm<\/td>\n<td>65 cm<\/td>\n<td>133 cm<\/td>\n<td>14 kg<\/td>\n<td>253 cm<\/td>\n<td>\u2013<\/td>\n<td>321.63 \u20ac<\/td>\n<\/tr>\n<tr>\n<td>4T-106 P<\/td>\n<td>6 kpl<\/td>\n<td>150 cm<\/td>\n<td>110 cm<\/td>\n<td>133 cm<\/td>\n<td>16 kg<\/td>\n<td>259 cm<\/td>\n<td>ok<\/td>\n<td>425.27 \u20ac<\/td>\n<\/tr>\n<tr>\n<td>4T-107<\/td>\n<td>7 kpl<\/td>\n<td>172 cm<\/td>\n<td>68 cm<\/td>\n<td>150 cm<\/td>\n<td>15,5 kg<\/td>\n<td>281 cm<\/td>\n<td>\u2013<\/td>\n<td>352.06 \u20ac<\/td>\n<\/tr>\n<tr>\n<td>4T-107 P<\/td>\n<td>7 kpl<\/td>\n<td>178 cm<\/td>\n<td>120 cm<\/td>\n<td>150 cm<\/td>\n<td>18,5 kg<\/td>\n<td>287 cm<\/td>\n<td>ok<\/td>\n<td>460.64 \u20ac<\/td>\n<\/tr>\n<tr>\n<td>4T-108<\/td>\n<td>8 kpl<\/td>\n<td>194 cm<\/td>\n<td>71 cm<\/td>\n<td>167 cm<\/td>\n<td>16,5 kg<\/td>\n<td>309 cm<\/td>\n<td>\u2013<\/td>\n<td>383.32\u20ac<\/td>\n<\/tr>\n<tr>\n<td>4T-108 P<\/td>\n<td>8 kpl<\/td>\n<td>200 cm<\/td>\n<td>130 cm<\/td>\n<td>167 cm<\/td>\n<td>19,5 kg<\/td>\n<td>315 cm<\/td>\n<td>ok<\/td>\n<td>498.48\u20ac<\/td>\n<\/tr>\n<\/tbody>\n<\/table>\n<p>&nbsp;<\/p>\n<\/div>\n<p><a href=\"https:\/\/factory.sale\/wp-content\/uploads\/2024\/04\/yleisohjeet-kaikkille-tikkaille.pdf\" target=\"_blank\" rel=\"noopener\">Tikkaiden turvallinen k\u00e4ytt\u00f6 -ohjeet suomeksi<\/a><\/p>\n","protected":false},"excerpt":{"rendered":"<p>4T-tasotikkaat ovat myydyin malli rakennusty\u00f6maille, kun tasokorkeutta vaaditaan yli 150 cm. Tikkaiden leve\u00e4mpi ty\u00f6taso antaa tilaa treenatummillekin reisille ja korkea lantiotuki on miellytt\u00e4v\u00e4 sek\u00e4 turvallinen ty\u00f6skennelt\u00e4ess\u00e4.<\/p>\n<p><img loading=\"lazy\" decoding=\"async\" class=\"alignnone size-medium wp-image-27958\" src=\"https:\/\/factory.sale\/wp-content\/uploads\/2023\/05\/made-in-finland-300x240.png\" alt=\"\" width=\"300\" height=\"240\" srcset=\"https:\/\/factory.sale\/wp-content\/uploads\/2023\/05\/made-in-finland-300x240.png 300w, https:\/\/factory.sale\/wp-content\/uploads\/2023\/05\/made-in-finland-150x120.png 150w, https:\/\/factory.sale\/wp-content\/uploads\/2023\/05\/made-in-finland-600x480.png 600w, https:\/\/factory.sale\/wp-content\/uploads\/2023\/05\/made-in-finland.png 750w\" sizes=\"auto, (max-width: 300px) 100vw, 300px\" \/><\/p>\n","protected":false},"featured_media":83783,"comment_status":"open","ping_status":"closed","template":"","meta":{"_acf_changed":false},"factory":[],"free-shipment":[],"product_brand":[],"product_cat":[2856,1322],"product_tag":[609],"class_list":{"0":"post-83799","1":"product","2":"type-product","3":"status-publish","4":"has-post-thumbnail","6":"product_cat-tikkaat-ja-telineet","7":"product_cat-tyokalut-ja-valineet","8":"product_tag-tools-fi","10":"first","11":"instock","12":"sale","13":"taxable","14":"shipping-taxable","15":"purchasable","16":"product-type-simple"},"acf":[],"_links":{"self":[{"href":"https:\/\/factory.sale\/fi\/wp-json\/wp\/v2\/product\/83799","targetHints":{"allow":["GET"]}}],"collection":[{"href":"https:\/\/factory.sale\/fi\/wp-json\/wp\/v2\/product"}],"about":[{"href":"https:\/\/factory.sale\/fi\/wp-json\/wp\/v2\/types\/product"}],"replies":[{"embeddable":true,"href":"https:\/\/factory.sale\/fi\/wp-json\/wp\/v2\/comments?post=83799"}],"wp:featuredmedia":[{"embeddable":true,"href":"https:\/\/factory.sale\/fi\/wp-json\/wp\/v2\/media\/83783"}],"wp:attachment":[{"href":"https:\/\/factory.sale\/fi\/wp-json\/wp\/v2\/media?parent=83799"}],"wp:term":[{"taxonomy":"factory","embeddable":true,"href":"https:\/\/factory.sale\/fi\/wp-json\/wp\/v2\/factory?post=83799"},{"taxonomy":"free-shipment","embeddable":true,"href":"https:\/\/factory.sale\/fi\/wp-json\/wp\/v2\/free-shipment?post=83799"},{"taxonomy":"product_brand","embeddable":true,"href":"https:\/\/factory.sale\/fi\/wp-json\/wp\/v2\/product_brand?post=83799"},{"taxonomy":"product_cat","embeddable":true,"href":"https:\/\/factory.sale\/fi\/wp-json\/wp\/v2\/product_cat?post=83799"},{"taxonomy":"product_tag","embeddable":true,"href":"https:\/\/factory.sale\/fi\/wp-json\/wp\/v2\/product_tag?post=83799"}],"curies":[{"name":"wp","href":"https:\/\/api.w.org\/{rel}","templated":true}]}}