{"id":83752,"date":"2026-03-12T16:29:02","date_gmt":"2024-04-08T16:29:02","guid":{"rendered":"https:\/\/factory.sale\/product\/hot-tub-blackpearl-2-spa-system\/"},"modified":"2025-12-11T22:49:08","modified_gmt":"2025-12-11T19:49:08","slug":"kylpytynnyri-blackpearl-2-palju-poreilla-vesihieronnalla","status":"publish","type":"product","link":"https:\/\/factory.sale\/fi\/tuote\/kylpytynnyri-blackpearl-2-palju-poreilla-vesihieronnalla\/","title":{"rendered":"SUPER TARJOUS \u2013 ILMAINEN TERMOKANSI KAUPAN P\u00c4\u00c4LLE! MustaHelmi 2 palju poreilla &amp; vesihieronnalla"},"content":{"rendered":"<p>Korkealaatuinen ergonominen lasikuitusisus<br \/>\nT\u00e4m\u00e4 kest\u00e4v\u00e4 ja huoltovapaa kylpytynnyri on suunniteltu ergonomiaa ajatellen ja on erinomainen sijoitus hyvinvointiisi. Se sopii erinomaisesti sek\u00e4 kotik\u00e4ytt\u00f6\u00f6n ett\u00e4 ammattik\u00e4ytt\u00f6\u00f6n luksushotelleissa ja kylpyl\u00f6iss\u00e4. Uniikki sis\u00e4muotoilu tukee vartaloa t\u00e4ydellisesti ja auttaa rentoutumaan sek\u00e4 lievitt\u00e4m\u00e4\u00e4n stressi\u00e4.<\/p>\n<p>Tyylikk\u00e4\u00e4t ja mukavat lis\u00e4varusteet<br \/>\nNauti ylellisest\u00e4 ja rentouttavasta kylpykokemuksesta innovatiivisen yhdistelm\u00e4hierontaj\u00e4rjestelm\u00e4mme avulla \u2013 suunniteltu juuri sinun nautintoasi varten! Kuvittele rauhoittava kylpy, joka vie sinut t\u00e4ysin uudelle tasolle.<\/p>\n<p>Eksklusiivinen hierontaj\u00e4rjestelm\u00e4 yhdist\u00e4\u00e4 veden ja ilman hell\u00e4varaisen voiman sek\u00e4 modernin ja tunnelmallisen 8-v\u00e4risen RGB LED-valaistuksen.<br \/>\n8 vesisuutinta ja 12 ilmasuutinta tarjoavat t\u00e4ydellisen tasapainon \u2013 tehokasta ja miellytt\u00e4v\u00e4\u00e4 koko vartalolle.<\/p>\n<p>Olipa kyseess\u00e4 oma rauhan tyyssijasi m\u00f6kill\u00e4 tai ylellinen lis\u00e4 spa-keskukseen, t\u00e4m\u00e4 hierontaj\u00e4rjestelm\u00e4 ihastuttaa sinua ja vieraitasi kerta toisensa j\u00e4lkeen. Meid\u00e4n tavoitteemme on tehd\u00e4 arjesta erityist\u00e4 ja tarjota parasta mahdollista rentoutumista.<\/p>\n<ul>\n<li>Vakiovarusteet:<\/li>\n<li>20 mm l\u00e4mp\u00f6puuverhous (voidaan k\u00e4sitell\u00e4 Remmersin kuultov\u00e4rill\u00e4 \u2013 laaja v\u00e4rivalikoima. V\u00e4rikartat: <a href=\"https:\/\/factory.sale\/wp-content\/uploads\/2024\/06\/Remmers-lasuur.pdf\" target=\"_blank\" rel=\"noopener\">v\u00e4rikartta 1<\/a>, <a href=\"https:\/\/factory.sale\/wp-content\/uploads\/2024\/06\/ZI10906_2250_DE_1_81907.pdf\" target=\"_blank\" rel=\"noopener\">v\u00e4rikartta 2<\/a><\/li>\n<li>Upotettu AISI 304 ruostumattomasta ter\u00e4ksest\u00e4 valmistettu puukamiina<\/li>\n<li>2 metrin savupiippu l\u00e4mm\u00f6nsuojalla ja piipunhatulla<\/li>\n<li>Vedenpoistoventtiili<\/li>\n<li>Portaat<\/li>\n<li>Juomatelineet<\/li>\n<li>Termokansi (v\u00e4rit: musta, harmaa tai ruskea)<\/li>\n<li>4 niskatukea<\/li>\n<li>LED-valaistus (2 lamppua)<\/li>\n<li>Sulakerasia s\u00e4hk\u00f6liit\u00e4nt\u00e4\u00e4 varten<\/li>\n<li>Yhdistetty hierontaj\u00e4rjestelm\u00e4: 8 vesisuutinta ja 12 ilmasuutinta<\/li>\n<li>Kelluva l\u00e4mp\u00f6mittari<\/li>\n<li>Lasikuitusisus, jossa merik\u00e4ytt\u00f6\u00f6n suunniteltu kest\u00e4v\u00e4 Gelcoat-pinnoite (sama materiaali kuin jahdeissa ja laivoissa) V\u00e4rivaihtoehdot: Sininen (RAL5012), Valkoinen\/Kermanvalkoinen (RAL9001), Harmaa (RAL7015)<\/li>\n<\/ul>\n<p><strong><img loading=\"lazy\" decoding=\"async\" class=\"alignnone wp-image-86083\" src=\"https:\/\/factory.sale\/wp-content\/uploads\/2024\/04\/Colors-300x240.jpg\" alt=\"\" width=\"339\" height=\"271\" srcset=\"https:\/\/factory.sale\/wp-content\/uploads\/2024\/04\/Colors-300x240.jpg 300w, https:\/\/factory.sale\/wp-content\/uploads\/2024\/04\/Colors-150x120.jpg 150w, https:\/\/factory.sale\/wp-content\/uploads\/2024\/04\/Colors-600x480.jpg 600w, https:\/\/factory.sale\/wp-content\/uploads\/2024\/04\/Colors.jpg 750w\" sizes=\"auto, (max-width: 339px) 100vw, 339px\" \/><\/strong><\/p>\n<ul>\n<li>Lis\u00e4maksusta on mahdollista valita akryylisisus. V\u00e4rivaihtoehdot: Sininen RAL5012, Valkoinen\/kermanv\u00e4rinen RAL9001, Harmaa RAL7015, Musta marmori, Sininen marmori, Kahvimarmori, Vihre\u00e4 marmori, Valkoinen marmori, Ruskea marmori.<\/li>\n<\/ul>\n<p><img loading=\"lazy\" decoding=\"async\" class=\"alignnone wp-image-100885\" src=\"https:\/\/factory.sale\/wp-content\/uploads\/2024\/04\/marmori-300x120.webp\" alt=\"\" width=\"598\" height=\"239\" srcset=\"https:\/\/factory.sale\/wp-content\/uploads\/2024\/04\/marmori-300x120.webp 300w, https:\/\/factory.sale\/wp-content\/uploads\/2024\/04\/marmori-150x60.webp 150w, https:\/\/factory.sale\/wp-content\/uploads\/2024\/04\/marmori-600x240.webp 600w, https:\/\/factory.sale\/wp-content\/uploads\/2024\/04\/marmori.webp 750w\" sizes=\"auto, (max-width: 598px) 100vw, 598px\" \/><\/p>\n<p><strong>Tekniset tiedot:<\/strong><\/p>\n<ul>\n<li>Sis\u00e4halkaisija: 180 cm<\/li>\n<li>Ulkohalkaisija: 200 cm<\/li>\n<li>Sis\u00e4korkeus: 85 cm<\/li>\n<li>Ulkokorkeus: 95 cm<\/li>\n<li>Vesitilavuus: 1100 litraa<\/li>\n<li>Veden l\u00e4mp\u00f6tila nousee jopa 40\u00b0C 1,5-2 tunnissa<\/li>\n<li>Paino: 200 kg<\/li>\n<li>Lasikuitusisus: Lasikuitu<\/li>\n<li>Liesi: Integroitu ruostumattomasta ter\u00e4ksest\u00e4 valmistettu kamiina (AISI 304) (AISI 316 my\u00f6s\u00a0saatavilla)<\/li>\n<li>Integroitu l\u00e4mmitysteho: 30 kW<\/li>\n<li>Kapasiteetti: 4-6 aikuista<\/li>\n<li>IP-suojausluokka: IPX 5<\/li>\n<\/ul>\n<p><img loading=\"lazy\" decoding=\"async\" class=\"alignnone wp-image-102104\" src=\"https:\/\/factory.sale\/wp-content\/uploads\/2024\/04\/jets-factory-sale-2-300x60.webp\" alt=\"\" width=\"660\" height=\"132\" srcset=\"https:\/\/factory.sale\/wp-content\/uploads\/2024\/04\/jets-factory-sale-2-300x60.webp 300w, https:\/\/factory.sale\/wp-content\/uploads\/2024\/04\/jets-factory-sale-2-150x30.webp 150w, https:\/\/factory.sale\/wp-content\/uploads\/2024\/04\/jets-factory-sale-2-600x120.webp 600w, https:\/\/factory.sale\/wp-content\/uploads\/2024\/04\/jets-factory-sale-2.webp 750w\" sizes=\"auto, (max-width: 660px) 100vw, 660px\" \/><\/p>\n<p>Lis\u00e4varusteet (lis\u00e4maksusta):<\/p>\n<ul>\n<li>Py\u00f6re\u00e4t portaat<\/li>\n<li>Koroketaso M-portaat<\/li>\n<li>Ruostumattomasta ter\u00e4ksest\u00e4 valmistettu suodatinliit\u00e4nt\u00e4<\/li>\n<li>Hiekkasuodatin<\/li>\n<li>T\u00e4ytemateriaali (puuvillapallot)<\/li>\n<li>Suodatinlaatikko (kuusi)<\/li>\n<li>Suodatinlaatikko (l\u00e4mp\u00f6puu)<\/li>\n<li>Suodatinlaatikko (WPC)<\/li>\n<li>UV-C lamppu (Blue Lagoon)<\/li>\n<li>3 kW s\u00e4hk\u00f6vastus<\/li>\n<li>6 kW s\u00e4hk\u00f6vastus<\/li>\n<li>9 kW s\u00e4hk\u00f6vastus<\/li>\n<li>Ter\u00e4svanteet (2 kpl)<\/li>\n<li>Puiset hyllyt<\/li>\n<li>Muoviset hyllyt<\/li>\n<li>WPC-verhous (v\u00e4rit: antrasiitti, tummanruskea, harmaa)<\/li>\n<\/ul>\n<p><img loading=\"lazy\" decoding=\"async\" class=\"alignnone wp-image-102001\" src=\"https:\/\/factory.sale\/wp-content\/uploads\/2024\/04\/WPC-factory-sale-300x100.webp\" alt=\"\" width=\"438\" height=\"146\" srcset=\"https:\/\/factory.sale\/wp-content\/uploads\/2024\/04\/WPC-factory-sale-300x100.webp 300w, https:\/\/factory.sale\/wp-content\/uploads\/2024\/04\/WPC-factory-sale-150x50.webp 150w, https:\/\/factory.sale\/wp-content\/uploads\/2024\/04\/WPC-factory-sale-600x200.webp 600w, https:\/\/factory.sale\/wp-content\/uploads\/2024\/04\/WPC-factory-sale.webp 750w\" sizes=\"auto, (max-width: 438px) 100vw, 438px\" \/><\/p>\n<p>Tuotekoodi: Black2<\/p>\n<p><strong>Tarvitsetko lis\u00e4tietoa? Ota meihin yhteytt\u00e4 \u2013 autamme mielell\u00e4mme asennuksessa ja teknisiss\u00e4 kysymyksiss\u00e4!<\/strong><\/p>\n<div class=\"video-wrapper \"><iframe loading=\"lazy\" title=\"BlackPearl hot tub\" width=\"500\" height=\"281\" src=\"https:\/\/www.youtube.com\/embed\/yC12XRrt2_c?feature=oembed\" frameborder=\"0\" allow=\"accelerometer; autoplay; clipboard-write; encrypted-media; gyroscope; picture-in-picture; web-share\" referrerpolicy=\"strict-origin-when-cross-origin\" allowfullscreen><\/iframe><\/div>\n","protected":false},"excerpt":{"rendered":"<p>BlackPearl 2 on moderni, esteettinen lasikuitukylpytynnyri, joka t\u00e4ytt\u00e4\u00e4 korkeimmat laatukriteerit t\u00e4ydellisen rentoutumisen varmistamiseksi sinulle ja vieraillesi.<\/p>\n<p>Kapasiteetti\u00a0 4-6 henkil\u00f6\u00e4<\/p>\n","protected":false},"featured_media":86087,"comment_status":"open","ping_status":"closed","template":"","meta":{"_acf_changed":false},"factory":[],"free-shipment":[],"product_brand":[],"product_cat":[2210,2588],"product_tag":[2846,2847,2848,2849],"class_list":{"0":"post-83752","1":"product","2":"type-product","3":"status-publish","4":"has-post-thumbnail","6":"product_cat-kylpytynnyrit","7":"product_cat-lasikuituiset-kylpytynnyrit","8":"product_tag-hot-tub-fi","9":"product_tag-integrated-heater-fi","10":"product_tag-spa-fi","11":"product_tag-wellness-fi","13":"first","14":"instock","15":"sale","16":"taxable","17":"shipping-taxable","18":"purchasable","19":"product-type-simple"},"acf":[],"_links":{"self":[{"href":"https:\/\/factory.sale\/fi\/wp-json\/wp\/v2\/product\/83752","targetHints":{"allow":["GET"]}}],"collection":[{"href":"https:\/\/factory.sale\/fi\/wp-json\/wp\/v2\/product"}],"about":[{"href":"https:\/\/factory.sale\/fi\/wp-json\/wp\/v2\/types\/product"}],"replies":[{"embeddable":true,"href":"https:\/\/factory.sale\/fi\/wp-json\/wp\/v2\/comments?post=83752"}],"wp:featuredmedia":[{"embeddable":true,"href":"https:\/\/factory.sale\/fi\/wp-json\/wp\/v2\/media\/86087"}],"wp:attachment":[{"href":"https:\/\/factory.sale\/fi\/wp-json\/wp\/v2\/media?parent=83752"}],"wp:term":[{"taxonomy":"factory","embeddable":true,"href":"https:\/\/factory.sale\/fi\/wp-json\/wp\/v2\/factory?post=83752"},{"taxonomy":"free-shipment","embeddable":true,"href":"https:\/\/factory.sale\/fi\/wp-json\/wp\/v2\/free-shipment?post=83752"},{"taxonomy":"product_brand","embeddable":true,"href":"https:\/\/factory.sale\/fi\/wp-json\/wp\/v2\/product_brand?post=83752"},{"taxonomy":"product_cat","embeddable":true,"href":"https:\/\/factory.sale\/fi\/wp-json\/wp\/v2\/product_cat?post=83752"},{"taxonomy":"product_tag","embeddable":true,"href":"https:\/\/factory.sale\/fi\/wp-json\/wp\/v2\/product_tag?post=83752"}],"curies":[{"name":"wp","href":"https:\/\/api.w.org\/{rel}","templated":true}]}}