{"id":83593,"date":"2024-03-29T19:12:31","date_gmt":"2024-03-29T19:28:07","guid":{"rendered":"https:\/\/factory.sale\/?post_type=product&#038;p=83593"},"modified":"2024-06-27T03:54:35","modified_gmt":"2024-06-27T03:54:35","slug":"leapton-410w-moduuli-lp182182-m54-mh-410-w-musta-runko","status":"publish","type":"product","link":"https:\/\/factory.sale\/fi\/tuote\/leapton-410w-moduuli-lp182182-m54-mh-410-w-musta-runko\/","title":{"rendered":"LEAPTON 410W MODUULI LP182*182-M54-MH 410 W Musta runko"},"content":{"rendered":"<p>Leapton, maailmanlaajuinen korkealaatuisten aurinkopaneelien valmistaja. Yritys keskittyy korkealaatuisten tuotej\u00e4rjestelmien suunnitteluun ja integrointiin ja on mukana kehitt\u00e4m\u00e4ss\u00e4 ja edist\u00e4m\u00e4ss\u00e4 keski- ja huippuluokan aurinkos\u00e4hk\u00f6j\u00e4rjestelmi\u00e4.<\/p>\n<p>&nbsp;<\/p>\n<p><strong>Tekninen informaatio:<\/strong><\/p>\n<p>Nimellisteho: 410 W<br \/>\nSolutyyppi: Mono<br \/>\nSolujen lukum\u00e4\u00e4r\u00e4: 108<br \/>\nSolumuoto: n\/a<br \/>\nModuulin tehokkuus:\u00a020,97 %<br \/>\nTehontoleranssi: tehotoleranssiarvo<br \/>\nTemp. Coeff. P(max): -0,36 %\/\u00b0C<br \/>\nJ\u00e4rjestelm\u00e4n j\u00e4nnite: 1500 V<br \/>\nOptimoija sis.: ei<\/p>\n<p>&nbsp;<\/p>\n<p><strong>Pakkaus:<\/strong><\/p>\n<p>Kpl per lava: 36<br \/>\nKpl: 40 936<\/p>\n<p>&nbsp;<\/p>\n<p><strong>Mitat:<\/strong><\/p>\n<p>Pituus: 1724 mm<br \/>\nLeveys: 1134 mm<br \/>\nRunko: 30 mm<br \/>\nPaino: 21,0 kg<\/p>\n<p>&nbsp;<\/p>\n<p><strong>Muut ominaisuudet:<\/strong><\/p>\n<p>Kehys\/taustalevy: musta\/valkoinen<br \/>\nKaapelin pituus: + \/ \u2013 1100 mm \/ 1100 mm<br \/>\nLiittimen tyyppi: St\u00e4ubli MC4<br \/>\nLumikuorma: 5.400 Pa<br \/>\nTuulikuorma: 2.400 Pa<\/p>\n<p>&nbsp;<\/p>\n<p>&nbsp;<\/p>\n<p><em>HUOM! Hinta on per kontti!<\/em><br \/>\n<em>Pyyd\u00e4 tarjous lavalle.<\/em><\/p>\n<p>&nbsp;<\/p>\n<p><a href=\"https:\/\/factory.sale\/wp-content\/uploads\/2023\/11\/410W.pdf\" target=\"_blank\" rel=\"noopener\">Leapton tuotekortti<\/a><\/p>\n","protected":false},"excerpt":{"rendered":"<div class=\"short-descr\">\n<div class=\"woocommerce-product-details__short-description\">\n<h3>Japanilaisen valmistajan aurinkos\u00e4hk\u00f6paneelit<\/h3>\n<p>Leapton, maailmanlaajuinen korkealaatuisten aurinkopaneelien valmistaja. Yritys keskittyy korkealaatuisten tuotej\u00e4rjestelmien suunnitteluun ja integrointiin ja on mukana kehitt\u00e4m\u00e4ss\u00e4 ja edist\u00e4m\u00e4ss\u00e4 keski- ja huippuluokan aurinkos\u00e4hk\u00f6j\u00e4rjestelmi\u00e4.<\/p>\n<p><em><strong>Tilaukset alkaen 1000 \u20ac sis\u00e4lt\u00e4v\u00e4t toimituksen mantereisen Viron hintaan.<\/strong><\/em><\/p>\n<\/div>\n<\/div>\n<p class=\"price\">\n","protected":false},"featured_media":47042,"comment_status":"open","ping_status":"closed","template":"","meta":{"_acf_changed":false},"factory":[],"free-shipment":[],"product_brand":[],"product_cat":[2653,1332],"product_tag":[1417],"class_list":{"0":"post-83593","1":"product","2":"type-product","3":"status-publish","4":"has-post-thumbnail","6":"product_cat-leapton-solar-fi","7":"product_cat-uusiutuva-energia","8":"product_tag-renewable-energy-fi","10":"first","11":"instock","12":"sale","13":"taxable","14":"shipping-taxable","15":"purchasable","16":"product-type-simple"},"acf":[],"_links":{"self":[{"href":"https:\/\/factory.sale\/fi\/wp-json\/wp\/v2\/product\/83593","targetHints":{"allow":["GET"]}}],"collection":[{"href":"https:\/\/factory.sale\/fi\/wp-json\/wp\/v2\/product"}],"about":[{"href":"https:\/\/factory.sale\/fi\/wp-json\/wp\/v2\/types\/product"}],"replies":[{"embeddable":true,"href":"https:\/\/factory.sale\/fi\/wp-json\/wp\/v2\/comments?post=83593"}],"wp:featuredmedia":[{"embeddable":true,"href":"https:\/\/factory.sale\/fi\/wp-json\/wp\/v2\/media\/47042"}],"wp:attachment":[{"href":"https:\/\/factory.sale\/fi\/wp-json\/wp\/v2\/media?parent=83593"}],"wp:term":[{"taxonomy":"factory","embeddable":true,"href":"https:\/\/factory.sale\/fi\/wp-json\/wp\/v2\/factory?post=83593"},{"taxonomy":"free-shipment","embeddable":true,"href":"https:\/\/factory.sale\/fi\/wp-json\/wp\/v2\/free-shipment?post=83593"},{"taxonomy":"product_brand","embeddable":true,"href":"https:\/\/factory.sale\/fi\/wp-json\/wp\/v2\/product_brand?post=83593"},{"taxonomy":"product_cat","embeddable":true,"href":"https:\/\/factory.sale\/fi\/wp-json\/wp\/v2\/product_cat?post=83593"},{"taxonomy":"product_tag","embeddable":true,"href":"https:\/\/factory.sale\/fi\/wp-json\/wp\/v2\/product_tag?post=83593"}],"curies":[{"name":"wp","href":"https:\/\/api.w.org\/{rel}","templated":true}]}}