{"id":83551,"date":"2024-03-26T13:42:54","date_gmt":"2024-03-26T18:08:59","guid":{"rendered":"https:\/\/factory.sale\/?post_type=product&#038;p=83551"},"modified":"2024-08-15T09:59:52","modified_gmt":"2024-08-15T06:59:52","slug":"oaassaun-moduuli","status":"publish","type":"product","link":"https:\/\/factory.sale\/fi\/tuote\/oaassaun-moduuli\/","title":{"rendered":"Oaassaun moduuli"},"content":{"rendered":"<p>Yksihuoneinen sauna porealtaalla ja terassilla.<\/p>\n<p>Sauna yhdess\u00e4 porealtaan kanssa on ihanteellinen valinta.<\/p>\n<p>Moduulien ansiosta voit sijoittaa tuotteen haluamallasi tavalla, mahdollisuuksia on paljon.<\/p>\n<p>Yhden moduulin koko on 2200 x 2200 x 2300, terassimoduuli 2200 x 2200 x 130.<\/p>\n<p>Sauna on yksihuoneinen, l\u00f6ylyhuoneeseen mahtuu enint\u00e4\u00e4n 5 henkil\u00f6\u00e4.<\/p>\n<p>Porealtaaseen mahtuu enint\u00e4\u00e4n 6 henkil\u00f6\u00e4, ja sen 30kw kiuas on integroitu kuoreen, mik\u00e4 nopeuttaa veden l\u00e4mpenemist\u00e4 huomattavasti.<\/p>\n<p>Saunan sein\u00e4t ja katto ovat eristetyt ja varustettu virolaisella suunnittelukiukaalla HUUM.<\/p>\n<p>Valaistus on sek\u00e4 sis\u00e4ll\u00e4 ett\u00e4 ulkona.<\/p>\n<p>Porealtaassa on v\u00e4ri\u00e4 vaihtava led-valo ja l\u00e4mp\u00f6kansi.<\/p>\n<p>On mahdollista asentaa my\u00f6s kuplaj\u00e4rjestelm\u00e4 ja nanol\u00e4mmitys, mik\u00e4 v\u00e4hent\u00e4\u00e4 l\u00e4mmitysaikaa entisest\u00e4\u00e4n.<\/p>\n<p>Poreallas on katettu, ja sen katto on l\u00e4pin\u00e4kyv\u00e4\u00e4 (k\u00e4yt\u00e4nn\u00f6ss\u00e4 s\u00e4rkym\u00e4t\u00f6nt\u00e4 materiaalia, UV-suojattu).<\/p>\n<p>Kaikkia tuotteita on mahdollista ostaa erikseen.<\/p>\n<p>Ostamalla setin (sauna, poreallas katoksella, terassi) hinta on edullisempi.<\/p>\n<p>&nbsp;<\/p>\n<p><strong><em>PS! Otamme huomioon my\u00f6s asiakkaan erityistoiveet. <\/em><\/strong><\/p>\n<p><strong><em>PS! Tuotteelle on my\u00f6nnetty EU:n immateriaalioikeusviraston (EUIPO) suunnittelurekister\u00f6intitodistus nro:007878251-0.<\/em><\/strong><\/p>\n","protected":false},"excerpt":{"rendered":"<p>Yksihuoneinen sauna porealtaalla ja terassilla.<\/p>\n<p>&nbsp;<\/p>\n<p><em><strong>Hinta sis\u00e4lt\u00e4\u00e4 saunan kasattuna.<\/strong><\/em><\/p>\n","protected":false},"featured_media":83533,"comment_status":"open","ping_status":"closed","template":"","meta":{"_acf_changed":false},"factory":[],"free-shipment":[],"product_brand":[],"product_cat":[1317,2258],"product_tag":[2106],"class_list":{"0":"post-83551","1":"product","2":"type-product","3":"status-publish","4":"has-post-thumbnail","6":"product_cat-sauna-fi","7":"product_cat-saunakuutiot","8":"product_tag-sauna-fi","10":"first","11":"instock","12":"sale","13":"taxable","14":"shipping-taxable","15":"purchasable","16":"product-type-simple"},"acf":[],"_links":{"self":[{"href":"https:\/\/factory.sale\/fi\/wp-json\/wp\/v2\/product\/83551","targetHints":{"allow":["GET"]}}],"collection":[{"href":"https:\/\/factory.sale\/fi\/wp-json\/wp\/v2\/product"}],"about":[{"href":"https:\/\/factory.sale\/fi\/wp-json\/wp\/v2\/types\/product"}],"replies":[{"embeddable":true,"href":"https:\/\/factory.sale\/fi\/wp-json\/wp\/v2\/comments?post=83551"}],"wp:featuredmedia":[{"embeddable":true,"href":"https:\/\/factory.sale\/fi\/wp-json\/wp\/v2\/media\/83533"}],"wp:attachment":[{"href":"https:\/\/factory.sale\/fi\/wp-json\/wp\/v2\/media?parent=83551"}],"wp:term":[{"taxonomy":"factory","embeddable":true,"href":"https:\/\/factory.sale\/fi\/wp-json\/wp\/v2\/factory?post=83551"},{"taxonomy":"free-shipment","embeddable":true,"href":"https:\/\/factory.sale\/fi\/wp-json\/wp\/v2\/free-shipment?post=83551"},{"taxonomy":"product_brand","embeddable":true,"href":"https:\/\/factory.sale\/fi\/wp-json\/wp\/v2\/product_brand?post=83551"},{"taxonomy":"product_cat","embeddable":true,"href":"https:\/\/factory.sale\/fi\/wp-json\/wp\/v2\/product_cat?post=83551"},{"taxonomy":"product_tag","embeddable":true,"href":"https:\/\/factory.sale\/fi\/wp-json\/wp\/v2\/product_tag?post=83551"}],"curies":[{"name":"wp","href":"https:\/\/api.w.org\/{rel}","templated":true}]}}