{"id":83520,"date":"2024-03-25T18:26:03","date_gmt":"2024-03-25T18:36:27","guid":{"rendered":"https:\/\/factory.sale\/?post_type=product&#038;p=83520"},"modified":"2024-08-14T23:36:43","modified_gmt":"2024-08-14T20:36:43","slug":"oaassauna-2","status":"publish","type":"product","link":"https:\/\/factory.sale\/fi\/tuote\/oaassauna-2\/","title":{"rendered":"Oaassauna 2"},"content":{"rendered":"<ul>\n<li>Sauna porealtaalla on ihanteellinen valinta.<\/li>\n<li>Saunassa on kaksi huonetta, l\u00f6ylyhuoneeseen mahtuu 4 henkil\u00f6\u00e4.<\/li>\n<li>Kylpytynnyriin mahtuu 6 henkil\u00f6\u00e4, kylpytynnyrin 30kw uuni on integroitu kuoreen ja vesi l\u00e4mpenee t\u00e4m\u00e4n ansiosta eritt\u00e4in nopeasti.<\/li>\n<li>Valaistus on sek\u00e4 sis\u00e4ll\u00e4 ett\u00e4 ulkona.<\/li>\n<\/ul>\n<p>&nbsp;<\/p>\n<p>&nbsp;<\/p>\n<p><strong>Mitat:<\/strong> 4800 x 2300 x 2300, josta saunaosa on 3000 x 2300 x 2300<\/p>\n<p><strong>Setti sis\u00e4lt\u00e4\u00e4<\/strong> terassin ja muovisen kupolin kannen.<\/p>\n<p>&nbsp;<\/p>\n<p><em>PS! Tuotteelle on my\u00f6nnetty EU:n henkisen omaisuuden viraston (EUIPO) mallirekister\u00f6intitodistus nro: 007878251-0001<\/em><\/p>\n<p>&nbsp;<\/p>\n","protected":false},"excerpt":{"rendered":"<ul>\n<li>Sauna porealtaalla on ihanteellinen valinta.<\/li>\n<li>Saunassa on kaksi huonetta, l\u00f6ylyhuoneeseen mahtuu 4 henkil\u00f6\u00e4.<\/li>\n<li>Kylpytynnyriin mahtuu 6 henkil\u00f6\u00e4, kylpytynnyrin 30kw uuni on integroitu kuoreen ja vesi l\u00e4mpenee t\u00e4m\u00e4n ansiosta eritt\u00e4in nopeasti.<\/li>\n<li>Valaistus on sek\u00e4 sis\u00e4ll\u00e4 ett\u00e4 ulkona.<\/li>\n<\/ul>\n<p>&nbsp;<\/p>\n<p><strong><em>Hinta sis\u00e4lt\u00e4\u00e4 saunan kokoamisen ja s\u00e4hk\u00f6l\u00e4mmitin<\/em><\/strong><br \/>\n<strong><em>Mahdollista tilata my\u00f6s puul\u00e4mmitteisell\u00e4 kiukaalla (+491.80\u20ac)<\/em><\/strong><\/p>\n","protected":false},"featured_media":83514,"comment_status":"open","ping_status":"closed","template":"","meta":{"_acf_changed":false},"factory":[],"free-shipment":[],"product_brand":[],"product_cat":[1317,2258],"product_tag":[2106],"class_list":{"0":"post-83520","1":"product","2":"type-product","3":"status-publish","4":"has-post-thumbnail","6":"product_cat-sauna-fi","7":"product_cat-saunakuutiot","8":"product_tag-sauna-fi","10":"first","11":"instock","12":"sale","13":"taxable","14":"shipping-taxable","15":"purchasable","16":"product-type-simple"},"acf":[],"_links":{"self":[{"href":"https:\/\/factory.sale\/fi\/wp-json\/wp\/v2\/product\/83520","targetHints":{"allow":["GET"]}}],"collection":[{"href":"https:\/\/factory.sale\/fi\/wp-json\/wp\/v2\/product"}],"about":[{"href":"https:\/\/factory.sale\/fi\/wp-json\/wp\/v2\/types\/product"}],"replies":[{"embeddable":true,"href":"https:\/\/factory.sale\/fi\/wp-json\/wp\/v2\/comments?post=83520"}],"wp:featuredmedia":[{"embeddable":true,"href":"https:\/\/factory.sale\/fi\/wp-json\/wp\/v2\/media\/83514"}],"wp:attachment":[{"href":"https:\/\/factory.sale\/fi\/wp-json\/wp\/v2\/media?parent=83520"}],"wp:term":[{"taxonomy":"factory","embeddable":true,"href":"https:\/\/factory.sale\/fi\/wp-json\/wp\/v2\/factory?post=83520"},{"taxonomy":"free-shipment","embeddable":true,"href":"https:\/\/factory.sale\/fi\/wp-json\/wp\/v2\/free-shipment?post=83520"},{"taxonomy":"product_brand","embeddable":true,"href":"https:\/\/factory.sale\/fi\/wp-json\/wp\/v2\/product_brand?post=83520"},{"taxonomy":"product_cat","embeddable":true,"href":"https:\/\/factory.sale\/fi\/wp-json\/wp\/v2\/product_cat?post=83520"},{"taxonomy":"product_tag","embeddable":true,"href":"https:\/\/factory.sale\/fi\/wp-json\/wp\/v2\/product_tag?post=83520"}],"curies":[{"name":"wp","href":"https:\/\/api.w.org\/{rel}","templated":true}]}}