{"id":83481,"date":"2024-03-22T08:52:33","date_gmt":"2024-03-22T09:01:01","guid":{"rendered":"https:\/\/factory.sale\/?post_type=product&#038;p=83481"},"modified":"2024-06-29T19:07:48","modified_gmt":"2024-06-29T19:07:48","slug":"lamminvesivaraaja-ariston-blu1-r-80-h-eu-3201893-emali-80l","status":"publish","type":"product","link":"https:\/\/factory.sale\/fi\/tuote\/lamminvesivaraaja-ariston-blu1-r-80-h-eu-3201893-emali-80l\/","title":{"rendered":"L\u00e4mminvesivaraaja Ariston Blu1 R 80 H EU 3201893, emali, 80l"},"content":{"rendered":"<p>Ariston Blu R Evo 80 H on laadukas 80 litran vaakamallin l\u00e4mminvesivaraaja. Varaaja on CE-hyv\u00e4ksytty ja valmistettu Euroopassa EU:n standardien mukaan.<\/p>\n<p>Ariston l\u00e4mminvesivaraajissa on tehokas polyuretaanieriste. Paineen kest\u00e4v\u00e4t venttiilit on testattu 8 barin paineella ja emaloitu sis\u00e4s\u00e4ili\u00f6 16 barin paineella. Ylellinen muotoilu, kest\u00e4v\u00e4 rakenne ja lujat osat varmistavat tuotteen pitk\u00e4n k\u00e4ytt\u00f6i\u00e4n.<\/p>\n<p><em>Huom! Asennettava paineenalennus ja vakiopaineventtiili, kun varaaja liitet\u00e4\u00e4n yleiseen (10bar) vesijohtoverkkoon.<\/em><\/p>\n<p>&nbsp;<\/p>\n<p><strong>TUOTETIEDOT:<\/strong><\/p>\n<ul>\n<li>Tuotemerkki: Ariston<\/li>\n<li>Sertifikaatit ja hyv\u00e4ksynn\u00e4t: CE-merkint\u00e4<\/li>\n<li>Takuuaika: 2 vuotta<\/li>\n<li>GTIN-koodi: 5414849786899<\/li>\n<\/ul>\n<p>&nbsp;<\/p>\n<p><strong>TUOTTEEN MITAT:<\/strong><\/p>\n<ul>\n<li>Korkeus (mm): 480<\/li>\n<li>Leveys (mm): 758<\/li>\n<li>Syvyys (mm): 480<\/li>\n<li>Tilavuus (l): 80<\/li>\n<\/ul>\n<p>&nbsp;<\/p>\n<p><strong>TUOTTEEN OMINAISUUDET:<\/strong><\/p>\n<ul>\n<li>Varolaiteryhm\u00e4 sis\u00e4ltyy: Ei<\/li>\n<li>Varaajan sis\u00e4pinnan materiaali: Emali<\/li>\n<li>Energialuokka: C<\/li>\n<li>Kaksisuuntaisella turvalaitteella varustettu termostaatti<\/li>\n<\/ul>\n<p>&nbsp;<\/p>\n<p><strong>TUOTTEEN TEKNISET TIEDOT:<\/strong><\/p>\n<ul>\n<li>S\u00e4hk\u00f6kytkent\u00e4: 1-vaiheinen<\/li>\n<li>J\u00e4nnite (V): 230<\/li>\n<li>Teho (W): 1 500<\/li>\n<li>IP-luokka: IPX3<\/li>\n<li>Maksimivedenpaine (bar): 8<\/li>\n<li>Rahtipaino (kg): 22,50<\/li>\n<\/ul>\n<p>&nbsp;<\/p>\n<p><strong>TUOTTEEN ASENTAMINEN JA K\u00c4YTT\u00d6\u00d6NOTTO:<\/strong><\/p>\n<ul>\n<li>Asennuspaikka: Sein\u00e4<\/li>\n<li>Asennustapa: Vaaka-asennus<\/li>\n<\/ul>\n<p>&nbsp;<\/p>\n<p><em>Tuote ei sis\u00e4ll\u00e4 s\u00e4hk\u00f6johtoa, pistoketta eik\u00e4 sein\u00e4kannakkeita\/telinett\u00e4. Varaaja on tarkoitettu kiinte\u00e4\u00e4n asennukseen. Liit\u00e4nn\u00e4n saa tehd\u00e4 vain s\u00e4hk\u00f6ammattilainen. Tuotteelle pit\u00e4\u00e4 asentaa varaajan mukainen varolaiteryhm\u00e4 paineen s\u00e4\u00e4t\u00e4miseksi.<\/em><\/p>\n<p>&nbsp;<\/p>\n<p>&nbsp;<\/p>\n<p><a href=\"https:\/\/factory.sale\/wp-content\/uploads\/2024\/03\/Kaytto-ohje.pdf\" target=\"_blank\" rel=\"noopener\">Kaytto-ohje<\/a><\/p>\n<p><a href=\"https:\/\/factory.sale\/wp-content\/uploads\/2024\/03\/lisavaatimus-painealennusventtiilille.pdf\" target=\"_blank\" rel=\"noopener\">Lis\u00e4ohje<\/a><\/p>\n","protected":false},"excerpt":{"rendered":"<p>Ariston Blu R Evo 80 H on laadukas 80 litran vaakamallin l\u00e4mminvesivaraaja. Varaaja on CE-hyv\u00e4ksytty ja valmistettu Euroopassa EU:n standardien mukaan.<\/p>\n","protected":false},"featured_media":83477,"comment_status":"open","ping_status":"closed","template":"","meta":{"_acf_changed":false},"factory":[],"free-shipment":[],"product_brand":[],"product_cat":[2833,1226],"product_tag":[],"class_list":{"0":"post-83481","1":"product","2":"type-product","3":"status-publish","4":"has-post-thumbnail","6":"product_cat-boilers","7":"product_cat-heating-water-and-ventilation","9":"first","10":"instock","11":"sale","12":"taxable","13":"shipping-taxable","14":"purchasable","15":"product-type-simple"},"acf":[],"_links":{"self":[{"href":"https:\/\/factory.sale\/fi\/wp-json\/wp\/v2\/product\/83481","targetHints":{"allow":["GET"]}}],"collection":[{"href":"https:\/\/factory.sale\/fi\/wp-json\/wp\/v2\/product"}],"about":[{"href":"https:\/\/factory.sale\/fi\/wp-json\/wp\/v2\/types\/product"}],"replies":[{"embeddable":true,"href":"https:\/\/factory.sale\/fi\/wp-json\/wp\/v2\/comments?post=83481"}],"wp:featuredmedia":[{"embeddable":true,"href":"https:\/\/factory.sale\/fi\/wp-json\/wp\/v2\/media\/83477"}],"wp:attachment":[{"href":"https:\/\/factory.sale\/fi\/wp-json\/wp\/v2\/media?parent=83481"}],"wp:term":[{"taxonomy":"factory","embeddable":true,"href":"https:\/\/factory.sale\/fi\/wp-json\/wp\/v2\/factory?post=83481"},{"taxonomy":"free-shipment","embeddable":true,"href":"https:\/\/factory.sale\/fi\/wp-json\/wp\/v2\/free-shipment?post=83481"},{"taxonomy":"product_brand","embeddable":true,"href":"https:\/\/factory.sale\/fi\/wp-json\/wp\/v2\/product_brand?post=83481"},{"taxonomy":"product_cat","embeddable":true,"href":"https:\/\/factory.sale\/fi\/wp-json\/wp\/v2\/product_cat?post=83481"},{"taxonomy":"product_tag","embeddable":true,"href":"https:\/\/factory.sale\/fi\/wp-json\/wp\/v2\/product_tag?post=83481"}],"curies":[{"name":"wp","href":"https:\/\/api.w.org\/{rel}","templated":true}]}}