{"id":83388,"date":"2024-03-19T10:58:33","date_gmt":"2024-03-19T11:47:02","guid":{"rendered":"https:\/\/factory.sale\/?post_type=product&#038;p=83388"},"modified":"2025-07-31T15:59:29","modified_gmt":"2025-07-31T12:59:29","slug":"2m-kylpytynnyri-ergonomisella-muovisisuksella-ulkouunilla-sininen","status":"publish","type":"product","link":"https:\/\/factory.sale\/fi\/tuote\/2m-kylpytynnyri-ergonomisella-muovisisuksella-ulkouunilla-sininen\/","title":{"rendered":"2m kylpytynnyri ergonomisella muovisisuksella, ulkouunilla"},"content":{"rendered":"<p><strong>Kylpytynnyrisetti sis\u00e4lt\u00e4\u00e4:<\/strong><\/p>\n<ul>\n<li>lasikuitusisus<\/li>\n<li>puukehys<\/li>\n<li>ulkopinnan viimeistely puu\u00f6ljyll\u00e4<\/li>\n<li>perustuspuut<\/li>\n<li>ulkouuni, joka on valmistettu merialumiinista (30kw) ja jossa on 2m savupiippu<\/li>\n<li>viem\u00e4r\u00f6inti hanalla<\/li>\n<li>portaat<\/li>\n<\/ul>\n<p><a href=\"https:\/\/factory.sale\/wp-content\/uploads\/2024\/09\/Paloturvallisuus-ja-turvaetaisyydet.pdf\" target=\"_blank\" rel=\"noopener\">Paloturvallisuus ja turvaet\u00e4isyydet<\/a><\/p>\n<p><strong>Tekniset tiedot:<\/strong><\/p>\n<ul>\n<li>Materiaali: 20mm kuusi\/termopuu<\/li>\n<li>Ulkohalkaisija: 2000mm<\/li>\n<li>Sis\u00e4halkaisija: 1820mm<\/li>\n<li>Korkeus: 1120mm<\/li>\n<li>Sis\u00e4syvyys: 980mm<\/li>\n<li>Paino: 190kg<\/li>\n<li>Tilavuus: 1500 litraa<\/li>\n<li>Henkil\u00f6m\u00e4\u00e4r\u00e4: 6-7<\/li>\n<li>L\u00e4mmitysaika 5\u00b0:st\u00e4 38\u00b0:een: 2-2,5 tuntia<\/li>\n<\/ul>\n<p>&nbsp;<\/p>\n<p><strong>Saatavilla 3 eri v\u00e4rist\u00e4 muovisisusta:<\/strong> sininen, tummanharmaa ja vaaleanharmaa<\/p>\n<p><strong><img loading=\"lazy\" decoding=\"async\" class=\"alignnone wp-image-88093\" src=\"https:\/\/factory.sale\/wp-content\/uploads\/2024\/07\/plastic-colours-300x82.png\" alt=\"\" width=\"413\" height=\"113\" srcset=\"https:\/\/factory.sale\/wp-content\/uploads\/2024\/07\/plastic-colours-300x82.png 300w, https:\/\/factory.sale\/wp-content\/uploads\/2024\/07\/plastic-colours-150x41.png 150w, https:\/\/factory.sale\/wp-content\/uploads\/2024\/07\/plastic-colours.png 394w\" sizes=\"auto, (max-width: 413px) 100vw, 413px\" \/><\/strong><\/p>\n<div class=\"flex-1 overflow-hidden\">\n<div class=\"h-full\">\n<div class=\"react-scroll-to-bottom--css-vswuv-79elbk h-full\">\n<div class=\"react-scroll-to-bottom--css-vswuv-1n7m0yu\">\n<div class=\"flex flex-col text-sm md:pb-9\">\n<article class=\"w-full text-token-text-primary focus-visible:outline-2 focus-visible:outline-offset-[-4px]\" dir=\"auto\" data-testid=\"conversation-turn-47\" data-scroll-anchor=\"true\">\n<div class=\"m-auto text-base py-[18px] px-3 md:px-4 w-full md:px-5 lg:px-4 xl:px-5\">\n<div class=\"mx-auto flex flex-1 gap-4 text-base md:gap-5 lg:gap-6 md:max-w-3xl lg:max-w-[40rem] xl:max-w-[48rem]\">\n<div class=\"group\/conversation-turn relative flex w-full min-w-0 flex-col agent-turn\">\n<div class=\"flex-col gap-1 md:gap-3\">\n<div class=\"flex max-w-full flex-col flex-grow\">\n<div class=\"min-h-8 text-message flex w-full flex-col items-end gap-2 whitespace-normal break-words [.text-message+&amp;]:mt-5\" dir=\"auto\" data-message-author-role=\"assistant\" data-message-id=\"d5c95d99-6ae9-4581-b012-e911b1ea6282\" data-message-model-slug=\"gpt-4o\">\n<div class=\"flex w-full flex-col gap-1 empty:hidden first:pt-[3px]\">\n<div class=\"markdown prose w-full break-words dark:prose-invert light\">\n<p><strong>Valinnaiset lis\u00e4varusteet (lis\u00e4maksusta):<\/strong><\/p>\n<ul>\n<li>Ulkoverhous: 20 mm l\u00e4mp\u00f6k\u00e4sitelty m\u00e4nty tai 15 mm muovipaneeli (antrasiitinharmaa)<\/li>\n<li>Kiukaan vaihto: 35 kW takavirtauksella ja lasiovella<\/li>\n<li>Kiukaan vaihto: 35, 40 tai 45 kW (oikea- tai vasenvirtaus)<\/li>\n<li>LED-valaistus: 1, 2 tai 4 valaisimella<\/li>\n<li>Kuplaj\u00e4rjestelm\u00e4: 8 suutinta ja 700 W pumppu tai 16 suutinta ja 900 W pumppu<\/li>\n<li>L\u00e4mp\u00f6mittari: digitaalinen (asennettu tynnyriin) tai kelluva Bluetooth-l\u00e4mp\u00f6mittari<\/li>\n<li>Savupiipun tarvikkeet: l\u00e4mp\u00f6suoja, kipin\u00e4suoja, savupiipun jatke<\/li>\n<li>Suodatusj\u00e4rjestelm\u00e4: hiekkasuodatin, pintasuodatin (skimmeri)<\/li>\n<li>Dutrion-tabletit veden puhdistukseen<\/li>\n<li>Mukitelineet: spa-alusta tai puinen hylly<\/li>\n<li>Tarvikkeet: niskatuki, kauha<\/li>\n<li>Suodatusj\u00e4rjestelm\u00e4n kotelo<\/li>\n<li>Portaat: isot suorat tai py\u00f6re\u00e4t<\/li>\n<li>Puiset mukitelineet<\/li>\n<li>PUR-eristys<\/li>\n<li>Erilaiset kannet: PVC- tai l\u00e4mp\u00f6kansi<\/li>\n<\/ul>\n<\/div>\n<\/div>\n<\/div>\n<\/div>\n<div class=\"mb-2 flex gap-3 empty:hidden -ml-2\">\n<div class=\"items-center justify-start rounded-xl p-1 flex\"><\/div>\n<\/div>\n<\/div>\n<\/div>\n<\/div>\n<\/div>\n<\/article>\n<\/div>\n<\/div>\n<\/div>\n<\/div>\n<\/div>\n","protected":false},"excerpt":{"rendered":"<p>Kylpytynnyri on loistava tapa rentoutumiseksi ja se sopii t\u00e4ydellisesti puutarhaan tai m\u00f6kille.<\/p>\n","protected":false},"featured_media":83469,"comment_status":"open","ping_status":"closed","template":"","meta":{"_acf_changed":false},"factory":[],"free-shipment":[],"product_brand":[],"product_cat":[2210,2588],"product_tag":[2846],"class_list":{"0":"post-83388","1":"product","2":"type-product","3":"status-publish","4":"has-post-thumbnail","6":"product_cat-kylpytynnyrit","7":"product_cat-lasikuituiset-kylpytynnyrit","8":"product_tag-hot-tub-fi","10":"first","11":"instock","12":"sale","13":"taxable","14":"shipping-taxable","15":"purchasable","16":"product-type-simple"},"acf":[],"_links":{"self":[{"href":"https:\/\/factory.sale\/fi\/wp-json\/wp\/v2\/product\/83388","targetHints":{"allow":["GET"]}}],"collection":[{"href":"https:\/\/factory.sale\/fi\/wp-json\/wp\/v2\/product"}],"about":[{"href":"https:\/\/factory.sale\/fi\/wp-json\/wp\/v2\/types\/product"}],"replies":[{"embeddable":true,"href":"https:\/\/factory.sale\/fi\/wp-json\/wp\/v2\/comments?post=83388"}],"wp:featuredmedia":[{"embeddable":true,"href":"https:\/\/factory.sale\/fi\/wp-json\/wp\/v2\/media\/83469"}],"wp:attachment":[{"href":"https:\/\/factory.sale\/fi\/wp-json\/wp\/v2\/media?parent=83388"}],"wp:term":[{"taxonomy":"factory","embeddable":true,"href":"https:\/\/factory.sale\/fi\/wp-json\/wp\/v2\/factory?post=83388"},{"taxonomy":"free-shipment","embeddable":true,"href":"https:\/\/factory.sale\/fi\/wp-json\/wp\/v2\/free-shipment?post=83388"},{"taxonomy":"product_brand","embeddable":true,"href":"https:\/\/factory.sale\/fi\/wp-json\/wp\/v2\/product_brand?post=83388"},{"taxonomy":"product_cat","embeddable":true,"href":"https:\/\/factory.sale\/fi\/wp-json\/wp\/v2\/product_cat?post=83388"},{"taxonomy":"product_tag","embeddable":true,"href":"https:\/\/factory.sale\/fi\/wp-json\/wp\/v2\/product_tag?post=83388"}],"curies":[{"name":"wp","href":"https:\/\/api.w.org\/{rel}","templated":true}]}}