{"id":83362,"date":"2024-03-19T10:29:24","date_gmt":"2024-03-19T10:42:02","guid":{"rendered":"https:\/\/factory.sale\/?post_type=product&#038;p=83362"},"modified":"2025-07-31T15:59:13","modified_gmt":"2025-07-31T12:59:13","slug":"kylpytynnyri-muovisisuksella-205x205-m-ulkouunilla","status":"publish","type":"product","link":"https:\/\/factory.sale\/fi\/tuote\/kylpytynnyri-muovisisuksella-205x205-m-ulkouunilla\/","title":{"rendered":"Kylpytynnyri muovisisuksella, 2,05&#215;2,05 m ulkouunilla"},"content":{"rendered":"<p><strong>Kylpytynnyrisetti sis\u00e4lt\u00e4\u00e4:<\/strong><\/p>\n<ul>\n<li>lasikuitusisuksen<\/li>\n<li>puukehyksen<\/li>\n<li>ulkopinnan viimeistelyn puu\u00f6ljyll\u00e4<\/li>\n<li>perustukset<\/li>\n<li>ulkouunin, joka on valmistettu merialumiinista (30kw) ja jossa on 2m savupiippu<\/li>\n<li>viem\u00e4r\u00f6innin hanalla<\/li>\n<li>portaat<\/li>\n<\/ul>\n<p>&nbsp;<\/p>\n<p>&nbsp;<\/p>\n<p><strong>Tekniset tiedot:<\/strong><\/p>\n<ul>\n<li>Materiaali: 20 mm kuusi\/termopuu<\/li>\n<li>Ulkomitat: 2050 x 2050 mm<\/li>\n<li>Sis\u00e4mitat: 1790 x 1790 mm<\/li>\n<li>Korkeus: 1110 mm<\/li>\n<li>Sis\u00e4syvyys: 980 mm<\/li>\n<li>Paino: 250 kg<\/li>\n<li>Tilavuus: 1650 litraa<\/li>\n<li>Henkil\u00f6m\u00e4\u00e4r\u00e4: 4-6<\/li>\n<li>L\u00e4mmitysaika 5:st\u00e4 38\u00b0:een: 2-3 tuntia<\/li>\n<\/ul>\n<p>&nbsp;<\/p>\n<p><strong>Saatavilla 3 erilaista muoviv\u00e4ri\u00e4 sisusosalle:<\/strong> sininen, tummanharmaa ja vaaleanharmaa<\/p>\n<p><strong><img loading=\"lazy\" decoding=\"async\" class=\"alignnone wp-image-88093\" src=\"https:\/\/factory.sale\/wp-content\/uploads\/2024\/07\/plastic-colours-300x82.png\" alt=\"\" width=\"413\" height=\"113\" srcset=\"https:\/\/factory.sale\/wp-content\/uploads\/2024\/07\/plastic-colours-300x82.png 300w, https:\/\/factory.sale\/wp-content\/uploads\/2024\/07\/plastic-colours-150x41.png 150w, https:\/\/factory.sale\/wp-content\/uploads\/2024\/07\/plastic-colours.png 394w\" sizes=\"auto, (max-width: 413px) 100vw, 413px\" \/><\/strong><\/p>\n<p><strong>Valinnaiset lis\u00e4varusteet (lis\u00e4maksusta):<\/strong><\/p>\n<ul>\n<li>Ulkoverhous: 20 mm l\u00e4mp\u00f6k\u00e4sitelty m\u00e4nty tai 15 mm muovipaneeli (antrasiitinharmaa)<\/li>\n<li>Kiukaan vaihto: 35 kW takavirtauksella ja lasiovella<\/li>\n<li>Kiukaan vaihto: 35, 40 tai 45 kW (oikea- tai vasenvirtaus)<\/li>\n<li>LED-valaistus: 1, 2 tai 4 valaisimella<\/li>\n<li>Kuplaj\u00e4rjestelm\u00e4: 8 suutinta ja 700 W pumppu tai 16 suutinta ja 900 W pumppu<\/li>\n<li>L\u00e4mp\u00f6mittari: digitaalinen (asennettu tynnyriin) tai kelluva Bluetooth-l\u00e4mp\u00f6mittari<\/li>\n<li>Savupiipun tarvikkeet: l\u00e4mp\u00f6suoja, kipin\u00e4suoja, savupiipun jatke<\/li>\n<li>Suodatusj\u00e4rjestelm\u00e4: hiekkasuodatin, pintasuodatin (skimmeri)<\/li>\n<li>Dutrion-tabletit veden puhdistukseen<\/li>\n<li>Mukitelineet: spa-alusta tai puinen hylly<\/li>\n<li>Tarvikkeet: niskatuki, kauha<\/li>\n<li>Suodatusj\u00e4rjestelm\u00e4n kotelo<\/li>\n<li>Portaat: isot suorat tai py\u00f6re\u00e4t<\/li>\n<li>Puiset mukitelineet<\/li>\n<li>PUR-eristys<\/li>\n<li>Erilaiset kannet: PVC- tai l\u00e4mp\u00f6kansi<\/li>\n<\/ul>\n<p>&nbsp;<\/p>\n","protected":false},"excerpt":{"rendered":"<p>Kylpytynnyri on loistava tapa rentoutua ja se sopii t\u00e4ydellisesti puutarhaasi tai m\u00f6killesi.<\/p>\n","protected":false},"featured_media":83505,"comment_status":"open","ping_status":"closed","template":"","meta":{"_acf_changed":false},"factory":[],"free-shipment":[],"product_brand":[],"product_cat":[2210,2588],"product_tag":[2846],"class_list":{"0":"post-83362","1":"product","2":"type-product","3":"status-publish","4":"has-post-thumbnail","6":"product_cat-kylpytynnyrit","7":"product_cat-lasikuituiset-kylpytynnyrit","8":"product_tag-hot-tub-fi","10":"first","11":"instock","12":"sale","13":"taxable","14":"shipping-taxable","15":"purchasable","16":"product-type-simple"},"acf":[],"_links":{"self":[{"href":"https:\/\/factory.sale\/fi\/wp-json\/wp\/v2\/product\/83362","targetHints":{"allow":["GET"]}}],"collection":[{"href":"https:\/\/factory.sale\/fi\/wp-json\/wp\/v2\/product"}],"about":[{"href":"https:\/\/factory.sale\/fi\/wp-json\/wp\/v2\/types\/product"}],"replies":[{"embeddable":true,"href":"https:\/\/factory.sale\/fi\/wp-json\/wp\/v2\/comments?post=83362"}],"wp:featuredmedia":[{"embeddable":true,"href":"https:\/\/factory.sale\/fi\/wp-json\/wp\/v2\/media\/83505"}],"wp:attachment":[{"href":"https:\/\/factory.sale\/fi\/wp-json\/wp\/v2\/media?parent=83362"}],"wp:term":[{"taxonomy":"factory","embeddable":true,"href":"https:\/\/factory.sale\/fi\/wp-json\/wp\/v2\/factory?post=83362"},{"taxonomy":"free-shipment","embeddable":true,"href":"https:\/\/factory.sale\/fi\/wp-json\/wp\/v2\/free-shipment?post=83362"},{"taxonomy":"product_brand","embeddable":true,"href":"https:\/\/factory.sale\/fi\/wp-json\/wp\/v2\/product_brand?post=83362"},{"taxonomy":"product_cat","embeddable":true,"href":"https:\/\/factory.sale\/fi\/wp-json\/wp\/v2\/product_cat?post=83362"},{"taxonomy":"product_tag","embeddable":true,"href":"https:\/\/factory.sale\/fi\/wp-json\/wp\/v2\/product_tag?post=83362"}],"curies":[{"name":"wp","href":"https:\/\/api.w.org\/{rel}","templated":true}]}}