{"id":82747,"date":"2024-03-09T10:07:06","date_gmt":"2024-03-09T10:18:47","guid":{"rendered":"https:\/\/factory.sale\/?post_type=product&#038;p=82747"},"modified":"2026-03-05T16:46:33","modified_gmt":"2026-03-05T13:46:33","slug":"sahkokiuas-core-black-9-kw","status":"publish","type":"product","link":"https:\/\/factory.sale\/fi\/tuote\/sahkokiuas-core-black-9-kw\/","title":{"rendered":"S\u00e4hk\u00f6kiuas Core Black, 9 kW"},"content":{"rendered":"<h2><span style=\"font-size: 14pt;\">S\u00e4hk\u00f6kiuas Core Black, 9 kW<\/span><\/h2>\n<p>HUUM CORE-s\u00e4hk\u00f6kiuas voidaan muokata juuri sinun saunasi tyyliin sopivaksi. Kiuas on saatavana kahtena eri mallina: CORE Black ja CORE BK\/ST. Jos pid\u00e4t valmiista ratkaisusta, sinulle sopii tyylikk\u00e4\u00e4ll\u00e4 mustalla metallikuorella varustettu CORE Black. Jos taas haluat yksil\u00f6llisen muotoilun, valitse ilman kuorta oleva CORE BK\/ST -malli. Viimeistelem\u00e4tt\u00f6m\u00e4n kiukaan mukana toimitetaan metallikilvet, joihin on helppo kiinnitt\u00e4\u00e4 keraamisia laattoja, kivi\u00e4, liuskekivi\u00e4 tai puuta. N\u00e4in voit valita pintamateriaalin oman saunasi sisustukseen sopivaksi. Pakkaukseen sis\u00e4ltyv\u00e4t yl\u00e4reunan viimeistelylistat. Lis\u00e4tarvikkeena tarjoamme puisia sivupaneeleja CORE BK\/ST -mallin viimeistelyyn. Kiukaan suojaet\u00e4isyydet ovat eritt\u00e4in pienet \u2013 vain 4 cm ulkoviimeistelyst\u00e4. CORE-kiuas voidaan upottaa lauteisiin yl\u00e4reunaan asti. Jotta saunael\u00e4myksesi olisi mahdollisimman rentouttava, CORE Black l\u00e4mmitt\u00e4\u00e4 tilan nopeasti ja tarjoaa miellytt\u00e4v\u00e4n pehme\u00e4t l\u00f6ylyt.<\/p>\n<p>Oikean kokoinen kiuas = t\u00e4ydellinen sauna! K\u00e4yt\u00e4 <a href=\"https:\/\/huum.eu\/calculator\/\" target=\"_blank\" rel=\"noopener\">saunalaskuriamme<\/a> l\u00f6yt\u00e4\u00e4ksesi ihanteellisen tehon.<\/p>\n<p><strong>Setti sis\u00e4lt\u00e4\u00e4:<\/strong><\/p>\n<ul>\n<li>s\u00e4hk\u00f6kiuas<\/li>\n<li>s\u00e4\u00e4dett\u00e4v\u00e4t jalat<\/li>\n<\/ul>\n<p><strong>Kiuas tarvitsee lis\u00e4ksi:<\/strong><\/p>\n<ul>\n<li>40 kg <a href=\"https:\/\/factory.sale\/fi\/tuote\/lammittimen-kivet\/\" target=\"_blank\" rel=\"noopener\">kiuaskivi\u00e4<\/a> (5-10 cm)<\/li>\n<li><a href=\"https:\/\/factory.sale\/fi\/tuote-osasto\/saniteetti\/ohjauspaneeli\/huum-fi-2\/\" target=\"_blank\" rel=\"noopener\">ohjauspaneelin<\/a><\/li>\n<li>l\u00e4mm\u00f6nkest\u00e4v\u00e4n virtajohdon<\/li>\n<\/ul>\n<p><strong>Tekniset tiedot:<\/strong><\/p>\n<ul>\n<li>teho: 9 kW<\/li>\n<li>l\u00e4mmitetty huone min.: 8 m\u00b3<\/li>\n<li>l\u00e4mmitetty huone max.: 13 m\u00b3<\/li>\n<li>kivien kapasiteetti: 40 kg<\/li>\n<li>paino: 19 kg<\/li>\n<li>korkeus: 830 mm<\/li>\n<li>leveys: 385 mm<\/li>\n<li>syvyys: 385 mm<\/li>\n<\/ul>\n<p><strong>Turvaet\u00e4isyydet:<\/strong><\/p>\n<ul>\n<li>A 40 mm<\/li>\n<li>B 465 mm<\/li>\n<li>H 830 mm<\/li>\n<\/ul>\n<p><strong data-start=\"78\" data-end=\"88\">Takuu:<\/strong><\/p>\n<ul>\n<li>kotik\u00e4ytt\u00f6 \u2013 3 vuotta<\/li>\n<li>ammattik\u00e4ytt\u00f6 \u2013 1 vuosi<\/li>\n<\/ul>\n<p>Tarvitsetko varaosia t\u00e4lle kiukaalle? \u2013 L\u00e4het\u00e4 meille s\u00e4hk\u00f6postia. Kaikki muut lis\u00e4varusteet l\u00f6ytyv\u00e4t <a href=\"https:\/\/factory.sale\/fi\/tuote-osasto\/saniteetti\/saunatarvikkeet\/huum-fi-3\/\" target=\"_blank\" rel=\"noopener\">t\u00e4\u00e4lt\u00e4<\/a>.<\/p>\n<p><strong>EAN: 4744103010479<\/strong><\/p>\n<div class=\"video-wrapper \"><iframe loading=\"lazy\" title=\"HUUM Sauna\" width=\"500\" height=\"281\" src=\"https:\/\/www.youtube.com\/embed\/iwtstDYE1Do?feature=oembed\" frameborder=\"0\" allow=\"accelerometer; autoplay; clipboard-write; encrypted-media; gyroscope; picture-in-picture; web-share\" referrerpolicy=\"strict-origin-when-cross-origin\" allowfullscreen><\/iframe><\/div>\n","protected":false},"excerpt":{"rendered":"<p>P\u00e4ivit\u00e4 saunakokemuksesi Huum Core Black s\u00e4hk\u00f6kiukaalla. T\u00e4m\u00e4n voimakkaan ja tehokkaan l\u00e4mmitysteknologian, modernin muotoilun ja helppok\u00e4ytt\u00f6isten ohjausn\u00e4pp\u00e4inten avulla se on t\u00e4ydellinen lis\u00e4 jokaiseen saunatilaan. Tilaa omasi t\u00e4n\u00e4\u00e4n ja aloita rentoutuminen ja uudistuminen, jonka vain Huum s\u00e4hk\u00f6saunan kiuas voi tarjota!<\/p>\n<ul>\n<li>erilaiset kotelot ja listat viimeistelyyn<\/li>\n<li>eritt\u00e4in lyhyet turvaet\u00e4isyydet (4 cm ulkopinnasta)<\/li>\n<li>nopea l\u00e4mmitysaika<\/li>\n<li>9 kW h\u00f6yryhuoneen tilavuus 8-13 m\u00b3<\/li>\n<\/ul>\n","protected":false},"featured_media":99883,"comment_status":"open","ping_status":"closed","template":"","meta":{"_acf_changed":false},"factory":[],"free-shipment":[5019],"product_brand":[4433],"product_cat":[858,484],"product_tag":[3162,859,2106,2320],"class_list":{"0":"post-82747","1":"product","2":"type-product","3":"status-publish","4":"has-post-thumbnail","6":"free-shipment-ilmainen-toimitus","7":"product_brand-huum-fi","8":"product_cat-huum-fi","9":"product_cat-saunan-kiukaat","10":"product_tag-electric-heater-fi","11":"product_tag-huum-fi","12":"product_tag-sauna-fi","13":"product_tag-sauna-heaters-fi","15":"first","16":"instock","17":"sale","18":"taxable","19":"shipping-taxable","20":"purchasable","21":"product-type-simple"},"acf":[],"_links":{"self":[{"href":"https:\/\/factory.sale\/fi\/wp-json\/wp\/v2\/product\/82747","targetHints":{"allow":["GET"]}}],"collection":[{"href":"https:\/\/factory.sale\/fi\/wp-json\/wp\/v2\/product"}],"about":[{"href":"https:\/\/factory.sale\/fi\/wp-json\/wp\/v2\/types\/product"}],"replies":[{"embeddable":true,"href":"https:\/\/factory.sale\/fi\/wp-json\/wp\/v2\/comments?post=82747"}],"wp:featuredmedia":[{"embeddable":true,"href":"https:\/\/factory.sale\/fi\/wp-json\/wp\/v2\/media\/99883"}],"wp:attachment":[{"href":"https:\/\/factory.sale\/fi\/wp-json\/wp\/v2\/media?parent=82747"}],"wp:term":[{"taxonomy":"factory","embeddable":true,"href":"https:\/\/factory.sale\/fi\/wp-json\/wp\/v2\/factory?post=82747"},{"taxonomy":"free-shipment","embeddable":true,"href":"https:\/\/factory.sale\/fi\/wp-json\/wp\/v2\/free-shipment?post=82747"},{"taxonomy":"product_brand","embeddable":true,"href":"https:\/\/factory.sale\/fi\/wp-json\/wp\/v2\/product_brand?post=82747"},{"taxonomy":"product_cat","embeddable":true,"href":"https:\/\/factory.sale\/fi\/wp-json\/wp\/v2\/product_cat?post=82747"},{"taxonomy":"product_tag","embeddable":true,"href":"https:\/\/factory.sale\/fi\/wp-json\/wp\/v2\/product_tag?post=82747"}],"curies":[{"name":"wp","href":"https:\/\/api.w.org\/{rel}","templated":true}]}}